{"id":15565,"date":"2018-11-26T15:30:29","date_gmt":"2018-11-26T14:30:29","guid":{"rendered":"https:\/\/edu-4u.uk\/system-velvyslancov\/"},"modified":"2018-11-26T15:30:29","modified_gmt":"2018-11-26T14:30:29","slug":"system-velvyslancov","status":"publish","type":"page","link":"https:\/\/edu-4u.uk\/sk\/system-velvyslancov\/","title":{"rendered":"Syst\u00e9m ve\u013evyslancov"},"content":{"rendered":"<p><img fetchpriority=\"high\" decoding=\"async\" src=\"https:\/\/static.wixstatic.com\/media\/19fdab20a31144fc87f36b7db734297d.jpg\/v1\/fill\/w_914,h_400,al_c,q_90\/19fdab20a31144fc87f36b7db734297d.webp\" data-lazy-type=\"image\" data-src=\"https:\/\/static.wixstatic.com\/media\/19fdab20a31144fc87f36b7db734297d.jpg\/v1\/fill\/w_914,h_400,al_c,q_90\/19fdab20a31144fc87f36b7db734297d.webp\" width=\"914\" height=\"400\"><\/p>\n<p><strong>Program ambas\u00e1dorov Edu4u<\/strong><\/p>\n<p>Ak pozn\u00e1te niekoho, kto by sa chcel prihl\u00e1si\u0165 na britsk\u00fa univerzitu alebo vysok\u00fa \u0161kolu, dajte n\u00e1m vedie\u0165! Na\u0161im ambas\u00e1dorom pon\u00fakame 200 a\u017e 700 libier na \u0161tudenta. M\u00f4\u017eete odporu\u010di\u0165 svojich priate\u013eov a rodinu, alebo dokonca za\u010da\u0165 n\u00e1bor pre Edu4u a prida\u0165 sa k n\u00e1\u0161mu t\u00edmu!<br \/>\nNa\u0161i uch\u00e1dza\u010di \u010dasto objavili mo\u017enos\u0165 \u0161tudova\u0165 v Spojenom kr\u00e1\u013eovstve n\u00e1hodou, ke\u010f sa stretli s niektor\u00fdm z na\u0161ich ambas\u00e1dorov, na na\u0161ej webovej str\u00e1nke alebo v rozhovoroch s n\u00e1hodne stretnut\u00fdmi osobami.<\/p>\n<p><strong>Ako to funguje<\/strong><br \/>\n1. N\u00e1jdite z\u00e1ujemcu o \u0161t\u00fadium v Spojenom kr\u00e1\u013eovstve.<br \/>\n2. Nap\u00ed\u0161te n\u00e1m na <span style=\"text-decoration: underline; color: #ff9900;\"><br \/>\n  <a href=\"https:\/\/wa.me\/447511807765\" style=\"color: #ff9900; text-decoration: underline;\">WhatsApp<\/a><br \/>\n<\/span> alebo po\u0161lite e-mail.<br \/>\n3. Pr\u00edstup k propaga\u010dn\u00fdm materi\u00e1lom a zoznamu uch\u00e1dza\u010dov.<br \/>\n4. Ke\u010f v\u00e1\u0161 kandid\u00e1t \u00faspe\u0161ne za\u010dne \u0161tudova\u0165, dostanete od Edu4u kompenz\u00e1ciu!<br \/>\n<strong>Na\u0161a \u0161trukt\u00fara prov\u00edzi\u00ed<\/strong><br \/>\n1-3 \u0161tudenti &#8211; 200 libier na \u0161tudenta<br \/>\n4-9 \u0161tudentov &#8211; 300 libier na \u0161tudenta<br \/>\n10-15 \u0161tudentov &#8211; 500 libier na \u0161tudenta<br \/>\n\u0160tudenti 16+ &#8211; 700 GBP na \u0161tudenta<br \/>\nPr\u00edklad:<br \/>\nPrijali ste 11 \u0161tudentov:<br \/>\n11*500 GBP = 5500 GBP<br \/>\nM\u00f4\u017eete s\u010d\u00edta\u0165 \u0161tudentov v ka\u017edom akademickom roku, ktor\u00fd sa za\u010d\u00edna v septembri a kon\u010d\u00ed v auguste.<\/p>\n<p><strong>Program ve\u013evyslanca Pro<\/strong><br \/>\nDost\u00e1vajte z\u00e1kladn\u00fd plat + prov\u00edziu za n\u00e1bor \u0161tudentov<br \/>\nNap\u00ed\u0161te n\u00e1m na <span style=\"text-decoration: underline; color: #ff9900;\"><br \/>\n  <a href=\"https:\/\/wa.me\/447511807765\" style=\"color: #ff9900; text-decoration: underline;\">WhatsApp<\/a><br \/>\n<\/span> alebo e-mailom, aby ste sa pripojili k Ambassador Scheme Pro.<br \/>\n<span \n                data-original-string=\"ItGIwcFaWulaItUgjZz1Ew==9b9xS+HIDKEQivxFU\/4fO38MKy9qiH8hMClt6t\/dCOQJdI=\"\n                class=\"apbct-email-encoder\"\n                title=\"This contact has been encoded by Anti-Spam by CleanTalk. Click to decode. To finish the decoding make sure that JavaScript is enabled in your browser.\">of<span class=\"apbct-blur\">****@ed****.<\/span>eu<\/span><br \/>\n<strong>Ako \u010dlen n\u00e1\u0161ho t\u00edmu z\u00edskate:<\/strong><\/p>\n<ul>\n<li>Najlep\u0161\u00ed ambas\u00e1dori maj\u00fa \u0161ancu na postup v r\u00e1mci organiz\u00e1cie, \u010do im umo\u017e\u0148uje z\u00edska\u0165 praktick\u00e9 sk\u00fasenosti na mana\u017e\u00e9rskej \u00farovni u\u017e na za\u010diatku ich vzdel\u00e1vacej cesty.<\/li>\n<li>Kompletn\u00e9 \u0161kolenie, po\u010dn\u00fac procesom pod\u00e1vania \u017eiadost\u00ed a kon\u010diac \u010disto marketingov\u00fdmi ot\u00e1zkami,<\/li>\n<li>Podpora ostatn\u00fdch \u010dlenov programu,<\/li>\n<li>\u0160kolenia a propaga\u010dn\u00e9 materi\u00e1ly,<\/li>\n<li>\u00dahrada n\u00e1kladov na logistiku.<\/li>\n<\/ul>\n<p><span style=\"text-decoration: underline; color: #ff9900;\"><a href=\"https:\/\/wa.me\/447511807765\" style=\"color: #ff9900;\"><strong>Kontaktujte n\u00e1s!<\/strong><\/a><\/span><\/p>\n<p><iframe title=\"Ambassador scheme | Study in the UK | Free help\" width=\"750\" height=\"422\" data-src=\"https:\/\/www.youtube.com\/embed\/OlBkQFgcMSs?feature=oembed\" frameborder=\"0\" allow=\"accelerometer; autoplay; clipboard-write; encrypted-media; gyroscope; picture-in-picture; web-share\" allowfullscreen src=\"data:image\/gif;base64,R0lGODlhAQABAAAAACH5BAEKAAEALAAAAAABAAEAAAICTAEAOw==\" class=\"lazyload\" data-load-mode=\"1\"><\/iframe><\/p>\n","protected":false},"excerpt":{"rendered":"<p>Program ambas\u00e1dorov Edu4u Ak pozn\u00e1te niekoho, kto by sa chcel prihl\u00e1si\u0165 na britsk\u00fa univerzitu alebo vysok\u00fa \u0161kolu, dajte n\u00e1m vedie\u0165! Na\u0161im ambas\u00e1dorom pon\u00fakame 200 a\u017e 700 libier na \u0161tudenta. M\u00f4\u017eete odporu\u010di\u0165 svojich priate\u013eov a rodinu, alebo dokonca za\u010da\u0165 n\u00e1bor pre Edu4u a prida\u0165 sa k n\u00e1\u0161mu t\u00edmu! Na\u0161i uch\u00e1dza\u010di \u010dasto [&hellip;]<\/p>\n","protected":false},"author":1,"featured_media":0,"parent":0,"menu_order":0,"comment_status":"closed","ping_status":"closed","template":"","meta":{"_acf_changed":false,"footnotes":""},"class_list":["post-15565","page","type-page","status-publish","hentry"],"acf":[],"yoast_head":"<!-- This site is optimized with the Yoast SEO plugin v24.0 - https:\/\/yoast.com\/wordpress\/plugins\/seo\/ -->\n<title>Syst\u00e9m ve\u013evyslancov | Bezp\u0142atna pomoc | Edu4u<\/title>\n<meta name=\"robots\" content=\"index, follow, max-snippet:-1, max-image-preview:large, max-video-preview:-1\" \/>\n<link rel=\"canonical\" href=\"https:\/\/edu-4u.uk\/sk\/system-velvyslancov\/\" \/>\n<meta property=\"og:locale\" content=\"sk_SK\" \/>\n<meta property=\"og:type\" content=\"article\" \/>\n<meta property=\"og:title\" content=\"Syst\u00e9m ve\u013evyslancov | Bezp\u0142atna pomoc | Edu4u\" \/>\n<meta property=\"og:description\" content=\"Program ambas\u00e1dorov Edu4u Ak pozn\u00e1te niekoho, kto by sa chcel prihl\u00e1si\u0165 na britsk\u00fa univerzitu alebo vysok\u00fa \u0161kolu, dajte n\u00e1m vedie\u0165! Na\u0161im ambas\u00e1dorom pon\u00fakame 200 a\u017e 700 libier na \u0161tudenta. M\u00f4\u017eete odporu\u010di\u0165 svojich priate\u013eov a rodinu, alebo dokonca za\u010da\u0165 n\u00e1bor pre Edu4u a prida\u0165 sa k n\u00e1\u0161mu t\u00edmu! Na\u0161i uch\u00e1dza\u010di \u010dasto [&hellip;]\" \/>\n<meta property=\"og:url\" content=\"https:\/\/edu-4u.uk\/sk\/system-velvyslancov\/\" \/>\n<meta property=\"og:site_name\" content=\"Bezp\u0142atna pomoc | Edu4u\" \/>\n<meta property=\"article:publisher\" content=\"https:\/\/www.facebook.com\/Edu4uStudiaAnglia\/\" \/>\n<meta property=\"og:image\" content=\"https:\/\/static.wixstatic.com\/media\/19fdab20a31144fc87f36b7db734297d.jpg\/v1\/fill\/w_914,h_400,al_c,q_90\/19fdab20a31144fc87f36b7db734297d.webp\" \/>\n<meta name=\"twitter:label1\" content=\"Predpokladan\u00fd \u010das \u010d\u00edtania\" \/>\n\t<meta name=\"twitter:data1\" content=\"2 min\u00faty\" \/>\n<script type=\"application\/ld+json\" class=\"yoast-schema-graph\">{\"@context\":\"https:\/\/schema.org\",\"@graph\":[{\"@type\":\"WebPage\",\"@id\":\"https:\/\/edu-4u.uk\/sk\/system-velvyslancov\/\",\"url\":\"https:\/\/edu-4u.uk\/sk\/system-velvyslancov\/\",\"name\":\"Syst\u00e9m ve\u013evyslancov | Bezp\u0142atna pomoc | Edu4u\",\"isPartOf\":{\"@id\":\"https:\/\/edu-4u.uk\/sk\/#website\"},\"primaryImageOfPage\":{\"@id\":\"https:\/\/edu-4u.uk\/sk\/system-velvyslancov\/#primaryimage\"},\"image\":{\"@id\":\"https:\/\/edu-4u.uk\/sk\/system-velvyslancov\/#primaryimage\"},\"thumbnailUrl\":\"https:\/\/static.wixstatic.com\/media\/19fdab20a31144fc87f36b7db734297d.jpg\/v1\/fill\/w_914,h_400,al_c,q_90\/19fdab20a31144fc87f36b7db734297d.webp\",\"datePublished\":\"2018-11-26T14:30:29+00:00\",\"dateModified\":\"2018-11-26T14:30:29+00:00\",\"breadcrumb\":{\"@id\":\"https:\/\/edu-4u.uk\/sk\/system-velvyslancov\/#breadcrumb\"},\"inLanguage\":\"sk-SK\",\"potentialAction\":[{\"@type\":\"ReadAction\",\"target\":[\"https:\/\/edu-4u.uk\/sk\/system-velvyslancov\/\"]}]},{\"@type\":\"ImageObject\",\"inLanguage\":\"sk-SK\",\"@id\":\"https:\/\/edu-4u.uk\/sk\/system-velvyslancov\/#primaryimage\",\"url\":\"https:\/\/static.wixstatic.com\/media\/19fdab20a31144fc87f36b7db734297d.jpg\/v1\/fill\/w_914,h_400,al_c,q_90\/19fdab20a31144fc87f36b7db734297d.webp\",\"contentUrl\":\"https:\/\/static.wixstatic.com\/media\/19fdab20a31144fc87f36b7db734297d.jpg\/v1\/fill\/w_914,h_400,al_c,q_90\/19fdab20a31144fc87f36b7db734297d.webp\"},{\"@type\":\"BreadcrumbList\",\"@id\":\"https:\/\/edu-4u.uk\/sk\/system-velvyslancov\/#breadcrumb\",\"itemListElement\":[{\"@type\":\"ListItem\",\"position\":1,\"name\":\"Strona g\u0142\u00f3wna\",\"item\":\"https:\/\/edu-4u.uk\/sk\/\"},{\"@type\":\"ListItem\",\"position\":2,\"name\":\"Syst\u00e9m ve\u013evyslancov\"}]},{\"@type\":\"WebSite\",\"@id\":\"https:\/\/edu-4u.uk\/sk\/#website\",\"url\":\"https:\/\/edu-4u.uk\/sk\/\",\"name\":\"Edu4u StudyUK | Free Help\",\"description\":\"Zacznij studia w UK z Edu4u!\",\"publisher\":{\"@id\":\"https:\/\/edu-4u.uk\/sk\/#organization\"},\"potentialAction\":[{\"@type\":\"SearchAction\",\"target\":{\"@type\":\"EntryPoint\",\"urlTemplate\":\"https:\/\/edu-4u.uk\/sk\/?s={search_term_string}\"},\"query-input\":{\"@type\":\"PropertyValueSpecification\",\"valueRequired\":true,\"valueName\":\"search_term_string\"}}],\"inLanguage\":\"sk-SK\"},{\"@type\":\"Organization\",\"@id\":\"https:\/\/edu-4u.uk\/sk\/#organization\",\"name\":\"Edu4u Study in UK\",\"url\":\"https:\/\/edu-4u.uk\/sk\/\",\"logo\":{\"@type\":\"ImageObject\",\"inLanguage\":\"sk-SK\",\"@id\":\"https:\/\/edu-4u.uk\/sk\/#\/schema\/logo\/image\/\",\"url\":\"https:\/\/edu-4u.uk\/wp-content\/uploads\/2023\/06\/Logo-1.svg\",\"contentUrl\":\"https:\/\/edu-4u.uk\/wp-content\/uploads\/2023\/06\/Logo-1.svg\",\"width\":168,\"height\":43,\"caption\":\"Edu4u Study in UK\"},\"image\":{\"@id\":\"https:\/\/edu-4u.uk\/sk\/#\/schema\/logo\/image\/\"},\"sameAs\":[\"https:\/\/www.facebook.com\/Edu4uStudiaAnglia\/\",\"https:\/\/www.tiktok.com\/@edu4u_settled_status_\",\"https:\/\/www.instagram.com\/edu4u_polska\/?hl=en\",\"https:\/\/www.youtube.com\/@Edu4u_Settled_Status\",\"https:\/\/www.facebook.com\/Edu4uSettledStatus\/\",\"https:\/\/www.instagram.com\/edu4u_settled_status\/\",\"https:\/\/www.tiktok.com\/@edu4u_studyuk\"]}]}<\/script>\n<!-- \/ Yoast SEO plugin. -->","yoast_head_json":{"title":"Syst\u00e9m ve\u013evyslancov | Bezp\u0142atna pomoc | Edu4u","robots":{"index":"index","follow":"follow","max-snippet":"max-snippet:-1","max-image-preview":"max-image-preview:large","max-video-preview":"max-video-preview:-1"},"canonical":"https:\/\/edu-4u.uk\/sk\/system-velvyslancov\/","og_locale":"sk_SK","og_type":"article","og_title":"Syst\u00e9m ve\u013evyslancov | Bezp\u0142atna pomoc | Edu4u","og_description":"Program ambas\u00e1dorov Edu4u Ak pozn\u00e1te niekoho, kto by sa chcel prihl\u00e1si\u0165 na britsk\u00fa univerzitu alebo vysok\u00fa \u0161kolu, dajte n\u00e1m vedie\u0165! Na\u0161im ambas\u00e1dorom pon\u00fakame 200 a\u017e 700 libier na \u0161tudenta. M\u00f4\u017eete odporu\u010di\u0165 svojich priate\u013eov a rodinu, alebo dokonca za\u010da\u0165 n\u00e1bor pre Edu4u a prida\u0165 sa k n\u00e1\u0161mu t\u00edmu! Na\u0161i uch\u00e1dza\u010di \u010dasto [&hellip;]","og_url":"https:\/\/edu-4u.uk\/sk\/system-velvyslancov\/","og_site_name":"Bezp\u0142atna pomoc | Edu4u","article_publisher":"https:\/\/www.facebook.com\/Edu4uStudiaAnglia\/","og_image":[{"url":"https:\/\/static.wixstatic.com\/media\/19fdab20a31144fc87f36b7db734297d.jpg\/v1\/fill\/w_914,h_400,al_c,q_90\/19fdab20a31144fc87f36b7db734297d.webp","type":"","width":"","height":""}],"twitter_misc":{"Predpokladan\u00fd \u010das \u010d\u00edtania":"2 min\u00faty"},"schema":{"@context":"https:\/\/schema.org","@graph":[{"@type":"WebPage","@id":"https:\/\/edu-4u.uk\/sk\/system-velvyslancov\/","url":"https:\/\/edu-4u.uk\/sk\/system-velvyslancov\/","name":"Syst\u00e9m ve\u013evyslancov | Bezp\u0142atna pomoc | Edu4u","isPartOf":{"@id":"https:\/\/edu-4u.uk\/sk\/#website"},"primaryImageOfPage":{"@id":"https:\/\/edu-4u.uk\/sk\/system-velvyslancov\/#primaryimage"},"image":{"@id":"https:\/\/edu-4u.uk\/sk\/system-velvyslancov\/#primaryimage"},"thumbnailUrl":"https:\/\/static.wixstatic.com\/media\/19fdab20a31144fc87f36b7db734297d.jpg\/v1\/fill\/w_914,h_400,al_c,q_90\/19fdab20a31144fc87f36b7db734297d.webp","datePublished":"2018-11-26T14:30:29+00:00","dateModified":"2018-11-26T14:30:29+00:00","breadcrumb":{"@id":"https:\/\/edu-4u.uk\/sk\/system-velvyslancov\/#breadcrumb"},"inLanguage":"sk-SK","potentialAction":[{"@type":"ReadAction","target":["https:\/\/edu-4u.uk\/sk\/system-velvyslancov\/"]}]},{"@type":"ImageObject","inLanguage":"sk-SK","@id":"https:\/\/edu-4u.uk\/sk\/system-velvyslancov\/#primaryimage","url":"https:\/\/static.wixstatic.com\/media\/19fdab20a31144fc87f36b7db734297d.jpg\/v1\/fill\/w_914,h_400,al_c,q_90\/19fdab20a31144fc87f36b7db734297d.webp","contentUrl":"https:\/\/static.wixstatic.com\/media\/19fdab20a31144fc87f36b7db734297d.jpg\/v1\/fill\/w_914,h_400,al_c,q_90\/19fdab20a31144fc87f36b7db734297d.webp"},{"@type":"BreadcrumbList","@id":"https:\/\/edu-4u.uk\/sk\/system-velvyslancov\/#breadcrumb","itemListElement":[{"@type":"ListItem","position":1,"name":"Strona g\u0142\u00f3wna","item":"https:\/\/edu-4u.uk\/sk\/"},{"@type":"ListItem","position":2,"name":"Syst\u00e9m ve\u013evyslancov"}]},{"@type":"WebSite","@id":"https:\/\/edu-4u.uk\/sk\/#website","url":"https:\/\/edu-4u.uk\/sk\/","name":"Edu4u StudyUK | Free Help","description":"Zacznij studia w UK z Edu4u!","publisher":{"@id":"https:\/\/edu-4u.uk\/sk\/#organization"},"potentialAction":[{"@type":"SearchAction","target":{"@type":"EntryPoint","urlTemplate":"https:\/\/edu-4u.uk\/sk\/?s={search_term_string}"},"query-input":{"@type":"PropertyValueSpecification","valueRequired":true,"valueName":"search_term_string"}}],"inLanguage":"sk-SK"},{"@type":"Organization","@id":"https:\/\/edu-4u.uk\/sk\/#organization","name":"Edu4u Study in UK","url":"https:\/\/edu-4u.uk\/sk\/","logo":{"@type":"ImageObject","inLanguage":"sk-SK","@id":"https:\/\/edu-4u.uk\/sk\/#\/schema\/logo\/image\/","url":"https:\/\/edu-4u.uk\/wp-content\/uploads\/2023\/06\/Logo-1.svg","contentUrl":"https:\/\/edu-4u.uk\/wp-content\/uploads\/2023\/06\/Logo-1.svg","width":168,"height":43,"caption":"Edu4u Study in UK"},"image":{"@id":"https:\/\/edu-4u.uk\/sk\/#\/schema\/logo\/image\/"},"sameAs":["https:\/\/www.facebook.com\/Edu4uStudiaAnglia\/","https:\/\/www.tiktok.com\/@edu4u_settled_status_","https:\/\/www.instagram.com\/edu4u_polska\/?hl=en","https:\/\/www.youtube.com\/@Edu4u_Settled_Status","https:\/\/www.facebook.com\/Edu4uSettledStatus\/","https:\/\/www.instagram.com\/edu4u_settled_status\/","https:\/\/www.tiktok.com\/@edu4u_studyuk"]}]}},"_links":{"self":[{"href":"https:\/\/edu-4u.uk\/sk\/wp-json\/wp\/v2\/pages\/15565","targetHints":{"allow":["GET"]}}],"collection":[{"href":"https:\/\/edu-4u.uk\/sk\/wp-json\/wp\/v2\/pages"}],"about":[{"href":"https:\/\/edu-4u.uk\/sk\/wp-json\/wp\/v2\/types\/page"}],"author":[{"embeddable":true,"href":"https:\/\/edu-4u.uk\/sk\/wp-json\/wp\/v2\/users\/1"}],"replies":[{"embeddable":true,"href":"https:\/\/edu-4u.uk\/sk\/wp-json\/wp\/v2\/comments?post=15565"}],"version-history":[{"count":0,"href":"https:\/\/edu-4u.uk\/sk\/wp-json\/wp\/v2\/pages\/15565\/revisions"}],"wp:attachment":[{"href":"https:\/\/edu-4u.uk\/sk\/wp-json\/wp\/v2\/media?parent=15565"}],"curies":[{"name":"wp","href":"https:\/\/api.w.org\/{rel}","templated":true}]}}