{"id":15553,"date":"2018-10-30T23:28:53","date_gmt":"2018-10-30T22:28:53","guid":{"rendered":"https:\/\/edu-4u.uk\/o-nas\/"},"modified":"2024-02-14T11:01:05","modified_gmt":"2024-02-14T10:01:05","slug":"o-nas","status":"publish","type":"page","link":"https:\/\/edu-4u.uk\/sk\/o-nas\/","title":{"rendered":"O n\u00e1s"},"content":{"rendered":"\t\t<div data-elementor-type=\"wp-post\" data-elementor-id=\"15553\" class=\"elementor elementor-15553 elementor-76\">\n\t\t\t\t\t\t<section class=\"elementor-section elementor-top-section elementor-element elementor-element-59363ac4 elementor-section-boxed elementor-section-height-default elementor-section-height-default\" data-id=\"59363ac4\" data-element_type=\"section\">\n\t\t\t\t\t\t<div class=\"elementor-container elementor-column-gap-default\">\n\t\t\t\t\t<div class=\"elementor-column elementor-col-100 elementor-top-column elementor-element elementor-element-65b19dfd\" data-id=\"65b19dfd\" data-element_type=\"column\">\n\t\t\t<div class=\"elementor-widget-wrap elementor-element-populated\">\n\t\t\t\t\t\t<div class=\"elementor-element elementor-element-57c906ff elementor-widget elementor-widget-image\" data-id=\"57c906ff\" data-element_type=\"widget\" data-widget_type=\"image.default\">\n\t\t\t\t<div class=\"elementor-widget-container\">\n\t\t\t\t\t\t\t\t\t\t\t\t\t\t\t<img fetchpriority=\"high\" decoding=\"async\" width=\"1100\" height=\"450\" src=\"https:\/\/edu-4u.uk\/wp-content\/uploads\/2024\/02\/O-nas-edu4u.png\" class=\"attachment-full size-full wp-image-15713\" alt=\"O n\u00e1s edu4u\" srcset=\"https:\/\/b3292720.smushcdn.com\/3292720\/wp-content\/uploads\/2024\/02\/O-nas-edu4u.png?lossy=2&amp;strip=1&amp;webp=1 1100w, https:\/\/b3292720.smushcdn.com\/3292720\/wp-content\/uploads\/2024\/02\/O-nas-edu4u-300x123.png?lossy=2&amp;strip=1&amp;webp=1 300w, https:\/\/b3292720.smushcdn.com\/3292720\/wp-content\/uploads\/2024\/02\/O-nas-edu4u-1024x419.png?lossy=2&amp;strip=1&amp;webp=1 1024w, https:\/\/b3292720.smushcdn.com\/3292720\/wp-content\/uploads\/2024\/02\/O-nas-edu4u-768x314.png?lossy=2&amp;strip=1&amp;webp=1 768w\" sizes=\"(max-width: 1100px) 100vw, 1100px\" \/>\t\t\t\t\t\t\t\t\t\t\t\t\t\t\t<\/div>\n\t\t\t\t<\/div>\n\t\t\t\t\t<\/div>\n\t\t<\/div>\n\t\t\t\t\t<\/div>\n\t\t<\/section>\n\t\t\t\t<section class=\"elementor-section elementor-top-section elementor-element elementor-element-33009439 elementor-reverse-mobile elementor-section-boxed elementor-section-height-default elementor-section-height-default\" data-id=\"33009439\" data-element_type=\"section\">\n\t\t\t\t\t\t<div class=\"elementor-container elementor-column-gap-default\">\n\t\t\t\t\t<div class=\"elementor-column elementor-col-100 elementor-top-column elementor-element elementor-element-68e1625d\" data-id=\"68e1625d\" data-element_type=\"column\">\n\t\t\t<div class=\"elementor-widget-wrap elementor-element-populated\">\n\t\t\t\t\t\t<div class=\"elementor-element elementor-element-45154f6f elementor-widget elementor-widget-heading\" data-id=\"45154f6f\" data-element_type=\"widget\" data-widget_type=\"heading.default\">\n\t\t\t\t<div class=\"elementor-widget-container\">\n\t\t\t\t\t<h1 class=\"elementor-heading-title elementor-size-default\">O n\u00e1s<\/h1>\t\t\t\t<\/div>\n\t\t\t\t<\/div>\n\t\t\t\t<div class=\"elementor-element elementor-element-7cead1a2 elementor-widget elementor-widget-text-editor\" data-id=\"7cead1a2\" data-element_type=\"widget\" data-widget_type=\"text-editor.default\">\n\t\t\t\t<div class=\"elementor-widget-container\">\n\t\t\t\t\t\t\t\t\t<p><em><b>EDU4U<\/b><span> <\/span>Je to t\u00edm poradcov, konzultantov a vyslancov vzdel\u00e1vania p\u00f4sobiacich vo Ve\u013ekej Brit\u00e1nii a v Po\u013esku. Organizujeme pomoc mlad\u00fdm ambici\u00f3znym \u013eu\u010fom, ktor\u00ed chc\u00fa dosiahnu\u0165 \u00faspech a pokra\u010dova\u0165 vo vysoko\u0161kolskom \u0161t\u00fadiu v Spojenom kr\u00e1\u013eovstve.<\/em><\/p>\n<p class=\"font_8\">\n<p class=\"font_8\">\n<ul><\/ul>\n<p class=\"font_8\">\n\t\t\t\t\t\t\t\t<\/div>\n\t\t\t\t<\/div>\n\t\t\t\t<div class=\"elementor-element elementor-element-cfd60df elementor-widget elementor-widget-text-editor\" data-id=\"cfd60df\" data-element_type=\"widget\" data-widget_type=\"text-editor.default\">\n\t\t\t\t<div class=\"elementor-widget-container\">\n\t\t\t\t\t\t\t\t\t<p class=\"font_8\" style=\"font-size: 18px;\"><strong>Na\u0161e poslanie<\/strong><\/p>\n<p class=\"font_8\" style=\"font-size: 18px;\">Chceme ma\u0165 pozit\u00edvny vplyv na vzdel\u00e1vanie mlad\u00fdch \u013eud\u00ed.<\/p>\n<p class=\"font_8\" style=\"font-size: 18px;\">Amb\u00edciou Edu4u je by\u0165 organiz\u00e1ciou, ktor\u00e1 presne \u010d\u00edta a predv\u00edda potreby vysoko\u0161kolsk\u00e9ho vzdel\u00e1vania a dok\u00e1\u017ee na ne reagova\u0165.<\/p>\n\t\t\t\t\t\t\t\t<\/div>\n\t\t\t\t<\/div>\n\t\t\t\t<div class=\"elementor-element elementor-element-aceb381 elementor-widget elementor-widget-text-editor\" data-id=\"aceb381\" data-element_type=\"widget\" data-widget_type=\"text-editor.default\">\n\t\t\t\t<div class=\"elementor-widget-container\">\n\t\t\t\t\t\t\t\t\t<p class=\"font_8\" style=\"font-size: 18px;\"><strong>Na\u0161e hodnoty<\/strong><\/p>\n<p class=\"font_8\" style=\"font-size: 18px;\">Edu4u s\u00fa predov\u0161etk\u00fdm \u013eudia, ktor\u00fdch sp\u00e1ja spolupr\u00e1ca zameran\u00e1 na pochopenie a presn\u00e9 reagovanie na vzdel\u00e1vacie potreby mlad\u00fdch \u013eud\u00ed a zodpovednos\u0165 za ich spokojnos\u0165. Spolo\u010dn\u00e9 hodnoty s\u00fa z\u00e1kladom pre rozvoj organiz\u00e1cie a pre budovanie d\u00f4very vo vz\u0165ahoch s nimi.<\/p>\n<ul>\n<li class=\"font_8\">Kvalita a inov\u00e1cie<\/li>\n<li class=\"font_8\">Otvorenos\u0165 a re\u0161pekt<\/li>\n<li class=\"font_8\">Etika a zodpovednos\u0165 v praxi<\/li>\n<li class=\"font_8\">Spolupr\u00e1ca a rozvoj<\/li>\n<\/ul>\n\t\t\t\t\t\t\t\t<\/div>\n\t\t\t\t<\/div>\n\t\t\t\t<div class=\"elementor-element elementor-element-e74d521 elementor-widget elementor-widget-text-editor\" data-id=\"e74d521\" data-element_type=\"widget\" data-widget_type=\"text-editor.default\">\n\t\t\t\t<div class=\"elementor-widget-container\">\n\t\t\t\t\t\t\t\t\t<p style=\"font-size: 18px;\"><strong>Na\u0161e \u00falohy<\/strong><\/p>\n<ul>\n<li>Bezplatn\u00e1 pomoc pri \u0161t\u00fadiu v Spojenom kr\u00e1\u013eovstve<\/li>\n<li>Odborn\u00e9 poradenstvo pri v\u00fdbere kurzu a univerzity<\/li>\n<li>Komplexn\u00e1 a odborn\u00e1 pomoc pri pod\u00e1van\u00ed \u017eiadost\u00ed<\/li>\n<li>Podpora po\u010das \u0161t\u00fadia<\/li>\n<\/ul>\n<p style=\"font-size: 18px;\">Pom\u00e1hame t\u00fdm, \u017ee sa del\u00edme o svoje sk\u00fasenosti, znalosti a zru\u010dnosti.  <i>V\u00e1\u0161 cie\u013e je aj na\u0161\u00edm cie\u013eom.<\/i>  Poradcovia a konzultanti Edu4u pon\u00fakaj\u00fa individu\u00e1lnu pomoc pre ka\u017ed\u00e9ho. N\u00e1\u0161 t\u00edm sa sna\u017e\u00ed maximalizova\u0165 va\u0161e \u0161ance dosta\u0165 sa na vysn\u00edvan\u00e9 univerzity. Preto v\u00e1m porad\u00edme, ako nap\u00edsa\u0165 osobn\u00e9 vyhl\u00e1senie, skontrolujeme referencie od u\u010dite\u013ea a \u017eiados\u0165 v syst\u00e9me UCAS a pom\u00f4\u017eeme v\u00e1m z\u00edska\u0165 p\u00f4\u017ei\u010dku na \u0161koln\u00e9. Rozsah na\u0161ej pomoci je neobmedzen\u00fd, v pr\u00edpade potreby sme v\u00e1m v\u017edy k dispoz\u00edcii.<\/p>\n<p style=\"font-size: 18px;\">Ak m\u00e1te ak\u00e9ko\u013evek ot\u00e1zky, m\u00f4\u017eete n\u00e1s v\u017edy kontaktova\u0165. Poskytujeme objekt\u00edvne a spo\u013eahliv\u00e9 inform\u00e1cie.<\/p>\n<ul><\/ul>\n\t\t\t\t\t\t\t\t<\/div>\n\t\t\t\t<\/div>\n\t\t\t\t\t<\/div>\n\t\t<\/div>\n\t\t\t\t\t<\/div>\n\t\t<\/section>\n\t\t\t\t<section class=\"elementor-section elementor-top-section elementor-element elementor-element-20adc4c7 elementor-section-boxed elementor-section-height-default elementor-section-height-default\" data-id=\"20adc4c7\" data-element_type=\"section\">\n\t\t\t\t\t\t<div class=\"elementor-container elementor-column-gap-default\">\n\t\t\t\t\t<div class=\"elementor-column elementor-col-100 elementor-top-column elementor-element elementor-element-529d090c\" data-id=\"529d090c\" data-element_type=\"column\">\n\t\t\t<div class=\"elementor-widget-wrap elementor-element-populated\">\n\t\t\t\t\t\t<div class=\"elementor-element elementor-element-67428cf9 elementor-widget-divider--view-line elementor-widget elementor-widget-divider\" data-id=\"67428cf9\" data-element_type=\"widget\" data-widget_type=\"divider.default\">\n\t\t\t\t<div class=\"elementor-widget-container\">\n\t\t\t\t\t\t\t<div class=\"elementor-divider\">\n\t\t\t<span class=\"elementor-divider-separator\">\n\t\t\t\t\t\t<\/span>\n\t\t<\/div>\n\t\t\t\t\t\t<\/div>\n\t\t\t\t<\/div>\n\t\t\t\t<div class=\"elementor-element elementor-element-39a2bf0e elementor-widget elementor-widget-heading\" data-id=\"39a2bf0e\" data-element_type=\"widget\" data-widget_type=\"heading.default\">\n\t\t\t\t<div class=\"elementor-widget-container\">\n\t\t\t\t\t<h4 class=\"elementor-heading-title elementor-size-default\">Pozrite si rebr\u00ed\u010dek a \u0161tatistiky jednej z nieko\u013ek\u00fdch stoviek anglick\u00fdch univerz\u00edt<\/h4>\t\t\t\t<\/div>\n\t\t\t\t<\/div>\n\t\t\t\t\t<\/div>\n\t\t<\/div>\n\t\t\t\t\t<\/div>\n\t\t<\/section>\n\t\t\t\t<section class=\"elementor-section elementor-top-section elementor-element elementor-element-49935c7 elementor-section-boxed elementor-section-height-default elementor-section-height-default\" data-id=\"49935c7\" data-element_type=\"section\">\n\t\t\t\t\t\t<div class=\"elementor-container elementor-column-gap-default\">\n\t\t\t\t\t<div class=\"elementor-column elementor-col-100 elementor-top-column elementor-element elementor-element-514be86d\" data-id=\"514be86d\" data-element_type=\"column\">\n\t\t\t<div class=\"elementor-widget-wrap elementor-element-populated\">\n\t\t\t\t\t\t<div class=\"elementor-element elementor-element-6e27f8ad elementor-align-center elementor-mobile-align-center elementor-widget elementor-widget-button\" data-id=\"6e27f8ad\" data-element_type=\"widget\" data-widget_type=\"button.default\">\n\t\t\t\t<div class=\"elementor-widget-container\">\n\t\t\t\t\t\t\t\t\t<div class=\"elementor-button-wrapper\">\n\t\t\t\t\t<a class=\"elementor-button elementor-button-link elementor-size-lg\" href=\"https:\/\/edu-4u.uk\/uniwersytety-w-anglii\/\">\n\t\t\t\t\t\t<span class=\"elementor-button-content-wrapper\">\n\t\t\t\t\t\t<span class=\"elementor-button-icon\">\n\t\t\t\t\t\t\t\t\t<i class=\"fa fa-university\" aria-hidden=\"true\"><\/i>\n\t\t\t\t\t\t\t<\/span>\n\t\t\t\t\t\t\t\t\t<span class=\"elementor-button-text\">Rebr\u00ed\u010dek univerz\u00edt<\/span>\n\t\t\t\t\t<\/span>\n\t\t\t\t\t<\/a>\n\t\t\t\t<\/div>\n\t\t\t\t\t\t\t\t<\/div>\n\t\t\t\t<\/div>\n\t\t\t\t<div class=\"elementor-element elementor-element-328b3577 elementor-widget-divider--view-line elementor-widget elementor-widget-divider\" data-id=\"328b3577\" data-element_type=\"widget\" data-widget_type=\"divider.default\">\n\t\t\t\t<div class=\"elementor-widget-container\">\n\t\t\t\t\t\t\t<div class=\"elementor-divider\">\n\t\t\t<span class=\"elementor-divider-separator\">\n\t\t\t\t\t\t<\/span>\n\t\t<\/div>\n\t\t\t\t\t\t<\/div>\n\t\t\t\t<\/div>\n\t\t\t\t\t<\/div>\n\t\t<\/div>\n\t\t\t\t\t<\/div>\n\t\t<\/section>\n\t\t\t\t<\/div>\n\t\t","protected":false},"excerpt":{"rendered":"<p>O n\u00e1s EDU4U Je to t\u00edm poradcov, konzultantov a vyslancov vzdel\u00e1vania p\u00f4sobiacich vo Ve\u013ekej Brit\u00e1nii a v Po\u013esku. Organizujeme pomoc mlad\u00fdm ambici\u00f3znym \u013eu\u010fom, ktor\u00ed chc\u00fa dosiahnu\u0165 \u00faspech a pokra\u010dova\u0165 vo vysoko\u0161kolskom \u0161t\u00fadiu v Spojenom kr\u00e1\u013eovstve. Na\u0161e poslanie Chceme ma\u0165 pozit\u00edvny vplyv na vzdel\u00e1vanie mlad\u00fdch \u013eud\u00ed. Amb\u00edciou Edu4u je by\u0165 organiz\u00e1ciou, [&hellip;]<\/p>\n","protected":false},"author":1,"featured_media":15554,"parent":0,"menu_order":0,"comment_status":"closed","ping_status":"closed","template":"page-templates\/template-pagebuilder-full-width.php","meta":{"_acf_changed":false,"footnotes":""},"class_list":["post-15553","page","type-page","status-publish","has-post-thumbnail","hentry"],"acf":[],"yoast_head":"<!-- This site is optimized with the Yoast SEO plugin v24.0 - https:\/\/yoast.com\/wordpress\/plugins\/seo\/ -->\n<title>O n\u00e1s | Bezp\u0142atna pomoc | Edu4u<\/title>\n<meta name=\"description\" content=\"EDU4U je \u0161pecializovan\u00fd t\u00edm poradcov a ambas\u00e1dorov v oblasti vzdel\u00e1vania, ktor\u00fd p\u00f4sob\u00ed vo Ve\u013ekej Brit\u00e1nii a Po\u013esku. Kontaktujte n\u00e1s pre spo\u013eahliv\u00fa pomoc\" \/>\n<meta name=\"robots\" content=\"index, follow, max-snippet:-1, max-image-preview:large, max-video-preview:-1\" \/>\n<link rel=\"canonical\" href=\"https:\/\/edu-4u.uk\/sk\/o-nas\/\" \/>\n<meta property=\"og:locale\" content=\"sk_SK\" \/>\n<meta property=\"og:type\" content=\"article\" \/>\n<meta property=\"og:title\" content=\"O n\u00e1s | Bezp\u0142atna pomoc | Edu4u\" \/>\n<meta property=\"og:description\" content=\"EDU4U je \u0161pecializovan\u00fd t\u00edm poradcov a ambas\u00e1dorov v oblasti vzdel\u00e1vania, ktor\u00fd p\u00f4sob\u00ed vo Ve\u013ekej Brit\u00e1nii a Po\u013esku. Kontaktujte n\u00e1s pre spo\u013eahliv\u00fa pomoc\" \/>\n<meta property=\"og:url\" content=\"https:\/\/edu-4u.uk\/sk\/o-nas\/\" \/>\n<meta property=\"og:site_name\" content=\"Bezp\u0142atna pomoc | Edu4u\" \/>\n<meta property=\"article:publisher\" content=\"https:\/\/www.facebook.com\/Edu4uStudiaAnglia\/\" \/>\n<meta property=\"article:modified_time\" content=\"2024-02-14T10:01:05+00:00\" \/>\n<meta property=\"og:image\" content=\"https:\/\/edu-4u.uk\/wp-content\/uploads\/2018\/10\/pexels-photo-1092373.jpeg\" \/>\n\t<meta property=\"og:image:width\" content=\"1484\" \/>\n\t<meta property=\"og:image:height\" content=\"1080\" \/>\n\t<meta property=\"og:image:type\" content=\"image\/jpeg\" \/>\n<meta name=\"twitter:label1\" content=\"Predpokladan\u00fd \u010das \u010d\u00edtania\" \/>\n\t<meta name=\"twitter:data1\" content=\"2 min\u00faty\" \/>\n<script type=\"application\/ld+json\" class=\"yoast-schema-graph\">{\"@context\":\"https:\/\/schema.org\",\"@graph\":[{\"@type\":\"WebPage\",\"@id\":\"https:\/\/edu-4u.uk\/sk\/o-nas\/\",\"url\":\"https:\/\/edu-4u.uk\/sk\/o-nas\/\",\"name\":\"O n\u00e1s | Bezp\u0142atna pomoc | Edu4u\",\"isPartOf\":{\"@id\":\"https:\/\/edu-4u.uk\/sk\/#website\"},\"primaryImageOfPage\":{\"@id\":\"https:\/\/edu-4u.uk\/sk\/o-nas\/#primaryimage\"},\"image\":{\"@id\":\"https:\/\/edu-4u.uk\/sk\/o-nas\/#primaryimage\"},\"thumbnailUrl\":\"https:\/\/edu-4u.uk\/wp-content\/uploads\/2018\/10\/pexels-photo-1092373.jpeg\",\"datePublished\":\"2018-10-30T22:28:53+00:00\",\"dateModified\":\"2024-02-14T10:01:05+00:00\",\"description\":\"EDU4U je \u0161pecializovan\u00fd t\u00edm poradcov a ambas\u00e1dorov v oblasti vzdel\u00e1vania, ktor\u00fd p\u00f4sob\u00ed vo Ve\u013ekej Brit\u00e1nii a Po\u013esku. Kontaktujte n\u00e1s pre spo\u013eahliv\u00fa pomoc\",\"breadcrumb\":{\"@id\":\"https:\/\/edu-4u.uk\/sk\/o-nas\/#breadcrumb\"},\"inLanguage\":\"sk-SK\",\"potentialAction\":[{\"@type\":\"ReadAction\",\"target\":[\"https:\/\/edu-4u.uk\/sk\/o-nas\/\"]}]},{\"@type\":\"ImageObject\",\"inLanguage\":\"sk-SK\",\"@id\":\"https:\/\/edu-4u.uk\/sk\/o-nas\/#primaryimage\",\"url\":\"https:\/\/edu-4u.uk\/wp-content\/uploads\/2018\/10\/pexels-photo-1092373.jpeg\",\"contentUrl\":\"https:\/\/edu-4u.uk\/wp-content\/uploads\/2018\/10\/pexels-photo-1092373.jpeg\",\"width\":1484,\"height\":1080},{\"@type\":\"BreadcrumbList\",\"@id\":\"https:\/\/edu-4u.uk\/sk\/o-nas\/#breadcrumb\",\"itemListElement\":[{\"@type\":\"ListItem\",\"position\":1,\"name\":\"Strona g\u0142\u00f3wna\",\"item\":\"https:\/\/edu-4u.uk\/sk\/\"},{\"@type\":\"ListItem\",\"position\":2,\"name\":\"O n\u00e1s\"}]},{\"@type\":\"WebSite\",\"@id\":\"https:\/\/edu-4u.uk\/sk\/#website\",\"url\":\"https:\/\/edu-4u.uk\/sk\/\",\"name\":\"Edu4u StudyUK | Free Help\",\"description\":\"Zacznij studia w UK z Edu4u!\",\"publisher\":{\"@id\":\"https:\/\/edu-4u.uk\/sk\/#organization\"},\"potentialAction\":[{\"@type\":\"SearchAction\",\"target\":{\"@type\":\"EntryPoint\",\"urlTemplate\":\"https:\/\/edu-4u.uk\/sk\/?s={search_term_string}\"},\"query-input\":{\"@type\":\"PropertyValueSpecification\",\"valueRequired\":true,\"valueName\":\"search_term_string\"}}],\"inLanguage\":\"sk-SK\"},{\"@type\":\"Organization\",\"@id\":\"https:\/\/edu-4u.uk\/sk\/#organization\",\"name\":\"Edu4u Study in UK\",\"url\":\"https:\/\/edu-4u.uk\/sk\/\",\"logo\":{\"@type\":\"ImageObject\",\"inLanguage\":\"sk-SK\",\"@id\":\"https:\/\/edu-4u.uk\/sk\/#\/schema\/logo\/image\/\",\"url\":\"https:\/\/edu-4u.uk\/wp-content\/uploads\/2023\/06\/Logo-1.svg\",\"contentUrl\":\"https:\/\/edu-4u.uk\/wp-content\/uploads\/2023\/06\/Logo-1.svg\",\"width\":168,\"height\":43,\"caption\":\"Edu4u Study in UK\"},\"image\":{\"@id\":\"https:\/\/edu-4u.uk\/sk\/#\/schema\/logo\/image\/\"},\"sameAs\":[\"https:\/\/www.facebook.com\/Edu4uStudiaAnglia\/\",\"https:\/\/www.tiktok.com\/@edu4u_settled_status_\",\"https:\/\/www.instagram.com\/edu4u_polska\/?hl=en\",\"https:\/\/www.youtube.com\/@Edu4u_Settled_Status\",\"https:\/\/www.facebook.com\/Edu4uSettledStatus\/\",\"https:\/\/www.instagram.com\/edu4u_settled_status\/\",\"https:\/\/www.tiktok.com\/@edu4u_studyuk\"]}]}<\/script>\n<!-- \/ Yoast SEO plugin. -->","yoast_head_json":{"title":"O n\u00e1s | Bezp\u0142atna pomoc | Edu4u","description":"EDU4U je \u0161pecializovan\u00fd t\u00edm poradcov a ambas\u00e1dorov v oblasti vzdel\u00e1vania, ktor\u00fd p\u00f4sob\u00ed vo Ve\u013ekej Brit\u00e1nii a Po\u013esku. Kontaktujte n\u00e1s pre spo\u013eahliv\u00fa pomoc","robots":{"index":"index","follow":"follow","max-snippet":"max-snippet:-1","max-image-preview":"max-image-preview:large","max-video-preview":"max-video-preview:-1"},"canonical":"https:\/\/edu-4u.uk\/sk\/o-nas\/","og_locale":"sk_SK","og_type":"article","og_title":"O n\u00e1s | Bezp\u0142atna pomoc | Edu4u","og_description":"EDU4U je \u0161pecializovan\u00fd t\u00edm poradcov a ambas\u00e1dorov v oblasti vzdel\u00e1vania, ktor\u00fd p\u00f4sob\u00ed vo Ve\u013ekej Brit\u00e1nii a Po\u013esku. Kontaktujte n\u00e1s pre spo\u013eahliv\u00fa pomoc","og_url":"https:\/\/edu-4u.uk\/sk\/o-nas\/","og_site_name":"Bezp\u0142atna pomoc | Edu4u","article_publisher":"https:\/\/www.facebook.com\/Edu4uStudiaAnglia\/","article_modified_time":"2024-02-14T10:01:05+00:00","og_image":[{"width":1484,"height":1080,"url":"https:\/\/edu-4u.uk\/wp-content\/uploads\/2018\/10\/pexels-photo-1092373.jpeg","type":"image\/jpeg"}],"twitter_misc":{"Predpokladan\u00fd \u010das \u010d\u00edtania":"2 min\u00faty"},"schema":{"@context":"https:\/\/schema.org","@graph":[{"@type":"WebPage","@id":"https:\/\/edu-4u.uk\/sk\/o-nas\/","url":"https:\/\/edu-4u.uk\/sk\/o-nas\/","name":"O n\u00e1s | Bezp\u0142atna pomoc | Edu4u","isPartOf":{"@id":"https:\/\/edu-4u.uk\/sk\/#website"},"primaryImageOfPage":{"@id":"https:\/\/edu-4u.uk\/sk\/o-nas\/#primaryimage"},"image":{"@id":"https:\/\/edu-4u.uk\/sk\/o-nas\/#primaryimage"},"thumbnailUrl":"https:\/\/edu-4u.uk\/wp-content\/uploads\/2018\/10\/pexels-photo-1092373.jpeg","datePublished":"2018-10-30T22:28:53+00:00","dateModified":"2024-02-14T10:01:05+00:00","description":"EDU4U je \u0161pecializovan\u00fd t\u00edm poradcov a ambas\u00e1dorov v oblasti vzdel\u00e1vania, ktor\u00fd p\u00f4sob\u00ed vo Ve\u013ekej Brit\u00e1nii a Po\u013esku. Kontaktujte n\u00e1s pre spo\u013eahliv\u00fa pomoc","breadcrumb":{"@id":"https:\/\/edu-4u.uk\/sk\/o-nas\/#breadcrumb"},"inLanguage":"sk-SK","potentialAction":[{"@type":"ReadAction","target":["https:\/\/edu-4u.uk\/sk\/o-nas\/"]}]},{"@type":"ImageObject","inLanguage":"sk-SK","@id":"https:\/\/edu-4u.uk\/sk\/o-nas\/#primaryimage","url":"https:\/\/edu-4u.uk\/wp-content\/uploads\/2018\/10\/pexels-photo-1092373.jpeg","contentUrl":"https:\/\/edu-4u.uk\/wp-content\/uploads\/2018\/10\/pexels-photo-1092373.jpeg","width":1484,"height":1080},{"@type":"BreadcrumbList","@id":"https:\/\/edu-4u.uk\/sk\/o-nas\/#breadcrumb","itemListElement":[{"@type":"ListItem","position":1,"name":"Strona g\u0142\u00f3wna","item":"https:\/\/edu-4u.uk\/sk\/"},{"@type":"ListItem","position":2,"name":"O n\u00e1s"}]},{"@type":"WebSite","@id":"https:\/\/edu-4u.uk\/sk\/#website","url":"https:\/\/edu-4u.uk\/sk\/","name":"Edu4u StudyUK | Free Help","description":"Zacznij studia w UK z Edu4u!","publisher":{"@id":"https:\/\/edu-4u.uk\/sk\/#organization"},"potentialAction":[{"@type":"SearchAction","target":{"@type":"EntryPoint","urlTemplate":"https:\/\/edu-4u.uk\/sk\/?s={search_term_string}"},"query-input":{"@type":"PropertyValueSpecification","valueRequired":true,"valueName":"search_term_string"}}],"inLanguage":"sk-SK"},{"@type":"Organization","@id":"https:\/\/edu-4u.uk\/sk\/#organization","name":"Edu4u Study in UK","url":"https:\/\/edu-4u.uk\/sk\/","logo":{"@type":"ImageObject","inLanguage":"sk-SK","@id":"https:\/\/edu-4u.uk\/sk\/#\/schema\/logo\/image\/","url":"https:\/\/edu-4u.uk\/wp-content\/uploads\/2023\/06\/Logo-1.svg","contentUrl":"https:\/\/edu-4u.uk\/wp-content\/uploads\/2023\/06\/Logo-1.svg","width":168,"height":43,"caption":"Edu4u Study in UK"},"image":{"@id":"https:\/\/edu-4u.uk\/sk\/#\/schema\/logo\/image\/"},"sameAs":["https:\/\/www.facebook.com\/Edu4uStudiaAnglia\/","https:\/\/www.tiktok.com\/@edu4u_settled_status_","https:\/\/www.instagram.com\/edu4u_polska\/?hl=en","https:\/\/www.youtube.com\/@Edu4u_Settled_Status","https:\/\/www.facebook.com\/Edu4uSettledStatus\/","https:\/\/www.instagram.com\/edu4u_settled_status\/","https:\/\/www.tiktok.com\/@edu4u_studyuk"]}]}},"_links":{"self":[{"href":"https:\/\/edu-4u.uk\/sk\/wp-json\/wp\/v2\/pages\/15553","targetHints":{"allow":["GET"]}}],"collection":[{"href":"https:\/\/edu-4u.uk\/sk\/wp-json\/wp\/v2\/pages"}],"about":[{"href":"https:\/\/edu-4u.uk\/sk\/wp-json\/wp\/v2\/types\/page"}],"author":[{"embeddable":true,"href":"https:\/\/edu-4u.uk\/sk\/wp-json\/wp\/v2\/users\/1"}],"replies":[{"embeddable":true,"href":"https:\/\/edu-4u.uk\/sk\/wp-json\/wp\/v2\/comments?post=15553"}],"version-history":[{"count":4,"href":"https:\/\/edu-4u.uk\/sk\/wp-json\/wp\/v2\/pages\/15553\/revisions"}],"predecessor-version":[{"id":15801,"href":"https:\/\/edu-4u.uk\/sk\/wp-json\/wp\/v2\/pages\/15553\/revisions\/15801"}],"wp:featuredmedia":[{"embeddable":true,"href":"https:\/\/edu-4u.uk\/sk\/wp-json\/wp\/v2\/media\/15554"}],"wp:attachment":[{"href":"https:\/\/edu-4u.uk\/sk\/wp-json\/wp\/v2\/media?parent=15553"}],"curies":[{"name":"wp","href":"https:\/\/api.w.org\/{rel}","templated":true}]}}