{"id":4905,"date":"2018-11-26T15:30:29","date_gmt":"2018-11-26T14:30:29","guid":{"rendered":"https:\/\/edu-4u.uk\/programul-nostru-de-ambasadori\/"},"modified":"2025-04-21T03:19:59","modified_gmt":"2025-04-21T01:19:59","slug":"programul-nostru-de-ambasadori","status":"publish","type":"page","link":"https:\/\/edu-4u.uk\/ro\/programul-nostru-de-ambasadori\/","title":{"rendered":"Programul nostru de ambasadori"},"content":{"rendered":"<div class=\"fusion-text\">\n<p><img fetchpriority=\"high\" decoding=\"async\" class=\"aligncenter size-600 lazy-loaded\" src=\"https:\/\/static.wixstatic.com\/media\/19fdab20a31144fc87f36b7db734297d.jpg\/v1\/fill\/w_914,h_400,al_c,q_90\/19fdab20a31144fc87f36b7db734297d.webp\" data-lazy-type=\"image\" data-src=\"https:\/\/static.wixstatic.com\/media\/19fdab20a31144fc87f36b7db734297d.jpg\/v1\/fill\/w_914,h_400,al_c,q_90\/19fdab20a31144fc87f36b7db734297d.webp\" width=\"914\" height=\"400\"><\/p>\n<\/div>\n<div class=\"fusion-text\">\n<p class=\"font_7\"><strong><span>Programul Ambasadorilor Edu4u<\/span><\/strong><\/p>\n<p class=\"font_8\"><span>Dac\u0103 \u0219ti\u021bi pe cineva care ar dori s\u0103 aplice la o universitate sau la un colegiu din Marea Britanie, anun\u021ba\u021bi-ne! Oferim ambasadorilor no\u0219tri \u00eentre 200 \u0219i 700 de lire sterline pentru fiecare elev. Pute\u021bi recomanda un prieten, familia sau chiar pute\u021bi \u00eencepe s\u0103 recruta\u021bi pentru Edu4u \u0219i s\u0103 v\u0103 al\u0103tura\u021bi echipei noastre!<\/span><\/p>\n<p>Adesea, candida\u021bii no\u0219tri au aflat despre oportunitatea de a studia \u00een Marea Britanie din \u00eent\u00e2mplare, d\u00e2nd de unul dintre ambasadorii no\u0219tri, de site-ul nostru sau vorbind cu o persoan\u0103 pe care au \u00eent\u00e2lnit-o la \u00eent\u00e2mplare.<\/p>\n<p><strong>Cum func\u021bioneaz\u0103<\/strong><\/p>\n<p>1. G\u0103se\u0219te pe cineva care vrea s\u0103 studieze \u00een Marea Britanie.<\/p>\n<p>2. Scrie\u021bi-ne pe <a href=\"https:\/\/wa.me\/447511807765\">WhatsApp<\/a> sau trimite\u021bi-ne un e-mail<\/p>\n<p>3. vei avea acces la materiale promo\u021bionale \u0219i la o list\u0103 cu solicitan\u021bii t\u0103i<\/p>\n<p>4. Odat\u0103 ce candidatul t\u0103u a \u00eenceput cu succes studiile, vei fi pl\u0103tit de Edu4u!<\/p>\n<p><strong>Structura noastr\u0103 de comisioane<\/strong><\/p>\n<p>1-3 studen\u021bi &#8211; 200 GBP pentru fiecare student<br \/>\n4-9 studen\u021bi &#8211; 300 GBP pentru fiecare student<br \/>\n10-15 studen\u021bi &#8211; 500 GBP pentru fiecare student<br \/>\n16+ studen\u021bi &#8211; 700 GBP pentru fiecare student<\/p>\n<p>Exemplu:<br \/>\nA\u021bi recrutat 11 studen\u021bi:<br \/>\n11*500\u00a3 = 5500 GBP<\/p>\n<p>Pute\u021bi aduna studen\u021bii din fiecare an universitar, care \u00eencepe \u00een septembrie \u0219i se termin\u0103 \u00een august.<\/p>\n<p>&nbsp;<\/p>\n<\/div>\n<p><strong>Program ambasadori Pro<\/strong><br \/>\nPrimi\u021bi un salariu de baz\u0103 + comision pentru recrutarea studen\u021bilor<\/p>\n<p>Scrie\u021bi-ne pe <a href=\"https:\/\/wa.me\/447511807765\">WhatsApp<\/a> sau trimite\u021bi-ne un e-mail pentru a v\u0103 \u00eenscrie \u00een Programul Ambasador Pro.<br \/>\n<span \n                data-original-string=\"zTjNDrQhvdLdYPC59bfzrQ==9b9ZhANuDhiOTpXV4oboiJmvkVFLMbxRR1ZF46K5dGZ6J4=\"\n                class=\"apbct-email-encoder\"\n                title=\"This contact has been encoded by Anti-Spam by CleanTalk. Click to decode. To finish the decoding make sure that JavaScript is enabled in your browser.\">of<span class=\"apbct-blur\">****@ed****.<\/span>uk<\/span><\/p>\n<div class=\"fusion-text\">\n<p>&nbsp;<\/p>\n<p class=\"font_8\"><span><strong>\u00cen calitate de membru al echipei noastre, ve\u021bi primi:<\/strong><\/span><\/p>\n<ul>\n<li><span>Cei mai buni ambasadori au \u0219ansa de a fi promova\u021bi \u00een cadrul structurilor organiza\u021biei, astfel \u00eenc\u00e2t au ocazia de a dob\u00e2ndi experien\u021b\u0103 practic\u0103 la nivel managerial \u00een timp ce se afl\u0103 \u00eenc\u0103 la \u00eenceputul studiilor,<\/span><\/li>\n<li><span>Instruire complet\u0103, \u00eencep\u00e2nd cu procesul de aplicare \u0219i termin\u00e2nd cu probleme de marketing pur,<\/span><\/li>\n<li><span>Sprijin din partea altor membri ai programului,<\/span><\/li>\n<li><span>Materiale de formare \u0219i de promovare,<\/span><\/li>\n<li><span>Rambursarea costurilor logistice.<\/span><\/li>\n<\/ul>\n<p class=\"font_8\"><a href=\"https:\/\/wa.me\/447511807765\"><span><strong>Contacta\u021bi-ne!<\/strong><\/span><\/a><\/p>\n<\/div>\n","protected":false},"excerpt":{"rendered":"<p>Programul Ambasadorilor Edu4u Dac\u0103 \u0219ti\u021bi pe cineva care ar dori s\u0103 aplice la o universitate sau la un colegiu din Marea Britanie, anun\u021ba\u021bi-ne! Oferim ambasadorilor no\u0219tri \u00eentre 200 \u0219i 700 de lire sterline pentru fiecare elev. Pute\u021bi recomanda un prieten, familia sau chiar pute\u021bi \u00eencepe s\u0103 recruta\u021bi pentru Edu4u \u0219i [&hellip;]<\/p>\n","protected":false},"author":1,"featured_media":0,"parent":0,"menu_order":0,"comment_status":"closed","ping_status":"closed","template":"","meta":{"_acf_changed":false,"footnotes":""},"class_list":["post-4905","page","type-page","status-publish","hentry"],"acf":[],"yoast_head":"<!-- This site is optimized with the Yoast SEO plugin v24.0 - https:\/\/yoast.com\/wordpress\/plugins\/seo\/ -->\n<title>Programul nostru de ambasadori | Ajutor gratuit | Edu4u<\/title>\n<meta name=\"robots\" content=\"index, follow, max-snippet:-1, max-image-preview:large, max-video-preview:-1\" \/>\n<link rel=\"canonical\" href=\"https:\/\/edu-4u.uk\/ro\/programul-nostru-de-ambasadori\/\" \/>\n<meta property=\"og:locale\" content=\"ro_RO\" \/>\n<meta property=\"og:type\" content=\"article\" \/>\n<meta property=\"og:title\" content=\"Programul nostru de ambasadori | Ajutor gratuit | Edu4u\" \/>\n<meta property=\"og:description\" content=\"Programul Ambasadorilor Edu4u Dac\u0103 \u0219ti\u021bi pe cineva care ar dori s\u0103 aplice la o universitate sau la un colegiu din Marea Britanie, anun\u021ba\u021bi-ne! Oferim ambasadorilor no\u0219tri \u00eentre 200 \u0219i 700 de lire sterline pentru fiecare elev. Pute\u021bi recomanda un prieten, familia sau chiar pute\u021bi \u00eencepe s\u0103 recruta\u021bi pentru Edu4u \u0219i [&hellip;]\" \/>\n<meta property=\"og:url\" content=\"https:\/\/edu-4u.uk\/ro\/programul-nostru-de-ambasadori\/\" \/>\n<meta property=\"og:site_name\" content=\"Ajutor gratuit | Edu4u\" \/>\n<meta property=\"article:publisher\" content=\"https:\/\/www.facebook.com\/Edu4uStudiaAnglia\/\" \/>\n<meta property=\"article:modified_time\" content=\"2025-04-21T01:19:59+00:00\" \/>\n<meta property=\"og:image\" content=\"https:\/\/static.wixstatic.com\/media\/19fdab20a31144fc87f36b7db734297d.jpg\/v1\/fill\/w_914,h_400,al_c,q_90\/19fdab20a31144fc87f36b7db734297d.webp\" \/>\n<meta name=\"twitter:label1\" content=\"Timp estimat pentru citire\" \/>\n\t<meta name=\"twitter:data1\" content=\"2 minute\" \/>\n<script type=\"application\/ld+json\" class=\"yoast-schema-graph\">{\"@context\":\"https:\/\/schema.org\",\"@graph\":[{\"@type\":\"WebPage\",\"@id\":\"https:\/\/edu-4u.uk\/ro\/programul-nostru-de-ambasadori\/\",\"url\":\"https:\/\/edu-4u.uk\/ro\/programul-nostru-de-ambasadori\/\",\"name\":\"Programul nostru de ambasadori | Ajutor gratuit | Edu4u\",\"isPartOf\":{\"@id\":\"https:\/\/edu-4u.uk\/ro\/#website\"},\"primaryImageOfPage\":{\"@id\":\"https:\/\/edu-4u.uk\/ro\/programul-nostru-de-ambasadori\/#primaryimage\"},\"image\":{\"@id\":\"https:\/\/edu-4u.uk\/ro\/programul-nostru-de-ambasadori\/#primaryimage\"},\"thumbnailUrl\":\"https:\/\/static.wixstatic.com\/media\/19fdab20a31144fc87f36b7db734297d.jpg\/v1\/fill\/w_914,h_400,al_c,q_90\/19fdab20a31144fc87f36b7db734297d.webp\",\"datePublished\":\"2018-11-26T14:30:29+00:00\",\"dateModified\":\"2025-04-21T01:19:59+00:00\",\"breadcrumb\":{\"@id\":\"https:\/\/edu-4u.uk\/ro\/programul-nostru-de-ambasadori\/#breadcrumb\"},\"inLanguage\":\"ro-RO\",\"potentialAction\":[{\"@type\":\"ReadAction\",\"target\":[\"https:\/\/edu-4u.uk\/ro\/programul-nostru-de-ambasadori\/\"]}]},{\"@type\":\"ImageObject\",\"inLanguage\":\"ro-RO\",\"@id\":\"https:\/\/edu-4u.uk\/ro\/programul-nostru-de-ambasadori\/#primaryimage\",\"url\":\"https:\/\/static.wixstatic.com\/media\/19fdab20a31144fc87f36b7db734297d.jpg\/v1\/fill\/w_914,h_400,al_c,q_90\/19fdab20a31144fc87f36b7db734297d.webp\",\"contentUrl\":\"https:\/\/static.wixstatic.com\/media\/19fdab20a31144fc87f36b7db734297d.jpg\/v1\/fill\/w_914,h_400,al_c,q_90\/19fdab20a31144fc87f36b7db734297d.webp\"},{\"@type\":\"BreadcrumbList\",\"@id\":\"https:\/\/edu-4u.uk\/ro\/programul-nostru-de-ambasadori\/#breadcrumb\",\"itemListElement\":[{\"@type\":\"ListItem\",\"position\":1,\"name\":\"Strona g\u0142\u00f3wna\",\"item\":\"https:\/\/edu-4u.uk\/ro\/\"},{\"@type\":\"ListItem\",\"position\":2,\"name\":\"Programul nostru de ambasadori\"}]},{\"@type\":\"WebSite\",\"@id\":\"https:\/\/edu-4u.uk\/ro\/#website\",\"url\":\"https:\/\/edu-4u.uk\/ro\/\",\"name\":\"Edu4u StudyUK | Free Help\",\"description\":\"\u00cencepe s\u0103 studiezi \u00een Marea Britanie cu Edu4u!\",\"publisher\":{\"@id\":\"https:\/\/edu-4u.uk\/ro\/#organization\"},\"potentialAction\":[{\"@type\":\"SearchAction\",\"target\":{\"@type\":\"EntryPoint\",\"urlTemplate\":\"https:\/\/edu-4u.uk\/ro\/?s={search_term_string}\"},\"query-input\":{\"@type\":\"PropertyValueSpecification\",\"valueRequired\":true,\"valueName\":\"search_term_string\"}}],\"inLanguage\":\"ro-RO\"},{\"@type\":\"Organization\",\"@id\":\"https:\/\/edu-4u.uk\/ro\/#organization\",\"name\":\"Edu4u Study in UK\",\"url\":\"https:\/\/edu-4u.uk\/ro\/\",\"logo\":{\"@type\":\"ImageObject\",\"inLanguage\":\"ro-RO\",\"@id\":\"https:\/\/edu-4u.uk\/ro\/#\/schema\/logo\/image\/\",\"url\":\"https:\/\/edu-4u.uk\/wp-content\/uploads\/2023\/06\/Logo-1.svg\",\"contentUrl\":\"https:\/\/edu-4u.uk\/wp-content\/uploads\/2023\/06\/Logo-1.svg\",\"width\":168,\"height\":43,\"caption\":\"Edu4u Study in UK\"},\"image\":{\"@id\":\"https:\/\/edu-4u.uk\/ro\/#\/schema\/logo\/image\/\"},\"sameAs\":[\"https:\/\/www.facebook.com\/Edu4uStudiaAnglia\/\",\"https:\/\/www.tiktok.com\/@edu4u_settled_status_\",\"https:\/\/www.instagram.com\/edu4u_polska\/?hl=en\",\"https:\/\/www.youtube.com\/@Edu4u_Settled_Status\",\"https:\/\/www.facebook.com\/Edu4uSettledStatus\/\",\"https:\/\/www.instagram.com\/edu4u_settled_status\/\",\"https:\/\/www.tiktok.com\/@edu4u_studyuk\"]}]}<\/script>\n<!-- \/ Yoast SEO plugin. -->","yoast_head_json":{"title":"Programul nostru de ambasadori | Ajutor gratuit | Edu4u","robots":{"index":"index","follow":"follow","max-snippet":"max-snippet:-1","max-image-preview":"max-image-preview:large","max-video-preview":"max-video-preview:-1"},"canonical":"https:\/\/edu-4u.uk\/ro\/programul-nostru-de-ambasadori\/","og_locale":"ro_RO","og_type":"article","og_title":"Programul nostru de ambasadori | Ajutor gratuit | Edu4u","og_description":"Programul Ambasadorilor Edu4u Dac\u0103 \u0219ti\u021bi pe cineva care ar dori s\u0103 aplice la o universitate sau la un colegiu din Marea Britanie, anun\u021ba\u021bi-ne! Oferim ambasadorilor no\u0219tri \u00eentre 200 \u0219i 700 de lire sterline pentru fiecare elev. Pute\u021bi recomanda un prieten, familia sau chiar pute\u021bi \u00eencepe s\u0103 recruta\u021bi pentru Edu4u \u0219i [&hellip;]","og_url":"https:\/\/edu-4u.uk\/ro\/programul-nostru-de-ambasadori\/","og_site_name":"Ajutor gratuit | Edu4u","article_publisher":"https:\/\/www.facebook.com\/Edu4uStudiaAnglia\/","article_modified_time":"2025-04-21T01:19:59+00:00","og_image":[{"url":"https:\/\/static.wixstatic.com\/media\/19fdab20a31144fc87f36b7db734297d.jpg\/v1\/fill\/w_914,h_400,al_c,q_90\/19fdab20a31144fc87f36b7db734297d.webp","type":"","width":"","height":""}],"twitter_misc":{"Timp estimat pentru citire":"2 minute"},"schema":{"@context":"https:\/\/schema.org","@graph":[{"@type":"WebPage","@id":"https:\/\/edu-4u.uk\/ro\/programul-nostru-de-ambasadori\/","url":"https:\/\/edu-4u.uk\/ro\/programul-nostru-de-ambasadori\/","name":"Programul nostru de ambasadori | Ajutor gratuit | Edu4u","isPartOf":{"@id":"https:\/\/edu-4u.uk\/ro\/#website"},"primaryImageOfPage":{"@id":"https:\/\/edu-4u.uk\/ro\/programul-nostru-de-ambasadori\/#primaryimage"},"image":{"@id":"https:\/\/edu-4u.uk\/ro\/programul-nostru-de-ambasadori\/#primaryimage"},"thumbnailUrl":"https:\/\/static.wixstatic.com\/media\/19fdab20a31144fc87f36b7db734297d.jpg\/v1\/fill\/w_914,h_400,al_c,q_90\/19fdab20a31144fc87f36b7db734297d.webp","datePublished":"2018-11-26T14:30:29+00:00","dateModified":"2025-04-21T01:19:59+00:00","breadcrumb":{"@id":"https:\/\/edu-4u.uk\/ro\/programul-nostru-de-ambasadori\/#breadcrumb"},"inLanguage":"ro-RO","potentialAction":[{"@type":"ReadAction","target":["https:\/\/edu-4u.uk\/ro\/programul-nostru-de-ambasadori\/"]}]},{"@type":"ImageObject","inLanguage":"ro-RO","@id":"https:\/\/edu-4u.uk\/ro\/programul-nostru-de-ambasadori\/#primaryimage","url":"https:\/\/static.wixstatic.com\/media\/19fdab20a31144fc87f36b7db734297d.jpg\/v1\/fill\/w_914,h_400,al_c,q_90\/19fdab20a31144fc87f36b7db734297d.webp","contentUrl":"https:\/\/static.wixstatic.com\/media\/19fdab20a31144fc87f36b7db734297d.jpg\/v1\/fill\/w_914,h_400,al_c,q_90\/19fdab20a31144fc87f36b7db734297d.webp"},{"@type":"BreadcrumbList","@id":"https:\/\/edu-4u.uk\/ro\/programul-nostru-de-ambasadori\/#breadcrumb","itemListElement":[{"@type":"ListItem","position":1,"name":"Strona g\u0142\u00f3wna","item":"https:\/\/edu-4u.uk\/ro\/"},{"@type":"ListItem","position":2,"name":"Programul nostru de ambasadori"}]},{"@type":"WebSite","@id":"https:\/\/edu-4u.uk\/ro\/#website","url":"https:\/\/edu-4u.uk\/ro\/","name":"Edu4u StudyUK | Free Help","description":"\u00cencepe s\u0103 studiezi \u00een Marea Britanie cu Edu4u!","publisher":{"@id":"https:\/\/edu-4u.uk\/ro\/#organization"},"potentialAction":[{"@type":"SearchAction","target":{"@type":"EntryPoint","urlTemplate":"https:\/\/edu-4u.uk\/ro\/?s={search_term_string}"},"query-input":{"@type":"PropertyValueSpecification","valueRequired":true,"valueName":"search_term_string"}}],"inLanguage":"ro-RO"},{"@type":"Organization","@id":"https:\/\/edu-4u.uk\/ro\/#organization","name":"Edu4u Study in UK","url":"https:\/\/edu-4u.uk\/ro\/","logo":{"@type":"ImageObject","inLanguage":"ro-RO","@id":"https:\/\/edu-4u.uk\/ro\/#\/schema\/logo\/image\/","url":"https:\/\/edu-4u.uk\/wp-content\/uploads\/2023\/06\/Logo-1.svg","contentUrl":"https:\/\/edu-4u.uk\/wp-content\/uploads\/2023\/06\/Logo-1.svg","width":168,"height":43,"caption":"Edu4u Study in UK"},"image":{"@id":"https:\/\/edu-4u.uk\/ro\/#\/schema\/logo\/image\/"},"sameAs":["https:\/\/www.facebook.com\/Edu4uStudiaAnglia\/","https:\/\/www.tiktok.com\/@edu4u_settled_status_","https:\/\/www.instagram.com\/edu4u_polska\/?hl=en","https:\/\/www.youtube.com\/@Edu4u_Settled_Status","https:\/\/www.facebook.com\/Edu4uSettledStatus\/","https:\/\/www.instagram.com\/edu4u_settled_status\/","https:\/\/www.tiktok.com\/@edu4u_studyuk"]}]}},"_links":{"self":[{"href":"https:\/\/edu-4u.uk\/ro\/wp-json\/wp\/v2\/pages\/4905","targetHints":{"allow":["GET"]}}],"collection":[{"href":"https:\/\/edu-4u.uk\/ro\/wp-json\/wp\/v2\/pages"}],"about":[{"href":"https:\/\/edu-4u.uk\/ro\/wp-json\/wp\/v2\/types\/page"}],"author":[{"embeddable":true,"href":"https:\/\/edu-4u.uk\/ro\/wp-json\/wp\/v2\/users\/1"}],"replies":[{"embeddable":true,"href":"https:\/\/edu-4u.uk\/ro\/wp-json\/wp\/v2\/comments?post=4905"}],"version-history":[{"count":2,"href":"https:\/\/edu-4u.uk\/ro\/wp-json\/wp\/v2\/pages\/4905\/revisions"}],"predecessor-version":[{"id":24778,"href":"https:\/\/edu-4u.uk\/ro\/wp-json\/wp\/v2\/pages\/4905\/revisions\/24778"}],"wp:attachment":[{"href":"https:\/\/edu-4u.uk\/ro\/wp-json\/wp\/v2\/media?parent=4905"}],"curies":[{"name":"wp","href":"https:\/\/api.w.org\/{rel}","templated":true}]}}