{"id":4898,"date":"2018-10-30T23:28:53","date_gmt":"2018-10-30T22:28:53","guid":{"rendered":"https:\/\/edu-4u.uk\/despre-noi\/"},"modified":"2024-02-02T09:25:46","modified_gmt":"2024-02-02T08:25:46","slug":"despre-noi","status":"publish","type":"page","link":"https:\/\/edu-4u.uk\/ro\/despre-noi\/","title":{"rendered":"Despre noi"},"content":{"rendered":"\t\t<div data-elementor-type=\"wp-post\" data-elementor-id=\"4898\" class=\"elementor elementor-4898 elementor-76\">\n\t\t\t\t\t\t<section class=\"elementor-section elementor-top-section elementor-element elementor-element-59363ac4 elementor-section-boxed elementor-section-height-default elementor-section-height-default\" data-id=\"59363ac4\" data-element_type=\"section\">\n\t\t\t\t\t\t<div class=\"elementor-container elementor-column-gap-default\">\n\t\t\t\t\t<div class=\"elementor-column elementor-col-100 elementor-top-column elementor-element elementor-element-65b19dfd\" data-id=\"65b19dfd\" data-element_type=\"column\">\n\t\t\t<div class=\"elementor-widget-wrap elementor-element-populated\">\n\t\t\t\t\t\t<div class=\"elementor-element elementor-element-57c906ff elementor-widget elementor-widget-image\" data-id=\"57c906ff\" data-element_type=\"widget\" data-widget_type=\"image.default\">\n\t\t\t\t<div class=\"elementor-widget-container\">\n\t\t\t\t\t\t\t\t\t\t\t\t\t\t\t<img fetchpriority=\"high\" decoding=\"async\" width=\"1100\" height=\"450\" src=\"https:\/\/edu-4u.uk\/wp-content\/uploads\/2024\/02\/Despre-noi-edu4u.png\" class=\"attachment-full size-full wp-image-14685\" alt=\"Despre noi edu4u\" srcset=\"https:\/\/b3292720.smushcdn.com\/3292720\/wp-content\/uploads\/2024\/02\/Despre-noi-edu4u.png?lossy=2&amp;strip=1&amp;webp=1 1100w, https:\/\/b3292720.smushcdn.com\/3292720\/wp-content\/uploads\/2024\/02\/Despre-noi-edu4u-300x123.png?lossy=2&amp;strip=1&amp;webp=1 300w, https:\/\/b3292720.smushcdn.com\/3292720\/wp-content\/uploads\/2024\/02\/Despre-noi-edu4u-1024x419.png?lossy=2&amp;strip=1&amp;webp=1 1024w, https:\/\/b3292720.smushcdn.com\/3292720\/wp-content\/uploads\/2024\/02\/Despre-noi-edu4u-768x314.png?lossy=2&amp;strip=1&amp;webp=1 768w\" sizes=\"(max-width: 1100px) 100vw, 1100px\" \/>\t\t\t\t\t\t\t\t\t\t\t\t\t\t\t<\/div>\n\t\t\t\t<\/div>\n\t\t\t\t\t<\/div>\n\t\t<\/div>\n\t\t\t\t\t<\/div>\n\t\t<\/section>\n\t\t\t\t<section class=\"elementor-section elementor-top-section elementor-element elementor-element-33009439 elementor-reverse-mobile elementor-section-boxed elementor-section-height-default elementor-section-height-default\" data-id=\"33009439\" data-element_type=\"section\">\n\t\t\t\t\t\t<div class=\"elementor-container elementor-column-gap-default\">\n\t\t\t\t\t<div class=\"elementor-column elementor-col-100 elementor-top-column elementor-element elementor-element-68e1625d\" data-id=\"68e1625d\" data-element_type=\"column\">\n\t\t\t<div class=\"elementor-widget-wrap elementor-element-populated\">\n\t\t\t\t\t\t<div class=\"elementor-element elementor-element-45154f6f elementor-widget elementor-widget-heading\" data-id=\"45154f6f\" data-element_type=\"widget\" data-widget_type=\"heading.default\">\n\t\t\t\t<div class=\"elementor-widget-container\">\n\t\t\t\t\t<h1 class=\"elementor-heading-title elementor-size-default\">Despre noi<\/h1>\t\t\t\t<\/div>\n\t\t\t\t<\/div>\n\t\t\t\t<div class=\"elementor-element elementor-element-7cead1a2 elementor-widget elementor-widget-text-editor\" data-id=\"7cead1a2\" data-element_type=\"widget\" data-widget_type=\"text-editor.default\">\n\t\t\t\t<div class=\"elementor-widget-container\">\n\t\t\t\t\t\t\t\t\t<p><em><b>EDU4U<\/b><span> <\/span>Este o echip\u0103 de consilieri, consultan\u021bi \u0219i ambasadori educa\u021bionali, care activeaz\u0103 \u00een Marea Britanie \u0219i Polonia. Ne-am organizat pentru a oferi sprijin tinerilor ambi\u021bio\u0219i care doresc s\u0103 ajung\u0103 sus \u0219i s\u0103 urmeze studii superioare \u00een Marea Britanie.<\/em><\/p>\n<p class=\"font_8\">\n<p class=\"font_8\">\n<ul><\/ul>\n<p class=\"font_8\">\n\t\t\t\t\t\t\t\t<\/div>\n\t\t\t\t<\/div>\n\t\t\t\t<div class=\"elementor-element elementor-element-cfd60df elementor-widget elementor-widget-text-editor\" data-id=\"cfd60df\" data-element_type=\"widget\" data-widget_type=\"text-editor.default\">\n\t\t\t\t<div class=\"elementor-widget-container\">\n\t\t\t\t\t\t\t\t\t<p class=\"font_8\" style=\"font-size: 18px;\"><strong>Misiunea noastr\u0103<\/strong><\/p>\n<p class=\"font_8\" style=\"font-size: 18px;\">Ne dorim s\u0103 avem un impact pozitiv asupra educa\u021biei tinerilor.<\/p>\n<p class=\"font_8\" style=\"font-size: 18px;\">Ambi\u021bia edu4u este de a fi o organiza\u021bie care cite\u0219te \u0219i anticipeaz\u0103 cu acurate\u021be nevoile \u00eenv\u0103\u021b\u0103m\u00e2ntului superior \u0219i care poate r\u0103spunde la acestea.<\/p>\n\t\t\t\t\t\t\t\t<\/div>\n\t\t\t\t<\/div>\n\t\t\t\t<div class=\"elementor-element elementor-element-aceb381 elementor-widget elementor-widget-text-editor\" data-id=\"aceb381\" data-element_type=\"widget\" data-widget_type=\"text-editor.default\">\n\t\t\t\t<div class=\"elementor-widget-container\">\n\t\t\t\t\t\t\t\t\t<p class=\"font_8\" style=\"font-size: 18px;\"><strong>Valorile noastre<\/strong><\/p>\n<p class=\"font_8\" style=\"font-size: 18px;\">Edu4u este, \u00een primul r\u00e2nd, despre oameni care sunt uni\u021bi de o cooperare axat\u0103 pe \u00een\u021belegerea \u0219i r\u0103spunsul corect la nevoile educa\u021bionale ale tinerilor \u0219i pe responsabilitatea de a le satisface. Valorile \u00eemp\u0103rt\u0103\u0219ite stau la baza dezvolt\u0103rii organiza\u021biilor \u0219i a consolid\u0103rii \u00eencrederii \u00een rela\u021bii.<\/p>\n<ul>\n<li class=\"font_8\">Calitatea \u0219i inovarea<\/li>\n<li class=\"font_8\">Deschiderea \u0219i respectul<\/li>\n<li class=\"font_8\">Etica \u0219i responsabilitatea \u00een ac\u021biune<\/li>\n<li class=\"font_8\">Cooperare \u0219i dezvoltare<\/li>\n<\/ul>\n\t\t\t\t\t\t\t\t<\/div>\n\t\t\t\t<\/div>\n\t\t\t\t<div class=\"elementor-element elementor-element-e74d521 elementor-widget elementor-widget-text-editor\" data-id=\"e74d521\" data-element_type=\"widget\" data-widget_type=\"text-editor.default\">\n\t\t\t\t<div class=\"elementor-widget-container\">\n\t\t\t\t\t\t\t\t\t<p style=\"font-size: 18px;\"><strong>Atribu\u021biile noastre<\/strong><\/p>\n<ul>\n<li>Ajutor gratuit pentru a intra la orice universitate din Marea Britanie<\/li>\n<li>Consiliere profesional\u0103 privind alegerea unui curs \u0219i a unei universit\u0103\u021bi<\/li>\n<li>Asisten\u021b\u0103 complet\u0103 \u0219i de specialitate \u00een procesul de aplicare<\/li>\n<li>Sprijin \u00een timpul studiilor<\/li>\n<\/ul>\n<p style=\"font-size: 18px;\">Ajut\u0103m prin \u00eemp\u0103rt\u0103\u0219irea experien\u021bei, cuno\u0219tin\u021belor \u0219i abilit\u0103\u021bilor noastre. <i>Obiectivul dumneavoastr\u0103 este obiectivul nostru<\/i>. Consilierii \u0219i consultan\u021bii de la edu4u ofer\u0103 ajutorul pentru fiecare persoan\u0103 \u00een parte. Echipa noastr\u0103 se angajeaz\u0103 s\u0103 v\u0103 maximizeze \u0219ansele de a intra la universit\u0103\u021bile la care visa\u021bi. De aceea, v\u0103 vom sf\u0103tui cum s\u0103 scrie\u021bi o declara\u021bie personal\u0103, v\u0103 vom verifica referin\u021bele profesorilor \u0219i aplica\u021bia UCAS \u0219i v\u0103 vom ajuta s\u0103 ob\u021bine\u021bi un \u00eemprumut pentru taxele de \u0219colarizare. Domeniul de aplicare al asisten\u021bei noastre este nelimitat; vom fi \u00eentotdeauna la dispozi\u021bia dumneavoastr\u0103 dac\u0103 ave\u021bi nevoie de ea.<\/p>\n<p style=\"font-size: 18px;\">Dac\u0103 ave\u021bi \u00eentreb\u0103ri, ne pute\u021bi contacta oric\u00e2nd. Oferim informa\u021bii concrete \u0219i fiabile.<\/p>\n<ul><\/ul>\n\t\t\t\t\t\t\t\t<\/div>\n\t\t\t\t<\/div>\n\t\t\t\t\t<\/div>\n\t\t<\/div>\n\t\t\t\t\t<\/div>\n\t\t<\/section>\n\t\t\t\t<section class=\"elementor-section elementor-top-section elementor-element elementor-element-20adc4c7 elementor-section-boxed elementor-section-height-default elementor-section-height-default\" data-id=\"20adc4c7\" data-element_type=\"section\">\n\t\t\t\t\t\t<div class=\"elementor-container elementor-column-gap-default\">\n\t\t\t\t\t<div class=\"elementor-column elementor-col-100 elementor-top-column elementor-element elementor-element-529d090c\" data-id=\"529d090c\" data-element_type=\"column\">\n\t\t\t<div class=\"elementor-widget-wrap elementor-element-populated\">\n\t\t\t\t\t\t<div class=\"elementor-element elementor-element-67428cf9 elementor-widget-divider--view-line elementor-widget elementor-widget-divider\" data-id=\"67428cf9\" data-element_type=\"widget\" data-widget_type=\"divider.default\">\n\t\t\t\t<div class=\"elementor-widget-container\">\n\t\t\t\t\t\t\t<div class=\"elementor-divider\">\n\t\t\t<span class=\"elementor-divider-separator\">\n\t\t\t\t\t\t<\/span>\n\t\t<\/div>\n\t\t\t\t\t\t<\/div>\n\t\t\t\t<\/div>\n\t\t\t\t<div class=\"elementor-element elementor-element-39a2bf0e elementor-widget elementor-widget-heading\" data-id=\"39a2bf0e\" data-element_type=\"widget\" data-widget_type=\"heading.default\">\n\t\t\t\t<div class=\"elementor-widget-container\">\n\t\t\t\t\t<h4 class=\"elementor-heading-title elementor-size-default\">Vezi clasamentul \u0219i statisticile uneia dintre cele c\u00e2teva sute de universit\u0103\u021bi din Anglia<\/h4>\t\t\t\t<\/div>\n\t\t\t\t<\/div>\n\t\t\t\t\t<\/div>\n\t\t<\/div>\n\t\t\t\t\t<\/div>\n\t\t<\/section>\n\t\t\t\t<section class=\"elementor-section elementor-top-section elementor-element elementor-element-49935c7 elementor-section-boxed elementor-section-height-default elementor-section-height-default\" data-id=\"49935c7\" data-element_type=\"section\">\n\t\t\t\t\t\t<div class=\"elementor-container elementor-column-gap-default\">\n\t\t\t\t\t<div class=\"elementor-column elementor-col-100 elementor-top-column elementor-element elementor-element-514be86d\" data-id=\"514be86d\" data-element_type=\"column\">\n\t\t\t<div class=\"elementor-widget-wrap elementor-element-populated\">\n\t\t\t\t\t\t<div class=\"elementor-element elementor-element-6e27f8ad elementor-align-center elementor-mobile-align-center elementor-widget elementor-widget-button\" data-id=\"6e27f8ad\" data-element_type=\"widget\" data-widget_type=\"button.default\">\n\t\t\t\t<div class=\"elementor-widget-container\">\n\t\t\t\t\t\t\t\t\t<div class=\"elementor-button-wrapper\">\n\t\t\t\t\t<a class=\"elementor-button elementor-button-link elementor-size-lg\" href=\"https:\/\/edu-4u.uk\/uniwersytety-w-anglii\/\">\n\t\t\t\t\t\t<span class=\"elementor-button-content-wrapper\">\n\t\t\t\t\t\t<span class=\"elementor-button-icon\">\n\t\t\t\t\t\t\t\t\t<i class=\"fa fa-university\" aria-hidden=\"true\"><\/i>\n\t\t\t\t\t\t\t<\/span>\n\t\t\t\t\t\t\t\t\t<span class=\"elementor-button-text\">Clasamentul universit\u0103\u021bilor<\/span>\n\t\t\t\t\t<\/span>\n\t\t\t\t\t<\/a>\n\t\t\t\t<\/div>\n\t\t\t\t\t\t\t\t<\/div>\n\t\t\t\t<\/div>\n\t\t\t\t<div class=\"elementor-element elementor-element-328b3577 elementor-widget-divider--view-line elementor-widget elementor-widget-divider\" data-id=\"328b3577\" data-element_type=\"widget\" data-widget_type=\"divider.default\">\n\t\t\t\t<div class=\"elementor-widget-container\">\n\t\t\t\t\t\t\t<div class=\"elementor-divider\">\n\t\t\t<span class=\"elementor-divider-separator\">\n\t\t\t\t\t\t<\/span>\n\t\t<\/div>\n\t\t\t\t\t\t<\/div>\n\t\t\t\t<\/div>\n\t\t\t\t\t<\/div>\n\t\t<\/div>\n\t\t\t\t\t<\/div>\n\t\t<\/section>\n\t\t\t\t<\/div>\n\t\t","protected":false},"excerpt":{"rendered":"<p>Despre noi EDU4U Este o echip\u0103 de consilieri, consultan\u021bi \u0219i ambasadori educa\u021bionali, care activeaz\u0103 \u00een Marea Britanie \u0219i Polonia. Ne-am organizat pentru a oferi sprijin tinerilor ambi\u021bio\u0219i care doresc s\u0103 ajung\u0103 sus \u0219i s\u0103 urmeze studii superioare \u00een Marea Britanie. Misiunea noastr\u0103 Ne dorim s\u0103 avem un impact pozitiv asupra [&hellip;]<\/p>\n","protected":false},"author":1,"featured_media":2811,"parent":0,"menu_order":0,"comment_status":"closed","ping_status":"closed","template":"page-templates\/template-pagebuilder-full-width.php","meta":{"_acf_changed":false,"footnotes":""},"class_list":["post-4898","page","type-page","status-publish","has-post-thumbnail","hentry"],"acf":[],"yoast_head":"<!-- This site is optimized with the Yoast SEO plugin v24.0 - https:\/\/yoast.com\/wordpress\/plugins\/seo\/ -->\n<title>Despre noi | Ajutor gratuit | Edu4u<\/title>\n<meta name=\"robots\" content=\"index, follow, max-snippet:-1, max-image-preview:large, max-video-preview:-1\" \/>\n<link rel=\"canonical\" href=\"https:\/\/edu-4u.uk\/ro\/despre-noi\/\" \/>\n<meta property=\"og:locale\" content=\"ro_RO\" \/>\n<meta property=\"og:type\" content=\"article\" \/>\n<meta property=\"og:title\" content=\"Despre noi | Ajutor gratuit | Edu4u\" \/>\n<meta property=\"og:description\" content=\"Despre noi EDU4U Este o echip\u0103 de consilieri, consultan\u021bi \u0219i ambasadori educa\u021bionali, care activeaz\u0103 \u00een Marea Britanie \u0219i Polonia. Ne-am organizat pentru a oferi sprijin tinerilor ambi\u021bio\u0219i care doresc s\u0103 ajung\u0103 sus \u0219i s\u0103 urmeze studii superioare \u00een Marea Britanie. Misiunea noastr\u0103 Ne dorim s\u0103 avem un impact pozitiv asupra [&hellip;]\" \/>\n<meta property=\"og:url\" content=\"https:\/\/edu-4u.uk\/ro\/despre-noi\/\" \/>\n<meta property=\"og:site_name\" content=\"Ajutor gratuit | Edu4u\" \/>\n<meta property=\"article:publisher\" content=\"https:\/\/www.facebook.com\/Edu4uStudiaAnglia\/\" \/>\n<meta property=\"article:modified_time\" content=\"2024-02-02T08:25:46+00:00\" \/>\n<meta property=\"og:image\" content=\"https:\/\/edu-4u.uk\/wp-content\/uploads\/2018\/10\/pexels-photo-1092373.jpeg\" \/>\n\t<meta property=\"og:image:width\" content=\"1484\" \/>\n\t<meta property=\"og:image:height\" content=\"1080\" \/>\n\t<meta property=\"og:image:type\" content=\"image\/jpeg\" \/>\n<meta name=\"twitter:label1\" content=\"Timp estimat pentru citire\" \/>\n\t<meta name=\"twitter:data1\" content=\"2 minute\" \/>\n<script type=\"application\/ld+json\" class=\"yoast-schema-graph\">{\"@context\":\"https:\/\/schema.org\",\"@graph\":[{\"@type\":\"WebPage\",\"@id\":\"https:\/\/edu-4u.uk\/ro\/despre-noi\/\",\"url\":\"https:\/\/edu-4u.uk\/ro\/despre-noi\/\",\"name\":\"Despre noi | Ajutor gratuit | Edu4u\",\"isPartOf\":{\"@id\":\"https:\/\/edu-4u.uk\/ro\/#website\"},\"primaryImageOfPage\":{\"@id\":\"https:\/\/edu-4u.uk\/ro\/despre-noi\/#primaryimage\"},\"image\":{\"@id\":\"https:\/\/edu-4u.uk\/ro\/despre-noi\/#primaryimage\"},\"thumbnailUrl\":\"https:\/\/edu-4u.uk\/wp-content\/uploads\/2018\/10\/pexels-photo-1092373.jpeg\",\"datePublished\":\"2018-10-30T22:28:53+00:00\",\"dateModified\":\"2024-02-02T08:25:46+00:00\",\"breadcrumb\":{\"@id\":\"https:\/\/edu-4u.uk\/ro\/despre-noi\/#breadcrumb\"},\"inLanguage\":\"ro-RO\",\"potentialAction\":[{\"@type\":\"ReadAction\",\"target\":[\"https:\/\/edu-4u.uk\/ro\/despre-noi\/\"]}]},{\"@type\":\"ImageObject\",\"inLanguage\":\"ro-RO\",\"@id\":\"https:\/\/edu-4u.uk\/ro\/despre-noi\/#primaryimage\",\"url\":\"https:\/\/edu-4u.uk\/wp-content\/uploads\/2018\/10\/pexels-photo-1092373.jpeg\",\"contentUrl\":\"https:\/\/edu-4u.uk\/wp-content\/uploads\/2018\/10\/pexels-photo-1092373.jpeg\",\"width\":1484,\"height\":1080},{\"@type\":\"BreadcrumbList\",\"@id\":\"https:\/\/edu-4u.uk\/ro\/despre-noi\/#breadcrumb\",\"itemListElement\":[{\"@type\":\"ListItem\",\"position\":1,\"name\":\"Strona g\u0142\u00f3wna\",\"item\":\"https:\/\/edu-4u.uk\/ro\/\"},{\"@type\":\"ListItem\",\"position\":2,\"name\":\"Despre noi\"}]},{\"@type\":\"WebSite\",\"@id\":\"https:\/\/edu-4u.uk\/ro\/#website\",\"url\":\"https:\/\/edu-4u.uk\/ro\/\",\"name\":\"Edu4u StudyUK | Free Help\",\"description\":\"\u00cencepe s\u0103 studiezi \u00een Marea Britanie cu Edu4u!\",\"publisher\":{\"@id\":\"https:\/\/edu-4u.uk\/ro\/#organization\"},\"potentialAction\":[{\"@type\":\"SearchAction\",\"target\":{\"@type\":\"EntryPoint\",\"urlTemplate\":\"https:\/\/edu-4u.uk\/ro\/?s={search_term_string}\"},\"query-input\":{\"@type\":\"PropertyValueSpecification\",\"valueRequired\":true,\"valueName\":\"search_term_string\"}}],\"inLanguage\":\"ro-RO\"},{\"@type\":\"Organization\",\"@id\":\"https:\/\/edu-4u.uk\/ro\/#organization\",\"name\":\"Edu4u Study in UK\",\"url\":\"https:\/\/edu-4u.uk\/ro\/\",\"logo\":{\"@type\":\"ImageObject\",\"inLanguage\":\"ro-RO\",\"@id\":\"https:\/\/edu-4u.uk\/ro\/#\/schema\/logo\/image\/\",\"url\":\"https:\/\/edu-4u.uk\/wp-content\/uploads\/2023\/06\/Logo-1.svg\",\"contentUrl\":\"https:\/\/edu-4u.uk\/wp-content\/uploads\/2023\/06\/Logo-1.svg\",\"width\":168,\"height\":43,\"caption\":\"Edu4u Study in UK\"},\"image\":{\"@id\":\"https:\/\/edu-4u.uk\/ro\/#\/schema\/logo\/image\/\"},\"sameAs\":[\"https:\/\/www.facebook.com\/Edu4uStudiaAnglia\/\",\"https:\/\/www.tiktok.com\/@edu4u_settled_status_\",\"https:\/\/www.instagram.com\/edu4u_polska\/?hl=en\",\"https:\/\/www.youtube.com\/@Edu4u_Settled_Status\",\"https:\/\/www.facebook.com\/Edu4uSettledStatus\/\",\"https:\/\/www.instagram.com\/edu4u_settled_status\/\",\"https:\/\/www.tiktok.com\/@edu4u_studyuk\"]}]}<\/script>\n<!-- \/ Yoast SEO plugin. -->","yoast_head_json":{"title":"Despre noi | Ajutor gratuit | Edu4u","robots":{"index":"index","follow":"follow","max-snippet":"max-snippet:-1","max-image-preview":"max-image-preview:large","max-video-preview":"max-video-preview:-1"},"canonical":"https:\/\/edu-4u.uk\/ro\/despre-noi\/","og_locale":"ro_RO","og_type":"article","og_title":"Despre noi | Ajutor gratuit | Edu4u","og_description":"Despre noi EDU4U Este o echip\u0103 de consilieri, consultan\u021bi \u0219i ambasadori educa\u021bionali, care activeaz\u0103 \u00een Marea Britanie \u0219i Polonia. Ne-am organizat pentru a oferi sprijin tinerilor ambi\u021bio\u0219i care doresc s\u0103 ajung\u0103 sus \u0219i s\u0103 urmeze studii superioare \u00een Marea Britanie. Misiunea noastr\u0103 Ne dorim s\u0103 avem un impact pozitiv asupra [&hellip;]","og_url":"https:\/\/edu-4u.uk\/ro\/despre-noi\/","og_site_name":"Ajutor gratuit | Edu4u","article_publisher":"https:\/\/www.facebook.com\/Edu4uStudiaAnglia\/","article_modified_time":"2024-02-02T08:25:46+00:00","og_image":[{"width":1484,"height":1080,"url":"https:\/\/edu-4u.uk\/wp-content\/uploads\/2018\/10\/pexels-photo-1092373.jpeg","type":"image\/jpeg"}],"twitter_misc":{"Timp estimat pentru citire":"2 minute"},"schema":{"@context":"https:\/\/schema.org","@graph":[{"@type":"WebPage","@id":"https:\/\/edu-4u.uk\/ro\/despre-noi\/","url":"https:\/\/edu-4u.uk\/ro\/despre-noi\/","name":"Despre noi | Ajutor gratuit | Edu4u","isPartOf":{"@id":"https:\/\/edu-4u.uk\/ro\/#website"},"primaryImageOfPage":{"@id":"https:\/\/edu-4u.uk\/ro\/despre-noi\/#primaryimage"},"image":{"@id":"https:\/\/edu-4u.uk\/ro\/despre-noi\/#primaryimage"},"thumbnailUrl":"https:\/\/edu-4u.uk\/wp-content\/uploads\/2018\/10\/pexels-photo-1092373.jpeg","datePublished":"2018-10-30T22:28:53+00:00","dateModified":"2024-02-02T08:25:46+00:00","breadcrumb":{"@id":"https:\/\/edu-4u.uk\/ro\/despre-noi\/#breadcrumb"},"inLanguage":"ro-RO","potentialAction":[{"@type":"ReadAction","target":["https:\/\/edu-4u.uk\/ro\/despre-noi\/"]}]},{"@type":"ImageObject","inLanguage":"ro-RO","@id":"https:\/\/edu-4u.uk\/ro\/despre-noi\/#primaryimage","url":"https:\/\/edu-4u.uk\/wp-content\/uploads\/2018\/10\/pexels-photo-1092373.jpeg","contentUrl":"https:\/\/edu-4u.uk\/wp-content\/uploads\/2018\/10\/pexels-photo-1092373.jpeg","width":1484,"height":1080},{"@type":"BreadcrumbList","@id":"https:\/\/edu-4u.uk\/ro\/despre-noi\/#breadcrumb","itemListElement":[{"@type":"ListItem","position":1,"name":"Strona g\u0142\u00f3wna","item":"https:\/\/edu-4u.uk\/ro\/"},{"@type":"ListItem","position":2,"name":"Despre noi"}]},{"@type":"WebSite","@id":"https:\/\/edu-4u.uk\/ro\/#website","url":"https:\/\/edu-4u.uk\/ro\/","name":"Edu4u StudyUK | Free Help","description":"\u00cencepe s\u0103 studiezi \u00een Marea Britanie cu Edu4u!","publisher":{"@id":"https:\/\/edu-4u.uk\/ro\/#organization"},"potentialAction":[{"@type":"SearchAction","target":{"@type":"EntryPoint","urlTemplate":"https:\/\/edu-4u.uk\/ro\/?s={search_term_string}"},"query-input":{"@type":"PropertyValueSpecification","valueRequired":true,"valueName":"search_term_string"}}],"inLanguage":"ro-RO"},{"@type":"Organization","@id":"https:\/\/edu-4u.uk\/ro\/#organization","name":"Edu4u Study in UK","url":"https:\/\/edu-4u.uk\/ro\/","logo":{"@type":"ImageObject","inLanguage":"ro-RO","@id":"https:\/\/edu-4u.uk\/ro\/#\/schema\/logo\/image\/","url":"https:\/\/edu-4u.uk\/wp-content\/uploads\/2023\/06\/Logo-1.svg","contentUrl":"https:\/\/edu-4u.uk\/wp-content\/uploads\/2023\/06\/Logo-1.svg","width":168,"height":43,"caption":"Edu4u Study in UK"},"image":{"@id":"https:\/\/edu-4u.uk\/ro\/#\/schema\/logo\/image\/"},"sameAs":["https:\/\/www.facebook.com\/Edu4uStudiaAnglia\/","https:\/\/www.tiktok.com\/@edu4u_settled_status_","https:\/\/www.instagram.com\/edu4u_polska\/?hl=en","https:\/\/www.youtube.com\/@Edu4u_Settled_Status","https:\/\/www.facebook.com\/Edu4uSettledStatus\/","https:\/\/www.instagram.com\/edu4u_settled_status\/","https:\/\/www.tiktok.com\/@edu4u_studyuk"]}]}},"_links":{"self":[{"href":"https:\/\/edu-4u.uk\/ro\/wp-json\/wp\/v2\/pages\/4898","targetHints":{"allow":["GET"]}}],"collection":[{"href":"https:\/\/edu-4u.uk\/ro\/wp-json\/wp\/v2\/pages"}],"about":[{"href":"https:\/\/edu-4u.uk\/ro\/wp-json\/wp\/v2\/types\/page"}],"author":[{"embeddable":true,"href":"https:\/\/edu-4u.uk\/ro\/wp-json\/wp\/v2\/users\/1"}],"replies":[{"embeddable":true,"href":"https:\/\/edu-4u.uk\/ro\/wp-json\/wp\/v2\/comments?post=4898"}],"version-history":[{"count":5,"href":"https:\/\/edu-4u.uk\/ro\/wp-json\/wp\/v2\/pages\/4898\/revisions"}],"predecessor-version":[{"id":14707,"href":"https:\/\/edu-4u.uk\/ro\/wp-json\/wp\/v2\/pages\/4898\/revisions\/14707"}],"wp:featuredmedia":[{"embeddable":true,"href":"https:\/\/edu-4u.uk\/ro\/wp-json\/wp\/v2\/media\/2811"}],"wp:attachment":[{"href":"https:\/\/edu-4u.uk\/ro\/wp-json\/wp\/v2\/media?parent=4898"}],"curies":[{"name":"wp","href":"https:\/\/api.w.org\/{rel}","templated":true}]}}