{"id":4409,"date":"2018-12-04T20:31:34","date_gmt":"2018-12-04T19:31:34","guid":{"rendered":"https:\/\/edu-4u.uk\/aplicati\/"},"modified":"2025-06-16T07:34:47","modified_gmt":"2025-06-16T05:34:47","slug":"aplicati","status":"publish","type":"page","link":"https:\/\/edu-4u.uk\/ro\/aplicati\/","title":{"rendered":"Aplica\u021bi"},"content":{"rendered":"\t\t<div data-elementor-type=\"wp-page\" data-elementor-id=\"4409\" class=\"elementor elementor-4409 elementor-303\">\n\t\t\t\t\t\t<section class=\"elementor-section elementor-top-section elementor-element elementor-element-97fefd7 elementor-section-boxed elementor-section-height-default elementor-section-height-default\" data-id=\"97fefd7\" data-element_type=\"section\">\n\t\t\t\t\t\t<div class=\"elementor-container elementor-column-gap-default\">\n\t\t\t\t\t<div class=\"elementor-column elementor-col-100 elementor-top-column elementor-element elementor-element-e535ebc\" data-id=\"e535ebc\" data-element_type=\"column\">\n\t\t\t<div class=\"elementor-widget-wrap elementor-element-populated\">\n\t\t\t\t\t\t<div class=\"elementor-element elementor-element-bddc20c elementor-widget elementor-widget-heading\" data-id=\"bddc20c\" data-element_type=\"widget\" data-widget_type=\"heading.default\">\n\t\t\t\t<div class=\"elementor-widget-container\">\n\t\t\t\t\t<h2 class=\"elementor-heading-title elementor-size-default\">Scrie\u021bi la Edu4u<\/h2>\t\t\t\t<\/div>\n\t\t\t\t<\/div>\n\t\t\t\t<div class=\"elementor-element elementor-element-f6bf6d4 elementor-widget elementor-widget-text-editor\" data-id=\"f6bf6d4\" data-element_type=\"widget\" data-widget_type=\"text-editor.default\">\n\t\t\t\t<div class=\"elementor-widget-container\">\n\t\t\t\t\t\t\t\t\t<div class=\"top\" style=\"font-size: 14px;\">\n<p style=\"margin-bottom: 50px; text-align: center; font-weight: bold;\">Promitem s\u0103 nu v\u0103 trimitem spam. Comunica\u021bi-ne datele dumneavoastr\u0103 de contact pentru a v\u0103 putea contacta \u00een leg\u0103tur\u0103 cu cererea dumneavoastr\u0103.<\/p>\n<\/div>\n<div class=\"form\" style=\"font-size: 14px;\">\n<p style=\"margin-bottom: 10px; text-align: center; font-weight: bold;\">Face\u021bi primul pas spre viitorul dumneavoastr\u0103<\/p>\n<\/div>\n\t\t\t\t\t\t\t\t<\/div>\n\t\t\t\t<\/div>\n\t\t\t\t<div class=\"elementor-element elementor-element-da002b5 elementor-widget elementor-widget-shortcode\" data-id=\"da002b5\" data-element_type=\"widget\" id=\"formularz_edu4u\" data-widget_type=\"shortcode.default\">\n\t\t\t\t<div class=\"elementor-widget-container\">\n\t\t\t\t\t\t\t<div class=\"elementor-shortcode\">\n<div class=\"wpcf7 no-js\" id=\"wpcf7-f25156-o1\" lang=\"pl-PL\" dir=\"ltr\" data-wpcf7-id=\"25156\">\n<div class=\"screen-reader-response\"><p role=\"status\" aria-live=\"polite\" aria-atomic=\"true\"><\/p> <ul><\/ul><\/div>\n<form action=\"\/ro\/wp-json\/wp\/v2\/pages\/4409#wpcf7-f25156-o1\" method=\"post\" class=\"wpcf7-form init\" aria-label=\"Formularz kontaktowy\" novalidate=\"novalidate\" data-status=\"init\">\n<div style=\"display: none;\">\n<input type=\"hidden\" name=\"_wpcf7\" value=\"25156\" \/>\n<input type=\"hidden\" name=\"_wpcf7_version\" value=\"6.0.1\" \/>\n<input type=\"hidden\" name=\"_wpcf7_locale\" value=\"pl_PL\" \/>\n<input type=\"hidden\" name=\"_wpcf7_unit_tag\" value=\"wpcf7-f25156-o1\" \/>\n<input type=\"hidden\" name=\"_wpcf7_container_post\" value=\"0\" \/>\n<input type=\"hidden\" name=\"_wpcf7_posted_data_hash\" value=\"\" \/>\n<\/div>\n<div class=\"aplikuj-form\">\n\t<p><span class=\"wpcf7-form-control-wrap\" data-name=\"your-name\"><input size=\"40\" maxlength=\"400\" class=\"wpcf7-form-control wpcf7-text wpcf7-validates-as-required\" autocomplete=\"name\" aria-required=\"true\" aria-invalid=\"false\" placeholder=\"Name\" value=\"\" type=\"text\" name=\"your-name\" \/><\/span>\n\t<\/p>\n\t<p><span class=\"wpcf7-form-control-wrap\" data-name=\"your-tel\"><input size=\"40\" maxlength=\"400\" class=\"wpcf7-form-control wpcf7-tel wpcf7-validates-as-required wpcf7-text wpcf7-validates-as-tel\" autocomplete=\"email\" aria-required=\"true\" aria-invalid=\"false\" placeholder=\"Number\" value=\"\" type=\"tel\" name=\"your-tel\" \/><\/span>\n\t<\/p>\n\t<p><span class=\"wpcf7-form-control-wrap\" data-name=\"your-email\"><input size=\"40\" maxlength=\"400\" class=\"wpcf7-form-control wpcf7-email wpcf7-validates-as-required wpcf7-text wpcf7-validates-as-email\" autocomplete=\"email\" aria-required=\"true\" aria-invalid=\"false\" placeholder=\"Email Address\" value=\"\" type=\"email\" name=\"your-email\" \/><\/span>\n\t<\/p>\n\t<p><span class=\"wpcf7-form-control-wrap\" data-name=\"checkbox-259\"><span class=\"wpcf7-form-control wpcf7-checkbox wpcf7-validates-as-required\"><span class=\"wpcf7-list-item first last\"><label><input type=\"checkbox\" name=\"checkbox-259[]\" value=\"\u201e\u00cemi dau consim\u021b\u0103m\u00e2ntul pentru prelucrarea datelor mele personale de c\u0103tre Edu4u Ltd \u00een scopuri informa\u021bionale \u0219i de marketing.\" \/><span class=\"wpcf7-list-item-label\">\u201e\u00cemi dau consim\u021b\u0103m\u00e2ntul pentru prelucrarea datelor mele personale de c\u0103tre Edu4u Ltd \u00een scopuri informa\u021bionale \u0219i de marketing.<\/span><\/label><\/span><\/span><\/span>\n\t<\/p>\n\t<p><span class=\"wpcf7-list-item-label\" style=\"font-weight: bold;\"><br \/>\n\u201ePrin trimiterea acestui formular, confirma\u021bi c\u0103 ave\u021bi peste 16 ani \u0219i sunte\u021bi de acord cu prelucrarea datelor dumneavoastr\u0103 personale \u00een scopuri de contact, conform celor descrise \u00een Politica noastr\u0103 de confiden\u021bialitate.<br \/>\n<\/span><br \/>\n<input class=\"wpcf7-form-control wpcf7-submit has-spinner\" type=\"submit\" value=\"Send\" \/>\n\t<\/p>\n<\/div><input type=\"hidden\" id=\"ct_checkjs_cf7_d3d9446802a44259755d38e6d163e820\" name=\"ct_checkjs_cf7\" value=\"0\" \/><script >setTimeout(function(){var ct_input_name = \"ct_checkjs_cf7_d3d9446802a44259755d38e6d163e820\";if (document.getElementById(ct_input_name) !== null) {var ct_input_value = document.getElementById(ct_input_name).value;document.getElementById(ct_input_name).value = document.getElementById(ct_input_name).value.replace(ct_input_value, '1584124050');}}, 1000);<\/script><label class=\"apbct_special_field\" id=\"apbct_label_id3729\" for=\"apbct__email_id__wp_contact_form_7_3729\">3729<\/label><input\n            id=\"apbct__email_id__wp_contact_form_7_3729\"\n            class=\"apbct_special_field apbct__email_id__wp_contact_form_7\"\n            name=\"apbct__email_id__wp_contact_form_7_3729\"\n            type=\"text\" size=\"30\" maxlength=\"200\" autocomplete=\"off\"\n            value=\"3729\" apbct_event_id=\"3729\"\n            \/><input id=\"apbct_event_id_wp_contact_form_7_3729\"\n                class=\"apbct_special_field\" name=\"apbct_event_id\" type=\"hidden\" value=\"3729\" \/><p style=\"display: none !important;\" class=\"akismet-fields-container\" data-prefix=\"_wpcf7_ak_\"><label>&#916;<textarea name=\"_wpcf7_ak_hp_textarea\" cols=\"45\" rows=\"8\" maxlength=\"100\"><\/textarea><\/label><input type=\"hidden\" id=\"ak_js_1\" name=\"_wpcf7_ak_js\" value=\"65\"\/><script>document.getElementById( \"ak_js_1\" ).setAttribute( \"value\", ( new Date() ).getTime() );<\/script><\/p><div class=\"wpcf7-response-output\" aria-hidden=\"true\"><\/div>\n<label class=\"apbct_special_field\" id=\"apbct_label_id53473\" for=\"apbct__email_id__elementor_form_53473\">53473<\/label><input\n            id=\"apbct__email_id__elementor_form_53473\"\n            class=\"apbct_special_field apbct__email_id__elementor_form\"\n            name=\"apbct__email_id__elementor_form_53473\"\n            type=\"text\" size=\"30\" maxlength=\"200\" autocomplete=\"off\"\n            value=\"53473\" apbct_event_id=\"53473\"\n            \/><input id=\"apbct_event_id_elementor_form_53473\"\n                class=\"apbct_special_field\" name=\"apbct_event_id\" type=\"hidden\" value=\"53473\" \/><\/form>\n<\/div>\n<\/div>\n\t\t\t\t\t\t<\/div>\n\t\t\t\t<\/div>\n\t\t\t\t<div class=\"elementor-element elementor-element-b4c3a26 elementor-widget elementor-widget-text-editor\" data-id=\"b4c3a26\" data-element_type=\"widget\" data-widget_type=\"text-editor.default\">\n\t\t\t\t<div class=\"elementor-widget-container\">\n\t\t\t\t\t\t\t\t\t<p><span>Sfatul exper\u021bilor. Rezultate de succes.<\/span><\/p>\n\t\t\t\t\t\t\t\t<\/div>\n\t\t\t\t<\/div>\n\t\t\t\t\t<\/div>\n\t\t<\/div>\n\t\t\t\t\t<\/div>\n\t\t<\/section>\n\t\t\t\t<\/div>\n\t\t","protected":false},"excerpt":{"rendered":"<p>Scrie\u021bi la Edu4u Promitem s\u0103 nu v\u0103 trimitem spam. Comunica\u021bi-ne datele dumneavoastr\u0103 de contact pentru a v\u0103 putea contacta \u00een leg\u0103tur\u0103 cu cererea dumneavoastr\u0103. Face\u021bi primul pas spre viitorul dumneavoastr\u0103 Sfatul exper\u021bilor. Rezultate de succes.<\/p>\n","protected":false},"author":1,"featured_media":4095,"parent":0,"menu_order":0,"comment_status":"closed","ping_status":"closed","template":"page-templates\/template-pagebuilder-full-width.php","meta":{"_acf_changed":false,"footnotes":""},"class_list":["post-4409","page","type-page","status-publish","has-post-thumbnail","hentry"],"acf":[],"yoast_head":"<!-- This site is optimized with the Yoast SEO plugin v24.0 - https:\/\/yoast.com\/wordpress\/plugins\/seo\/ -->\n<title>Aplica\u021bi | Ajutor gratuit | Edu4u<\/title>\n<meta name=\"robots\" content=\"index, follow, max-snippet:-1, max-image-preview:large, max-video-preview:-1\" \/>\n<link rel=\"canonical\" href=\"https:\/\/edu-4u.uk\/ro\/aplicati\/\" \/>\n<meta property=\"og:locale\" content=\"ro_RO\" \/>\n<meta property=\"og:type\" content=\"article\" \/>\n<meta property=\"og:title\" content=\"Aplica\u021bi | Ajutor gratuit | Edu4u\" \/>\n<meta property=\"og:description\" content=\"Scrie\u021bi la Edu4u Promitem s\u0103 nu v\u0103 trimitem spam. Comunica\u021bi-ne datele dumneavoastr\u0103 de contact pentru a v\u0103 putea contacta \u00een leg\u0103tur\u0103 cu cererea dumneavoastr\u0103. Face\u021bi primul pas spre viitorul dumneavoastr\u0103 Sfatul exper\u021bilor. Rezultate de succes.\" \/>\n<meta property=\"og:url\" content=\"https:\/\/edu-4u.uk\/ro\/aplicati\/\" \/>\n<meta property=\"og:site_name\" content=\"Ajutor gratuit | Edu4u\" \/>\n<meta property=\"article:publisher\" content=\"https:\/\/www.facebook.com\/Edu4uStudiaAnglia\/\" \/>\n<meta property=\"article:modified_time\" content=\"2025-06-16T05:34:47+00:00\" \/>\n<meta name=\"twitter:label1\" content=\"Timp estimat pentru citire\" \/>\n\t<meta name=\"twitter:data1\" content=\"1 minut\" \/>\n<script type=\"application\/ld+json\" class=\"yoast-schema-graph\">{\"@context\":\"https:\/\/schema.org\",\"@graph\":[{\"@type\":\"WebPage\",\"@id\":\"https:\/\/edu-4u.uk\/ro\/aplicati\/\",\"url\":\"https:\/\/edu-4u.uk\/ro\/aplicati\/\",\"name\":\"Aplica\u021bi | Ajutor gratuit | Edu4u\",\"isPartOf\":{\"@id\":\"https:\/\/edu-4u.uk\/ro\/#website\"},\"primaryImageOfPage\":{\"@id\":\"https:\/\/edu-4u.uk\/ro\/aplicati\/#primaryimage\"},\"image\":{\"@id\":\"https:\/\/edu-4u.uk\/ro\/aplicati\/#primaryimage\"},\"thumbnailUrl\":\"https:\/\/edu-4u.uk\/wp-content\/uploads\/2023\/06\/Logo-1.svg\",\"datePublished\":\"2018-12-04T19:31:34+00:00\",\"dateModified\":\"2025-06-16T05:34:47+00:00\",\"breadcrumb\":{\"@id\":\"https:\/\/edu-4u.uk\/ro\/aplicati\/#breadcrumb\"},\"inLanguage\":\"ro-RO\",\"potentialAction\":[{\"@type\":\"ReadAction\",\"target\":[\"https:\/\/edu-4u.uk\/ro\/aplicati\/\"]}]},{\"@type\":\"ImageObject\",\"inLanguage\":\"ro-RO\",\"@id\":\"https:\/\/edu-4u.uk\/ro\/aplicati\/#primaryimage\",\"url\":\"https:\/\/edu-4u.uk\/wp-content\/uploads\/2023\/06\/Logo-1.svg\",\"contentUrl\":\"https:\/\/edu-4u.uk\/wp-content\/uploads\/2023\/06\/Logo-1.svg\",\"width\":168,\"height\":43},{\"@type\":\"BreadcrumbList\",\"@id\":\"https:\/\/edu-4u.uk\/ro\/aplicati\/#breadcrumb\",\"itemListElement\":[{\"@type\":\"ListItem\",\"position\":1,\"name\":\"Strona g\u0142\u00f3wna\",\"item\":\"https:\/\/edu-4u.uk\/ro\/\"},{\"@type\":\"ListItem\",\"position\":2,\"name\":\"Aplica\u021bi\"}]},{\"@type\":\"WebSite\",\"@id\":\"https:\/\/edu-4u.uk\/ro\/#website\",\"url\":\"https:\/\/edu-4u.uk\/ro\/\",\"name\":\"Edu4u StudyUK | Free Help\",\"description\":\"\u00cencepe s\u0103 studiezi \u00een Marea Britanie cu Edu4u!\",\"publisher\":{\"@id\":\"https:\/\/edu-4u.uk\/ro\/#organization\"},\"potentialAction\":[{\"@type\":\"SearchAction\",\"target\":{\"@type\":\"EntryPoint\",\"urlTemplate\":\"https:\/\/edu-4u.uk\/ro\/?s={search_term_string}\"},\"query-input\":{\"@type\":\"PropertyValueSpecification\",\"valueRequired\":true,\"valueName\":\"search_term_string\"}}],\"inLanguage\":\"ro-RO\"},{\"@type\":\"Organization\",\"@id\":\"https:\/\/edu-4u.uk\/ro\/#organization\",\"name\":\"Edu4u Study in UK\",\"url\":\"https:\/\/edu-4u.uk\/ro\/\",\"logo\":{\"@type\":\"ImageObject\",\"inLanguage\":\"ro-RO\",\"@id\":\"https:\/\/edu-4u.uk\/ro\/#\/schema\/logo\/image\/\",\"url\":\"https:\/\/edu-4u.uk\/wp-content\/uploads\/2023\/06\/Logo-1.svg\",\"contentUrl\":\"https:\/\/edu-4u.uk\/wp-content\/uploads\/2023\/06\/Logo-1.svg\",\"width\":168,\"height\":43,\"caption\":\"Edu4u Study in UK\"},\"image\":{\"@id\":\"https:\/\/edu-4u.uk\/ro\/#\/schema\/logo\/image\/\"},\"sameAs\":[\"https:\/\/www.facebook.com\/Edu4uStudiaAnglia\/\",\"https:\/\/www.tiktok.com\/@edu4u_settled_status_\",\"https:\/\/www.instagram.com\/edu4u_polska\/?hl=en\",\"https:\/\/www.youtube.com\/@Edu4u_Settled_Status\",\"https:\/\/www.facebook.com\/Edu4uSettledStatus\/\",\"https:\/\/www.instagram.com\/edu4u_settled_status\/\",\"https:\/\/www.tiktok.com\/@edu4u_studyuk\"]}]}<\/script>\n<!-- \/ Yoast SEO plugin. -->","yoast_head_json":{"title":"Aplica\u021bi | Ajutor gratuit | Edu4u","robots":{"index":"index","follow":"follow","max-snippet":"max-snippet:-1","max-image-preview":"max-image-preview:large","max-video-preview":"max-video-preview:-1"},"canonical":"https:\/\/edu-4u.uk\/ro\/aplicati\/","og_locale":"ro_RO","og_type":"article","og_title":"Aplica\u021bi | Ajutor gratuit | Edu4u","og_description":"Scrie\u021bi la Edu4u Promitem s\u0103 nu v\u0103 trimitem spam. Comunica\u021bi-ne datele dumneavoastr\u0103 de contact pentru a v\u0103 putea contacta \u00een leg\u0103tur\u0103 cu cererea dumneavoastr\u0103. Face\u021bi primul pas spre viitorul dumneavoastr\u0103 Sfatul exper\u021bilor. Rezultate de succes.","og_url":"https:\/\/edu-4u.uk\/ro\/aplicati\/","og_site_name":"Ajutor gratuit | Edu4u","article_publisher":"https:\/\/www.facebook.com\/Edu4uStudiaAnglia\/","article_modified_time":"2025-06-16T05:34:47+00:00","twitter_misc":{"Timp estimat pentru citire":"1 minut"},"schema":{"@context":"https:\/\/schema.org","@graph":[{"@type":"WebPage","@id":"https:\/\/edu-4u.uk\/ro\/aplicati\/","url":"https:\/\/edu-4u.uk\/ro\/aplicati\/","name":"Aplica\u021bi | Ajutor gratuit | Edu4u","isPartOf":{"@id":"https:\/\/edu-4u.uk\/ro\/#website"},"primaryImageOfPage":{"@id":"https:\/\/edu-4u.uk\/ro\/aplicati\/#primaryimage"},"image":{"@id":"https:\/\/edu-4u.uk\/ro\/aplicati\/#primaryimage"},"thumbnailUrl":"https:\/\/edu-4u.uk\/wp-content\/uploads\/2023\/06\/Logo-1.svg","datePublished":"2018-12-04T19:31:34+00:00","dateModified":"2025-06-16T05:34:47+00:00","breadcrumb":{"@id":"https:\/\/edu-4u.uk\/ro\/aplicati\/#breadcrumb"},"inLanguage":"ro-RO","potentialAction":[{"@type":"ReadAction","target":["https:\/\/edu-4u.uk\/ro\/aplicati\/"]}]},{"@type":"ImageObject","inLanguage":"ro-RO","@id":"https:\/\/edu-4u.uk\/ro\/aplicati\/#primaryimage","url":"https:\/\/edu-4u.uk\/wp-content\/uploads\/2023\/06\/Logo-1.svg","contentUrl":"https:\/\/edu-4u.uk\/wp-content\/uploads\/2023\/06\/Logo-1.svg","width":168,"height":43},{"@type":"BreadcrumbList","@id":"https:\/\/edu-4u.uk\/ro\/aplicati\/#breadcrumb","itemListElement":[{"@type":"ListItem","position":1,"name":"Strona g\u0142\u00f3wna","item":"https:\/\/edu-4u.uk\/ro\/"},{"@type":"ListItem","position":2,"name":"Aplica\u021bi"}]},{"@type":"WebSite","@id":"https:\/\/edu-4u.uk\/ro\/#website","url":"https:\/\/edu-4u.uk\/ro\/","name":"Edu4u StudyUK | Free Help","description":"\u00cencepe s\u0103 studiezi \u00een Marea Britanie cu Edu4u!","publisher":{"@id":"https:\/\/edu-4u.uk\/ro\/#organization"},"potentialAction":[{"@type":"SearchAction","target":{"@type":"EntryPoint","urlTemplate":"https:\/\/edu-4u.uk\/ro\/?s={search_term_string}"},"query-input":{"@type":"PropertyValueSpecification","valueRequired":true,"valueName":"search_term_string"}}],"inLanguage":"ro-RO"},{"@type":"Organization","@id":"https:\/\/edu-4u.uk\/ro\/#organization","name":"Edu4u Study in UK","url":"https:\/\/edu-4u.uk\/ro\/","logo":{"@type":"ImageObject","inLanguage":"ro-RO","@id":"https:\/\/edu-4u.uk\/ro\/#\/schema\/logo\/image\/","url":"https:\/\/edu-4u.uk\/wp-content\/uploads\/2023\/06\/Logo-1.svg","contentUrl":"https:\/\/edu-4u.uk\/wp-content\/uploads\/2023\/06\/Logo-1.svg","width":168,"height":43,"caption":"Edu4u Study in UK"},"image":{"@id":"https:\/\/edu-4u.uk\/ro\/#\/schema\/logo\/image\/"},"sameAs":["https:\/\/www.facebook.com\/Edu4uStudiaAnglia\/","https:\/\/www.tiktok.com\/@edu4u_settled_status_","https:\/\/www.instagram.com\/edu4u_polska\/?hl=en","https:\/\/www.youtube.com\/@Edu4u_Settled_Status","https:\/\/www.facebook.com\/Edu4uSettledStatus\/","https:\/\/www.instagram.com\/edu4u_settled_status\/","https:\/\/www.tiktok.com\/@edu4u_studyuk"]}]}},"_links":{"self":[{"href":"https:\/\/edu-4u.uk\/ro\/wp-json\/wp\/v2\/pages\/4409","targetHints":{"allow":["GET"]}}],"collection":[{"href":"https:\/\/edu-4u.uk\/ro\/wp-json\/wp\/v2\/pages"}],"about":[{"href":"https:\/\/edu-4u.uk\/ro\/wp-json\/wp\/v2\/types\/page"}],"author":[{"embeddable":true,"href":"https:\/\/edu-4u.uk\/ro\/wp-json\/wp\/v2\/users\/1"}],"replies":[{"embeddable":true,"href":"https:\/\/edu-4u.uk\/ro\/wp-json\/wp\/v2\/comments?post=4409"}],"version-history":[{"count":11,"href":"https:\/\/edu-4u.uk\/ro\/wp-json\/wp\/v2\/pages\/4409\/revisions"}],"predecessor-version":[{"id":25160,"href":"https:\/\/edu-4u.uk\/ro\/wp-json\/wp\/v2\/pages\/4409\/revisions\/25160"}],"wp:featuredmedia":[{"embeddable":true,"href":"https:\/\/edu-4u.uk\/ro\/wp-json\/wp\/v2\/media\/4095"}],"wp:attachment":[{"href":"https:\/\/edu-4u.uk\/ro\/wp-json\/wp\/v2\/media?parent=4409"}],"curies":[{"name":"wp","href":"https:\/\/api.w.org\/{rel}","templated":true}]}}