{"id":13434,"date":"2018-12-04T20:31:34","date_gmt":"2018-12-04T19:31:34","guid":{"rendered":"https:\/\/edu-4u.uk\/aplicar\/"},"modified":"2025-06-16T07:37:04","modified_gmt":"2025-06-16T05:37:04","slug":"aplicar","status":"publish","type":"page","link":"https:\/\/edu-4u.uk\/pt-pt\/aplicar\/","title":{"rendered":"Aplicar"},"content":{"rendered":"\t\t<div data-elementor-type=\"wp-page\" data-elementor-id=\"13434\" class=\"elementor elementor-13434 elementor-303\">\n\t\t\t\t\t\t<section class=\"elementor-section elementor-top-section elementor-element elementor-element-97fefd7 elementor-section-boxed elementor-section-height-default elementor-section-height-default\" data-id=\"97fefd7\" data-element_type=\"section\">\n\t\t\t\t\t\t<div class=\"elementor-container elementor-column-gap-default\">\n\t\t\t\t\t<div class=\"elementor-column elementor-col-100 elementor-top-column elementor-element elementor-element-e535ebc\" data-id=\"e535ebc\" data-element_type=\"column\">\n\t\t\t<div class=\"elementor-widget-wrap elementor-element-populated\">\n\t\t\t\t\t\t<div class=\"elementor-element elementor-element-bddc20c elementor-widget elementor-widget-heading\" data-id=\"bddc20c\" data-element_type=\"widget\" data-widget_type=\"heading.default\">\n\t\t\t\t<div class=\"elementor-widget-container\">\n\t\t\t\t\t<h2 class=\"elementor-heading-title elementor-size-default\">Ligar \u00e0 Edu4u<\/h2>\t\t\t\t<\/div>\n\t\t\t\t<\/div>\n\t\t\t\t<div class=\"elementor-element elementor-element-f6bf6d4 elementor-widget elementor-widget-text-editor\" data-id=\"f6bf6d4\" data-element_type=\"widget\" data-widget_type=\"text-editor.default\">\n\t\t\t\t<div class=\"elementor-widget-container\">\n\t\t\t\t\t\t\t\t\t<div class=\"top\" style=\"font-size: 14px;\">\n<p style=\"margin-bottom: 50px; text-align: center; font-weight: bold;\">Prometemos n\u00e3o enviar spam para si. Partilhe os seus dados de contacto para podermos entrar em contacto consigo sobre a sua candidatura.<\/p>\n<\/div>\n<div class=\"form\" style=\"font-size: 14px;\">\n<p style=\"margin-bottom: 10px; text-align: center; font-weight: bold;\">D\u00ea o primeiro passo em dire\u00e7\u00e3o ao seu futuro<\/p>\n<\/div>\n\t\t\t\t\t\t\t\t<\/div>\n\t\t\t\t<\/div>\n\t\t\t\t<div class=\"elementor-element elementor-element-da002b5 elementor-widget elementor-widget-shortcode\" data-id=\"da002b5\" data-element_type=\"widget\" id=\"formularz_edu4u\" data-widget_type=\"shortcode.default\">\n\t\t\t\t<div class=\"elementor-widget-container\">\n\t\t\t\t\t\t\t<div class=\"elementor-shortcode\">\n<div class=\"wpcf7 no-js\" id=\"wpcf7-f25161-o1\" lang=\"pl-PL\" dir=\"ltr\" data-wpcf7-id=\"25161\">\n<div class=\"screen-reader-response\"><p role=\"status\" aria-live=\"polite\" aria-atomic=\"true\"><\/p> <ul><\/ul><\/div>\n<form action=\"\/pt-pt\/wp-json\/wp\/v2\/pages\/13434#wpcf7-f25161-o1\" method=\"post\" class=\"wpcf7-form init\" aria-label=\"Formularz kontaktowy\" novalidate=\"novalidate\" data-status=\"init\">\n<div style=\"display: none;\">\n<input type=\"hidden\" name=\"_wpcf7\" value=\"25161\" \/>\n<input type=\"hidden\" name=\"_wpcf7_version\" value=\"6.0.1\" \/>\n<input type=\"hidden\" name=\"_wpcf7_locale\" value=\"pl_PL\" \/>\n<input type=\"hidden\" name=\"_wpcf7_unit_tag\" value=\"wpcf7-f25161-o1\" \/>\n<input type=\"hidden\" name=\"_wpcf7_container_post\" value=\"0\" \/>\n<input type=\"hidden\" name=\"_wpcf7_posted_data_hash\" value=\"\" \/>\n<\/div>\n<div class=\"aplikuj-form\">\n\t<p><span class=\"wpcf7-form-control-wrap\" data-name=\"your-name\"><input size=\"40\" maxlength=\"400\" class=\"wpcf7-form-control wpcf7-text wpcf7-validates-as-required\" autocomplete=\"name\" aria-required=\"true\" aria-invalid=\"false\" placeholder=\"Name\" value=\"\" type=\"text\" name=\"your-name\" \/><\/span>\n\t<\/p>\n\t<p><span class=\"wpcf7-form-control-wrap\" data-name=\"your-tel\"><input size=\"40\" maxlength=\"400\" class=\"wpcf7-form-control wpcf7-tel wpcf7-validates-as-required wpcf7-text wpcf7-validates-as-tel\" autocomplete=\"email\" aria-required=\"true\" aria-invalid=\"false\" placeholder=\"Number\" value=\"\" type=\"tel\" name=\"your-tel\" \/><\/span>\n\t<\/p>\n\t<p><span class=\"wpcf7-form-control-wrap\" data-name=\"your-email\"><input size=\"40\" maxlength=\"400\" class=\"wpcf7-form-control wpcf7-email wpcf7-validates-as-required wpcf7-text wpcf7-validates-as-email\" autocomplete=\"email\" aria-required=\"true\" aria-invalid=\"false\" placeholder=\"Email Address\" value=\"\" type=\"email\" name=\"your-email\" \/><\/span>\n\t<\/p>\n\t<p><span class=\"wpcf7-form-control-wrap\" data-name=\"checkbox-259\"><span class=\"wpcf7-form-control wpcf7-checkbox wpcf7-validates-as-required\"><span class=\"wpcf7-list-item first last\"><label><input type=\"checkbox\" name=\"checkbox-259[]\" value=\"Consinto no tratamento dos meus dados pessoais pela Edu4u Ltd para fins informativos e de marketing.\" \/><span class=\"wpcf7-list-item-label\">Consinto no tratamento dos meus dados pessoais pela Edu4u Ltd para fins informativos e de marketing.<\/span><\/label><\/span><\/span><\/span>\n\t<\/p>\n\t<p><span class=\"wpcf7-list-item-label\" style=\"font-weight: bold;\"><br \/>\nAo enviar este formul\u00e1rio, voc\u00ea confirma que tem mais de 16 anos e reconhece o tratamento dos seus dados pessoais para fins de contato, conforme detalhado na nossa Pol\u00edtica de Privacidade.<br \/>\n<\/span><br \/>\n<input class=\"wpcf7-form-control wpcf7-submit has-spinner\" type=\"submit\" value=\"Send\" \/>\n\t<\/p>\n<\/div><input type=\"hidden\" id=\"ct_checkjs_cf7_185c29dc24325934ee377cfda20e414c\" name=\"ct_checkjs_cf7\" value=\"0\" \/><script >setTimeout(function(){var ct_input_name = \"ct_checkjs_cf7_185c29dc24325934ee377cfda20e414c\";if (document.getElementById(ct_input_name) !== null) {var ct_input_value = document.getElementById(ct_input_name).value;document.getElementById(ct_input_name).value = document.getElementById(ct_input_name).value.replace(ct_input_value, '361134310');}}, 1000);<\/script><label class=\"apbct_special_field\" id=\"apbct_label_id91173\" for=\"apbct__email_id__wp_contact_form_7_91173\">91173<\/label><input\n            id=\"apbct__email_id__wp_contact_form_7_91173\"\n            class=\"apbct_special_field apbct__email_id__wp_contact_form_7\"\n            name=\"apbct__email_id__wp_contact_form_7_91173\"\n            type=\"text\" size=\"30\" maxlength=\"200\" autocomplete=\"off\"\n            value=\"91173\" apbct_event_id=\"91173\"\n            \/><input id=\"apbct_event_id_wp_contact_form_7_91173\"\n                class=\"apbct_special_field\" name=\"apbct_event_id\" type=\"hidden\" value=\"91173\" \/><p style=\"display: none !important;\" class=\"akismet-fields-container\" data-prefix=\"_wpcf7_ak_\"><label>&#916;<textarea name=\"_wpcf7_ak_hp_textarea\" cols=\"45\" rows=\"8\" maxlength=\"100\"><\/textarea><\/label><input type=\"hidden\" id=\"ak_js_1\" name=\"_wpcf7_ak_js\" value=\"220\"\/><script>document.getElementById( \"ak_js_1\" ).setAttribute( \"value\", ( new Date() ).getTime() );<\/script><\/p><div class=\"wpcf7-response-output\" aria-hidden=\"true\"><\/div>\n<label class=\"apbct_special_field\" id=\"apbct_label_id95979\" for=\"apbct__email_id__elementor_form_95979\">95979<\/label><input\n            id=\"apbct__email_id__elementor_form_95979\"\n            class=\"apbct_special_field apbct__email_id__elementor_form\"\n            name=\"apbct__email_id__elementor_form_95979\"\n            type=\"text\" size=\"30\" maxlength=\"200\" autocomplete=\"off\"\n            value=\"95979\" apbct_event_id=\"95979\"\n            \/><input id=\"apbct_event_id_elementor_form_95979\"\n                class=\"apbct_special_field\" name=\"apbct_event_id\" type=\"hidden\" value=\"95979\" \/><\/form>\n<\/div>\n<\/div>\n\t\t\t\t\t\t<\/div>\n\t\t\t\t<\/div>\n\t\t\t\t<div class=\"elementor-element elementor-element-b4c3a26 elementor-widget elementor-widget-text-editor\" data-id=\"b4c3a26\" data-element_type=\"widget\" data-widget_type=\"text-editor.default\">\n\t\t\t\t<div class=\"elementor-widget-container\">\n\t\t\t\t\t\t\t\t\t<p><span>Conselhos de especialistas. Resultados bem sucedidos.<\/span><\/p>\n\t\t\t\t\t\t\t\t<\/div>\n\t\t\t\t<\/div>\n\t\t\t\t\t<\/div>\n\t\t<\/div>\n\t\t\t\t\t<\/div>\n\t\t<\/section>\n\t\t\t\t<\/div>\n\t\t","protected":false},"excerpt":{"rendered":"<p>Ligar \u00e0 Edu4u Prometemos n\u00e3o enviar spam para si. Partilhe os seus dados de contacto para podermos entrar em contacto consigo sobre a sua candidatura. D\u00ea o primeiro passo em dire\u00e7\u00e3o ao seu futuro Conselhos de especialistas. Resultados bem sucedidos.<\/p>\n","protected":false},"author":1,"featured_media":13435,"parent":0,"menu_order":0,"comment_status":"closed","ping_status":"closed","template":"page-templates\/template-pagebuilder-full-width.php","meta":{"_acf_changed":false,"footnotes":""},"class_list":["post-13434","page","type-page","status-publish","has-post-thumbnail","hentry"],"acf":[],"yoast_head":"<!-- This site is optimized with the Yoast SEO plugin v24.0 - https:\/\/yoast.com\/wordpress\/plugins\/seo\/ -->\n<title>Aplicar | Bezp\u0142atna pomoc | Edu4u<\/title>\n<meta name=\"robots\" content=\"index, follow, max-snippet:-1, max-image-preview:large, max-video-preview:-1\" \/>\n<link rel=\"canonical\" href=\"https:\/\/edu-4u.uk\/pt-pt\/aplicar\/\" \/>\n<meta property=\"og:locale\" content=\"pt_PT\" \/>\n<meta property=\"og:type\" content=\"article\" \/>\n<meta property=\"og:title\" content=\"Aplicar | Bezp\u0142atna pomoc | Edu4u\" \/>\n<meta property=\"og:description\" content=\"Ligar \u00e0 Edu4u Prometemos n\u00e3o enviar spam para si. Partilhe os seus dados de contacto para podermos entrar em contacto consigo sobre a sua candidatura. D\u00ea o primeiro passo em dire\u00e7\u00e3o ao seu futuro Conselhos de especialistas. Resultados bem sucedidos.\" \/>\n<meta property=\"og:url\" content=\"https:\/\/edu-4u.uk\/pt-pt\/aplicar\/\" \/>\n<meta property=\"og:site_name\" content=\"Bezp\u0142atna pomoc | Edu4u\" \/>\n<meta property=\"article:publisher\" content=\"https:\/\/www.facebook.com\/Edu4uStudiaAnglia\/\" \/>\n<meta property=\"article:modified_time\" content=\"2025-06-16T05:37:04+00:00\" \/>\n<meta name=\"twitter:label1\" content=\"Tempo estimado de leitura\" \/>\n\t<meta name=\"twitter:data1\" content=\"1 minuto\" \/>\n<script type=\"application\/ld+json\" class=\"yoast-schema-graph\">{\"@context\":\"https:\/\/schema.org\",\"@graph\":[{\"@type\":\"WebPage\",\"@id\":\"https:\/\/edu-4u.uk\/pt-pt\/aplicar\/\",\"url\":\"https:\/\/edu-4u.uk\/pt-pt\/aplicar\/\",\"name\":\"Aplicar | Bezp\u0142atna pomoc | Edu4u\",\"isPartOf\":{\"@id\":\"https:\/\/edu-4u.uk\/pt-pt\/#website\"},\"primaryImageOfPage\":{\"@id\":\"https:\/\/edu-4u.uk\/pt-pt\/aplicar\/#primaryimage\"},\"image\":{\"@id\":\"https:\/\/edu-4u.uk\/pt-pt\/aplicar\/#primaryimage\"},\"thumbnailUrl\":\"https:\/\/edu-4u.uk\/wp-content\/uploads\/2023\/06\/Logo-1.svg\",\"datePublished\":\"2018-12-04T19:31:34+00:00\",\"dateModified\":\"2025-06-16T05:37:04+00:00\",\"breadcrumb\":{\"@id\":\"https:\/\/edu-4u.uk\/pt-pt\/aplicar\/#breadcrumb\"},\"inLanguage\":\"pt-PT\",\"potentialAction\":[{\"@type\":\"ReadAction\",\"target\":[\"https:\/\/edu-4u.uk\/pt-pt\/aplicar\/\"]}]},{\"@type\":\"ImageObject\",\"inLanguage\":\"pt-PT\",\"@id\":\"https:\/\/edu-4u.uk\/pt-pt\/aplicar\/#primaryimage\",\"url\":\"https:\/\/edu-4u.uk\/wp-content\/uploads\/2023\/06\/Logo-1.svg\",\"contentUrl\":\"https:\/\/edu-4u.uk\/wp-content\/uploads\/2023\/06\/Logo-1.svg\",\"width\":168,\"height\":43},{\"@type\":\"BreadcrumbList\",\"@id\":\"https:\/\/edu-4u.uk\/pt-pt\/aplicar\/#breadcrumb\",\"itemListElement\":[{\"@type\":\"ListItem\",\"position\":1,\"name\":\"Strona g\u0142\u00f3wna\",\"item\":\"https:\/\/edu-4u.uk\/pt-pt\/\"},{\"@type\":\"ListItem\",\"position\":2,\"name\":\"Aplicar\"}]},{\"@type\":\"WebSite\",\"@id\":\"https:\/\/edu-4u.uk\/pt-pt\/#website\",\"url\":\"https:\/\/edu-4u.uk\/pt-pt\/\",\"name\":\"Edu4u StudyUK | Free Help\",\"description\":\"Zacznij studia w UK z Edu4u!\",\"publisher\":{\"@id\":\"https:\/\/edu-4u.uk\/pt-pt\/#organization\"},\"potentialAction\":[{\"@type\":\"SearchAction\",\"target\":{\"@type\":\"EntryPoint\",\"urlTemplate\":\"https:\/\/edu-4u.uk\/pt-pt\/?s={search_term_string}\"},\"query-input\":{\"@type\":\"PropertyValueSpecification\",\"valueRequired\":true,\"valueName\":\"search_term_string\"}}],\"inLanguage\":\"pt-PT\"},{\"@type\":\"Organization\",\"@id\":\"https:\/\/edu-4u.uk\/pt-pt\/#organization\",\"name\":\"Edu4u Study in UK\",\"url\":\"https:\/\/edu-4u.uk\/pt-pt\/\",\"logo\":{\"@type\":\"ImageObject\",\"inLanguage\":\"pt-PT\",\"@id\":\"https:\/\/edu-4u.uk\/pt-pt\/#\/schema\/logo\/image\/\",\"url\":\"https:\/\/edu-4u.uk\/wp-content\/uploads\/2023\/06\/Logo-1.svg\",\"contentUrl\":\"https:\/\/edu-4u.uk\/wp-content\/uploads\/2023\/06\/Logo-1.svg\",\"width\":168,\"height\":43,\"caption\":\"Edu4u Study in UK\"},\"image\":{\"@id\":\"https:\/\/edu-4u.uk\/pt-pt\/#\/schema\/logo\/image\/\"},\"sameAs\":[\"https:\/\/www.facebook.com\/Edu4uStudiaAnglia\/\",\"https:\/\/www.tiktok.com\/@edu4u_settled_status_\",\"https:\/\/www.instagram.com\/edu4u_polska\/?hl=en\",\"https:\/\/www.youtube.com\/@Edu4u_Settled_Status\",\"https:\/\/www.facebook.com\/Edu4uSettledStatus\/\",\"https:\/\/www.instagram.com\/edu4u_settled_status\/\",\"https:\/\/www.tiktok.com\/@edu4u_studyuk\"]}]}<\/script>\n<!-- \/ Yoast SEO plugin. -->","yoast_head_json":{"title":"Aplicar | Bezp\u0142atna pomoc | Edu4u","robots":{"index":"index","follow":"follow","max-snippet":"max-snippet:-1","max-image-preview":"max-image-preview:large","max-video-preview":"max-video-preview:-1"},"canonical":"https:\/\/edu-4u.uk\/pt-pt\/aplicar\/","og_locale":"pt_PT","og_type":"article","og_title":"Aplicar | Bezp\u0142atna pomoc | Edu4u","og_description":"Ligar \u00e0 Edu4u Prometemos n\u00e3o enviar spam para si. Partilhe os seus dados de contacto para podermos entrar em contacto consigo sobre a sua candidatura. D\u00ea o primeiro passo em dire\u00e7\u00e3o ao seu futuro Conselhos de especialistas. Resultados bem sucedidos.","og_url":"https:\/\/edu-4u.uk\/pt-pt\/aplicar\/","og_site_name":"Bezp\u0142atna pomoc | Edu4u","article_publisher":"https:\/\/www.facebook.com\/Edu4uStudiaAnglia\/","article_modified_time":"2025-06-16T05:37:04+00:00","twitter_misc":{"Tempo estimado de leitura":"1 minuto"},"schema":{"@context":"https:\/\/schema.org","@graph":[{"@type":"WebPage","@id":"https:\/\/edu-4u.uk\/pt-pt\/aplicar\/","url":"https:\/\/edu-4u.uk\/pt-pt\/aplicar\/","name":"Aplicar | Bezp\u0142atna pomoc | Edu4u","isPartOf":{"@id":"https:\/\/edu-4u.uk\/pt-pt\/#website"},"primaryImageOfPage":{"@id":"https:\/\/edu-4u.uk\/pt-pt\/aplicar\/#primaryimage"},"image":{"@id":"https:\/\/edu-4u.uk\/pt-pt\/aplicar\/#primaryimage"},"thumbnailUrl":"https:\/\/edu-4u.uk\/wp-content\/uploads\/2023\/06\/Logo-1.svg","datePublished":"2018-12-04T19:31:34+00:00","dateModified":"2025-06-16T05:37:04+00:00","breadcrumb":{"@id":"https:\/\/edu-4u.uk\/pt-pt\/aplicar\/#breadcrumb"},"inLanguage":"pt-PT","potentialAction":[{"@type":"ReadAction","target":["https:\/\/edu-4u.uk\/pt-pt\/aplicar\/"]}]},{"@type":"ImageObject","inLanguage":"pt-PT","@id":"https:\/\/edu-4u.uk\/pt-pt\/aplicar\/#primaryimage","url":"https:\/\/edu-4u.uk\/wp-content\/uploads\/2023\/06\/Logo-1.svg","contentUrl":"https:\/\/edu-4u.uk\/wp-content\/uploads\/2023\/06\/Logo-1.svg","width":168,"height":43},{"@type":"BreadcrumbList","@id":"https:\/\/edu-4u.uk\/pt-pt\/aplicar\/#breadcrumb","itemListElement":[{"@type":"ListItem","position":1,"name":"Strona g\u0142\u00f3wna","item":"https:\/\/edu-4u.uk\/pt-pt\/"},{"@type":"ListItem","position":2,"name":"Aplicar"}]},{"@type":"WebSite","@id":"https:\/\/edu-4u.uk\/pt-pt\/#website","url":"https:\/\/edu-4u.uk\/pt-pt\/","name":"Edu4u StudyUK | Free Help","description":"Zacznij studia w UK z Edu4u!","publisher":{"@id":"https:\/\/edu-4u.uk\/pt-pt\/#organization"},"potentialAction":[{"@type":"SearchAction","target":{"@type":"EntryPoint","urlTemplate":"https:\/\/edu-4u.uk\/pt-pt\/?s={search_term_string}"},"query-input":{"@type":"PropertyValueSpecification","valueRequired":true,"valueName":"search_term_string"}}],"inLanguage":"pt-PT"},{"@type":"Organization","@id":"https:\/\/edu-4u.uk\/pt-pt\/#organization","name":"Edu4u Study in UK","url":"https:\/\/edu-4u.uk\/pt-pt\/","logo":{"@type":"ImageObject","inLanguage":"pt-PT","@id":"https:\/\/edu-4u.uk\/pt-pt\/#\/schema\/logo\/image\/","url":"https:\/\/edu-4u.uk\/wp-content\/uploads\/2023\/06\/Logo-1.svg","contentUrl":"https:\/\/edu-4u.uk\/wp-content\/uploads\/2023\/06\/Logo-1.svg","width":168,"height":43,"caption":"Edu4u Study in UK"},"image":{"@id":"https:\/\/edu-4u.uk\/pt-pt\/#\/schema\/logo\/image\/"},"sameAs":["https:\/\/www.facebook.com\/Edu4uStudiaAnglia\/","https:\/\/www.tiktok.com\/@edu4u_settled_status_","https:\/\/www.instagram.com\/edu4u_polska\/?hl=en","https:\/\/www.youtube.com\/@Edu4u_Settled_Status","https:\/\/www.facebook.com\/Edu4uSettledStatus\/","https:\/\/www.instagram.com\/edu4u_settled_status\/","https:\/\/www.tiktok.com\/@edu4u_studyuk"]}]}},"_links":{"self":[{"href":"https:\/\/edu-4u.uk\/pt-pt\/wp-json\/wp\/v2\/pages\/13434","targetHints":{"allow":["GET"]}}],"collection":[{"href":"https:\/\/edu-4u.uk\/pt-pt\/wp-json\/wp\/v2\/pages"}],"about":[{"href":"https:\/\/edu-4u.uk\/pt-pt\/wp-json\/wp\/v2\/types\/page"}],"author":[{"embeddable":true,"href":"https:\/\/edu-4u.uk\/pt-pt\/wp-json\/wp\/v2\/users\/1"}],"replies":[{"embeddable":true,"href":"https:\/\/edu-4u.uk\/pt-pt\/wp-json\/wp\/v2\/comments?post=13434"}],"version-history":[{"count":4,"href":"https:\/\/edu-4u.uk\/pt-pt\/wp-json\/wp\/v2\/pages\/13434\/revisions"}],"predecessor-version":[{"id":25165,"href":"https:\/\/edu-4u.uk\/pt-pt\/wp-json\/wp\/v2\/pages\/13434\/revisions\/25165"}],"wp:featuredmedia":[{"embeddable":true,"href":"https:\/\/edu-4u.uk\/pt-pt\/wp-json\/wp\/v2\/media\/13435"}],"wp:attachment":[{"href":"https:\/\/edu-4u.uk\/pt-pt\/wp-json\/wp\/v2\/media?parent=13434"}],"curies":[{"name":"wp","href":"https:\/\/api.w.org\/{rel}","templated":true}]}}