{"id":12935,"date":"2018-12-05T03:43:39","date_gmt":"2018-12-05T02:43:39","guid":{"rendered":"https:\/\/edu-4u.uk\/universidades-em-inglaterra\/"},"modified":"2024-01-26T10:12:36","modified_gmt":"2024-01-26T09:12:36","slug":"universidades-em-inglaterra","status":"publish","type":"page","link":"https:\/\/edu-4u.uk\/pt-pt\/universidades-em-inglaterra\/","title":{"rendered":"Universidades em Inglaterra"},"content":{"rendered":"\t\t<div data-elementor-type=\"wp-post\" data-elementor-id=\"12935\" class=\"elementor elementor-12935 elementor-309\">\n\t\t\t\t\t\t<section class=\"elementor-section elementor-top-section elementor-element elementor-element-073a282 elementor-section-height-min-height elementor-section-boxed elementor-section-height-default elementor-section-items-middle\" data-id=\"073a282\" data-element_type=\"section\" data-settings=\"{&quot;background_background&quot;:&quot;classic&quot;}\">\n\t\t\t\t\t\t<div class=\"elementor-container elementor-column-gap-default\">\n\t\t\t\t\t<div class=\"elementor-column elementor-col-100 elementor-top-column elementor-element elementor-element-16a234a\" data-id=\"16a234a\" data-element_type=\"column\">\n\t\t\t<div class=\"elementor-widget-wrap elementor-element-populated\">\n\t\t\t\t\t\t<div class=\"elementor-element elementor-element-6fce1f4 elementor-widget elementor-widget-heading\" data-id=\"6fce1f4\" data-element_type=\"widget\" data-widget_type=\"heading.default\">\n\t\t\t\t<div class=\"elementor-widget-container\">\n\t\t\t\t\t<h1 class=\"elementor-heading-title elementor-size-default\">Universidades em Inglaterra<\/h1>\t\t\t\t<\/div>\n\t\t\t\t<\/div>\n\t\t\t\t\t<\/div>\n\t\t<\/div>\n\t\t\t\t\t<\/div>\n\t\t<\/section>\n\t\t\t\t<section class=\"elementor-section elementor-top-section elementor-element elementor-element-bf6380d elementor-section-boxed elementor-section-height-default elementor-section-height-default\" data-id=\"bf6380d\" data-element_type=\"section\">\n\t\t\t\t\t\t<div class=\"elementor-container elementor-column-gap-default\">\n\t\t\t\t\t<div class=\"elementor-column elementor-col-100 elementor-top-column elementor-element elementor-element-11a4e5b\" data-id=\"11a4e5b\" data-element_type=\"column\">\n\t\t\t<div class=\"elementor-widget-wrap elementor-element-populated\">\n\t\t\t\t\t\t<div class=\"elementor-element elementor-element-63ff2e5 elementor-widget elementor-widget-shortcode\" data-id=\"63ff2e5\" data-element_type=\"widget\" data-widget_type=\"shortcode.default\">\n\t\t\t\t<div class=\"elementor-widget-container\">\n\t\t\t\t\t\t\t<div class=\"elementor-shortcode\"><div class=\"pt-cv-wrapper\"><div class=\"pt-cv-view pt-cv-grid pt-cv-colsys\" id=\"pt-cv-view-d84cc6alr4\"><div data-id=\"pt-cv-page-1\" class=\"pt-cv-page cv-npf\" data-cvc=\"3\"><div class=\"col-md-4 col-sm-6 col-xs-12 pt-cv-content-item pt-cv-1-col\" ><div class='pt-cv-ifield'><div class=\"pt-cv-no-post\">N\u00e3o foram encontrados artigos.<\/div><\/div><\/div><\/div><\/div><\/div><\/div>\n\t\t\t\t\t\t<\/div>\n\t\t\t\t<\/div>\n\t\t\t\t<div class=\"elementor-element elementor-element-c92293f elementor-widget elementor-widget-text-editor\" data-id=\"c92293f\" data-element_type=\"widget\" data-widget_type=\"text-editor.default\">\n\t\t\t\t<div class=\"elementor-widget-container\">\n\t\t\t\t\t\t\t\t\t<h2 class=\"western\"><span style=\"color: #000000;\"><b>Motor de busca de universidades em Inglaterra<\/b><\/span><\/h2>\n<p>Est\u00e1 a pensar em frequentar um curso superior no estrangeiro? Procura uma experi\u00eancia educativa que combine conhecimentos te\u00f3ricos com aplica\u00e7\u00e3o pr\u00e1tica? Valoriza um elevado n\u00edvel de ensino e aspira a uma carreira de sucesso ap\u00f3s a licenciatura? Se assim for, estudar em Inglaterra deve estar no topo da sua lista.<\/p>\n<p>As universidades inglesas s\u00e3o constantemente reconhecidas como estando entre as melhores do mundo, atraindo estudantes de todos os cantos do globo. Oferecem um ambiente acad\u00e9mico vibrante, professores de renome e uma vasta gama de cursos \u00e0 escolha.<\/p>\n<p><span>Se tem d\u00favidas sobre qual o estabelecimento a escolher, obtenha a nossa ajuda. Funcional, f\u00e1cil de utilizar  <\/span><strong>motor de busca de universidades em Inglaterra<\/strong><span>  ajud\u00e1-lo-\u00e1 a encontrar lojas de renome, recomendadas e famosas no Reino Unido que n\u00e3o pode deixar de visitar. Os n\u00fameros actuais mostram que \u00e9 aqui que se situam mais de 25% das melhores universidades de toda a Europa! Vis\u00edvel em  <\/span><strong>motor de busca de universidades em Inglaterra<\/strong><span> <\/span><span>ajud\u00e1-lo-\u00e1 a escolher um que satisfa\u00e7a as suas necessidades. Encontrar\u00e1 uma vasta base dos mais reputados  <\/span><strong>universidades<\/strong><span>  no Reino Unido, que \u00e9 regularmente atualizado. S\u00f3 aqui est\u00e3o dispon\u00edveis tantas informa\u00e7\u00f5es valiosas sobre o ensino ou o processo de recrutamento.<\/span><\/p>\n<div id=\"gtx-trans\" style=\"position: absolute; left: -22px; top: 22.6172px;\">\n<div class=\"gtx-trans-icon\"><\/div>\n<\/div>\n\t\t\t\t\t\t\t\t<\/div>\n\t\t\t\t<\/div>\n\t\t\t\t<section class=\"elementor-section elementor-inner-section elementor-element elementor-element-bf6b1ff elementor-section-boxed elementor-section-height-default elementor-section-height-default\" data-id=\"bf6b1ff\" data-element_type=\"section\">\n\t\t\t\t\t\t<div class=\"elementor-container elementor-column-gap-default\">\n\t\t\t\t\t<div class=\"elementor-column elementor-col-50 elementor-inner-column elementor-element elementor-element-12bdbff\" data-id=\"12bdbff\" data-element_type=\"column\">\n\t\t\t<div class=\"elementor-widget-wrap elementor-element-populated\">\n\t\t\t\t\t\t<div class=\"elementor-element elementor-element-ac5f7f0 elementor-widget elementor-widget-text-editor\" data-id=\"ac5f7f0\" data-element_type=\"widget\" data-widget_type=\"text-editor.default\">\n\t\t\t\t<div class=\"elementor-widget-container\">\n\t\t\t\t\t\t\t\t\t<h2 class=\"western\"><span style=\"color: #000000;\"><b>Classifica\u00e7\u00e3o das universidades em Inglaterra<\/b><\/span><\/h2>\n<p><span style=\"color: #000000;\"><span>A qualidade do ensino universit\u00e1rio est\u00e1 a aumentar de forma constante. \u00c9 o Reino Unido que est\u00e1 a liderar o caminho neste dom\u00ednio.  <\/span><strong>Classifica\u00e7\u00e3o<\/strong><span>  criado pelo jornal Times Higher Education, com um total de 200 estabelecimentos diferentes de toda a Europa, destaca 46 universidades brit\u00e2nicas, com a Universidade de Oxford em primeiro lugar e a Universidade de Cambrige em segundo. Os lugares altos tamb\u00e9m foram ocupados:<\/span><\/span><\/p>\n<ul>\n<li><span style=\"color: #000000;\">Col\u00e9gio Imperial de Londres<\/span><\/li>\n<li><span style=\"color: #000000;\">University College London<\/span><\/li>\n<li><span style=\"color: #000000;\">Escola de Economia e Ci\u00eancia Pol\u00edtica de Londres<\/span><\/li>\n<li><span style=\"color: #000000;\">Universidade de Edimburgo<\/span><\/li>\n<li><span style=\"color: #000000;\">King&#8217;s College de Londres<\/span><\/li>\n<\/ul>\n<p><span style=\"color: #000000;\"><span>Revista <a href=\"https:\/\/www.timeshighereducation.com\/\"><span style=\"text-decoration: underline;\">O Times Higher Education<\/span><\/a> \u00e9 considerado uma das melhores fontes no que respeita \u00e0 qualidade das universidades brit\u00e2nicas <\/span><strong>universidades brit\u00e2nicas<\/strong><span>. Tamb\u00e9m  <\/span><strong>classifica\u00e7\u00e3o<\/strong><span>  de 2019 realizado pelo <a href=\"https:\/\/www.theguardian.com\/education\/universityguide\"><br \/>\n  <span style=\"text-decoration: underline;\">Guia Universit\u00e1rio do The Guardian<\/span><br \/>\n<\/a> classifica muito bem as institui\u00e7\u00f5es do Reino Unido, referindo que s\u00e3o atualmente reconhecidas como algumas das melhores e mais modernas de todo o mundo. Entre as 25 universidades de renome do Reino Unido, encontra-se a Universidade de Portsmouth, no sul de Inglaterra, que apresenta uma das taxas de emprego mais elevadas para os estudantes apenas seis meses ap\u00f3s a conclus\u00e3o do curso. A organiza\u00e7\u00e3o tamb\u00e9m recebeu uma men\u00e7\u00e3o honrosa em  <\/span><strong>classifica\u00e7\u00e3o<\/strong><span> Quadro de Excel\u00eancia do Ensino.<\/span><\/span><\/p>\n\t\t\t\t\t\t\t\t<\/div>\n\t\t\t\t<\/div>\n\t\t\t\t\t<\/div>\n\t\t<\/div>\n\t\t\t\t<div class=\"elementor-column elementor-col-50 elementor-inner-column elementor-element elementor-element-adb7222\" data-id=\"adb7222\" data-element_type=\"column\">\n\t\t\t<div class=\"elementor-widget-wrap elementor-element-populated\">\n\t\t\t\t\t\t<div class=\"elementor-element elementor-element-cce1be0 elementor-widget elementor-widget-spacer\" data-id=\"cce1be0\" data-element_type=\"widget\" data-widget_type=\"spacer.default\">\n\t\t\t\t<div class=\"elementor-widget-container\">\n\t\t\t\t\t\t\t<div class=\"elementor-spacer\">\n\t\t\t<div class=\"elementor-spacer-inner\"><\/div>\n\t\t<\/div>\n\t\t\t\t\t\t<\/div>\n\t\t\t\t<\/div>\n\t\t\t\t<div class=\"elementor-element elementor-element-b7f3548 elementor-widget elementor-widget-image\" data-id=\"b7f3548\" data-element_type=\"widget\" data-widget_type=\"image.default\">\n\t\t\t\t<div class=\"elementor-widget-container\">\n\t\t\t\t\t\t\t\t\t\t\t\t\t\t\t<img fetchpriority=\"high\" decoding=\"async\" width=\"500\" height=\"511\" src=\"https:\/\/edu-4u.uk\/wp-content\/uploads\/2023\/11\/universities-in-england.jpeg\" class=\"attachment-large size-large wp-image-12195\" alt=\"universities in england\" srcset=\"https:\/\/b3292720.smushcdn.com\/3292720\/wp-content\/uploads\/2023\/11\/universities-in-england.jpeg?lossy=2&amp;strip=1&amp;webp=1 500w, https:\/\/b3292720.smushcdn.com\/3292720\/wp-content\/uploads\/2023\/11\/universities-in-england-294x300.jpeg?lossy=2&amp;strip=1&amp;webp=1 294w\" sizes=\"(max-width: 500px) 100vw, 500px\" \/>\t\t\t\t\t\t\t\t\t\t\t\t\t\t\t<\/div>\n\t\t\t\t<\/div>\n\t\t\t\t\t<\/div>\n\t\t<\/div>\n\t\t\t\t\t<\/div>\n\t\t<\/section>\n\t\t\t\t<div class=\"elementor-element elementor-element-c8ac53d elementor-widget elementor-widget-text-editor\" data-id=\"c8ac53d\" data-element_type=\"widget\" data-widget_type=\"text-editor.default\">\n\t\t\t\t<div class=\"elementor-widget-container\">\n\t\t\t\t\t\t\t\t\t<h1 class=\"western\"><\/h1>\n<p class=\"western\"><span style=\"color: #000000;\"><span>Atual <\/span><strong>classifica\u00e7\u00f5es<\/strong> <span>das universidades do Reino Unido, permitir-lhe-\u00e3o encontrar uma que ofere\u00e7a o mais elevado n\u00edvel de ensino. <strong>Os crit\u00e9rios que a maioria das <\/strong><\/span><strong>universidades, <\/strong><span><strong>s\u00e3o variados, mas entre os mais comuns est\u00e3o:<\/strong> <\/span> <\/span><\/p>\n<ul>\n<li><span style=\"color: #000000;\"><strong>satisfa\u00e7\u00e3o dos estudantes<\/strong> &#8211; um indicador para determinar a satisfa\u00e7\u00e3o dos estudantes e a sua perce\u00e7\u00e3o da vida quotidiana na universidade;<\/span><\/li>\n<li><span style=\"color: #000000;\">as <strong>oportunidades oferecidas pela licenciatura<\/strong> &#8211; dados para ver quais s\u00e3o as perspectivas de carreira 6 meses ap\u00f3s a licenciatura;<\/span><\/li>\n<li><span style=\"color: #000000;\"><strong>Pessoal universit\u00e1rio<\/strong> &#8211; para apresentar as atitudes dos estudantes em rela\u00e7\u00e3o aos acad\u00e9micos e estimar o montante que a universidade investe no pessoal docente;<\/span><\/li>\n<li><span style=\"color: #000000;\"><strong>Notas de entrada<\/strong> &#8211; este indicador d\u00e1 uma indica\u00e7\u00e3o das notas com que os estudantes entraram na universidade. Apesar do facto de ocupar geralmente uma posi\u00e7\u00e3o muito elevada nas classifica\u00e7\u00f5es, este crit\u00e9rio n\u00e3o deve ser inteiramente seguido. Verifica-se muitas vezes que os requisitos de acesso a cada universidade s\u00e3o inferiores \u00e0s notas de acesso obtidas pelos estudantes.<\/span><\/li>\n<\/ul>\n<p><span style=\"color: #000000;\"><strong>Classifica\u00e7\u00e3o das universidades em Inglaterra<\/strong><span> <\/span><span>ir\u00e1 dar-te uma melhor compreens\u00e3o das universidades do Reino Unido e ajudar-te a escolher a melhor. Por conseguinte, convidamo-lo a consultar as informa\u00e7\u00f5es dispon\u00edveis no nosso s\u00edtio Web. Damos prioridade \u00e0 qualidade, pelo que os dados que apresentamos se baseiam em fontes fi\u00e1veis e actualizadas. Al\u00e9m disso, n\u00e3o nos concentramos apenas em informa\u00e7\u00f5es b\u00e1sicas sobre a universidade &#8211; o processo de recrutamento ou a qualidade do ensino &#8211; mas tamb\u00e9m fornecemos outros conte\u00fados valiosos e preciosos para os futuros alunos sobre temas como:<\/span><\/span><\/p>\n<ul>\n<li><span style=\"color: #000000;\"><span>distin\u00e7\u00f5es e realiza\u00e7\u00f5es obtidas pela <\/span><strong>universidade<\/strong><b>;<\/b><\/span><\/li>\n<li><span style=\"color: #000000;\">o custo de alojamento e de vida numa determinada cidade;<\/span><\/li>\n<li><span style=\"color: #000000;\">cursos, faculdades e cursos oferecidos pela universidade;<\/span><\/li>\n<li><span style=\"color: #000000;\">eventos locais;<\/span><\/li>\n<li><span style=\"color: #000000;\">n\u00famero de alunos;<\/span><\/li>\n<li><span style=\"color: #000000;\">oportunidades profissionais.<\/span><\/li>\n<\/ul>\n<p><span style=\"color: #000000;\"><span>Este tipo de informa\u00e7\u00e3o detalhada ajud\u00e1-lo-\u00e1 a ter uma ideia ainda melhor das universidades que est\u00e1 a considerar. <\/span><strong>As classifica\u00e7\u00f5es<\/strong><span> <\/span><span>on the website are constantly being updated, so by using our help, you can be sure that you will always come across true and up-to-date content.<\/span><\/span><\/p>\n<p>Estudar em Inglaterra pode ser uma experi\u00eancia transformadora, oferecendo uma educa\u00e7\u00e3o de classe mundial, exposi\u00e7\u00e3o a diversas culturas e o potencial para lan\u00e7ar uma carreira de sucesso. O nosso motor de pesquisa e os nossos recursos abrangentes foram concebidos para lhe permitir tomar uma decis\u00e3o informada e encontrar uma universidade que corresponda perfeitamente \u00e0s suas aspira\u00e7\u00f5es acad\u00e9micas e objectivos pessoais.<\/p>\n<div id=\"gtx-trans\" style=\"position: absolute; left: 61px; top: 556.234px;\">\n<div class=\"gtx-trans-icon\"><\/div>\n<\/div>\n\t\t\t\t\t\t\t\t<\/div>\n\t\t\t\t<\/div>\n\t\t\t\t<div class=\"elementor-element elementor-element-96c65cd elementor-widget elementor-widget-text-editor\" data-id=\"96c65cd\" data-element_type=\"widget\" data-widget_type=\"text-editor.default\">\n\t\t\t\t<div class=\"elementor-widget-container\">\n\t\t\t\t\t\t\t\t\t<p><strong>N\u00e3o consegue encontrar uma universidade?<\/strong><br \/>Volte sempre, a base de dados est\u00e1 em constante atualiza\u00e7\u00e3o. \ud83d\ude42<\/p>\n\t\t\t\t\t\t\t\t<\/div>\n\t\t\t\t<\/div>\n\t\t\t\t\t<\/div>\n\t\t<\/div>\n\t\t\t\t\t<\/div>\n\t\t<\/section>\n\t\t\t\t<section class=\"elementor-section elementor-top-section elementor-element elementor-element-b00b920 elementor-section-boxed elementor-section-height-default elementor-section-height-default\" data-id=\"b00b920\" data-element_type=\"section\">\n\t\t\t\t\t\t<div class=\"elementor-container elementor-column-gap-default\">\n\t\t\t\t\t<div class=\"elementor-column elementor-col-100 elementor-top-column elementor-element elementor-element-3b30344\" data-id=\"3b30344\" data-element_type=\"column\">\n\t\t\t<div class=\"elementor-widget-wrap\">\n\t\t\t\t\t\t\t<\/div>\n\t\t<\/div>\n\t\t\t\t\t<\/div>\n\t\t<\/section>\n\t\t\t\t<\/div>\n\t\t","protected":false},"excerpt":{"rendered":"<p>Universidades em Inglaterra Motor de busca de universidades em Inglaterra Est\u00e1 a pensar em frequentar um curso superior no estrangeiro? Procura uma experi\u00eancia educativa que combine conhecimentos te\u00f3ricos com aplica\u00e7\u00e3o pr\u00e1tica? Valoriza um elevado n\u00edvel de ensino e aspira a uma carreira de sucesso ap\u00f3s a licenciatura? Se assim for, [&hellip;]<\/p>\n","protected":false},"author":1,"featured_media":12936,"parent":0,"menu_order":0,"comment_status":"closed","ping_status":"closed","template":"page-templates\/template-pagebuilder-full-width.php","meta":{"_acf_changed":false,"footnotes":""},"class_list":["post-12935","page","type-page","status-publish","has-post-thumbnail","hentry"],"acf":[],"yoast_head":"<!-- This site is optimized with the Yoast SEO plugin v24.0 - https:\/\/yoast.com\/wordpress\/plugins\/seo\/ -->\n<title>Motor de busca de universidades em Inglaterra - classifica\u00e7\u00e3o e lista de cursos<\/title>\n<meta name=\"description\" content=\"Um motor de busca funcional para universidades em Inglaterra. Verificar a classifica\u00e7\u00e3o atual das universidades do Reino Unido. Comece os seus estudos de sonho. Clique agora.\" \/>\n<meta name=\"robots\" content=\"index, follow, max-snippet:-1, max-image-preview:large, max-video-preview:-1\" \/>\n<link rel=\"canonical\" href=\"https:\/\/edu-4u.uk\/pt-pt\/universidades-em-inglaterra\/\" \/>\n<meta property=\"og:locale\" content=\"pt_PT\" \/>\n<meta property=\"og:type\" content=\"article\" \/>\n<meta property=\"og:title\" content=\"Motor de busca de universidades em Inglaterra - classifica\u00e7\u00e3o e lista de cursos\" \/>\n<meta property=\"og:description\" content=\"Um motor de busca funcional para universidades em Inglaterra. Verificar a classifica\u00e7\u00e3o atual das universidades do Reino Unido. Comece os seus estudos de sonho. Clique agora.\" \/>\n<meta property=\"og:url\" content=\"https:\/\/edu-4u.uk\/pt-pt\/universidades-em-inglaterra\/\" \/>\n<meta property=\"og:site_name\" content=\"Bezp\u0142atna pomoc | Edu4u\" \/>\n<meta property=\"article:publisher\" content=\"https:\/\/www.facebook.com\/Edu4uStudiaAnglia\/\" \/>\n<meta property=\"article:modified_time\" content=\"2024-01-26T09:12:36+00:00\" \/>\n<meta property=\"og:image\" content=\"https:\/\/edu-4u.uk\/wp-content\/uploads\/2018\/12\/edu4u-studia-w-anglii-uniwersytety.jpeg\" \/>\n\t<meta property=\"og:image:width\" content=\"1516\" \/>\n\t<meta property=\"og:image:height\" content=\"1080\" \/>\n\t<meta property=\"og:image:type\" content=\"image\/jpeg\" \/>\n<meta name=\"twitter:label1\" content=\"Tempo estimado de leitura\" \/>\n\t<meta name=\"twitter:data1\" content=\"4 minutos\" \/>\n<script type=\"application\/ld+json\" class=\"yoast-schema-graph\">{\"@context\":\"https:\/\/schema.org\",\"@graph\":[{\"@type\":\"WebPage\",\"@id\":\"https:\/\/edu-4u.uk\/pt-pt\/universidades-em-inglaterra\/\",\"url\":\"https:\/\/edu-4u.uk\/pt-pt\/universidades-em-inglaterra\/\",\"name\":\"Motor de busca de universidades em Inglaterra - classifica\u00e7\u00e3o e lista de cursos\",\"isPartOf\":{\"@id\":\"https:\/\/edu-4u.uk\/pt-pt\/#website\"},\"primaryImageOfPage\":{\"@id\":\"https:\/\/edu-4u.uk\/pt-pt\/universidades-em-inglaterra\/#primaryimage\"},\"image\":{\"@id\":\"https:\/\/edu-4u.uk\/pt-pt\/universidades-em-inglaterra\/#primaryimage\"},\"thumbnailUrl\":\"https:\/\/edu-4u.uk\/wp-content\/uploads\/2018\/12\/edu4u-studia-w-anglii-uniwersytety.jpeg\",\"datePublished\":\"2018-12-05T02:43:39+00:00\",\"dateModified\":\"2024-01-26T09:12:36+00:00\",\"description\":\"Um motor de busca funcional para universidades em Inglaterra. Verificar a classifica\u00e7\u00e3o atual das universidades do Reino Unido. Comece os seus estudos de sonho. Clique agora.\",\"breadcrumb\":{\"@id\":\"https:\/\/edu-4u.uk\/pt-pt\/universidades-em-inglaterra\/#breadcrumb\"},\"inLanguage\":\"pt-PT\",\"potentialAction\":[{\"@type\":\"ReadAction\",\"target\":[\"https:\/\/edu-4u.uk\/pt-pt\/universidades-em-inglaterra\/\"]}]},{\"@type\":\"ImageObject\",\"inLanguage\":\"pt-PT\",\"@id\":\"https:\/\/edu-4u.uk\/pt-pt\/universidades-em-inglaterra\/#primaryimage\",\"url\":\"https:\/\/edu-4u.uk\/wp-content\/uploads\/2018\/12\/edu4u-studia-w-anglii-uniwersytety.jpeg\",\"contentUrl\":\"https:\/\/edu-4u.uk\/wp-content\/uploads\/2018\/12\/edu4u-studia-w-anglii-uniwersytety.jpeg\",\"width\":1516,\"height\":1080},{\"@type\":\"BreadcrumbList\",\"@id\":\"https:\/\/edu-4u.uk\/pt-pt\/universidades-em-inglaterra\/#breadcrumb\",\"itemListElement\":[{\"@type\":\"ListItem\",\"position\":1,\"name\":\"Strona g\u0142\u00f3wna\",\"item\":\"https:\/\/edu-4u.uk\/pt-pt\/\"},{\"@type\":\"ListItem\",\"position\":2,\"name\":\"Universidades em Inglaterra\"}]},{\"@type\":\"WebSite\",\"@id\":\"https:\/\/edu-4u.uk\/pt-pt\/#website\",\"url\":\"https:\/\/edu-4u.uk\/pt-pt\/\",\"name\":\"Edu4u StudyUK | Free Help\",\"description\":\"Zacznij studia w UK z Edu4u!\",\"publisher\":{\"@id\":\"https:\/\/edu-4u.uk\/pt-pt\/#organization\"},\"potentialAction\":[{\"@type\":\"SearchAction\",\"target\":{\"@type\":\"EntryPoint\",\"urlTemplate\":\"https:\/\/edu-4u.uk\/pt-pt\/?s={search_term_string}\"},\"query-input\":{\"@type\":\"PropertyValueSpecification\",\"valueRequired\":true,\"valueName\":\"search_term_string\"}}],\"inLanguage\":\"pt-PT\"},{\"@type\":\"Organization\",\"@id\":\"https:\/\/edu-4u.uk\/pt-pt\/#organization\",\"name\":\"Edu4u Study in UK\",\"url\":\"https:\/\/edu-4u.uk\/pt-pt\/\",\"logo\":{\"@type\":\"ImageObject\",\"inLanguage\":\"pt-PT\",\"@id\":\"https:\/\/edu-4u.uk\/pt-pt\/#\/schema\/logo\/image\/\",\"url\":\"https:\/\/edu-4u.uk\/wp-content\/uploads\/2023\/06\/Logo-1.svg\",\"contentUrl\":\"https:\/\/edu-4u.uk\/wp-content\/uploads\/2023\/06\/Logo-1.svg\",\"width\":168,\"height\":43,\"caption\":\"Edu4u Study in UK\"},\"image\":{\"@id\":\"https:\/\/edu-4u.uk\/pt-pt\/#\/schema\/logo\/image\/\"},\"sameAs\":[\"https:\/\/www.facebook.com\/Edu4uStudiaAnglia\/\",\"https:\/\/www.tiktok.com\/@edu4u_settled_status_\",\"https:\/\/www.instagram.com\/edu4u_polska\/?hl=en\",\"https:\/\/www.youtube.com\/@Edu4u_Settled_Status\",\"https:\/\/www.facebook.com\/Edu4uSettledStatus\/\",\"https:\/\/www.instagram.com\/edu4u_settled_status\/\",\"https:\/\/www.tiktok.com\/@edu4u_studyuk\"]}]}<\/script>\n<!-- \/ Yoast SEO plugin. -->","yoast_head_json":{"title":"Motor de busca de universidades em Inglaterra - classifica\u00e7\u00e3o e lista de cursos","description":"Um motor de busca funcional para universidades em Inglaterra. Verificar a classifica\u00e7\u00e3o atual das universidades do Reino Unido. Comece os seus estudos de sonho. Clique agora.","robots":{"index":"index","follow":"follow","max-snippet":"max-snippet:-1","max-image-preview":"max-image-preview:large","max-video-preview":"max-video-preview:-1"},"canonical":"https:\/\/edu-4u.uk\/pt-pt\/universidades-em-inglaterra\/","og_locale":"pt_PT","og_type":"article","og_title":"Motor de busca de universidades em Inglaterra - classifica\u00e7\u00e3o e lista de cursos","og_description":"Um motor de busca funcional para universidades em Inglaterra. Verificar a classifica\u00e7\u00e3o atual das universidades do Reino Unido. Comece os seus estudos de sonho. Clique agora.","og_url":"https:\/\/edu-4u.uk\/pt-pt\/universidades-em-inglaterra\/","og_site_name":"Bezp\u0142atna pomoc | Edu4u","article_publisher":"https:\/\/www.facebook.com\/Edu4uStudiaAnglia\/","article_modified_time":"2024-01-26T09:12:36+00:00","og_image":[{"width":1516,"height":1080,"url":"https:\/\/edu-4u.uk\/wp-content\/uploads\/2018\/12\/edu4u-studia-w-anglii-uniwersytety.jpeg","type":"image\/jpeg"}],"twitter_misc":{"Tempo estimado de leitura":"4 minutos"},"schema":{"@context":"https:\/\/schema.org","@graph":[{"@type":"WebPage","@id":"https:\/\/edu-4u.uk\/pt-pt\/universidades-em-inglaterra\/","url":"https:\/\/edu-4u.uk\/pt-pt\/universidades-em-inglaterra\/","name":"Motor de busca de universidades em Inglaterra - classifica\u00e7\u00e3o e lista de cursos","isPartOf":{"@id":"https:\/\/edu-4u.uk\/pt-pt\/#website"},"primaryImageOfPage":{"@id":"https:\/\/edu-4u.uk\/pt-pt\/universidades-em-inglaterra\/#primaryimage"},"image":{"@id":"https:\/\/edu-4u.uk\/pt-pt\/universidades-em-inglaterra\/#primaryimage"},"thumbnailUrl":"https:\/\/edu-4u.uk\/wp-content\/uploads\/2018\/12\/edu4u-studia-w-anglii-uniwersytety.jpeg","datePublished":"2018-12-05T02:43:39+00:00","dateModified":"2024-01-26T09:12:36+00:00","description":"Um motor de busca funcional para universidades em Inglaterra. Verificar a classifica\u00e7\u00e3o atual das universidades do Reino Unido. Comece os seus estudos de sonho. Clique agora.","breadcrumb":{"@id":"https:\/\/edu-4u.uk\/pt-pt\/universidades-em-inglaterra\/#breadcrumb"},"inLanguage":"pt-PT","potentialAction":[{"@type":"ReadAction","target":["https:\/\/edu-4u.uk\/pt-pt\/universidades-em-inglaterra\/"]}]},{"@type":"ImageObject","inLanguage":"pt-PT","@id":"https:\/\/edu-4u.uk\/pt-pt\/universidades-em-inglaterra\/#primaryimage","url":"https:\/\/edu-4u.uk\/wp-content\/uploads\/2018\/12\/edu4u-studia-w-anglii-uniwersytety.jpeg","contentUrl":"https:\/\/edu-4u.uk\/wp-content\/uploads\/2018\/12\/edu4u-studia-w-anglii-uniwersytety.jpeg","width":1516,"height":1080},{"@type":"BreadcrumbList","@id":"https:\/\/edu-4u.uk\/pt-pt\/universidades-em-inglaterra\/#breadcrumb","itemListElement":[{"@type":"ListItem","position":1,"name":"Strona g\u0142\u00f3wna","item":"https:\/\/edu-4u.uk\/pt-pt\/"},{"@type":"ListItem","position":2,"name":"Universidades em Inglaterra"}]},{"@type":"WebSite","@id":"https:\/\/edu-4u.uk\/pt-pt\/#website","url":"https:\/\/edu-4u.uk\/pt-pt\/","name":"Edu4u StudyUK | Free Help","description":"Zacznij studia w UK z Edu4u!","publisher":{"@id":"https:\/\/edu-4u.uk\/pt-pt\/#organization"},"potentialAction":[{"@type":"SearchAction","target":{"@type":"EntryPoint","urlTemplate":"https:\/\/edu-4u.uk\/pt-pt\/?s={search_term_string}"},"query-input":{"@type":"PropertyValueSpecification","valueRequired":true,"valueName":"search_term_string"}}],"inLanguage":"pt-PT"},{"@type":"Organization","@id":"https:\/\/edu-4u.uk\/pt-pt\/#organization","name":"Edu4u Study in UK","url":"https:\/\/edu-4u.uk\/pt-pt\/","logo":{"@type":"ImageObject","inLanguage":"pt-PT","@id":"https:\/\/edu-4u.uk\/pt-pt\/#\/schema\/logo\/image\/","url":"https:\/\/edu-4u.uk\/wp-content\/uploads\/2023\/06\/Logo-1.svg","contentUrl":"https:\/\/edu-4u.uk\/wp-content\/uploads\/2023\/06\/Logo-1.svg","width":168,"height":43,"caption":"Edu4u Study in UK"},"image":{"@id":"https:\/\/edu-4u.uk\/pt-pt\/#\/schema\/logo\/image\/"},"sameAs":["https:\/\/www.facebook.com\/Edu4uStudiaAnglia\/","https:\/\/www.tiktok.com\/@edu4u_settled_status_","https:\/\/www.instagram.com\/edu4u_polska\/?hl=en","https:\/\/www.youtube.com\/@Edu4u_Settled_Status","https:\/\/www.facebook.com\/Edu4uSettledStatus\/","https:\/\/www.instagram.com\/edu4u_settled_status\/","https:\/\/www.tiktok.com\/@edu4u_studyuk"]}]}},"_links":{"self":[{"href":"https:\/\/edu-4u.uk\/pt-pt\/wp-json\/wp\/v2\/pages\/12935","targetHints":{"allow":["GET"]}}],"collection":[{"href":"https:\/\/edu-4u.uk\/pt-pt\/wp-json\/wp\/v2\/pages"}],"about":[{"href":"https:\/\/edu-4u.uk\/pt-pt\/wp-json\/wp\/v2\/types\/page"}],"author":[{"embeddable":true,"href":"https:\/\/edu-4u.uk\/pt-pt\/wp-json\/wp\/v2\/users\/1"}],"replies":[{"embeddable":true,"href":"https:\/\/edu-4u.uk\/pt-pt\/wp-json\/wp\/v2\/comments?post=12935"}],"version-history":[{"count":2,"href":"https:\/\/edu-4u.uk\/pt-pt\/wp-json\/wp\/v2\/pages\/12935\/revisions"}],"predecessor-version":[{"id":12951,"href":"https:\/\/edu-4u.uk\/pt-pt\/wp-json\/wp\/v2\/pages\/12935\/revisions\/12951"}],"wp:featuredmedia":[{"embeddable":true,"href":"https:\/\/edu-4u.uk\/pt-pt\/wp-json\/wp\/v2\/media\/12936"}],"wp:attachment":[{"href":"https:\/\/edu-4u.uk\/pt-pt\/wp-json\/wp\/v2\/media?parent=12935"}],"curies":[{"name":"wp","href":"https:\/\/api.w.org\/{rel}","templated":true}]}}