{"id":76,"date":"2018-10-30T23:28:53","date_gmt":"2018-10-30T23:28:53","guid":{"rendered":"https:\/\/edu-4u.uk\/?page_id=76"},"modified":"2024-01-29T17:39:25","modified_gmt":"2024-01-29T16:39:25","slug":"o-nas","status":"publish","type":"page","link":"https:\/\/edu-4u.uk\/pl\/o-nas\/","title":{"rendered":"O nas"},"content":{"rendered":"\t\t<div data-elementor-type=\"wp-post\" data-elementor-id=\"76\" class=\"elementor elementor-76\">\n\t\t\t\t\t\t<section class=\"elementor-section elementor-top-section elementor-element elementor-element-59363ac4 elementor-section-boxed elementor-section-height-default elementor-section-height-default\" data-id=\"59363ac4\" data-element_type=\"section\">\n\t\t\t\t\t\t<div class=\"elementor-container elementor-column-gap-default\">\n\t\t\t\t\t<div class=\"elementor-column elementor-col-100 elementor-top-column elementor-element elementor-element-65b19dfd\" data-id=\"65b19dfd\" data-element_type=\"column\">\n\t\t\t<div class=\"elementor-widget-wrap elementor-element-populated\">\n\t\t\t\t\t\t<div class=\"elementor-element elementor-element-57c906ff elementor-widget elementor-widget-image\" data-id=\"57c906ff\" data-element_type=\"widget\" data-widget_type=\"image.default\">\n\t\t\t\t<div class=\"elementor-widget-container\">\n\t\t\t\t\t\t\t\t\t\t\t\t\t\t\t<img fetchpriority=\"high\" decoding=\"async\" width=\"1925\" height=\"788\" src=\"https:\/\/edu-4u.uk\/wp-content\/uploads\/2023\/11\/O-nas-edu4u.png\" class=\"attachment-full size-full wp-image-11827\" alt=\"O nas edu4u\" srcset=\"https:\/\/b3292720.smushcdn.com\/3292720\/wp-content\/uploads\/2023\/11\/O-nas-edu4u.png?lossy=2&amp;strip=1&amp;webp=1 1925w, https:\/\/b3292720.smushcdn.com\/3292720\/wp-content\/uploads\/2023\/11\/O-nas-edu4u-300x123.png?lossy=2&amp;strip=1&amp;webp=1 300w, https:\/\/b3292720.smushcdn.com\/3292720\/wp-content\/uploads\/2023\/11\/O-nas-edu4u-1024x419.png?lossy=2&amp;strip=1&amp;webp=1 1024w, https:\/\/b3292720.smushcdn.com\/3292720\/wp-content\/uploads\/2023\/11\/O-nas-edu4u-768x314.png?lossy=2&amp;strip=1&amp;webp=1 768w, https:\/\/b3292720.smushcdn.com\/3292720\/wp-content\/uploads\/2023\/11\/O-nas-edu4u-1536x629.png?lossy=2&amp;strip=1&amp;webp=1 1536w, https:\/\/b3292720.smushcdn.com\/3292720\/wp-content\/uploads\/2023\/11\/O-nas-edu4u.png?lossy=2&amp;strip=1&amp;webp=1 1100w\" sizes=\"(max-width: 1925px) 100vw, 1925px\" \/>\t\t\t\t\t\t\t\t\t\t\t\t\t\t\t<\/div>\n\t\t\t\t<\/div>\n\t\t\t\t\t<\/div>\n\t\t<\/div>\n\t\t\t\t\t<\/div>\n\t\t<\/section>\n\t\t\t\t<section class=\"elementor-section elementor-top-section elementor-element elementor-element-33009439 elementor-reverse-mobile elementor-section-boxed elementor-section-height-default elementor-section-height-default\" data-id=\"33009439\" data-element_type=\"section\">\n\t\t\t\t\t\t<div class=\"elementor-container elementor-column-gap-default\">\n\t\t\t\t\t<div class=\"elementor-column elementor-col-100 elementor-top-column elementor-element elementor-element-68e1625d\" data-id=\"68e1625d\" data-element_type=\"column\">\n\t\t\t<div class=\"elementor-widget-wrap elementor-element-populated\">\n\t\t\t\t\t\t<div class=\"elementor-element elementor-element-45154f6f elementor-widget elementor-widget-heading\" data-id=\"45154f6f\" data-element_type=\"widget\" data-widget_type=\"heading.default\">\n\t\t\t\t<div class=\"elementor-widget-container\">\n\t\t\t\t\t<h1 class=\"elementor-heading-title elementor-size-default\">O nas<\/h1>\t\t\t\t<\/div>\n\t\t\t\t<\/div>\n\t\t\t\t<div class=\"elementor-element elementor-element-7cead1a2 elementor-widget elementor-widget-text-editor\" data-id=\"7cead1a2\" data-element_type=\"widget\" data-widget_type=\"text-editor.default\">\n\t\t\t\t<div class=\"elementor-widget-container\">\n\t\t\t\t\t\t\t\t\t<p><em><b>EDU4U<\/b><span>\u00a0<\/span>To team doradc\u00f3w, konsultant\u00f3w i ambasador\u00f3w edukacyjnych, dzia\u0142aj\u0105cy w Wielkiej Brytanii i w Polsce. Zorganizowali\u015bmy si\u0119 po to, \u017ceby s\u0142u\u017cy\u0107 pomoc\u0105 m\u0142odym, ambitnym ludziom, kt\u00f3rzy pragn\u0105 si\u0119ga\u0107 wysoko i zdobywa\u0107 wy\u017csze wykszta\u0142cenie w Wielkiej Brytanii.<\/em><\/p><p class=\"font_8\"><\/p><p class=\"font_8\"><\/p><ul><\/ul><p class=\"font_8\"><\/p>\t\t\t\t\t\t\t\t<\/div>\n\t\t\t\t<\/div>\n\t\t\t\t<div class=\"elementor-element elementor-element-cfd60df elementor-widget elementor-widget-text-editor\" data-id=\"cfd60df\" data-element_type=\"widget\" data-widget_type=\"text-editor.default\">\n\t\t\t\t<div class=\"elementor-widget-container\">\n\t\t\t\t\t\t\t\t\t<p class=\"font_8\" style=\"font-size: 18px;\"><strong>Nasza Misja<\/strong><\/p><p class=\"font_8\" style=\"font-size: 18px;\">Chcemy mie\u0107 pozytywny wp\u0142yw na wykszta\u0142cenie m\u0142odzie\u017cy.<\/p><p class=\"font_8\" style=\"font-size: 18px;\">Ambicj\u0105\u00a0edu4u\u00a0jest by\u0107 organizacj\u0105, kt\u00f3ra celnie odczytuje i przewiduje potrzeby wy\u017cszej \u00a0edukacji i potrafi na nie odpowiedzie\u0107.<\/p>\t\t\t\t\t\t\t\t<\/div>\n\t\t\t\t<\/div>\n\t\t\t\t<div class=\"elementor-element elementor-element-aceb381 elementor-widget elementor-widget-text-editor\" data-id=\"aceb381\" data-element_type=\"widget\" data-widget_type=\"text-editor.default\">\n\t\t\t\t<div class=\"elementor-widget-container\">\n\t\t\t\t\t\t\t\t\t<p class=\"font_8\" style=\"font-size: 18px;\"><strong>Nasze Warto\u015bci<\/strong><\/p><p class=\"font_8\" style=\"font-size: 18px;\">Edu4u\u00a0to przede wszystkim ludzie, kt\u00f3rych \u0142\u0105czy wsp\u00f3\u0142praca zorientowana na zrozumienie i celne odpowiadanie na potrzeby edukacyjne m\u0142odych ludzi oraz odpowiedzialno\u015b\u0107 za ich zadowolenie. Wsp\u00f3lne warto\u015bci stanowi\u0105 podstaw\u0119 rozwoju organizacji oraz budowania zaufania w relacjach z nimi.<\/p><ul><li class=\"font_8\">Jako\u015b\u0107 i innowacyjno\u015b\u0107<\/li><li class=\"font_8\">Otwarcie i szacunek<\/li><li class=\"font_8\">Etyka i odpowiedzialno\u015b\u0107 w dzia\u0142aniu<\/li><li class=\"font_8\">Wsp\u00f3\u0142praca i rozw\u00f3j<\/li><\/ul>\t\t\t\t\t\t\t\t<\/div>\n\t\t\t\t<\/div>\n\t\t\t\t<div class=\"elementor-element elementor-element-e74d521 elementor-widget elementor-widget-text-editor\" data-id=\"e74d521\" data-element_type=\"widget\" data-widget_type=\"text-editor.default\">\n\t\t\t\t<div class=\"elementor-widget-container\">\n\t\t\t\t\t\t\t\t\t<p style=\"font-size: 18px;\"><strong>Nasze zadania<\/strong><\/p><ul><li>Bezp\u0142atna pomoc w dostaniu si\u0119 na dowolne studia w UK<\/li><li>Profesjonalne doradztwo w wyborze kierunku i uczelni<\/li><li>Kompleksowa, fachowa pomoc w procesie aplikacji<\/li><li>Wsparcie podczas studi\u00f3w<\/li><\/ul><p style=\"font-size: 18px;\">Pomagamy dziel\u0105c si\u0119 naszym \u00a0do\u015bwiadczeniem, wiedz\u0105 oraz umiej\u0119tno\u015bciami.\u00a0<i>Tw\u00f3j cel jest naszym celem<\/i>.\u00a0Doradcy i konsultanci\u00a0edu4u, oferuj\u0105 swoj\u0105 pomoc ka\u017cdemu indywidualnie.\u00a0Naszemu zespo\u0142owi zale\u017cy na tym, \u017ceby zmaksymalizowa\u0107 Twoje szanse na dostanie si\u0119 na wymarzone uczelnie. Dlatego doradzimy Ci jak napisa\u0107 Personal Statement, sprawdzimy referencje od nauczyciela oraz aplikacj\u0119 w UCAS, pomo\u017cemy w pozyskaniu kredytu na czesne. Zakres naszej pomocy jest nieograniczony, zawsze b\u0119dziemy do Twojej dyspozycji, je\u017celi b\u0119dziesz tego potrzebowa\u0142.<\/p><p style=\"font-size: 18px;\">W razie jakichkolwiek pyta\u0144, zawsze mo\u017cesz si\u0119 do nas zwr\u00f3ci\u0107.\u00a0Udzielamy obiektywnych i rzetelnych informacji.<\/p><ul><\/ul>\t\t\t\t\t\t\t\t<\/div>\n\t\t\t\t<\/div>\n\t\t\t\t\t<\/div>\n\t\t<\/div>\n\t\t\t\t\t<\/div>\n\t\t<\/section>\n\t\t\t\t<section class=\"elementor-section elementor-top-section elementor-element elementor-element-20adc4c7 elementor-section-boxed elementor-section-height-default elementor-section-height-default\" data-id=\"20adc4c7\" data-element_type=\"section\">\n\t\t\t\t\t\t<div class=\"elementor-container elementor-column-gap-default\">\n\t\t\t\t\t<div class=\"elementor-column elementor-col-100 elementor-top-column elementor-element elementor-element-529d090c\" data-id=\"529d090c\" data-element_type=\"column\">\n\t\t\t<div class=\"elementor-widget-wrap elementor-element-populated\">\n\t\t\t\t\t\t<div class=\"elementor-element elementor-element-67428cf9 elementor-widget-divider--view-line elementor-widget elementor-widget-divider\" data-id=\"67428cf9\" data-element_type=\"widget\" data-widget_type=\"divider.default\">\n\t\t\t\t<div class=\"elementor-widget-container\">\n\t\t\t\t\t\t\t<div class=\"elementor-divider\">\n\t\t\t<span class=\"elementor-divider-separator\">\n\t\t\t\t\t\t<\/span>\n\t\t<\/div>\n\t\t\t\t\t\t<\/div>\n\t\t\t\t<\/div>\n\t\t\t\t<div class=\"elementor-element elementor-element-39a2bf0e elementor-widget elementor-widget-heading\" data-id=\"39a2bf0e\" data-element_type=\"widget\" data-widget_type=\"heading.default\">\n\t\t\t\t<div class=\"elementor-widget-container\">\n\t\t\t\t\t<h4 class=\"elementor-heading-title elementor-size-default\">Zobacz ranking i statystyki jednego z kilkuset uniwersytet\u00f3w w Anglii<\/h4>\t\t\t\t<\/div>\n\t\t\t\t<\/div>\n\t\t\t\t\t<\/div>\n\t\t<\/div>\n\t\t\t\t\t<\/div>\n\t\t<\/section>\n\t\t\t\t<section class=\"elementor-section elementor-top-section elementor-element elementor-element-49935c7 elementor-section-boxed elementor-section-height-default elementor-section-height-default\" data-id=\"49935c7\" data-element_type=\"section\">\n\t\t\t\t\t\t<div class=\"elementor-container elementor-column-gap-default\">\n\t\t\t\t\t<div class=\"elementor-column elementor-col-100 elementor-top-column elementor-element elementor-element-514be86d\" data-id=\"514be86d\" data-element_type=\"column\">\n\t\t\t<div class=\"elementor-widget-wrap elementor-element-populated\">\n\t\t\t\t\t\t<div class=\"elementor-element elementor-element-6e27f8ad elementor-align-center elementor-mobile-align-center elementor-widget elementor-widget-button\" data-id=\"6e27f8ad\" data-element_type=\"widget\" data-widget_type=\"button.default\">\n\t\t\t\t<div class=\"elementor-widget-container\">\n\t\t\t\t\t\t\t\t\t<div class=\"elementor-button-wrapper\">\n\t\t\t\t\t<a class=\"elementor-button elementor-button-link elementor-size-lg\" href=\"https:\/\/edu-4u.uk\/uniwersytety-w-anglii\/\">\n\t\t\t\t\t\t<span class=\"elementor-button-content-wrapper\">\n\t\t\t\t\t\t<span class=\"elementor-button-icon\">\n\t\t\t\t\t\t\t\t\t<i class=\"fa fa-university\" aria-hidden=\"true\"><\/i>\n\t\t\t\t\t\t\t<\/span>\n\t\t\t\t\t\t\t\t\t<span class=\"elementor-button-text\">Ranking Uniwersytet\u00f3w<\/span>\n\t\t\t\t\t<\/span>\n\t\t\t\t\t<\/a>\n\t\t\t\t<\/div>\n\t\t\t\t\t\t\t\t<\/div>\n\t\t\t\t<\/div>\n\t\t\t\t<div class=\"elementor-element elementor-element-328b3577 elementor-widget-divider--view-line elementor-widget elementor-widget-divider\" data-id=\"328b3577\" data-element_type=\"widget\" data-widget_type=\"divider.default\">\n\t\t\t\t<div class=\"elementor-widget-container\">\n\t\t\t\t\t\t\t<div class=\"elementor-divider\">\n\t\t\t<span class=\"elementor-divider-separator\">\n\t\t\t\t\t\t<\/span>\n\t\t<\/div>\n\t\t\t\t\t\t<\/div>\n\t\t\t\t<\/div>\n\t\t\t\t\t<\/div>\n\t\t<\/div>\n\t\t\t\t\t<\/div>\n\t\t<\/section>\n\t\t\t\t<\/div>\n\t\t","protected":false},"excerpt":{"rendered":"<p>O nas EDU4U\u00a0To team doradc\u00f3w, konsultant\u00f3w i ambasador\u00f3w edukacyjnych, dzia\u0142aj\u0105cy w Wielkiej Brytanii i w Polsce. Zorganizowali\u015bmy si\u0119 po to, \u017ceby s\u0142u\u017cy\u0107 pomoc\u0105 m\u0142odym, ambitnym ludziom, kt\u00f3rzy pragn\u0105 si\u0119ga\u0107 wysoko i zdobywa\u0107 wy\u017csze wykszta\u0142cenie w Wielkiej Brytanii. Nasza Misja Chcemy mie\u0107 pozytywny wp\u0142yw na wykszta\u0142cenie m\u0142odzie\u017cy. Ambicj\u0105\u00a0edu4u\u00a0jest by\u0107 organizacj\u0105, kt\u00f3ra [&hellip;]<\/p>\n","protected":false},"author":1,"featured_media":78,"parent":0,"menu_order":0,"comment_status":"closed","ping_status":"closed","template":"page-templates\/template-pagebuilder-full-width.php","meta":{"_acf_changed":false,"footnotes":""},"class_list":["post-76","page","type-page","status-publish","has-post-thumbnail","hentry"],"acf":[],"yoast_head":"<!-- This site is optimized with the Yoast SEO plugin v24.0 - https:\/\/yoast.com\/wordpress\/plugins\/seo\/ -->\n<title>O nas | Bezp\u0142atna pomoc | Edu4u<\/title>\n<meta name=\"robots\" content=\"index, follow, max-snippet:-1, max-image-preview:large, max-video-preview:-1\" \/>\n<link rel=\"canonical\" href=\"https:\/\/edu-4u.uk\/pl\/o-nas\/\" \/>\n<meta property=\"og:locale\" content=\"pl_PL\" \/>\n<meta property=\"og:type\" content=\"article\" \/>\n<meta property=\"og:title\" content=\"O nas | Bezp\u0142atna pomoc | Edu4u\" \/>\n<meta property=\"og:description\" content=\"O nas EDU4U\u00a0To team doradc\u00f3w, konsultant\u00f3w i ambasador\u00f3w edukacyjnych, dzia\u0142aj\u0105cy w Wielkiej Brytanii i w Polsce. Zorganizowali\u015bmy si\u0119 po to, \u017ceby s\u0142u\u017cy\u0107 pomoc\u0105 m\u0142odym, ambitnym ludziom, kt\u00f3rzy pragn\u0105 si\u0119ga\u0107 wysoko i zdobywa\u0107 wy\u017csze wykszta\u0142cenie w Wielkiej Brytanii. Nasza Misja Chcemy mie\u0107 pozytywny wp\u0142yw na wykszta\u0142cenie m\u0142odzie\u017cy. Ambicj\u0105\u00a0edu4u\u00a0jest by\u0107 organizacj\u0105, kt\u00f3ra [&hellip;]\" \/>\n<meta property=\"og:url\" content=\"https:\/\/edu-4u.uk\/pl\/o-nas\/\" \/>\n<meta property=\"og:site_name\" content=\"Bezp\u0142atna pomoc | Edu4u\" \/>\n<meta property=\"article:publisher\" content=\"https:\/\/www.facebook.com\/Edu4uStudiaAnglia\/\" \/>\n<meta property=\"article:modified_time\" content=\"2024-01-29T16:39:25+00:00\" \/>\n<meta property=\"og:image\" content=\"https:\/\/edu-4u.uk\/wp-content\/uploads\/2018\/10\/pexels-photo-1092373.jpeg\" \/>\n\t<meta property=\"og:image:width\" content=\"1484\" \/>\n\t<meta property=\"og:image:height\" content=\"1080\" \/>\n\t<meta property=\"og:image:type\" content=\"image\/jpeg\" \/>\n<meta name=\"twitter:label1\" content=\"Szacowany czas czytania\" \/>\n\t<meta name=\"twitter:data1\" content=\"2 minuty\" \/>\n<script type=\"application\/ld+json\" class=\"yoast-schema-graph\">{\"@context\":\"https:\/\/schema.org\",\"@graph\":[{\"@type\":\"WebPage\",\"@id\":\"https:\/\/edu-4u.uk\/pl\/o-nas\/\",\"url\":\"https:\/\/edu-4u.uk\/pl\/o-nas\/\",\"name\":\"O nas | Bezp\u0142atna pomoc | Edu4u\",\"isPartOf\":{\"@id\":\"https:\/\/edu-4u.uk\/pl\/#website\"},\"primaryImageOfPage\":{\"@id\":\"https:\/\/edu-4u.uk\/pl\/o-nas\/#primaryimage\"},\"image\":{\"@id\":\"https:\/\/edu-4u.uk\/pl\/o-nas\/#primaryimage\"},\"thumbnailUrl\":\"https:\/\/edu-4u.uk\/wp-content\/uploads\/2018\/10\/pexels-photo-1092373.jpeg\",\"datePublished\":\"2018-10-30T23:28:53+00:00\",\"dateModified\":\"2024-01-29T16:39:25+00:00\",\"breadcrumb\":{\"@id\":\"https:\/\/edu-4u.uk\/pl\/o-nas\/#breadcrumb\"},\"inLanguage\":\"pl-PL\",\"potentialAction\":[{\"@type\":\"ReadAction\",\"target\":[\"https:\/\/edu-4u.uk\/pl\/o-nas\/\"]}]},{\"@type\":\"ImageObject\",\"inLanguage\":\"pl-PL\",\"@id\":\"https:\/\/edu-4u.uk\/pl\/o-nas\/#primaryimage\",\"url\":\"https:\/\/edu-4u.uk\/wp-content\/uploads\/2018\/10\/pexels-photo-1092373.jpeg\",\"contentUrl\":\"https:\/\/edu-4u.uk\/wp-content\/uploads\/2018\/10\/pexels-photo-1092373.jpeg\",\"width\":1484,\"height\":1080,\"caption\":\"Studia w Anglii | O nas\"},{\"@type\":\"BreadcrumbList\",\"@id\":\"https:\/\/edu-4u.uk\/pl\/o-nas\/#breadcrumb\",\"itemListElement\":[{\"@type\":\"ListItem\",\"position\":1,\"name\":\"Strona g\u0142\u00f3wna\",\"item\":\"https:\/\/edu-4u.uk\/pl\/\"},{\"@type\":\"ListItem\",\"position\":2,\"name\":\"O nas\"}]},{\"@type\":\"WebSite\",\"@id\":\"https:\/\/edu-4u.uk\/pl\/#website\",\"url\":\"https:\/\/edu-4u.uk\/pl\/\",\"name\":\"Edu4u StudyUK | Free Help\",\"description\":\"Zacznij studia w UK z Edu4u!\",\"publisher\":{\"@id\":\"https:\/\/edu-4u.uk\/pl\/#organization\"},\"potentialAction\":[{\"@type\":\"SearchAction\",\"target\":{\"@type\":\"EntryPoint\",\"urlTemplate\":\"https:\/\/edu-4u.uk\/pl\/?s={search_term_string}\"},\"query-input\":{\"@type\":\"PropertyValueSpecification\",\"valueRequired\":true,\"valueName\":\"search_term_string\"}}],\"inLanguage\":\"pl-PL\"},{\"@type\":\"Organization\",\"@id\":\"https:\/\/edu-4u.uk\/pl\/#organization\",\"name\":\"Edu4u Study in UK\",\"url\":\"https:\/\/edu-4u.uk\/pl\/\",\"logo\":{\"@type\":\"ImageObject\",\"inLanguage\":\"pl-PL\",\"@id\":\"https:\/\/edu-4u.uk\/pl\/#\/schema\/logo\/image\/\",\"url\":\"https:\/\/edu-4u.uk\/wp-content\/uploads\/2023\/06\/Logo-1.svg\",\"contentUrl\":\"https:\/\/edu-4u.uk\/wp-content\/uploads\/2023\/06\/Logo-1.svg\",\"width\":168,\"height\":43,\"caption\":\"Edu4u Study in UK\"},\"image\":{\"@id\":\"https:\/\/edu-4u.uk\/pl\/#\/schema\/logo\/image\/\"},\"sameAs\":[\"https:\/\/www.facebook.com\/Edu4uStudiaAnglia\/\",\"https:\/\/www.tiktok.com\/@edu4u_settled_status_\",\"https:\/\/www.instagram.com\/edu4u_polska\/?hl=en\",\"https:\/\/www.youtube.com\/@Edu4u_Settled_Status\",\"https:\/\/www.facebook.com\/Edu4uSettledStatus\/\",\"https:\/\/www.instagram.com\/edu4u_settled_status\/\",\"https:\/\/www.tiktok.com\/@edu4u_studyuk\"]}]}<\/script>\n<!-- \/ Yoast SEO plugin. -->","yoast_head_json":{"title":"O nas | Bezp\u0142atna pomoc | Edu4u","robots":{"index":"index","follow":"follow","max-snippet":"max-snippet:-1","max-image-preview":"max-image-preview:large","max-video-preview":"max-video-preview:-1"},"canonical":"https:\/\/edu-4u.uk\/pl\/o-nas\/","og_locale":"pl_PL","og_type":"article","og_title":"O nas | Bezp\u0142atna pomoc | Edu4u","og_description":"O nas EDU4U\u00a0To team doradc\u00f3w, konsultant\u00f3w i ambasador\u00f3w edukacyjnych, dzia\u0142aj\u0105cy w Wielkiej Brytanii i w Polsce. Zorganizowali\u015bmy si\u0119 po to, \u017ceby s\u0142u\u017cy\u0107 pomoc\u0105 m\u0142odym, ambitnym ludziom, kt\u00f3rzy pragn\u0105 si\u0119ga\u0107 wysoko i zdobywa\u0107 wy\u017csze wykszta\u0142cenie w Wielkiej Brytanii. Nasza Misja Chcemy mie\u0107 pozytywny wp\u0142yw na wykszta\u0142cenie m\u0142odzie\u017cy. Ambicj\u0105\u00a0edu4u\u00a0jest by\u0107 organizacj\u0105, kt\u00f3ra [&hellip;]","og_url":"https:\/\/edu-4u.uk\/pl\/o-nas\/","og_site_name":"Bezp\u0142atna pomoc | Edu4u","article_publisher":"https:\/\/www.facebook.com\/Edu4uStudiaAnglia\/","article_modified_time":"2024-01-29T16:39:25+00:00","og_image":[{"width":1484,"height":1080,"url":"https:\/\/edu-4u.uk\/wp-content\/uploads\/2018\/10\/pexels-photo-1092373.jpeg","type":"image\/jpeg"}],"twitter_misc":{"Szacowany czas czytania":"2 minuty"},"schema":{"@context":"https:\/\/schema.org","@graph":[{"@type":"WebPage","@id":"https:\/\/edu-4u.uk\/pl\/o-nas\/","url":"https:\/\/edu-4u.uk\/pl\/o-nas\/","name":"O nas | Bezp\u0142atna pomoc | Edu4u","isPartOf":{"@id":"https:\/\/edu-4u.uk\/pl\/#website"},"primaryImageOfPage":{"@id":"https:\/\/edu-4u.uk\/pl\/o-nas\/#primaryimage"},"image":{"@id":"https:\/\/edu-4u.uk\/pl\/o-nas\/#primaryimage"},"thumbnailUrl":"https:\/\/edu-4u.uk\/wp-content\/uploads\/2018\/10\/pexels-photo-1092373.jpeg","datePublished":"2018-10-30T23:28:53+00:00","dateModified":"2024-01-29T16:39:25+00:00","breadcrumb":{"@id":"https:\/\/edu-4u.uk\/pl\/o-nas\/#breadcrumb"},"inLanguage":"pl-PL","potentialAction":[{"@type":"ReadAction","target":["https:\/\/edu-4u.uk\/pl\/o-nas\/"]}]},{"@type":"ImageObject","inLanguage":"pl-PL","@id":"https:\/\/edu-4u.uk\/pl\/o-nas\/#primaryimage","url":"https:\/\/edu-4u.uk\/wp-content\/uploads\/2018\/10\/pexels-photo-1092373.jpeg","contentUrl":"https:\/\/edu-4u.uk\/wp-content\/uploads\/2018\/10\/pexels-photo-1092373.jpeg","width":1484,"height":1080,"caption":"Studia w Anglii | O nas"},{"@type":"BreadcrumbList","@id":"https:\/\/edu-4u.uk\/pl\/o-nas\/#breadcrumb","itemListElement":[{"@type":"ListItem","position":1,"name":"Strona g\u0142\u00f3wna","item":"https:\/\/edu-4u.uk\/pl\/"},{"@type":"ListItem","position":2,"name":"O nas"}]},{"@type":"WebSite","@id":"https:\/\/edu-4u.uk\/pl\/#website","url":"https:\/\/edu-4u.uk\/pl\/","name":"Edu4u StudyUK | Free Help","description":"Zacznij studia w UK z Edu4u!","publisher":{"@id":"https:\/\/edu-4u.uk\/pl\/#organization"},"potentialAction":[{"@type":"SearchAction","target":{"@type":"EntryPoint","urlTemplate":"https:\/\/edu-4u.uk\/pl\/?s={search_term_string}"},"query-input":{"@type":"PropertyValueSpecification","valueRequired":true,"valueName":"search_term_string"}}],"inLanguage":"pl-PL"},{"@type":"Organization","@id":"https:\/\/edu-4u.uk\/pl\/#organization","name":"Edu4u Study in UK","url":"https:\/\/edu-4u.uk\/pl\/","logo":{"@type":"ImageObject","inLanguage":"pl-PL","@id":"https:\/\/edu-4u.uk\/pl\/#\/schema\/logo\/image\/","url":"https:\/\/edu-4u.uk\/wp-content\/uploads\/2023\/06\/Logo-1.svg","contentUrl":"https:\/\/edu-4u.uk\/wp-content\/uploads\/2023\/06\/Logo-1.svg","width":168,"height":43,"caption":"Edu4u Study in UK"},"image":{"@id":"https:\/\/edu-4u.uk\/pl\/#\/schema\/logo\/image\/"},"sameAs":["https:\/\/www.facebook.com\/Edu4uStudiaAnglia\/","https:\/\/www.tiktok.com\/@edu4u_settled_status_","https:\/\/www.instagram.com\/edu4u_polska\/?hl=en","https:\/\/www.youtube.com\/@Edu4u_Settled_Status","https:\/\/www.facebook.com\/Edu4uSettledStatus\/","https:\/\/www.instagram.com\/edu4u_settled_status\/","https:\/\/www.tiktok.com\/@edu4u_studyuk"]}]}},"_links":{"self":[{"href":"https:\/\/edu-4u.uk\/pl\/wp-json\/wp\/v2\/pages\/76","targetHints":{"allow":["GET"]}}],"collection":[{"href":"https:\/\/edu-4u.uk\/pl\/wp-json\/wp\/v2\/pages"}],"about":[{"href":"https:\/\/edu-4u.uk\/pl\/wp-json\/wp\/v2\/types\/page"}],"author":[{"embeddable":true,"href":"https:\/\/edu-4u.uk\/pl\/wp-json\/wp\/v2\/users\/1"}],"replies":[{"embeddable":true,"href":"https:\/\/edu-4u.uk\/pl\/wp-json\/wp\/v2\/comments?post=76"}],"version-history":[{"count":8,"href":"https:\/\/edu-4u.uk\/pl\/wp-json\/wp\/v2\/pages\/76\/revisions"}],"predecessor-version":[{"id":13378,"href":"https:\/\/edu-4u.uk\/pl\/wp-json\/wp\/v2\/pages\/76\/revisions\/13378"}],"wp:featuredmedia":[{"embeddable":true,"href":"https:\/\/edu-4u.uk\/pl\/wp-json\/wp\/v2\/media\/78"}],"wp:attachment":[{"href":"https:\/\/edu-4u.uk\/pl\/wp-json\/wp\/v2\/media?parent=76"}],"curies":[{"name":"wp","href":"https:\/\/api.w.org\/{rel}","templated":true}]}}