{"id":303,"date":"2018-12-04T20:31:34","date_gmt":"2018-12-04T20:31:34","guid":{"rendered":"https:\/\/edu-4u.uk\/?page_id=303"},"modified":"2023-10-02T10:49:30","modified_gmt":"2023-10-02T08:49:30","slug":"aplikuj","status":"publish","type":"page","link":"https:\/\/edu-4u.uk\/pl\/aplikuj\/","title":{"rendered":"Aplikuj"},"content":{"rendered":"\t\t<div data-elementor-type=\"wp-page\" data-elementor-id=\"303\" class=\"elementor elementor-303\">\n\t\t\t\t\t\t<section class=\"elementor-section elementor-top-section elementor-element elementor-element-97fefd7 elementor-section-boxed elementor-section-height-default elementor-section-height-default\" data-id=\"97fefd7\" data-element_type=\"section\">\n\t\t\t\t\t\t<div class=\"elementor-container elementor-column-gap-default\">\n\t\t\t\t\t<div class=\"elementor-column elementor-col-100 elementor-top-column elementor-element elementor-element-e535ebc\" data-id=\"e535ebc\" data-element_type=\"column\">\n\t\t\t<div class=\"elementor-widget-wrap elementor-element-populated\">\n\t\t\t\t\t\t<div class=\"elementor-element elementor-element-bddc20c elementor-widget elementor-widget-heading\" data-id=\"bddc20c\" data-element_type=\"widget\" data-widget_type=\"heading.default\">\n\t\t\t\t<div class=\"elementor-widget-container\">\n\t\t\t\t\t<h2 class=\"elementor-heading-title elementor-size-default\">Napisz do Edu4u<\/h2>\t\t\t\t<\/div>\n\t\t\t\t<\/div>\n\t\t\t\t<div class=\"elementor-element elementor-element-f6bf6d4 elementor-widget elementor-widget-text-editor\" data-id=\"f6bf6d4\" data-element_type=\"widget\" data-widget_type=\"text-editor.default\">\n\t\t\t\t<div class=\"elementor-widget-container\">\n\t\t\t\t\t\t\t\t\t<div class=\"top\" style=\"font-size: 14px;\"><p style=\"margin-bottom: 50px; text-align: center; font-weight: bold;\">Obiecujemy, \u017ce nie b\u0119dziemy spamowa\u0107. Wy\u015blij poni\u017csze informacje aby\u015bmy mogli si\u0119 z Tob\u0105 po\u0142\u0105czy\u0107 w celu darmowej konsultacji.<\/p><\/div><div class=\"form\" style=\"font-size: 14px;\"><p style=\"margin-bottom: 10px; text-align: center; font-weight: bold;\">To Pierwszy Krok w Kierunku Twojej Przysz\u0142o\u015bci<\/p><\/div>\t\t\t\t\t\t\t\t<\/div>\n\t\t\t\t<\/div>\n\t\t\t\t<div class=\"elementor-element elementor-element-da002b5 elementor-widget elementor-widget-shortcode\" data-id=\"da002b5\" data-element_type=\"widget\" id=\"formularz_edu4u\" data-widget_type=\"shortcode.default\">\n\t\t\t\t<div class=\"elementor-widget-container\">\n\t\t\t\t\t\t\t<div class=\"elementor-shortcode\">\n<div class=\"wpcf7 no-js\" id=\"wpcf7-f4793-o1\" lang=\"pl-PL\" dir=\"ltr\" data-wpcf7-id=\"4793\">\n<div class=\"screen-reader-response\"><p role=\"status\" aria-live=\"polite\" aria-atomic=\"true\"><\/p> <ul><\/ul><\/div>\n<form action=\"\/pl\/wp-json\/wp\/v2\/pages\/303#wpcf7-f4793-o1\" method=\"post\" class=\"wpcf7-form init\" aria-label=\"Formularz kontaktowy\" novalidate=\"novalidate\" data-status=\"init\">\n<div style=\"display: none;\">\n<input type=\"hidden\" name=\"_wpcf7\" value=\"4793\" \/>\n<input type=\"hidden\" name=\"_wpcf7_version\" value=\"6.0.1\" \/>\n<input type=\"hidden\" name=\"_wpcf7_locale\" value=\"pl_PL\" \/>\n<input type=\"hidden\" name=\"_wpcf7_unit_tag\" value=\"wpcf7-f4793-o1\" \/>\n<input type=\"hidden\" name=\"_wpcf7_container_post\" value=\"0\" \/>\n<input type=\"hidden\" name=\"_wpcf7_posted_data_hash\" value=\"\" \/>\n<\/div>\n<div class=\"aplikuj-form\">\n\t<p><span class=\"wpcf7-form-control-wrap\" data-name=\"your-name\"><input size=\"40\" maxlength=\"400\" class=\"wpcf7-form-control wpcf7-text wpcf7-validates-as-required\" autocomplete=\"name\" aria-required=\"true\" aria-invalid=\"false\" placeholder=\"Name\" value=\"\" type=\"text\" name=\"your-name\" \/><\/span>\n\t<\/p>\n\t<p><span class=\"wpcf7-form-control-wrap\" data-name=\"your-tel\"><input size=\"40\" maxlength=\"400\" class=\"wpcf7-form-control wpcf7-tel wpcf7-validates-as-required wpcf7-text wpcf7-validates-as-tel\" autocomplete=\"email\" aria-required=\"true\" aria-invalid=\"false\" placeholder=\"Number\" value=\"\" type=\"tel\" name=\"your-tel\" \/><\/span>\n\t<\/p>\n\t<p><span class=\"wpcf7-form-control-wrap\" data-name=\"your-email\"><input size=\"40\" maxlength=\"400\" class=\"wpcf7-form-control wpcf7-email wpcf7-validates-as-required wpcf7-text wpcf7-validates-as-email\" autocomplete=\"email\" aria-required=\"true\" aria-invalid=\"false\" placeholder=\"Email Address\" value=\"\" type=\"email\" name=\"your-email\" \/><\/span>\n\t<\/p>\n\t<p><span class=\"wpcf7-form-control-wrap\" data-name=\"checkbox-509\"><span class=\"wpcf7-form-control wpcf7-checkbox wpcf7-validates-as-required\"><span class=\"wpcf7-list-item first last\"><label><input type=\"checkbox\" name=\"checkbox-509[]\" value=\"Wyra\u017cam zgod\u0119 na przetwarzanie moich danych osobowych przez Edu4u Ltd w celach informacyjnych i marketingowych.\" \/><span class=\"wpcf7-list-item-label\">Wyra\u017cam zgod\u0119 na przetwarzanie moich danych osobowych przez Edu4u Ltd w celach informacyjnych i marketingowych.<\/span><\/label><\/span><\/span><\/span>\n\t<\/p>\n\t<p><span class=\"wpcf7-list-item-label\" style=\"font-weight: bold;\"><br \/>\nPrzesy\u0142aj\u0105c ten formularz, potwierdzasz, \u017ce masz uko\u0144czone 16 lat oraz wyra\u017casz zgod\u0119 na przetwarzanie Twoich danych osobowych w celach kontaktowych, zgodnie z nasz\u0105 Polityk\u0105 Prywatno\u015bci.<br \/>\n<\/span>\n\t<\/p>\n\t<p><input class=\"wpcf7-form-control wpcf7-submit has-spinner\" type=\"submit\" value=\"Send\" \/>\n\t<\/p>\n<\/div><input type=\"hidden\" id=\"ct_checkjs_cf7_9cfdf10e8fc047a44b08ed031e1f0ed1\" name=\"ct_checkjs_cf7\" value=\"0\" \/><script >setTimeout(function(){var ct_input_name = \"ct_checkjs_cf7_9cfdf10e8fc047a44b08ed031e1f0ed1\";if (document.getElementById(ct_input_name) !== null) {var ct_input_value = document.getElementById(ct_input_name).value;document.getElementById(ct_input_name).value = document.getElementById(ct_input_name).value.replace(ct_input_value, '1033087601');}}, 1000);<\/script><label class=\"apbct_special_field\" id=\"apbct_label_id49092\" for=\"apbct__email_id__wp_contact_form_7_49092\">49092<\/label><input\n            id=\"apbct__email_id__wp_contact_form_7_49092\"\n            class=\"apbct_special_field apbct__email_id__wp_contact_form_7\"\n            name=\"apbct__email_id__wp_contact_form_7_49092\"\n            type=\"text\" size=\"30\" maxlength=\"200\" autocomplete=\"off\"\n            value=\"49092\" apbct_event_id=\"49092\"\n            \/><input id=\"apbct_event_id_wp_contact_form_7_49092\"\n                class=\"apbct_special_field\" name=\"apbct_event_id\" type=\"hidden\" value=\"49092\" \/><p style=\"display: none !important;\" class=\"akismet-fields-container\" data-prefix=\"_wpcf7_ak_\"><label>&#916;<textarea name=\"_wpcf7_ak_hp_textarea\" cols=\"45\" rows=\"8\" maxlength=\"100\"><\/textarea><\/label><input type=\"hidden\" id=\"ak_js_1\" name=\"_wpcf7_ak_js\" value=\"212\"\/><script>document.getElementById( \"ak_js_1\" ).setAttribute( \"value\", ( new Date() ).getTime() );<\/script><\/p><div class=\"wpcf7-response-output\" aria-hidden=\"true\"><\/div>\n<label class=\"apbct_special_field\" id=\"apbct_label_id71810\" for=\"apbct__email_id__elementor_form_71810\">71810<\/label><input\n            id=\"apbct__email_id__elementor_form_71810\"\n            class=\"apbct_special_field apbct__email_id__elementor_form\"\n            name=\"apbct__email_id__elementor_form_71810\"\n            type=\"text\" size=\"30\" maxlength=\"200\" autocomplete=\"off\"\n            value=\"71810\" apbct_event_id=\"71810\"\n            \/><input id=\"apbct_event_id_elementor_form_71810\"\n                class=\"apbct_special_field\" name=\"apbct_event_id\" type=\"hidden\" value=\"71810\" \/><\/form>\n<\/div>\n<\/div>\n\t\t\t\t\t\t<\/div>\n\t\t\t\t<\/div>\n\t\t\t\t<div class=\"elementor-element elementor-element-b4c3a26 elementor-widget elementor-widget-text-editor\" data-id=\"b4c3a26\" data-element_type=\"widget\" data-widget_type=\"text-editor.default\">\n\t\t\t\t<div class=\"elementor-widget-container\">\n\t\t\t\t\t\t\t\t\t<p><span>Profesjonalna Pomoc. Gwarantowana Akceptacja.<\/span><\/p>\t\t\t\t\t\t\t\t<\/div>\n\t\t\t\t<\/div>\n\t\t\t\t\t<\/div>\n\t\t<\/div>\n\t\t\t\t\t<\/div>\n\t\t<\/section>\n\t\t\t\t<\/div>\n\t\t","protected":false},"excerpt":{"rendered":"<p>Napisz do Edu4u Obiecujemy, \u017ce nie b\u0119dziemy spamowa\u0107. Wy\u015blij poni\u017csze informacje aby\u015bmy mogli si\u0119 z Tob\u0105 po\u0142\u0105czy\u0107 w celu darmowej konsultacji. To Pierwszy Krok w Kierunku Twojej Przysz\u0142o\u015bci Profesjonalna Pomoc. Gwarantowana Akceptacja.<\/p>\n","protected":false},"author":1,"featured_media":2672,"parent":0,"menu_order":0,"comment_status":"closed","ping_status":"closed","template":"page-templates\/template-pagebuilder-full-width.php","meta":{"_acf_changed":false,"footnotes":""},"class_list":["post-303","page","type-page","status-publish","has-post-thumbnail","hentry"],"acf":[],"yoast_head":"<!-- This site is optimized with the Yoast SEO plugin v24.0 - https:\/\/yoast.com\/wordpress\/plugins\/seo\/ -->\n<title>Aplikuj | Bezp\u0142atna pomoc | Edu4u<\/title>\n<meta name=\"robots\" content=\"index, follow, max-snippet:-1, max-image-preview:large, max-video-preview:-1\" \/>\n<link rel=\"canonical\" href=\"https:\/\/edu-4u.uk\/pl\/aplikuj\/\" \/>\n<meta property=\"og:locale\" content=\"pl_PL\" \/>\n<meta property=\"og:type\" content=\"article\" \/>\n<meta property=\"og:title\" content=\"Aplikuj | Bezp\u0142atna pomoc | Edu4u\" \/>\n<meta property=\"og:description\" content=\"Napisz do Edu4u Obiecujemy, \u017ce nie b\u0119dziemy spamowa\u0107. Wy\u015blij poni\u017csze informacje aby\u015bmy mogli si\u0119 z Tob\u0105 po\u0142\u0105czy\u0107 w celu darmowej konsultacji. To Pierwszy Krok w Kierunku Twojej Przysz\u0142o\u015bci Profesjonalna Pomoc. Gwarantowana Akceptacja.\" \/>\n<meta property=\"og:url\" content=\"https:\/\/edu-4u.uk\/pl\/aplikuj\/\" \/>\n<meta property=\"og:site_name\" content=\"Bezp\u0142atna pomoc | Edu4u\" \/>\n<meta property=\"article:publisher\" content=\"https:\/\/www.facebook.com\/Edu4uStudiaAnglia\/\" \/>\n<meta property=\"article:modified_time\" content=\"2023-10-02T08:49:30+00:00\" \/>\n<script type=\"application\/ld+json\" class=\"yoast-schema-graph\">{\"@context\":\"https:\/\/schema.org\",\"@graph\":[{\"@type\":\"WebPage\",\"@id\":\"https:\/\/edu-4u.uk\/pl\/aplikuj\/\",\"url\":\"https:\/\/edu-4u.uk\/pl\/aplikuj\/\",\"name\":\"Aplikuj | Bezp\u0142atna pomoc | Edu4u\",\"isPartOf\":{\"@id\":\"https:\/\/edu-4u.uk\/pl\/#website\"},\"primaryImageOfPage\":{\"@id\":\"https:\/\/edu-4u.uk\/pl\/aplikuj\/#primaryimage\"},\"image\":{\"@id\":\"https:\/\/edu-4u.uk\/pl\/aplikuj\/#primaryimage\"},\"thumbnailUrl\":\"https:\/\/edu-4u.uk\/wp-content\/uploads\/2023\/06\/Logo-1.svg\",\"datePublished\":\"2018-12-04T20:31:34+00:00\",\"dateModified\":\"2023-10-02T08:49:30+00:00\",\"breadcrumb\":{\"@id\":\"https:\/\/edu-4u.uk\/pl\/aplikuj\/#breadcrumb\"},\"inLanguage\":\"pl-PL\",\"potentialAction\":[{\"@type\":\"ReadAction\",\"target\":[\"https:\/\/edu-4u.uk\/pl\/aplikuj\/\"]}]},{\"@type\":\"ImageObject\",\"inLanguage\":\"pl-PL\",\"@id\":\"https:\/\/edu-4u.uk\/pl\/aplikuj\/#primaryimage\",\"url\":\"https:\/\/edu-4u.uk\/wp-content\/uploads\/2023\/06\/Logo-1.svg\",\"contentUrl\":\"https:\/\/edu-4u.uk\/wp-content\/uploads\/2023\/06\/Logo-1.svg\",\"width\":168,\"height\":43,\"caption\":\"Edu-4u Logo\"},{\"@type\":\"BreadcrumbList\",\"@id\":\"https:\/\/edu-4u.uk\/pl\/aplikuj\/#breadcrumb\",\"itemListElement\":[{\"@type\":\"ListItem\",\"position\":1,\"name\":\"Strona g\u0142\u00f3wna\",\"item\":\"https:\/\/edu-4u.uk\/pl\/\"},{\"@type\":\"ListItem\",\"position\":2,\"name\":\"Aplikuj\"}]},{\"@type\":\"WebSite\",\"@id\":\"https:\/\/edu-4u.uk\/pl\/#website\",\"url\":\"https:\/\/edu-4u.uk\/pl\/\",\"name\":\"Edu4u StudyUK | Free Help\",\"description\":\"Zacznij studia w UK z Edu4u!\",\"publisher\":{\"@id\":\"https:\/\/edu-4u.uk\/pl\/#organization\"},\"potentialAction\":[{\"@type\":\"SearchAction\",\"target\":{\"@type\":\"EntryPoint\",\"urlTemplate\":\"https:\/\/edu-4u.uk\/pl\/?s={search_term_string}\"},\"query-input\":{\"@type\":\"PropertyValueSpecification\",\"valueRequired\":true,\"valueName\":\"search_term_string\"}}],\"inLanguage\":\"pl-PL\"},{\"@type\":\"Organization\",\"@id\":\"https:\/\/edu-4u.uk\/pl\/#organization\",\"name\":\"Edu4u Study in UK\",\"url\":\"https:\/\/edu-4u.uk\/pl\/\",\"logo\":{\"@type\":\"ImageObject\",\"inLanguage\":\"pl-PL\",\"@id\":\"https:\/\/edu-4u.uk\/pl\/#\/schema\/logo\/image\/\",\"url\":\"https:\/\/edu-4u.uk\/wp-content\/uploads\/2023\/06\/Logo-1.svg\",\"contentUrl\":\"https:\/\/edu-4u.uk\/wp-content\/uploads\/2023\/06\/Logo-1.svg\",\"width\":168,\"height\":43,\"caption\":\"Edu4u Study in UK\"},\"image\":{\"@id\":\"https:\/\/edu-4u.uk\/pl\/#\/schema\/logo\/image\/\"},\"sameAs\":[\"https:\/\/www.facebook.com\/Edu4uStudiaAnglia\/\",\"https:\/\/www.tiktok.com\/@edu4u_settled_status_\",\"https:\/\/www.instagram.com\/edu4u_polska\/?hl=en\",\"https:\/\/www.youtube.com\/@Edu4u_Settled_Status\",\"https:\/\/www.facebook.com\/Edu4uSettledStatus\/\",\"https:\/\/www.instagram.com\/edu4u_settled_status\/\",\"https:\/\/www.tiktok.com\/@edu4u_studyuk\"]}]}<\/script>\n<!-- \/ Yoast SEO plugin. -->","yoast_head_json":{"title":"Aplikuj | Bezp\u0142atna pomoc | Edu4u","robots":{"index":"index","follow":"follow","max-snippet":"max-snippet:-1","max-image-preview":"max-image-preview:large","max-video-preview":"max-video-preview:-1"},"canonical":"https:\/\/edu-4u.uk\/pl\/aplikuj\/","og_locale":"pl_PL","og_type":"article","og_title":"Aplikuj | Bezp\u0142atna pomoc | Edu4u","og_description":"Napisz do Edu4u Obiecujemy, \u017ce nie b\u0119dziemy spamowa\u0107. Wy\u015blij poni\u017csze informacje aby\u015bmy mogli si\u0119 z Tob\u0105 po\u0142\u0105czy\u0107 w celu darmowej konsultacji. To Pierwszy Krok w Kierunku Twojej Przysz\u0142o\u015bci Profesjonalna Pomoc. Gwarantowana Akceptacja.","og_url":"https:\/\/edu-4u.uk\/pl\/aplikuj\/","og_site_name":"Bezp\u0142atna pomoc | Edu4u","article_publisher":"https:\/\/www.facebook.com\/Edu4uStudiaAnglia\/","article_modified_time":"2023-10-02T08:49:30+00:00","schema":{"@context":"https:\/\/schema.org","@graph":[{"@type":"WebPage","@id":"https:\/\/edu-4u.uk\/pl\/aplikuj\/","url":"https:\/\/edu-4u.uk\/pl\/aplikuj\/","name":"Aplikuj | Bezp\u0142atna pomoc | Edu4u","isPartOf":{"@id":"https:\/\/edu-4u.uk\/pl\/#website"},"primaryImageOfPage":{"@id":"https:\/\/edu-4u.uk\/pl\/aplikuj\/#primaryimage"},"image":{"@id":"https:\/\/edu-4u.uk\/pl\/aplikuj\/#primaryimage"},"thumbnailUrl":"https:\/\/edu-4u.uk\/wp-content\/uploads\/2023\/06\/Logo-1.svg","datePublished":"2018-12-04T20:31:34+00:00","dateModified":"2023-10-02T08:49:30+00:00","breadcrumb":{"@id":"https:\/\/edu-4u.uk\/pl\/aplikuj\/#breadcrumb"},"inLanguage":"pl-PL","potentialAction":[{"@type":"ReadAction","target":["https:\/\/edu-4u.uk\/pl\/aplikuj\/"]}]},{"@type":"ImageObject","inLanguage":"pl-PL","@id":"https:\/\/edu-4u.uk\/pl\/aplikuj\/#primaryimage","url":"https:\/\/edu-4u.uk\/wp-content\/uploads\/2023\/06\/Logo-1.svg","contentUrl":"https:\/\/edu-4u.uk\/wp-content\/uploads\/2023\/06\/Logo-1.svg","width":168,"height":43,"caption":"Edu-4u Logo"},{"@type":"BreadcrumbList","@id":"https:\/\/edu-4u.uk\/pl\/aplikuj\/#breadcrumb","itemListElement":[{"@type":"ListItem","position":1,"name":"Strona g\u0142\u00f3wna","item":"https:\/\/edu-4u.uk\/pl\/"},{"@type":"ListItem","position":2,"name":"Aplikuj"}]},{"@type":"WebSite","@id":"https:\/\/edu-4u.uk\/pl\/#website","url":"https:\/\/edu-4u.uk\/pl\/","name":"Edu4u StudyUK | Free Help","description":"Zacznij studia w UK z Edu4u!","publisher":{"@id":"https:\/\/edu-4u.uk\/pl\/#organization"},"potentialAction":[{"@type":"SearchAction","target":{"@type":"EntryPoint","urlTemplate":"https:\/\/edu-4u.uk\/pl\/?s={search_term_string}"},"query-input":{"@type":"PropertyValueSpecification","valueRequired":true,"valueName":"search_term_string"}}],"inLanguage":"pl-PL"},{"@type":"Organization","@id":"https:\/\/edu-4u.uk\/pl\/#organization","name":"Edu4u Study in UK","url":"https:\/\/edu-4u.uk\/pl\/","logo":{"@type":"ImageObject","inLanguage":"pl-PL","@id":"https:\/\/edu-4u.uk\/pl\/#\/schema\/logo\/image\/","url":"https:\/\/edu-4u.uk\/wp-content\/uploads\/2023\/06\/Logo-1.svg","contentUrl":"https:\/\/edu-4u.uk\/wp-content\/uploads\/2023\/06\/Logo-1.svg","width":168,"height":43,"caption":"Edu4u Study in UK"},"image":{"@id":"https:\/\/edu-4u.uk\/pl\/#\/schema\/logo\/image\/"},"sameAs":["https:\/\/www.facebook.com\/Edu4uStudiaAnglia\/","https:\/\/www.tiktok.com\/@edu4u_settled_status_","https:\/\/www.instagram.com\/edu4u_polska\/?hl=en","https:\/\/www.youtube.com\/@Edu4u_Settled_Status","https:\/\/www.facebook.com\/Edu4uSettledStatus\/","https:\/\/www.instagram.com\/edu4u_settled_status\/","https:\/\/www.tiktok.com\/@edu4u_studyuk"]}]}},"_links":{"self":[{"href":"https:\/\/edu-4u.uk\/pl\/wp-json\/wp\/v2\/pages\/303","targetHints":{"allow":["GET"]}}],"collection":[{"href":"https:\/\/edu-4u.uk\/pl\/wp-json\/wp\/v2\/pages"}],"about":[{"href":"https:\/\/edu-4u.uk\/pl\/wp-json\/wp\/v2\/types\/page"}],"author":[{"embeddable":true,"href":"https:\/\/edu-4u.uk\/pl\/wp-json\/wp\/v2\/users\/1"}],"replies":[{"embeddable":true,"href":"https:\/\/edu-4u.uk\/pl\/wp-json\/wp\/v2\/comments?post=303"}],"version-history":[{"count":25,"href":"https:\/\/edu-4u.uk\/pl\/wp-json\/wp\/v2\/pages\/303\/revisions"}],"predecessor-version":[{"id":6209,"href":"https:\/\/edu-4u.uk\/pl\/wp-json\/wp\/v2\/pages\/303\/revisions\/6209"}],"wp:featuredmedia":[{"embeddable":true,"href":"https:\/\/edu-4u.uk\/pl\/wp-json\/wp\/v2\/media\/2672"}],"wp:attachment":[{"href":"https:\/\/edu-4u.uk\/pl\/wp-json\/wp\/v2\/media?parent=303"}],"curies":[{"name":"wp","href":"https:\/\/api.w.org\/{rel}","templated":true}]}}