{"id":255,"date":"2018-11-28T15:12:03","date_gmt":"2018-11-28T15:12:03","guid":{"rendered":"https:\/\/edu-4u.uk\/?page_id=255"},"modified":"2018-12-07T00:13:11","modified_gmt":"2018-12-07T00:13:11","slug":"aplikacja","status":"publish","type":"page","link":"https:\/\/edu-4u.uk\/pl\/aplikacja\/","title":{"rendered":"Aplikacja na uniwersytet"},"content":{"rendered":"\t\t<div data-elementor-type=\"wp-post\" data-elementor-id=\"255\" class=\"elementor elementor-255 elementor-bc-flex-widget\">\n\t\t\t\t\t\t<section class=\"elementor-section elementor-top-section elementor-element elementor-element-c3df8a4 elementor-section-boxed elementor-section-height-default elementor-section-height-default\" data-id=\"c3df8a4\" data-element_type=\"section\" data-settings=\"{&quot;background_background&quot;:&quot;classic&quot;}\">\n\t\t\t\t\t\t<div class=\"elementor-container elementor-column-gap-default\">\n\t\t\t\t\t<div class=\"elementor-column elementor-col-100 elementor-top-column elementor-element elementor-element-357c87f\" data-id=\"357c87f\" data-element_type=\"column\">\n\t\t\t<div class=\"elementor-widget-wrap elementor-element-populated\">\n\t\t\t\t\t\t<div class=\"elementor-element elementor-element-24e8700 elementor-align-right elementor-widget elementor-widget-button\" data-id=\"24e8700\" data-element_type=\"widget\" data-widget_type=\"button.default\">\n\t\t\t\t<div class=\"elementor-widget-container\">\n\t\t\t\t\t\t\t\t\t<div class=\"elementor-button-wrapper\">\n\t\t\t\t\t<a class=\"elementor-button elementor-button-link elementor-size-sm\" href=\"\/strona-glowna\">\n\t\t\t\t\t\t<span class=\"elementor-button-content-wrapper\">\n\t\t\t\t\t\t<span class=\"elementor-button-icon\">\n\t\t\t\t\t\t\t\t\t<i class=\"fa fa-home\" aria-hidden=\"true\"><\/i>\n\t\t\t\t\t\t\t<\/span>\n\t\t\t\t\t\t\t\t\t<span class=\"elementor-button-text\">Powr\u00f3t na <b>Strone g\u0142\u00f3wn\u0105<\/b><\/span>\n\t\t\t\t\t<\/span>\n\t\t\t\t\t<\/a>\n\t\t\t\t<\/div>\n\t\t\t\t\t\t\t\t<\/div>\n\t\t\t\t<\/div>\n\t\t\t\t<div class=\"elementor-element elementor-element-c363d58 elementor-widget elementor-widget-image\" data-id=\"c363d58\" data-element_type=\"widget\" data-widget_type=\"image.default\">\n\t\t\t\t<div class=\"elementor-widget-container\">\n\t\t\t\t\t\t\t\t\t\t\t\t\t\t\t<img decoding=\"async\" width=\"300\" height=\"111\" data-src=\"https:\/\/edu-4u.uk\/wp-content\/uploads\/2018\/10\/edu4u-trans-horiz-300x111.png\" class=\"attachment-medium size-medium wp-image-4 lazyload\" alt=\"Studia w anglii | Edu4u Logo\" data-srcset=\"https:\/\/b3292720.smushcdn.com\/3292720\/wp-content\/uploads\/2018\/10\/edu4u-trans-horiz-300x111.png?lossy=2&amp;strip=1&amp;webp=1 300w, https:\/\/b3292720.smushcdn.com\/3292720\/wp-content\/uploads\/2018\/10\/edu4u-trans-horiz-768x285.png?lossy=2&amp;strip=1&amp;webp=1 768w, https:\/\/b3292720.smushcdn.com\/3292720\/wp-content\/uploads\/2018\/10\/edu4u-trans-horiz-1024x380.png?lossy=2&amp;strip=1&amp;webp=1 1024w, https:\/\/b3292720.smushcdn.com\/3292720\/wp-content\/uploads\/2018\/10\/edu4u-trans-horiz.png?lossy=2&amp;strip=1&amp;webp=1 1118w\" data-sizes=\"(max-width: 300px) 100vw, 300px\" src=\"data:image\/gif;base64,R0lGODlhAQABAAAAACH5BAEKAAEALAAAAAABAAEAAAICTAEAOw==\" style=\"--smush-placeholder-width: 300px; --smush-placeholder-aspect-ratio: 300\/111;\" \/>\t\t\t\t\t\t\t\t\t\t\t\t\t\t\t<\/div>\n\t\t\t\t<\/div>\n\t\t\t\t<div class=\"elementor-element elementor-element-0d9bb82 elementor-widget elementor-widget-heading\" data-id=\"0d9bb82\" data-element_type=\"widget\" data-widget_type=\"heading.default\">\n\t\t\t\t<div class=\"elementor-widget-container\">\n\t\t\t\t\t<h1 class=\"elementor-heading-title elementor-size-default\">Aplikuj bezp\u0142atnie<\/h1>\t\t\t\t<\/div>\n\t\t\t\t<\/div>\n\t\t\t\t<div class=\"elementor-element elementor-element-d59ddc2 elementor-widget elementor-widget-heading\" data-id=\"d59ddc2\" data-element_type=\"widget\" data-widget_type=\"heading.default\">\n\t\t\t\t<div class=\"elementor-widget-container\">\n\t\t\t\t\t<h2 class=\"elementor-heading-title elementor-size-default\">na Studia w Anglii!<\/h2>\t\t\t\t<\/div>\n\t\t\t\t<\/div>\n\t\t\t\t<div class=\"elementor-element elementor-element-0919fcf elementor-widget elementor-widget-html\" data-id=\"0919fcf\" data-element_type=\"widget\" data-widget_type=\"html.default\">\n\t\t\t\t<div class=\"elementor-widget-container\">\n\t\t\t\t\t<div style=\"color: #fff; text-align: center; font-size: 17px; font-weight: 500; text-shadow: 2px 2px 3px #000;\">Poni\u017csze pytania pomog\u0105 nam w udzieleniu Ci jak najlepszego wsparcia. Bardzo prosimy o udzielenie odpowiedzi na wszystkie adekwatne pytania. Podane przez Ciebie informacje zostana wykorzystane wy\u0142\u0105cznie w celu udzielenia Ci pomocy przy aplikacji na studia i Twoim przyje\u017adzie.<\/div>\t\t\t\t<\/div>\n\t\t\t\t<\/div>\n\t\t\t\t\t<\/div>\n\t\t<\/div>\n\t\t\t\t\t<\/div>\n\t\t<\/section>\n\t\t\t\t<section class=\"elementor-section elementor-top-section elementor-element elementor-element-a616fb1 elementor-section-boxed elementor-section-height-default elementor-section-height-default\" data-id=\"a616fb1\" data-element_type=\"section\" data-settings=\"{&quot;background_background&quot;:&quot;classic&quot;}\">\n\t\t\t\t\t\t<div class=\"elementor-container elementor-column-gap-default\">\n\t\t\t\t\t<div class=\"elementor-column elementor-col-100 elementor-top-column elementor-element elementor-element-7f41c4d\" data-id=\"7f41c4d\" data-element_type=\"column\">\n\t\t\t<div class=\"elementor-widget-wrap elementor-element-populated\">\n\t\t\t\t\t\t<div class=\"elementor-element elementor-element-02a2c7b elementor-widget elementor-widget-form\" data-id=\"02a2c7b\" data-element_type=\"widget\" data-widget_type=\"form.default\">\n\t\t\t\t<div class=\"elementor-widget-container\">\n\t\t\t\t\t \t\t\t\t<\/div>\n\t\t\t\t<\/div>\n\t\t\t\t<div class=\"elementor-element elementor-element-2ee0b64 elementor-align-center elementor-widget elementor-widget-button\" data-id=\"2ee0b64\" data-element_type=\"widget\" data-widget_type=\"button.default\">\n\t\t\t\t<div class=\"elementor-widget-container\">\n\t\t\t\t\t\t\t\t\t<div class=\"elementor-button-wrapper\">\n\t\t\t\t\t<a class=\"elementor-button elementor-button-link elementor-size-sm\" href=\"\/strona-glowna\">\n\t\t\t\t\t\t<span class=\"elementor-button-content-wrapper\">\n\t\t\t\t\t\t<span class=\"elementor-button-icon\">\n\t\t\t\t\t\t\t\t\t<i class=\"fa fa-home\" aria-hidden=\"true\"><\/i>\n\t\t\t\t\t\t\t<\/span>\n\t\t\t\t\t\t\t\t\t<span class=\"elementor-button-text\">Powr\u00f3t na <b>Strone g\u0142\u00f3wn\u0105<\/b><\/span>\n\t\t\t\t\t<\/span>\n\t\t\t\t\t<\/a>\n\t\t\t\t<\/div>\n\t\t\t\t\t\t\t\t<\/div>\n\t\t\t\t<\/div>\n\t\t\t\t\t<\/div>\n\t\t<\/div>\n\t\t\t\t\t<\/div>\n\t\t<\/section>\n\t\t\t\t<\/div>\n\t\t","protected":false},"excerpt":{"rendered":"<p>Powr\u00f3t na Strone g\u0142\u00f3wn\u0105 Aplikuj bezp\u0142atnie na Studia w Anglii! Poni\u017csze pytania pomog\u0105 nam w udzieleniu Ci jak najlepszego wsparcia. Bardzo prosimy o udzielenie odpowiedzi na wszystkie adekwatne pytania. Podane przez Ciebie informacje zostana wykorzystane wy\u0142\u0105cznie w celu udzielenia Ci pomocy przy aplikacji na studia i Twoim przyje\u017adzie. Powr\u00f3t na [&hellip;]<\/p>\n","protected":false},"author":1,"featured_media":0,"parent":0,"menu_order":0,"comment_status":"closed","ping_status":"closed","template":"elementor_canvas","meta":{"_acf_changed":false,"footnotes":""},"class_list":["post-255","page","type-page","status-publish","hentry"],"acf":[],"yoast_head":"<!-- This site is optimized with the Yoast SEO plugin v24.0 - https:\/\/yoast.com\/wordpress\/plugins\/seo\/ -->\n<title>Aplikacja na uniwersytet | Bezp\u0142atna pomoc | Edu4u<\/title>\n<meta name=\"robots\" content=\"index, follow, max-snippet:-1, max-image-preview:large, max-video-preview:-1\" \/>\n<link rel=\"canonical\" href=\"https:\/\/edu-4u.uk\/pl\/aplikacja\/\" \/>\n<meta property=\"og:locale\" content=\"pl_PL\" \/>\n<meta property=\"og:type\" content=\"article\" \/>\n<meta property=\"og:title\" content=\"Aplikacja na uniwersytet | Bezp\u0142atna pomoc | Edu4u\" \/>\n<meta property=\"og:description\" content=\"Powr\u00f3t na Strone g\u0142\u00f3wn\u0105 Aplikuj bezp\u0142atnie na Studia w Anglii! Poni\u017csze pytania pomog\u0105 nam w udzieleniu Ci jak najlepszego wsparcia. Bardzo prosimy o udzielenie odpowiedzi na wszystkie adekwatne pytania. Podane przez Ciebie informacje zostana wykorzystane wy\u0142\u0105cznie w celu udzielenia Ci pomocy przy aplikacji na studia i Twoim przyje\u017adzie. Powr\u00f3t na [&hellip;]\" \/>\n<meta property=\"og:url\" content=\"https:\/\/edu-4u.uk\/pl\/aplikacja\/\" \/>\n<meta property=\"og:site_name\" content=\"Bezp\u0142atna pomoc | Edu4u\" \/>\n<meta property=\"article:publisher\" content=\"https:\/\/www.facebook.com\/Edu4uStudiaAnglia\/\" \/>\n<meta property=\"article:modified_time\" content=\"2018-12-07T00:13:11+00:00\" \/>\n<meta property=\"og:image\" content=\"https:\/\/edu-4u.uk\/wp-content\/uploads\/2018\/10\/edu4u-trans-horiz-300x111.png\" \/>\n<script type=\"application\/ld+json\" class=\"yoast-schema-graph\">{\"@context\":\"https:\/\/schema.org\",\"@graph\":[{\"@type\":\"WebPage\",\"@id\":\"https:\/\/edu-4u.uk\/pl\/aplikacja\/\",\"url\":\"https:\/\/edu-4u.uk\/pl\/aplikacja\/\",\"name\":\"Aplikacja na uniwersytet | Bezp\u0142atna pomoc | Edu4u\",\"isPartOf\":{\"@id\":\"https:\/\/edu-4u.uk\/pl\/#website\"},\"primaryImageOfPage\":{\"@id\":\"https:\/\/edu-4u.uk\/pl\/aplikacja\/#primaryimage\"},\"image\":{\"@id\":\"https:\/\/edu-4u.uk\/pl\/aplikacja\/#primaryimage\"},\"thumbnailUrl\":\"https:\/\/edu-4u.uk\/wp-content\/uploads\/2018\/10\/edu4u-trans-horiz-300x111.png\",\"datePublished\":\"2018-11-28T15:12:03+00:00\",\"dateModified\":\"2018-12-07T00:13:11+00:00\",\"breadcrumb\":{\"@id\":\"https:\/\/edu-4u.uk\/pl\/aplikacja\/#breadcrumb\"},\"inLanguage\":\"pl-PL\",\"potentialAction\":[{\"@type\":\"ReadAction\",\"target\":[\"https:\/\/edu-4u.uk\/pl\/aplikacja\/\"]}]},{\"@type\":\"ImageObject\",\"inLanguage\":\"pl-PL\",\"@id\":\"https:\/\/edu-4u.uk\/pl\/aplikacja\/#primaryimage\",\"url\":\"https:\/\/edu-4u.uk\/wp-content\/uploads\/2018\/10\/edu4u-trans-horiz-300x111.png\",\"contentUrl\":\"https:\/\/edu-4u.uk\/wp-content\/uploads\/2018\/10\/edu4u-trans-horiz-300x111.png\"},{\"@type\":\"BreadcrumbList\",\"@id\":\"https:\/\/edu-4u.uk\/pl\/aplikacja\/#breadcrumb\",\"itemListElement\":[{\"@type\":\"ListItem\",\"position\":1,\"name\":\"Strona g\u0142\u00f3wna\",\"item\":\"https:\/\/edu-4u.uk\/pl\/\"},{\"@type\":\"ListItem\",\"position\":2,\"name\":\"Aplikacja na uniwersytet\"}]},{\"@type\":\"WebSite\",\"@id\":\"https:\/\/edu-4u.uk\/pl\/#website\",\"url\":\"https:\/\/edu-4u.uk\/pl\/\",\"name\":\"Edu4u StudyUK | Free Help\",\"description\":\"Zacznij studia w UK z Edu4u!\",\"publisher\":{\"@id\":\"https:\/\/edu-4u.uk\/pl\/#organization\"},\"potentialAction\":[{\"@type\":\"SearchAction\",\"target\":{\"@type\":\"EntryPoint\",\"urlTemplate\":\"https:\/\/edu-4u.uk\/pl\/?s={search_term_string}\"},\"query-input\":{\"@type\":\"PropertyValueSpecification\",\"valueRequired\":true,\"valueName\":\"search_term_string\"}}],\"inLanguage\":\"pl-PL\"},{\"@type\":\"Organization\",\"@id\":\"https:\/\/edu-4u.uk\/pl\/#organization\",\"name\":\"Edu4u Study in UK\",\"url\":\"https:\/\/edu-4u.uk\/pl\/\",\"logo\":{\"@type\":\"ImageObject\",\"inLanguage\":\"pl-PL\",\"@id\":\"https:\/\/edu-4u.uk\/pl\/#\/schema\/logo\/image\/\",\"url\":\"https:\/\/edu-4u.uk\/wp-content\/uploads\/2023\/06\/Logo-1.svg\",\"contentUrl\":\"https:\/\/edu-4u.uk\/wp-content\/uploads\/2023\/06\/Logo-1.svg\",\"width\":168,\"height\":43,\"caption\":\"Edu4u Study in UK\"},\"image\":{\"@id\":\"https:\/\/edu-4u.uk\/pl\/#\/schema\/logo\/image\/\"},\"sameAs\":[\"https:\/\/www.facebook.com\/Edu4uStudiaAnglia\/\",\"https:\/\/www.tiktok.com\/@edu4u_settled_status_\",\"https:\/\/www.instagram.com\/edu4u_polska\/?hl=en\",\"https:\/\/www.youtube.com\/@Edu4u_Settled_Status\",\"https:\/\/www.facebook.com\/Edu4uSettledStatus\/\",\"https:\/\/www.instagram.com\/edu4u_settled_status\/\",\"https:\/\/www.tiktok.com\/@edu4u_studyuk\"]}]}<\/script>\n<!-- \/ Yoast SEO plugin. -->","yoast_head_json":{"title":"Aplikacja na uniwersytet | Bezp\u0142atna pomoc | Edu4u","robots":{"index":"index","follow":"follow","max-snippet":"max-snippet:-1","max-image-preview":"max-image-preview:large","max-video-preview":"max-video-preview:-1"},"canonical":"https:\/\/edu-4u.uk\/pl\/aplikacja\/","og_locale":"pl_PL","og_type":"article","og_title":"Aplikacja na uniwersytet | Bezp\u0142atna pomoc | Edu4u","og_description":"Powr\u00f3t na Strone g\u0142\u00f3wn\u0105 Aplikuj bezp\u0142atnie na Studia w Anglii! Poni\u017csze pytania pomog\u0105 nam w udzieleniu Ci jak najlepszego wsparcia. Bardzo prosimy o udzielenie odpowiedzi na wszystkie adekwatne pytania. Podane przez Ciebie informacje zostana wykorzystane wy\u0142\u0105cznie w celu udzielenia Ci pomocy przy aplikacji na studia i Twoim przyje\u017adzie. Powr\u00f3t na [&hellip;]","og_url":"https:\/\/edu-4u.uk\/pl\/aplikacja\/","og_site_name":"Bezp\u0142atna pomoc | Edu4u","article_publisher":"https:\/\/www.facebook.com\/Edu4uStudiaAnglia\/","article_modified_time":"2018-12-07T00:13:11+00:00","og_image":[{"url":"https:\/\/edu-4u.uk\/wp-content\/uploads\/2018\/10\/edu4u-trans-horiz-300x111.png","type":"","width":"","height":""}],"schema":{"@context":"https:\/\/schema.org","@graph":[{"@type":"WebPage","@id":"https:\/\/edu-4u.uk\/pl\/aplikacja\/","url":"https:\/\/edu-4u.uk\/pl\/aplikacja\/","name":"Aplikacja na uniwersytet | Bezp\u0142atna pomoc | Edu4u","isPartOf":{"@id":"https:\/\/edu-4u.uk\/pl\/#website"},"primaryImageOfPage":{"@id":"https:\/\/edu-4u.uk\/pl\/aplikacja\/#primaryimage"},"image":{"@id":"https:\/\/edu-4u.uk\/pl\/aplikacja\/#primaryimage"},"thumbnailUrl":"https:\/\/edu-4u.uk\/wp-content\/uploads\/2018\/10\/edu4u-trans-horiz-300x111.png","datePublished":"2018-11-28T15:12:03+00:00","dateModified":"2018-12-07T00:13:11+00:00","breadcrumb":{"@id":"https:\/\/edu-4u.uk\/pl\/aplikacja\/#breadcrumb"},"inLanguage":"pl-PL","potentialAction":[{"@type":"ReadAction","target":["https:\/\/edu-4u.uk\/pl\/aplikacja\/"]}]},{"@type":"ImageObject","inLanguage":"pl-PL","@id":"https:\/\/edu-4u.uk\/pl\/aplikacja\/#primaryimage","url":"https:\/\/edu-4u.uk\/wp-content\/uploads\/2018\/10\/edu4u-trans-horiz-300x111.png","contentUrl":"https:\/\/edu-4u.uk\/wp-content\/uploads\/2018\/10\/edu4u-trans-horiz-300x111.png"},{"@type":"BreadcrumbList","@id":"https:\/\/edu-4u.uk\/pl\/aplikacja\/#breadcrumb","itemListElement":[{"@type":"ListItem","position":1,"name":"Strona g\u0142\u00f3wna","item":"https:\/\/edu-4u.uk\/pl\/"},{"@type":"ListItem","position":2,"name":"Aplikacja na uniwersytet"}]},{"@type":"WebSite","@id":"https:\/\/edu-4u.uk\/pl\/#website","url":"https:\/\/edu-4u.uk\/pl\/","name":"Edu4u StudyUK | Free Help","description":"Zacznij studia w UK z Edu4u!","publisher":{"@id":"https:\/\/edu-4u.uk\/pl\/#organization"},"potentialAction":[{"@type":"SearchAction","target":{"@type":"EntryPoint","urlTemplate":"https:\/\/edu-4u.uk\/pl\/?s={search_term_string}"},"query-input":{"@type":"PropertyValueSpecification","valueRequired":true,"valueName":"search_term_string"}}],"inLanguage":"pl-PL"},{"@type":"Organization","@id":"https:\/\/edu-4u.uk\/pl\/#organization","name":"Edu4u Study in UK","url":"https:\/\/edu-4u.uk\/pl\/","logo":{"@type":"ImageObject","inLanguage":"pl-PL","@id":"https:\/\/edu-4u.uk\/pl\/#\/schema\/logo\/image\/","url":"https:\/\/edu-4u.uk\/wp-content\/uploads\/2023\/06\/Logo-1.svg","contentUrl":"https:\/\/edu-4u.uk\/wp-content\/uploads\/2023\/06\/Logo-1.svg","width":168,"height":43,"caption":"Edu4u Study in UK"},"image":{"@id":"https:\/\/edu-4u.uk\/pl\/#\/schema\/logo\/image\/"},"sameAs":["https:\/\/www.facebook.com\/Edu4uStudiaAnglia\/","https:\/\/www.tiktok.com\/@edu4u_settled_status_","https:\/\/www.instagram.com\/edu4u_polska\/?hl=en","https:\/\/www.youtube.com\/@Edu4u_Settled_Status","https:\/\/www.facebook.com\/Edu4uSettledStatus\/","https:\/\/www.instagram.com\/edu4u_settled_status\/","https:\/\/www.tiktok.com\/@edu4u_studyuk"]}]}},"_links":{"self":[{"href":"https:\/\/edu-4u.uk\/pl\/wp-json\/wp\/v2\/pages\/255","targetHints":{"allow":["GET"]}}],"collection":[{"href":"https:\/\/edu-4u.uk\/pl\/wp-json\/wp\/v2\/pages"}],"about":[{"href":"https:\/\/edu-4u.uk\/pl\/wp-json\/wp\/v2\/types\/page"}],"author":[{"embeddable":true,"href":"https:\/\/edu-4u.uk\/pl\/wp-json\/wp\/v2\/users\/1"}],"replies":[{"embeddable":true,"href":"https:\/\/edu-4u.uk\/pl\/wp-json\/wp\/v2\/comments?post=255"}],"version-history":[{"count":37,"href":"https:\/\/edu-4u.uk\/pl\/wp-json\/wp\/v2\/pages\/255\/revisions"}],"predecessor-version":[{"id":359,"href":"https:\/\/edu-4u.uk\/pl\/wp-json\/wp\/v2\/pages\/255\/revisions\/359"}],"wp:attachment":[{"href":"https:\/\/edu-4u.uk\/pl\/wp-json\/wp\/v2\/media?parent=255"}],"curies":[{"name":"wp","href":"https:\/\/api.w.org\/{rel}","templated":true}]}}