{"id":251,"date":"2018-11-26T15:30:29","date_gmt":"2018-11-26T15:30:29","guid":{"rendered":"https:\/\/edu-4u.uk\/?page_id=251"},"modified":"2025-04-21T03:19:12","modified_gmt":"2025-04-21T01:19:12","slug":"nasz-program-ambasadorski","status":"publish","type":"page","link":"https:\/\/edu-4u.uk\/pl\/nasz-program-ambasadorski\/","title":{"rendered":"Nasz program ambasadorski"},"content":{"rendered":"<div class=\"fusion-text\">\n<p><img fetchpriority=\"high\" decoding=\"async\" class=\"aligncenter size-600 lazy-loaded\" src=\"https:\/\/static.wixstatic.com\/media\/19fdab20a31144fc87f36b7db734297d.jpg\/v1\/fill\/w_914,h_400,al_c,q_90\/19fdab20a31144fc87f36b7db734297d.webp\" data-lazy-type=\"image\" data-src=\"https:\/\/static.wixstatic.com\/media\/19fdab20a31144fc87f36b7db734297d.jpg\/v1\/fill\/w_914,h_400,al_c,q_90\/19fdab20a31144fc87f36b7db734297d.webp\" width=\"914\" height=\"400\" \/><\/p>\n<\/div>\n<div class=\"fusion-text\">\n<p class=\"font_7\"><strong><span>Program Ambasadorski Edu4u<\/span><\/strong><\/p>\n<p class=\"font_8\"><span>Je\u015bli znasz kogo\u015b, kto chcia\u0142by aplikowa\u0107 na brytyjski uniwersytet lub college, daj nam zna\u0107! Naszym ambasadorom oferujemy od \u00a3700 &#8211; \u00a31000 funt\u00f3w za ka\u017cdego studenta. Mo\u017cesz poleci\u0107 znajomego, rodzin\u0119, a nawet rozpocz\u0105\u0107 rekrutacj\u0119 do Edu4u i do\u0142\u0105czy\u0107 do naszego Zespo\u0142u!<\/span><\/p>\n<p>Nasi aplikanci cz\u0119sto dowiadywali si\u0119 o mo\u017cliwo\u015bci studiowania w Wielkiej Brytanii przypadkiem, trafiaj\u0105c na jednego z naszych ambasador\u00f3w, nasz\u0105 stron\u0119 internetow\u0105, czy te\u017c rozmawiaj\u0105c z przypadkowo poznan\u0105 osob\u0105.<\/p>\n<p><strong>Jak to dzia\u0142a<\/strong><\/p>\n<p>1. Znajd\u017a kogo\u015b, kto chce studiowa\u0107 w Wielkiej Brytanii.<\/p>\n<p>2. Napisz do nas <a href=\"https:\/\/wa.me\/447511807765\">WhatsApp<\/a> lub wy\u015blij emaila<\/p>\n<p>3. Otrzymasz dost\u0119p do materia\u0142\u00f3w promocyjnych i listy twoich aplikant\u00f3w<\/p>\n<p>4. Gdy Tw\u00f3j kandydat pomy\u015blnie zacznie studia, otrzymasz wynagrodzenie od Edu4u!<\/p>\n<p><strong>Nasza struktura prowizyjna<\/strong><\/p>\n<p>Do \u00a31000 funt\u00f3w za studenta!<br \/>\nJe\u015bli zrekrutujesz u nas 30 student\u00f3w, otrzymasz \u00a330000 funt\u00f3w.<\/p>\n<p>&nbsp;<\/p>\n<\/div>\n<p><strong>Program ambasadorski Pro<\/strong><br \/>\nOtrzymuj wynagrodzenie podstawowe + prowizj\u0119 za rekrutacj\u0119 student\u00f3w<\/p>\n<p>Napisz do nas na <a href=\"https:\/\/wa.me\/447511807765\">WhatsApp<\/a> lub emaila, aby do\u0142\u0105czy\u0107 do Ambassador Scheme Pro.<br \/>\n<span \n                data-original-string=\"GzeUWEEn6aMCWjCaxAt+2Q==9b9Ct\/YJ9apglcvy2FCKz1zTePyeS3R2NnK4s5HMqTg8Cc=\"\n                class=\"apbct-email-encoder\"\n                title=\"This contact has been encoded by Anti-Spam by CleanTalk. Click to decode. To finish the decoding make sure that JavaScript is enabled in your browser.\">of<span class=\"apbct-blur\">****@ed****.<\/span>uk<\/span><\/p>\n<div class=\"fusion-text\">\n<p>&nbsp;<\/p>\n<p class=\"font_8\"><span><strong>B\u0119d\u0105c cz\u0142onkiem naszego teamu otrzymasz:<\/strong><\/span><\/p>\n<ul>\n<li><span>Najlepsi ambasadorzy maj\u0105 szans\u0119 na awans w strukturach organizacji, dzi\u0119ki czemu jeszcze na wczesnym etapie edukacji dostaj\u0105 mo\u017cliwo\u015b\u0107 zdobycia do\u015bwiadczenia praktycznego na poziomie menad\u017cerskim,<\/span><\/li>\n<li><span>Pe\u0142ny trening, zaczynaj\u0105c od procesu aplikacji ko\u0144cz\u0105c na zagadnieniach czysto marketingowych,<\/span><\/li>\n<li><span>Wsparcie innych cz\u0142onk\u00f3w programu,<\/span><\/li>\n<li><span>Materia\u0142y szkoleniowo-promocyjne,<\/span><\/li>\n<li><span>Zwrot koszt\u00f3w logistycznych.<\/span><\/li>\n<\/ul>\n<p class=\"font_8\"><a href=\"https:\/\/wa.me\/447511807765\"><span><strong>Skontaktuj si\u0119 z nami!<\/strong><\/span><\/a><\/p>\n<\/div>\n","protected":false},"excerpt":{"rendered":"<p>Program Ambasadorski Edu4u Je\u015bli znasz kogo\u015b, kto chcia\u0142by aplikowa\u0107 na brytyjski uniwersytet lub college, daj nam zna\u0107! Naszym ambasadorom oferujemy od \u00a3700 &#8211; \u00a31000 funt\u00f3w za ka\u017cdego studenta. Mo\u017cesz poleci\u0107 znajomego, rodzin\u0119, a nawet rozpocz\u0105\u0107 rekrutacj\u0119 do Edu4u i do\u0142\u0105czy\u0107 do naszego Zespo\u0142u! Nasi aplikanci cz\u0119sto dowiadywali si\u0119 o mo\u017cliwo\u015bci [&hellip;]<\/p>\n","protected":false},"author":1,"featured_media":0,"parent":0,"menu_order":0,"comment_status":"closed","ping_status":"closed","template":"","meta":{"_acf_changed":false,"footnotes":""},"class_list":["post-251","page","type-page","status-publish","hentry"],"acf":[],"yoast_head":"<!-- This site is optimized with the Yoast SEO plugin v24.0 - https:\/\/yoast.com\/wordpress\/plugins\/seo\/ -->\n<title>Nasz program ambasadorski | Bezp\u0142atna pomoc | Edu4u<\/title>\n<meta name=\"robots\" content=\"index, follow, max-snippet:-1, max-image-preview:large, max-video-preview:-1\" \/>\n<link rel=\"canonical\" href=\"https:\/\/edu-4u.uk\/pl\/nasz-program-ambasadorski\/\" \/>\n<meta property=\"og:locale\" content=\"pl_PL\" \/>\n<meta property=\"og:type\" content=\"article\" \/>\n<meta property=\"og:title\" content=\"Nasz program ambasadorski | Bezp\u0142atna pomoc | Edu4u\" \/>\n<meta property=\"og:description\" content=\"Program Ambasadorski Edu4u Je\u015bli znasz kogo\u015b, kto chcia\u0142by aplikowa\u0107 na brytyjski uniwersytet lub college, daj nam zna\u0107! Naszym ambasadorom oferujemy od \u00a3700 &#8211; \u00a31000 funt\u00f3w za ka\u017cdego studenta. Mo\u017cesz poleci\u0107 znajomego, rodzin\u0119, a nawet rozpocz\u0105\u0107 rekrutacj\u0119 do Edu4u i do\u0142\u0105czy\u0107 do naszego Zespo\u0142u! Nasi aplikanci cz\u0119sto dowiadywali si\u0119 o mo\u017cliwo\u015bci [&hellip;]\" \/>\n<meta property=\"og:url\" content=\"https:\/\/edu-4u.uk\/pl\/nasz-program-ambasadorski\/\" \/>\n<meta property=\"og:site_name\" content=\"Bezp\u0142atna pomoc | Edu4u\" \/>\n<meta property=\"article:publisher\" content=\"https:\/\/www.facebook.com\/Edu4uStudiaAnglia\/\" \/>\n<meta property=\"article:modified_time\" content=\"2025-04-21T01:19:12+00:00\" \/>\n<meta property=\"og:image\" content=\"https:\/\/static.wixstatic.com\/media\/19fdab20a31144fc87f36b7db734297d.jpg\/v1\/fill\/w_914,h_400,al_c,q_90\/19fdab20a31144fc87f36b7db734297d.webp\" \/>\n<meta name=\"twitter:label1\" content=\"Szacowany czas czytania\" \/>\n\t<meta name=\"twitter:data1\" content=\"2 minuty\" \/>\n<script type=\"application\/ld+json\" class=\"yoast-schema-graph\">{\"@context\":\"https:\/\/schema.org\",\"@graph\":[{\"@type\":\"WebPage\",\"@id\":\"https:\/\/edu-4u.uk\/pl\/nasz-program-ambasadorski\/\",\"url\":\"https:\/\/edu-4u.uk\/pl\/nasz-program-ambasadorski\/\",\"name\":\"Nasz program ambasadorski | Bezp\u0142atna pomoc | Edu4u\",\"isPartOf\":{\"@id\":\"https:\/\/edu-4u.uk\/pl\/#website\"},\"primaryImageOfPage\":{\"@id\":\"https:\/\/edu-4u.uk\/pl\/nasz-program-ambasadorski\/#primaryimage\"},\"image\":{\"@id\":\"https:\/\/edu-4u.uk\/pl\/nasz-program-ambasadorski\/#primaryimage\"},\"thumbnailUrl\":\"https:\/\/static.wixstatic.com\/media\/19fdab20a31144fc87f36b7db734297d.jpg\/v1\/fill\/w_914,h_400,al_c,q_90\/19fdab20a31144fc87f36b7db734297d.webp\",\"datePublished\":\"2018-11-26T15:30:29+00:00\",\"dateModified\":\"2025-04-21T01:19:12+00:00\",\"breadcrumb\":{\"@id\":\"https:\/\/edu-4u.uk\/pl\/nasz-program-ambasadorski\/#breadcrumb\"},\"inLanguage\":\"pl-PL\",\"potentialAction\":[{\"@type\":\"ReadAction\",\"target\":[\"https:\/\/edu-4u.uk\/pl\/nasz-program-ambasadorski\/\"]}]},{\"@type\":\"ImageObject\",\"inLanguage\":\"pl-PL\",\"@id\":\"https:\/\/edu-4u.uk\/pl\/nasz-program-ambasadorski\/#primaryimage\",\"url\":\"https:\/\/static.wixstatic.com\/media\/19fdab20a31144fc87f36b7db734297d.jpg\/v1\/fill\/w_914,h_400,al_c,q_90\/19fdab20a31144fc87f36b7db734297d.webp\",\"contentUrl\":\"https:\/\/static.wixstatic.com\/media\/19fdab20a31144fc87f36b7db734297d.jpg\/v1\/fill\/w_914,h_400,al_c,q_90\/19fdab20a31144fc87f36b7db734297d.webp\"},{\"@type\":\"BreadcrumbList\",\"@id\":\"https:\/\/edu-4u.uk\/pl\/nasz-program-ambasadorski\/#breadcrumb\",\"itemListElement\":[{\"@type\":\"ListItem\",\"position\":1,\"name\":\"Strona g\u0142\u00f3wna\",\"item\":\"https:\/\/edu-4u.uk\/pl\/\"},{\"@type\":\"ListItem\",\"position\":2,\"name\":\"Nasz program ambasadorski\"}]},{\"@type\":\"WebSite\",\"@id\":\"https:\/\/edu-4u.uk\/pl\/#website\",\"url\":\"https:\/\/edu-4u.uk\/pl\/\",\"name\":\"Edu4u StudyUK | Free Help\",\"description\":\"Zacznij studia w UK z Edu4u!\",\"publisher\":{\"@id\":\"https:\/\/edu-4u.uk\/pl\/#organization\"},\"potentialAction\":[{\"@type\":\"SearchAction\",\"target\":{\"@type\":\"EntryPoint\",\"urlTemplate\":\"https:\/\/edu-4u.uk\/pl\/?s={search_term_string}\"},\"query-input\":{\"@type\":\"PropertyValueSpecification\",\"valueRequired\":true,\"valueName\":\"search_term_string\"}}],\"inLanguage\":\"pl-PL\"},{\"@type\":\"Organization\",\"@id\":\"https:\/\/edu-4u.uk\/pl\/#organization\",\"name\":\"Edu4u Study in UK\",\"url\":\"https:\/\/edu-4u.uk\/pl\/\",\"logo\":{\"@type\":\"ImageObject\",\"inLanguage\":\"pl-PL\",\"@id\":\"https:\/\/edu-4u.uk\/pl\/#\/schema\/logo\/image\/\",\"url\":\"https:\/\/edu-4u.uk\/wp-content\/uploads\/2023\/06\/Logo-1.svg\",\"contentUrl\":\"https:\/\/edu-4u.uk\/wp-content\/uploads\/2023\/06\/Logo-1.svg\",\"width\":168,\"height\":43,\"caption\":\"Edu4u Study in UK\"},\"image\":{\"@id\":\"https:\/\/edu-4u.uk\/pl\/#\/schema\/logo\/image\/\"},\"sameAs\":[\"https:\/\/www.facebook.com\/Edu4uStudiaAnglia\/\",\"https:\/\/www.tiktok.com\/@edu4u_settled_status_\",\"https:\/\/www.instagram.com\/edu4u_polska\/?hl=en\",\"https:\/\/www.youtube.com\/@Edu4u_Settled_Status\",\"https:\/\/www.facebook.com\/Edu4uSettledStatus\/\",\"https:\/\/www.instagram.com\/edu4u_settled_status\/\",\"https:\/\/www.tiktok.com\/@edu4u_studyuk\"]}]}<\/script>\n<!-- \/ Yoast SEO plugin. -->","yoast_head_json":{"title":"Nasz program ambasadorski | Bezp\u0142atna pomoc | Edu4u","robots":{"index":"index","follow":"follow","max-snippet":"max-snippet:-1","max-image-preview":"max-image-preview:large","max-video-preview":"max-video-preview:-1"},"canonical":"https:\/\/edu-4u.uk\/pl\/nasz-program-ambasadorski\/","og_locale":"pl_PL","og_type":"article","og_title":"Nasz program ambasadorski | Bezp\u0142atna pomoc | Edu4u","og_description":"Program Ambasadorski Edu4u Je\u015bli znasz kogo\u015b, kto chcia\u0142by aplikowa\u0107 na brytyjski uniwersytet lub college, daj nam zna\u0107! Naszym ambasadorom oferujemy od \u00a3700 &#8211; \u00a31000 funt\u00f3w za ka\u017cdego studenta. Mo\u017cesz poleci\u0107 znajomego, rodzin\u0119, a nawet rozpocz\u0105\u0107 rekrutacj\u0119 do Edu4u i do\u0142\u0105czy\u0107 do naszego Zespo\u0142u! Nasi aplikanci cz\u0119sto dowiadywali si\u0119 o mo\u017cliwo\u015bci [&hellip;]","og_url":"https:\/\/edu-4u.uk\/pl\/nasz-program-ambasadorski\/","og_site_name":"Bezp\u0142atna pomoc | Edu4u","article_publisher":"https:\/\/www.facebook.com\/Edu4uStudiaAnglia\/","article_modified_time":"2025-04-21T01:19:12+00:00","og_image":[{"url":"https:\/\/static.wixstatic.com\/media\/19fdab20a31144fc87f36b7db734297d.jpg\/v1\/fill\/w_914,h_400,al_c,q_90\/19fdab20a31144fc87f36b7db734297d.webp","type":"","width":"","height":""}],"twitter_misc":{"Szacowany czas czytania":"2 minuty"},"schema":{"@context":"https:\/\/schema.org","@graph":[{"@type":"WebPage","@id":"https:\/\/edu-4u.uk\/pl\/nasz-program-ambasadorski\/","url":"https:\/\/edu-4u.uk\/pl\/nasz-program-ambasadorski\/","name":"Nasz program ambasadorski | Bezp\u0142atna pomoc | Edu4u","isPartOf":{"@id":"https:\/\/edu-4u.uk\/pl\/#website"},"primaryImageOfPage":{"@id":"https:\/\/edu-4u.uk\/pl\/nasz-program-ambasadorski\/#primaryimage"},"image":{"@id":"https:\/\/edu-4u.uk\/pl\/nasz-program-ambasadorski\/#primaryimage"},"thumbnailUrl":"https:\/\/static.wixstatic.com\/media\/19fdab20a31144fc87f36b7db734297d.jpg\/v1\/fill\/w_914,h_400,al_c,q_90\/19fdab20a31144fc87f36b7db734297d.webp","datePublished":"2018-11-26T15:30:29+00:00","dateModified":"2025-04-21T01:19:12+00:00","breadcrumb":{"@id":"https:\/\/edu-4u.uk\/pl\/nasz-program-ambasadorski\/#breadcrumb"},"inLanguage":"pl-PL","potentialAction":[{"@type":"ReadAction","target":["https:\/\/edu-4u.uk\/pl\/nasz-program-ambasadorski\/"]}]},{"@type":"ImageObject","inLanguage":"pl-PL","@id":"https:\/\/edu-4u.uk\/pl\/nasz-program-ambasadorski\/#primaryimage","url":"https:\/\/static.wixstatic.com\/media\/19fdab20a31144fc87f36b7db734297d.jpg\/v1\/fill\/w_914,h_400,al_c,q_90\/19fdab20a31144fc87f36b7db734297d.webp","contentUrl":"https:\/\/static.wixstatic.com\/media\/19fdab20a31144fc87f36b7db734297d.jpg\/v1\/fill\/w_914,h_400,al_c,q_90\/19fdab20a31144fc87f36b7db734297d.webp"},{"@type":"BreadcrumbList","@id":"https:\/\/edu-4u.uk\/pl\/nasz-program-ambasadorski\/#breadcrumb","itemListElement":[{"@type":"ListItem","position":1,"name":"Strona g\u0142\u00f3wna","item":"https:\/\/edu-4u.uk\/pl\/"},{"@type":"ListItem","position":2,"name":"Nasz program ambasadorski"}]},{"@type":"WebSite","@id":"https:\/\/edu-4u.uk\/pl\/#website","url":"https:\/\/edu-4u.uk\/pl\/","name":"Edu4u StudyUK | Free Help","description":"Zacznij studia w UK z Edu4u!","publisher":{"@id":"https:\/\/edu-4u.uk\/pl\/#organization"},"potentialAction":[{"@type":"SearchAction","target":{"@type":"EntryPoint","urlTemplate":"https:\/\/edu-4u.uk\/pl\/?s={search_term_string}"},"query-input":{"@type":"PropertyValueSpecification","valueRequired":true,"valueName":"search_term_string"}}],"inLanguage":"pl-PL"},{"@type":"Organization","@id":"https:\/\/edu-4u.uk\/pl\/#organization","name":"Edu4u Study in UK","url":"https:\/\/edu-4u.uk\/pl\/","logo":{"@type":"ImageObject","inLanguage":"pl-PL","@id":"https:\/\/edu-4u.uk\/pl\/#\/schema\/logo\/image\/","url":"https:\/\/edu-4u.uk\/wp-content\/uploads\/2023\/06\/Logo-1.svg","contentUrl":"https:\/\/edu-4u.uk\/wp-content\/uploads\/2023\/06\/Logo-1.svg","width":168,"height":43,"caption":"Edu4u Study in UK"},"image":{"@id":"https:\/\/edu-4u.uk\/pl\/#\/schema\/logo\/image\/"},"sameAs":["https:\/\/www.facebook.com\/Edu4uStudiaAnglia\/","https:\/\/www.tiktok.com\/@edu4u_settled_status_","https:\/\/www.instagram.com\/edu4u_polska\/?hl=en","https:\/\/www.youtube.com\/@Edu4u_Settled_Status","https:\/\/www.facebook.com\/Edu4uSettledStatus\/","https:\/\/www.instagram.com\/edu4u_settled_status\/","https:\/\/www.tiktok.com\/@edu4u_studyuk"]}]}},"_links":{"self":[{"href":"https:\/\/edu-4u.uk\/pl\/wp-json\/wp\/v2\/pages\/251","targetHints":{"allow":["GET"]}}],"collection":[{"href":"https:\/\/edu-4u.uk\/pl\/wp-json\/wp\/v2\/pages"}],"about":[{"href":"https:\/\/edu-4u.uk\/pl\/wp-json\/wp\/v2\/types\/page"}],"author":[{"embeddable":true,"href":"https:\/\/edu-4u.uk\/pl\/wp-json\/wp\/v2\/users\/1"}],"replies":[{"embeddable":true,"href":"https:\/\/edu-4u.uk\/pl\/wp-json\/wp\/v2\/comments?post=251"}],"version-history":[{"count":6,"href":"https:\/\/edu-4u.uk\/pl\/wp-json\/wp\/v2\/pages\/251\/revisions"}],"predecessor-version":[{"id":24777,"href":"https:\/\/edu-4u.uk\/pl\/wp-json\/wp\/v2\/pages\/251\/revisions\/24777"}],"wp:attachment":[{"href":"https:\/\/edu-4u.uk\/pl\/wp-json\/wp\/v2\/media?parent=251"}],"curies":[{"name":"wp","href":"https:\/\/api.w.org\/{rel}","templated":true}]}}