{"id":2328,"date":"2022-04-03T20:20:14","date_gmt":"2022-04-03T18:20:14","guid":{"rendered":"https:\/\/edu-4u.uk\/?page_id=2328"},"modified":"2022-04-03T20:24:23","modified_gmt":"2022-04-03T18:24:23","slug":"uniwersytety","status":"publish","type":"page","link":"https:\/\/edu-4u.uk\/pl\/uniwersytety\/","title":{"rendered":"Uniwersytety"},"content":{"rendered":"\t\t<div data-elementor-type=\"wp-page\" data-elementor-id=\"2328\" class=\"elementor elementor-2328\">\n\t\t\t\t\t\t<section class=\"elementor-section elementor-top-section elementor-element elementor-element-fddb788 elementor-section-boxed elementor-section-height-default elementor-section-height-default\" data-id=\"fddb788\" data-element_type=\"section\">\n\t\t\t\t\t\t<div class=\"elementor-container elementor-column-gap-default\">\n\t\t\t\t\t<div class=\"elementor-column elementor-col-100 elementor-top-column elementor-element elementor-element-b0f2809\" data-id=\"b0f2809\" data-element_type=\"column\">\n\t\t\t<div class=\"elementor-widget-wrap elementor-element-populated\">\n\t\t\t\t\t\t<div class=\"elementor-element elementor-element-e36b353 elementor-widget elementor-widget-spacer\" data-id=\"e36b353\" data-element_type=\"widget\" data-widget_type=\"spacer.default\">\n\t\t\t\t<div class=\"elementor-widget-container\">\n\t\t\t\t\t\t\t<div class=\"elementor-spacer\">\n\t\t\t<div class=\"elementor-spacer-inner\"><\/div>\n\t\t<\/div>\n\t\t\t\t\t\t<\/div>\n\t\t\t\t<\/div>\n\t\t\t\t<div class=\"elementor-element elementor-element-225686d elementor-widget elementor-widget-heading\" data-id=\"225686d\" data-element_type=\"widget\" data-widget_type=\"heading.default\">\n\t\t\t\t<div class=\"elementor-widget-container\">\n\t\t\t\t\t<h1 class=\"elementor-heading-title elementor-size-default\">Uniwersytety z kt\u00f3rymi wsp\u00f3\u0142pracujemy:<\/h1>\t\t\t\t<\/div>\n\t\t\t\t<\/div>\n\t\t\t\t\t<\/div>\n\t\t<\/div>\n\t\t\t\t\t<\/div>\n\t\t<\/section>\n\t\t\t\t<section class=\"elementor-section elementor-top-section elementor-element elementor-element-6879be6 elementor-section-boxed elementor-section-height-default elementor-section-height-default\" data-id=\"6879be6\" data-element_type=\"section\">\n\t\t\t\t\t\t<div class=\"elementor-container elementor-column-gap-default\">\n\t\t\t\t\t<div class=\"elementor-column elementor-col-100 elementor-top-column elementor-element elementor-element-679440c\" data-id=\"679440c\" data-element_type=\"column\">\n\t\t\t<div class=\"elementor-widget-wrap elementor-element-populated\">\n\t\t\t\t\t\t<div class=\"elementor-element elementor-element-7e3344e elementor-widget elementor-widget-image-gallery\" data-id=\"7e3344e\" data-element_type=\"widget\" data-widget_type=\"image-gallery.default\">\n\t\t\t\t<div class=\"elementor-widget-container\">\n\t\t\t\t\t\t\t<div class=\"elementor-image-gallery\">\n\t\t\t\n\t\t<style type=\"text\/css\">\n\t\t\t#gallery-1 {\n\t\t\t\tmargin: auto;\n\t\t\t}\n\t\t\t#gallery-1 .gallery-item {\n\t\t\t\tfloat: left;\n\t\t\t\tmargin-top: 10px;\n\t\t\t\ttext-align: center;\n\t\t\t\twidth: 25%;\n\t\t\t}\n\t\t\t#gallery-1 img {\n\t\t\t\tborder: 2px solid #cfcfcf;\n\t\t\t}\n\t\t\t#gallery-1 .gallery-caption {\n\t\t\t\tmargin-left: 0;\n\t\t\t}\n\t\t\t\/* see gallery_shortcode() in wp-includes\/media.php *\/\n\t\t<\/style>\n\t\t<div id='gallery-1' class='gallery galleryid-2328 gallery-columns-4 gallery-size-full'><dl class='gallery-item'>\n\t\t\t<dt class='gallery-icon landscape'>\n\t\t\t\t<img fetchpriority=\"high\" decoding=\"async\" width=\"350\" height=\"200\" src=\"https:\/\/edu-4u.uk\/wp-content\/uploads\/2022\/04\/logo1.png\" class=\"attachment-full size-full\" alt=\"\" srcset=\"https:\/\/b3292720.smushcdn.com\/3292720\/wp-content\/uploads\/2022\/04\/logo1.png?lossy=2&amp;strip=1&amp;webp=1 350w, https:\/\/b3292720.smushcdn.com\/3292720\/wp-content\/uploads\/2022\/04\/logo1-300x171.png?lossy=2&amp;strip=1&amp;webp=1 300w\" sizes=\"(max-width: 350px) 100vw, 350px\" \/>\n\t\t\t<\/dt><\/dl><dl class='gallery-item'>\n\t\t\t<dt class='gallery-icon landscape'>\n\t\t\t\t<img decoding=\"async\" width=\"350\" height=\"200\" data-src=\"https:\/\/edu-4u.uk\/wp-content\/uploads\/2022\/04\/logo2.png\" class=\"attachment-full size-full lazyload\" alt=\"\" data-srcset=\"https:\/\/b3292720.smushcdn.com\/3292720\/wp-content\/uploads\/2022\/04\/logo2.png?lossy=2&amp;strip=1&amp;webp=1 350w, https:\/\/b3292720.smushcdn.com\/3292720\/wp-content\/uploads\/2022\/04\/logo2-300x171.png?lossy=2&amp;strip=1&amp;webp=1 300w\" data-sizes=\"(max-width: 350px) 100vw, 350px\" src=\"data:image\/gif;base64,R0lGODlhAQABAAAAACH5BAEKAAEALAAAAAABAAEAAAICTAEAOw==\" style=\"--smush-placeholder-width: 350px; --smush-placeholder-aspect-ratio: 350\/200;\" \/>\n\t\t\t<\/dt><\/dl><dl class='gallery-item'>\n\t\t\t<dt class='gallery-icon landscape'>\n\t\t\t\t<img decoding=\"async\" width=\"350\" height=\"200\" data-src=\"https:\/\/edu-4u.uk\/wp-content\/uploads\/2022\/04\/logo3.png\" class=\"attachment-full size-full lazyload\" alt=\"\" data-srcset=\"https:\/\/b3292720.smushcdn.com\/3292720\/wp-content\/uploads\/2022\/04\/logo3.png?lossy=2&amp;strip=1&amp;webp=1 350w, https:\/\/b3292720.smushcdn.com\/3292720\/wp-content\/uploads\/2022\/04\/logo3-300x171.png?lossy=2&amp;strip=1&amp;webp=1 300w\" data-sizes=\"(max-width: 350px) 100vw, 350px\" src=\"data:image\/gif;base64,R0lGODlhAQABAAAAACH5BAEKAAEALAAAAAABAAEAAAICTAEAOw==\" style=\"--smush-placeholder-width: 350px; --smush-placeholder-aspect-ratio: 350\/200;\" \/>\n\t\t\t<\/dt><\/dl><dl class='gallery-item'>\n\t\t\t<dt class='gallery-icon landscape'>\n\t\t\t\t<img decoding=\"async\" width=\"350\" height=\"200\" data-src=\"https:\/\/edu-4u.uk\/wp-content\/uploads\/2022\/04\/logo4.png\" class=\"attachment-full size-full lazyload\" alt=\"\" data-srcset=\"https:\/\/b3292720.smushcdn.com\/3292720\/wp-content\/uploads\/2022\/04\/logo4.png?lossy=2&amp;strip=1&amp;webp=1 350w, https:\/\/b3292720.smushcdn.com\/3292720\/wp-content\/uploads\/2022\/04\/logo4-300x171.png?lossy=2&amp;strip=1&amp;webp=1 300w\" data-sizes=\"(max-width: 350px) 100vw, 350px\" src=\"data:image\/gif;base64,R0lGODlhAQABAAAAACH5BAEKAAEALAAAAAABAAEAAAICTAEAOw==\" style=\"--smush-placeholder-width: 350px; --smush-placeholder-aspect-ratio: 350\/200;\" \/>\n\t\t\t<\/dt><\/dl><br style=\"clear: both\" \/><dl class='gallery-item'>\n\t\t\t<dt class='gallery-icon landscape'>\n\t\t\t\t<img decoding=\"async\" width=\"350\" height=\"200\" data-src=\"https:\/\/edu-4u.uk\/wp-content\/uploads\/2022\/04\/logo5.png\" class=\"attachment-full size-full lazyload\" alt=\"University of Bradford\" data-srcset=\"https:\/\/b3292720.smushcdn.com\/3292720\/wp-content\/uploads\/2022\/04\/logo5.png?lossy=2&amp;strip=1&amp;webp=1 350w, https:\/\/b3292720.smushcdn.com\/3292720\/wp-content\/uploads\/2022\/04\/logo5-300x171.png?lossy=2&amp;strip=1&amp;webp=1 300w\" data-sizes=\"(max-width: 350px) 100vw, 350px\" src=\"data:image\/gif;base64,R0lGODlhAQABAAAAACH5BAEKAAEALAAAAAABAAEAAAICTAEAOw==\" style=\"--smush-placeholder-width: 350px; --smush-placeholder-aspect-ratio: 350\/200;\" \/>\n\t\t\t<\/dt><\/dl><dl class='gallery-item'>\n\t\t\t<dt class='gallery-icon landscape'>\n\t\t\t\t<img decoding=\"async\" width=\"350\" height=\"200\" data-src=\"https:\/\/edu-4u.uk\/wp-content\/uploads\/2022\/04\/logo6.png\" class=\"attachment-full size-full lazyload\" alt=\"\" data-srcset=\"https:\/\/b3292720.smushcdn.com\/3292720\/wp-content\/uploads\/2022\/04\/logo6.png?lossy=2&amp;strip=1&amp;webp=1 350w, https:\/\/b3292720.smushcdn.com\/3292720\/wp-content\/uploads\/2022\/04\/logo6-300x171.png?lossy=2&amp;strip=1&amp;webp=1 300w\" data-sizes=\"(max-width: 350px) 100vw, 350px\" src=\"data:image\/gif;base64,R0lGODlhAQABAAAAACH5BAEKAAEALAAAAAABAAEAAAICTAEAOw==\" style=\"--smush-placeholder-width: 350px; --smush-placeholder-aspect-ratio: 350\/200;\" \/>\n\t\t\t<\/dt><\/dl><dl class='gallery-item'>\n\t\t\t<dt class='gallery-icon landscape'>\n\t\t\t\t<img decoding=\"async\" width=\"350\" height=\"200\" data-src=\"https:\/\/edu-4u.uk\/wp-content\/uploads\/2022\/04\/logo7.png\" class=\"attachment-full size-full lazyload\" alt=\"\" data-srcset=\"https:\/\/b3292720.smushcdn.com\/3292720\/wp-content\/uploads\/2022\/04\/logo7.png?lossy=2&amp;strip=1&amp;webp=1 350w, https:\/\/b3292720.smushcdn.com\/3292720\/wp-content\/uploads\/2022\/04\/logo7-300x171.png?lossy=2&amp;strip=1&amp;webp=1 300w\" data-sizes=\"(max-width: 350px) 100vw, 350px\" src=\"data:image\/gif;base64,R0lGODlhAQABAAAAACH5BAEKAAEALAAAAAABAAEAAAICTAEAOw==\" style=\"--smush-placeholder-width: 350px; --smush-placeholder-aspect-ratio: 350\/200;\" \/>\n\t\t\t<\/dt><\/dl><dl class='gallery-item'>\n\t\t\t<dt class='gallery-icon landscape'>\n\t\t\t\t<img decoding=\"async\" width=\"350\" height=\"200\" data-src=\"https:\/\/edu-4u.uk\/wp-content\/uploads\/2022\/04\/logo8.png\" class=\"attachment-full size-full lazyload\" alt=\"\" data-srcset=\"https:\/\/b3292720.smushcdn.com\/3292720\/wp-content\/uploads\/2022\/04\/logo8.png?lossy=2&amp;strip=1&amp;webp=1 350w, https:\/\/b3292720.smushcdn.com\/3292720\/wp-content\/uploads\/2022\/04\/logo8-300x171.png?lossy=2&amp;strip=1&amp;webp=1 300w\" data-sizes=\"(max-width: 350px) 100vw, 350px\" src=\"data:image\/gif;base64,R0lGODlhAQABAAAAACH5BAEKAAEALAAAAAABAAEAAAICTAEAOw==\" style=\"--smush-placeholder-width: 350px; --smush-placeholder-aspect-ratio: 350\/200;\" \/>\n\t\t\t<\/dt><\/dl><br style=\"clear: both\" \/><dl class='gallery-item'>\n\t\t\t<dt class='gallery-icon landscape'>\n\t\t\t\t<img decoding=\"async\" width=\"350\" height=\"200\" data-src=\"https:\/\/edu-4u.uk\/wp-content\/uploads\/2022\/04\/logo9.png\" class=\"attachment-full size-full lazyload\" alt=\"\" data-srcset=\"https:\/\/b3292720.smushcdn.com\/3292720\/wp-content\/uploads\/2022\/04\/logo9.png?lossy=2&amp;strip=1&amp;webp=1 350w, https:\/\/b3292720.smushcdn.com\/3292720\/wp-content\/uploads\/2022\/04\/logo9-300x171.png?lossy=2&amp;strip=1&amp;webp=1 300w\" data-sizes=\"(max-width: 350px) 100vw, 350px\" src=\"data:image\/gif;base64,R0lGODlhAQABAAAAACH5BAEKAAEALAAAAAABAAEAAAICTAEAOw==\" style=\"--smush-placeholder-width: 350px; --smush-placeholder-aspect-ratio: 350\/200;\" \/>\n\t\t\t<\/dt><\/dl><dl class='gallery-item'>\n\t\t\t<dt class='gallery-icon landscape'>\n\t\t\t\t<img decoding=\"async\" width=\"350\" height=\"200\" data-src=\"https:\/\/edu-4u.uk\/wp-content\/uploads\/2022\/04\/logo10.png\" class=\"attachment-full size-full lazyload\" alt=\"\" data-srcset=\"https:\/\/b3292720.smushcdn.com\/3292720\/wp-content\/uploads\/2022\/04\/logo10.png?lossy=2&amp;strip=1&amp;webp=1 350w, https:\/\/b3292720.smushcdn.com\/3292720\/wp-content\/uploads\/2022\/04\/logo10-300x171.png?lossy=2&amp;strip=1&amp;webp=1 300w\" data-sizes=\"(max-width: 350px) 100vw, 350px\" src=\"data:image\/gif;base64,R0lGODlhAQABAAAAACH5BAEKAAEALAAAAAABAAEAAAICTAEAOw==\" style=\"--smush-placeholder-width: 350px; --smush-placeholder-aspect-ratio: 350\/200;\" \/>\n\t\t\t<\/dt><\/dl><dl class='gallery-item'>\n\t\t\t<dt class='gallery-icon landscape'>\n\t\t\t\t<img decoding=\"async\" width=\"350\" height=\"200\" data-src=\"https:\/\/edu-4u.uk\/wp-content\/uploads\/2022\/04\/logo11.png\" class=\"attachment-full size-full lazyload\" alt=\"University of Portsmouth\" data-srcset=\"https:\/\/b3292720.smushcdn.com\/3292720\/wp-content\/uploads\/2022\/04\/logo11.png?lossy=2&amp;strip=1&amp;webp=1 350w, https:\/\/b3292720.smushcdn.com\/3292720\/wp-content\/uploads\/2022\/04\/logo11-300x171.png?lossy=2&amp;strip=1&amp;webp=1 300w\" data-sizes=\"(max-width: 350px) 100vw, 350px\" src=\"data:image\/gif;base64,R0lGODlhAQABAAAAACH5BAEKAAEALAAAAAABAAEAAAICTAEAOw==\" style=\"--smush-placeholder-width: 350px; --smush-placeholder-aspect-ratio: 350\/200;\" \/>\n\t\t\t<\/dt><\/dl>\n\t\t\t<br style='clear: both' \/>\n\t\t<\/div>\n\t\t<\/div>\n\t\t\t\t\t\t<\/div>\n\t\t\t\t<\/div>\n\t\t\t\t\t<\/div>\n\t\t<\/div>\n\t\t\t\t\t<\/div>\n\t\t<\/section>\n\t\t\t\t<\/div>\n\t\t","protected":false},"excerpt":{"rendered":"<p>Uniwersytety z kt\u00f3rymi wsp\u00f3\u0142pracujemy:<\/p>\n","protected":false},"author":1,"featured_media":0,"parent":0,"menu_order":0,"comment_status":"closed","ping_status":"closed","template":"page-templates\/template-pagebuilder-full-width.php","meta":{"_acf_changed":false,"footnotes":""},"class_list":["post-2328","page","type-page","status-publish","hentry"],"acf":[],"yoast_head":"<!-- This site is optimized with the Yoast SEO plugin v24.0 - https:\/\/yoast.com\/wordpress\/plugins\/seo\/ -->\n<title>Uniwersytety | Bezp\u0142atna pomoc | Edu4u<\/title>\n<meta name=\"robots\" content=\"index, follow, max-snippet:-1, max-image-preview:large, max-video-preview:-1\" \/>\n<link rel=\"canonical\" href=\"https:\/\/edu-4u.uk\/pl\/uniwersytety\/\" \/>\n<meta property=\"og:locale\" content=\"pl_PL\" \/>\n<meta property=\"og:type\" content=\"article\" \/>\n<meta property=\"og:title\" content=\"Uniwersytety | Bezp\u0142atna pomoc | Edu4u\" \/>\n<meta property=\"og:description\" content=\"Uniwersytety z kt\u00f3rymi wsp\u00f3\u0142pracujemy:\" \/>\n<meta property=\"og:url\" content=\"https:\/\/edu-4u.uk\/pl\/uniwersytety\/\" \/>\n<meta property=\"og:site_name\" content=\"Bezp\u0142atna pomoc | Edu4u\" \/>\n<meta property=\"article:publisher\" content=\"https:\/\/www.facebook.com\/Edu4uStudiaAnglia\/\" \/>\n<meta property=\"article:modified_time\" content=\"2022-04-03T18:24:23+00:00\" \/>\n<meta property=\"og:image\" content=\"https:\/\/edu-4u.uk\/wp-content\/uploads\/2022\/04\/logo1.png\" \/>\n<script type=\"application\/ld+json\" class=\"yoast-schema-graph\">{\"@context\":\"https:\/\/schema.org\",\"@graph\":[{\"@type\":\"WebPage\",\"@id\":\"https:\/\/edu-4u.uk\/pl\/uniwersytety\/\",\"url\":\"https:\/\/edu-4u.uk\/pl\/uniwersytety\/\",\"name\":\"Uniwersytety | Bezp\u0142atna pomoc | Edu4u\",\"isPartOf\":{\"@id\":\"https:\/\/edu-4u.uk\/pl\/#website\"},\"primaryImageOfPage\":{\"@id\":\"https:\/\/edu-4u.uk\/pl\/uniwersytety\/#primaryimage\"},\"image\":{\"@id\":\"https:\/\/edu-4u.uk\/pl\/uniwersytety\/#primaryimage\"},\"thumbnailUrl\":\"https:\/\/edu-4u.uk\/wp-content\/uploads\/2022\/04\/logo1.png\",\"datePublished\":\"2022-04-03T18:20:14+00:00\",\"dateModified\":\"2022-04-03T18:24:23+00:00\",\"breadcrumb\":{\"@id\":\"https:\/\/edu-4u.uk\/pl\/uniwersytety\/#breadcrumb\"},\"inLanguage\":\"pl-PL\",\"potentialAction\":[{\"@type\":\"ReadAction\",\"target\":[\"https:\/\/edu-4u.uk\/pl\/uniwersytety\/\"]}]},{\"@type\":\"ImageObject\",\"inLanguage\":\"pl-PL\",\"@id\":\"https:\/\/edu-4u.uk\/pl\/uniwersytety\/#primaryimage\",\"url\":\"https:\/\/edu-4u.uk\/wp-content\/uploads\/2022\/04\/logo1.png\",\"contentUrl\":\"https:\/\/edu-4u.uk\/wp-content\/uploads\/2022\/04\/logo1.png\"},{\"@type\":\"BreadcrumbList\",\"@id\":\"https:\/\/edu-4u.uk\/pl\/uniwersytety\/#breadcrumb\",\"itemListElement\":[{\"@type\":\"ListItem\",\"position\":1,\"name\":\"Strona g\u0142\u00f3wna\",\"item\":\"https:\/\/edu-4u.uk\/pl\/\"},{\"@type\":\"ListItem\",\"position\":2,\"name\":\"Uniwersytety\"}]},{\"@type\":\"WebSite\",\"@id\":\"https:\/\/edu-4u.uk\/pl\/#website\",\"url\":\"https:\/\/edu-4u.uk\/pl\/\",\"name\":\"Edu4u StudyUK | Free Help\",\"description\":\"Zacznij studia w UK z Edu4u!\",\"publisher\":{\"@id\":\"https:\/\/edu-4u.uk\/pl\/#organization\"},\"potentialAction\":[{\"@type\":\"SearchAction\",\"target\":{\"@type\":\"EntryPoint\",\"urlTemplate\":\"https:\/\/edu-4u.uk\/pl\/?s={search_term_string}\"},\"query-input\":{\"@type\":\"PropertyValueSpecification\",\"valueRequired\":true,\"valueName\":\"search_term_string\"}}],\"inLanguage\":\"pl-PL\"},{\"@type\":\"Organization\",\"@id\":\"https:\/\/edu-4u.uk\/pl\/#organization\",\"name\":\"Edu4u Study in UK\",\"url\":\"https:\/\/edu-4u.uk\/pl\/\",\"logo\":{\"@type\":\"ImageObject\",\"inLanguage\":\"pl-PL\",\"@id\":\"https:\/\/edu-4u.uk\/pl\/#\/schema\/logo\/image\/\",\"url\":\"https:\/\/edu-4u.uk\/wp-content\/uploads\/2023\/06\/Logo-1.svg\",\"contentUrl\":\"https:\/\/edu-4u.uk\/wp-content\/uploads\/2023\/06\/Logo-1.svg\",\"width\":168,\"height\":43,\"caption\":\"Edu4u Study in UK\"},\"image\":{\"@id\":\"https:\/\/edu-4u.uk\/pl\/#\/schema\/logo\/image\/\"},\"sameAs\":[\"https:\/\/www.facebook.com\/Edu4uStudiaAnglia\/\",\"https:\/\/www.tiktok.com\/@edu4u_settled_status_\",\"https:\/\/www.instagram.com\/edu4u_polska\/?hl=en\",\"https:\/\/www.youtube.com\/@Edu4u_Settled_Status\",\"https:\/\/www.facebook.com\/Edu4uSettledStatus\/\",\"https:\/\/www.instagram.com\/edu4u_settled_status\/\",\"https:\/\/www.tiktok.com\/@edu4u_studyuk\"]}]}<\/script>\n<!-- \/ Yoast SEO plugin. -->","yoast_head_json":{"title":"Uniwersytety | Bezp\u0142atna pomoc | Edu4u","robots":{"index":"index","follow":"follow","max-snippet":"max-snippet:-1","max-image-preview":"max-image-preview:large","max-video-preview":"max-video-preview:-1"},"canonical":"https:\/\/edu-4u.uk\/pl\/uniwersytety\/","og_locale":"pl_PL","og_type":"article","og_title":"Uniwersytety | Bezp\u0142atna pomoc | Edu4u","og_description":"Uniwersytety z kt\u00f3rymi wsp\u00f3\u0142pracujemy:","og_url":"https:\/\/edu-4u.uk\/pl\/uniwersytety\/","og_site_name":"Bezp\u0142atna pomoc | Edu4u","article_publisher":"https:\/\/www.facebook.com\/Edu4uStudiaAnglia\/","article_modified_time":"2022-04-03T18:24:23+00:00","og_image":[{"url":"https:\/\/edu-4u.uk\/wp-content\/uploads\/2022\/04\/logo1.png","type":"","width":"","height":""}],"schema":{"@context":"https:\/\/schema.org","@graph":[{"@type":"WebPage","@id":"https:\/\/edu-4u.uk\/pl\/uniwersytety\/","url":"https:\/\/edu-4u.uk\/pl\/uniwersytety\/","name":"Uniwersytety | Bezp\u0142atna pomoc | Edu4u","isPartOf":{"@id":"https:\/\/edu-4u.uk\/pl\/#website"},"primaryImageOfPage":{"@id":"https:\/\/edu-4u.uk\/pl\/uniwersytety\/#primaryimage"},"image":{"@id":"https:\/\/edu-4u.uk\/pl\/uniwersytety\/#primaryimage"},"thumbnailUrl":"https:\/\/edu-4u.uk\/wp-content\/uploads\/2022\/04\/logo1.png","datePublished":"2022-04-03T18:20:14+00:00","dateModified":"2022-04-03T18:24:23+00:00","breadcrumb":{"@id":"https:\/\/edu-4u.uk\/pl\/uniwersytety\/#breadcrumb"},"inLanguage":"pl-PL","potentialAction":[{"@type":"ReadAction","target":["https:\/\/edu-4u.uk\/pl\/uniwersytety\/"]}]},{"@type":"ImageObject","inLanguage":"pl-PL","@id":"https:\/\/edu-4u.uk\/pl\/uniwersytety\/#primaryimage","url":"https:\/\/edu-4u.uk\/wp-content\/uploads\/2022\/04\/logo1.png","contentUrl":"https:\/\/edu-4u.uk\/wp-content\/uploads\/2022\/04\/logo1.png"},{"@type":"BreadcrumbList","@id":"https:\/\/edu-4u.uk\/pl\/uniwersytety\/#breadcrumb","itemListElement":[{"@type":"ListItem","position":1,"name":"Strona g\u0142\u00f3wna","item":"https:\/\/edu-4u.uk\/pl\/"},{"@type":"ListItem","position":2,"name":"Uniwersytety"}]},{"@type":"WebSite","@id":"https:\/\/edu-4u.uk\/pl\/#website","url":"https:\/\/edu-4u.uk\/pl\/","name":"Edu4u StudyUK | Free Help","description":"Zacznij studia w UK z Edu4u!","publisher":{"@id":"https:\/\/edu-4u.uk\/pl\/#organization"},"potentialAction":[{"@type":"SearchAction","target":{"@type":"EntryPoint","urlTemplate":"https:\/\/edu-4u.uk\/pl\/?s={search_term_string}"},"query-input":{"@type":"PropertyValueSpecification","valueRequired":true,"valueName":"search_term_string"}}],"inLanguage":"pl-PL"},{"@type":"Organization","@id":"https:\/\/edu-4u.uk\/pl\/#organization","name":"Edu4u Study in UK","url":"https:\/\/edu-4u.uk\/pl\/","logo":{"@type":"ImageObject","inLanguage":"pl-PL","@id":"https:\/\/edu-4u.uk\/pl\/#\/schema\/logo\/image\/","url":"https:\/\/edu-4u.uk\/wp-content\/uploads\/2023\/06\/Logo-1.svg","contentUrl":"https:\/\/edu-4u.uk\/wp-content\/uploads\/2023\/06\/Logo-1.svg","width":168,"height":43,"caption":"Edu4u Study in UK"},"image":{"@id":"https:\/\/edu-4u.uk\/pl\/#\/schema\/logo\/image\/"},"sameAs":["https:\/\/www.facebook.com\/Edu4uStudiaAnglia\/","https:\/\/www.tiktok.com\/@edu4u_settled_status_","https:\/\/www.instagram.com\/edu4u_polska\/?hl=en","https:\/\/www.youtube.com\/@Edu4u_Settled_Status","https:\/\/www.facebook.com\/Edu4uSettledStatus\/","https:\/\/www.instagram.com\/edu4u_settled_status\/","https:\/\/www.tiktok.com\/@edu4u_studyuk"]}]}},"_links":{"self":[{"href":"https:\/\/edu-4u.uk\/pl\/wp-json\/wp\/v2\/pages\/2328","targetHints":{"allow":["GET"]}}],"collection":[{"href":"https:\/\/edu-4u.uk\/pl\/wp-json\/wp\/v2\/pages"}],"about":[{"href":"https:\/\/edu-4u.uk\/pl\/wp-json\/wp\/v2\/types\/page"}],"author":[{"embeddable":true,"href":"https:\/\/edu-4u.uk\/pl\/wp-json\/wp\/v2\/users\/1"}],"replies":[{"embeddable":true,"href":"https:\/\/edu-4u.uk\/pl\/wp-json\/wp\/v2\/comments?post=2328"}],"version-history":[{"count":9,"href":"https:\/\/edu-4u.uk\/pl\/wp-json\/wp\/v2\/pages\/2328\/revisions"}],"predecessor-version":[{"id":2349,"href":"https:\/\/edu-4u.uk\/pl\/wp-json\/wp\/v2\/pages\/2328\/revisions\/2349"}],"wp:attachment":[{"href":"https:\/\/edu-4u.uk\/pl\/wp-json\/wp\/v2\/media?parent=2328"}],"curies":[{"name":"wp","href":"https:\/\/api.w.org\/{rel}","templated":true}]}}