{"id":1049,"date":"2019-05-31T14:43:48","date_gmt":"2019-05-31T14:43:48","guid":{"rendered":"https:\/\/edu-4u.uk\/?page_id=1049"},"modified":"2023-08-26T13:32:07","modified_gmt":"2023-08-26T11:32:07","slug":"damian-maciuszek","status":"publish","type":"page","link":"https:\/\/edu-4u.uk\/pl\/opinie-studentow\/damian-maciuszek\/","title":{"rendered":"Damian Maciuszek"},"content":{"rendered":"\t\t<div data-elementor-type=\"wp-post\" data-elementor-id=\"1049\" class=\"elementor elementor-1049\">\n\t\t\t\t\t\t<section class=\"elementor-section elementor-top-section elementor-element elementor-element-56b4e5c elementor-section-boxed elementor-section-height-default elementor-section-height-default\" data-id=\"56b4e5c\" data-element_type=\"section\">\n\t\t\t\t\t\t<div class=\"elementor-container elementor-column-gap-default\">\n\t\t\t\t\t<div class=\"elementor-column elementor-col-100 elementor-top-column elementor-element elementor-element-57b1d63a\" data-id=\"57b1d63a\" data-element_type=\"column\">\n\t\t\t<div class=\"elementor-widget-wrap elementor-element-populated\">\n\t\t\t\t\t\t<div class=\"elementor-element elementor-element-68ef8285 elementor-align-center elementor-widget elementor-widget-button\" data-id=\"68ef8285\" data-element_type=\"widget\" data-widget_type=\"button.default\">\n\t\t\t\t<div class=\"elementor-widget-container\">\n\t\t\t\t\t\t\t\t\t<div class=\"elementor-button-wrapper\">\n\t\t\t\t\t<a class=\"elementor-button elementor-button-link elementor-size-xl\" href=\"https:\/\/edu-4u.uk\/opinie-studentow\/\">\n\t\t\t\t\t\t<span class=\"elementor-button-content-wrapper\">\n\t\t\t\t\t\t\t\t\t<span class=\"elementor-button-text\">Powr\u00f3t do <b>Opinii<\/b><\/span>\n\t\t\t\t\t<\/span>\n\t\t\t\t\t<\/a>\n\t\t\t\t<\/div>\n\t\t\t\t\t\t\t\t<\/div>\n\t\t\t\t<\/div>\n\t\t\t\t<div class=\"elementor-element elementor-element-503cea5f elementor-widget elementor-widget-breadcrumbs\" data-id=\"503cea5f\" data-element_type=\"widget\" data-widget_type=\"breadcrumbs.default\">\n\t\t\t\t<div class=\"elementor-widget-container\">\n\t\t\t\t\t \t\t\t\t<\/div>\n\t\t\t\t<\/div>\n\t\t\t\t\t<\/div>\n\t\t<\/div>\n\t\t\t\t\t<\/div>\n\t\t<\/section>\n\t\t\t\t<section class=\"elementor-section elementor-top-section elementor-element elementor-element-4da95dfd elementor-section-boxed elementor-section-height-default elementor-section-height-default\" data-id=\"4da95dfd\" data-element_type=\"section\">\n\t\t\t\t\t\t<div class=\"elementor-container elementor-column-gap-default\">\n\t\t\t\t\t<div class=\"elementor-column elementor-col-33 elementor-top-column elementor-element elementor-element-44578fba\" data-id=\"44578fba\" data-element_type=\"column\">\n\t\t\t<div class=\"elementor-widget-wrap elementor-element-populated\">\n\t\t\t\t\t\t<section class=\"elementor-section elementor-inner-section elementor-element elementor-element-35bf99c2 elementor-section-boxed elementor-section-height-default elementor-section-height-default\" data-id=\"35bf99c2\" data-element_type=\"section\">\n\t\t\t\t\t\t<div class=\"elementor-container elementor-column-gap-default\">\n\t\t\t\t\t<div class=\"elementor-column elementor-col-100 elementor-inner-column elementor-element elementor-element-22253040\" data-id=\"22253040\" data-element_type=\"column\" data-settings=\"{&quot;background_background&quot;:&quot;classic&quot;}\">\n\t\t\t<div class=\"elementor-widget-wrap elementor-element-populated\">\n\t\t\t\t\t\t<div class=\"elementor-element elementor-element-25ae42de elementor-widget elementor-widget-image\" data-id=\"25ae42de\" data-element_type=\"widget\" data-widget_type=\"image.default\">\n\t\t\t\t<div class=\"elementor-widget-container\">\n\t\t\t\t\t\t\t\t\t\t\t\t\t\t\t<img decoding=\"async\" data-src=\"https:\/\/edu-4u.uk\/wp-content\/uploads\/elementor\/thumbs\/IMG_0200-q9wdr8n5asla6055prtcods6cie4k1ml1p94ufsk8g.jpg\" title=\"Damian Maciuszek\" alt=\"Damian Maciuszek\" src=\"data:image\/gif;base64,R0lGODlhAQABAAAAACH5BAEKAAEALAAAAAABAAEAAAICTAEAOw==\" class=\"lazyload\" style=\"--smush-placeholder-width: 500px; --smush-placeholder-aspect-ratio: 500\/600;\" \/>\t\t\t\t\t\t\t\t\t\t\t\t\t\t\t<\/div>\n\t\t\t\t<\/div>\n\t\t\t\t<div class=\"elementor-element elementor-element-7e414696 elementor-widget elementor-widget-heading\" data-id=\"7e414696\" data-element_type=\"widget\" data-widget_type=\"heading.default\">\n\t\t\t\t<div class=\"elementor-widget-container\">\n\t\t\t\t\t<h1 class=\"elementor-heading-title elementor-size-default\">Damian Maciuszek<\/h1>\t\t\t\t<\/div>\n\t\t\t\t<\/div>\n\t\t\t\t<div class=\"elementor-element elementor-element-2ea8aa69 elementor-widget elementor-widget-text-editor\" data-id=\"2ea8aa69\" data-element_type=\"widget\" data-widget_type=\"text-editor.default\">\n\t\t\t\t<div class=\"elementor-widget-container\">\n\t\t\t\t\t\t\t\t\t<p>Pochodzenie: <strong>Polska<\/strong><\/p>\t\t\t\t\t\t\t\t<\/div>\n\t\t\t\t<\/div>\n\t\t\t\t\t<\/div>\n\t\t<\/div>\n\t\t\t\t\t<\/div>\n\t\t<\/section>\n\t\t\t\t<section class=\"elementor-section elementor-inner-section elementor-element elementor-element-2158665c elementor-section-boxed elementor-section-height-default elementor-section-height-default\" data-id=\"2158665c\" data-element_type=\"section\">\n\t\t\t\t\t\t<div class=\"elementor-container elementor-column-gap-default\">\n\t\t\t\t\t<div class=\"elementor-column elementor-col-100 elementor-inner-column elementor-element elementor-element-44c4d3e0\" data-id=\"44c4d3e0\" data-element_type=\"column\" data-settings=\"{&quot;background_background&quot;:&quot;classic&quot;}\">\n\t\t\t<div class=\"elementor-widget-wrap elementor-element-populated\">\n\t\t\t\t\t\t<div class=\"elementor-element elementor-element-2376f723 elementor-widget elementor-widget-heading\" data-id=\"2376f723\" data-element_type=\"widget\" data-widget_type=\"heading.default\">\n\t\t\t\t<div class=\"elementor-widget-container\">\n\t\t\t\t\t<h4 class=\"elementor-heading-title elementor-size-default\">Wybrany Uniwersytet<\/h4>\t\t\t\t<\/div>\n\t\t\t\t<\/div>\n\t\t\t\t<div class=\"elementor-element elementor-element-f1feb03 elementor-widget elementor-widget-posts\" data-id=\"f1feb03\" data-element_type=\"widget\" data-widget_type=\"posts.default\">\n\t\t\t\t<div class=\"elementor-widget-container\">\n\t\t\t\t\t \t\t\t\t<\/div>\n\t\t\t\t<\/div>\n\t\t\t\t\t<\/div>\n\t\t<\/div>\n\t\t\t\t\t<\/div>\n\t\t<\/section>\n\t\t\t\t<section class=\"elementor-section elementor-inner-section elementor-element elementor-element-221dd9f elementor-section-boxed elementor-section-height-default elementor-section-height-default\" data-id=\"221dd9f\" data-element_type=\"section\">\n\t\t\t\t\t\t<div class=\"elementor-container elementor-column-gap-default\">\n\t\t\t\t\t<div class=\"elementor-column elementor-col-100 elementor-inner-column elementor-element elementor-element-3b3e1008\" data-id=\"3b3e1008\" data-element_type=\"column\" data-settings=\"{&quot;background_background&quot;:&quot;classic&quot;}\">\n\t\t\t<div class=\"elementor-widget-wrap elementor-element-populated\">\n\t\t\t\t\t\t<div class=\"elementor-element elementor-element-242e356f elementor-widget elementor-widget-heading\" data-id=\"242e356f\" data-element_type=\"widget\" data-widget_type=\"heading.default\">\n\t\t\t\t<div class=\"elementor-widget-container\">\n\t\t\t\t\t<h4 class=\"elementor-heading-title elementor-size-default\">Kierunek Studi\u00f3w<\/h4>\t\t\t\t<\/div>\n\t\t\t\t<\/div>\n\t\t\t\t<div class=\"elementor-element elementor-element-683a92fc elementor-widget elementor-widget-text-editor\" data-id=\"683a92fc\" data-element_type=\"widget\" data-widget_type=\"text-editor.default\">\n\t\t\t\t<div class=\"elementor-widget-container\">\n\t\t\t\t\t\t\t\t\t<p>Sport Management<\/p>\t\t\t\t\t\t\t\t<\/div>\n\t\t\t\t<\/div>\n\t\t\t\t\t<\/div>\n\t\t<\/div>\n\t\t\t\t<div class=\"elementor-column elementor-col-100 elementor-inner-column elementor-element elementor-element-31378001\" data-id=\"31378001\" data-element_type=\"column\" data-settings=\"{&quot;background_background&quot;:&quot;classic&quot;}\">\n\t\t\t<div class=\"elementor-widget-wrap elementor-element-populated\">\n\t\t\t\t\t\t<div class=\"elementor-element elementor-element-7990e439 elementor-widget elementor-widget-heading\" data-id=\"7990e439\" data-element_type=\"widget\" data-widget_type=\"heading.default\">\n\t\t\t\t<div class=\"elementor-widget-container\">\n\t\t\t\t\t<h4 class=\"elementor-heading-title elementor-size-default\">Rok<br>Rozpocz\u0119cia<\/h4>\t\t\t\t<\/div>\n\t\t\t\t<\/div>\n\t\t\t\t<div class=\"elementor-element elementor-element-77942b45 elementor-widget elementor-widget-text-editor\" data-id=\"77942b45\" data-element_type=\"widget\" data-widget_type=\"text-editor.default\">\n\t\t\t\t<div class=\"elementor-widget-container\">\n\t\t\t\t\t\t\t\t\t<p>2018<\/p>\t\t\t\t\t\t\t\t<\/div>\n\t\t\t\t<\/div>\n\t\t\t\t\t<\/div>\n\t\t<\/div>\n\t\t\t\t\t<\/div>\n\t\t<\/section>\n\t\t\t\t\t<\/div>\n\t\t<\/div>\n\t\t\t\t<div class=\"elementor-column elementor-col-66 elementor-top-column elementor-element elementor-element-4bca869e\" data-id=\"4bca869e\" data-element_type=\"column\" data-settings=\"{&quot;background_background&quot;:&quot;classic&quot;}\">\n\t\t\t<div class=\"elementor-widget-wrap elementor-element-populated\">\n\t\t\t\t\t\t<div class=\"elementor-element elementor-element-20583fb6 elementor-widget elementor-widget-text-editor\" data-id=\"20583fb6\" data-element_type=\"widget\" data-widget_type=\"text-editor.default\">\n\t\t\t\t<div class=\"elementor-widget-container\">\n\t\t\t\t\t\t\t\t\t<p>Witajcie, nazywam si\u0119 Damian Maciuszek i mam 22 lata. Od wrze\u015bnia studiuj\u0119 na University of Derby. Aktualnie jestem na Foundation Year na kierunku Sport Management. Od 3 lat zmieniam miejsca zamieszkania w ca\u0142ej Europie. Uwielbiam podr\u00f3\u017ce oraz sport. Studia w Wielkiej Brytanii wybra\u0142em ze wzgl\u0119du na mo\u017cliwo\u015bci. Ale przejd\u017amy do konkret\u00f3w.<br \/><br \/>Dla kogo s\u0105 studia w Anglii? Szczerze dla ka\u017cdego! Zdecydowa\u0142em si\u0119 na studiowanie w Wielkiej Brytanii, poniewa\u017c tutaj system jest inny ni\u017c w Polsce, du\u017c\u0105 wag\u0119 przyk\u0142ada si\u0119 do praktyki i dzia\u0142a\u0144, mniej teorii. Ja osobi\u015bcie jestem zdania, \u017ce z praktyki wi\u0119cej student zapami\u0119ta, kucie na blach\u0119 nie ma sensu. Zaj\u0119cia odbywaj\u0105 si\u0119 2-4 dni w tygodniu; zwykle jedne zaj\u0119cia trwaj\u0105 ok.3h. Wi\u0119c przede wszystkim nacisk jest na efektywno\u015b\u0107.<\/p><p>Egzaminy r\u00f3wnie\u017c wymagaj\u0105 bardziej my\u015blenia ni\u017c kucia na blach\u0119. Zrobiony research oraz twoja opinia to jest droga do sukcesu! Na egzaminach; w formie eseju opisujemy jak b\u0119dzie wygl\u0105da\u0142 \u015bwiat za 20 lat; w formie ustnej dyskutujemy, kt\u00f3re prace zostan\u0105 zast\u0105pione przez technologi\u0119, a kt\u00f3re zawody b\u0119d\u0105 bezpieczne.<br \/>Wa\u017cne jest, \u017ce studentom z Unii Europejskiej przys\u0142uguje maintenance loan od rz\u0105du brytyjskiego, wi\u0119c o finansowanie studi\u00f3w nie musicie si\u0119 martwi\u0107. Ale je\u015bli chcieliby\u015bcie pozna\u0107 szczeg\u00f3\u0142y finansowania, skontaktujcie si\u0119 koniecznie z Edu4u!<\/p><p>Istotn\u0105 kwesti\u0105 jest, \u017ce studiuje tutaj bardzo du\u017co os\u00f3b z ca\u0142ego \u015bwiata, wi\u0119c znajomo\u015bci i przyja\u017anie mo\u017cna naprawd\u0119 \u0142atwo i przyjemnie nawi\u0105za\u0107. Co przyda si\u0119 w przysz\u0142o\u015bci. Je\u015bli obawiasz si\u0119, \u017ce nie znasz wystarczaj\u0105co angielskiego na nauk\u0119 tutaj, od razu wyeliminuj t\u0105 my\u015bl, nauczyciele Ci pomog\u0105; a os\u0142uchuj\u0105c si\u0119 i rozmawiaj\u0105c szybko polepszysz swoje zdolno\u015bci j\u0119zykowe.<\/p><p>Poza zaj\u0119ciami jest mn\u00f3stwo Society, do kt\u00f3rych mo\u017cna przyst\u0105pi\u0107. Mi\u0119dzy innymi s\u0105 grupy filmowe, muzyczne, j\u0119zykowe, polityczne, biznesowe, e-sportowe czy nawet Quidditch. R\u00f3wnie\u017c na University of Derby masz mo\u017cliwo\u015b\u0107 trenowa\u0107 wiele sport\u00f3w, m.in. American Football, \u0141ucznictwo, Krykiet, Lacrosse, Dodgeball, Kajakarstwo czy Sporty Zimowe. Uniwersytet ma kilka kampus\u00f3w w mie\u015bcie; co przek\u0142ada si\u0119 na to, \u017ce jest budynek g\u0142\u00f3wny z cz\u0119\u015bci\u0105 infrastruktury oraz inne wyspecjalizowane. Studenci ucz\u0105 si\u0119 w realiach swoich przysz\u0142ych zawod\u00f3w, m.in. na sali operacyjnej, w s\u0105dzie, w labolatoriach, w radiu czy na \u201eWall Street\u201d.<\/p><p>Je\u015bli chodzi o zakwaterowanie mo\u017cna mieszka\u0107 w akademikach (koszt ok.500 funt\u00f3w\/<br \/>miesi\u0119cznie) lub w prywatnych pokojach (ok.300 funt\u00f3w\/miesi\u0119cznie). Je\u015bli chodzi o koszty \u017cycia, typu jedzenie rozrywka studenci przeznaczaj\u0105 ok.300 funt\u00f3w\/miesi\u0119cznie. Ch\u0119tne osoby znajd\u0105 z pewno\u015bci\u0105 prac\u0119, ja zarabiam online ale dorabiam sobie na Uber Eats, gdzie mo\u017cna zarabia\u0107 ok. 12 funt\u00f3w na godzin\u0119. Je\u015bli kto\u015b nie boi si\u0119 ci\u0119\u017ckich prac, mo\u017ce zacz\u0105\u0107 od agencji pracy, kt\u00f3ra wy\u015ble osob\u0119, np.do fabryki 12 funt\u00f3w\/h na nockach w takiej pracy to norma! Derby jest miasteczkiem studenckim, wi\u0119c je\u015bli kto\u015b jest zwolennikiem imprezowania bardzo dobrze si\u0119 na takich studiach poczuje, ze wzgl\u0119du na du\u017c\u0105 ilo\u015b\u0107 bar\u00f3w oraz klub\u00f3w.<\/p><p>Studenci r\u00f3wnie\u017c maj\u0105 bardzo du\u017co zni\u017cek, np.na transport m.in. darmowe busy w Derby, kt\u00f3re doje\u017cd\u017caj\u0105 na uniwersytet oraz na inne kampusy, zni\u017cki na jedzenie czy na ubrania to norma.<\/p><p>W Anglii \u017cyje i studiuje si\u0119 zupe\u0142nie inaczej ni\u017c w Polsce! Napewno \u0142atwiej! Tak\u017ce je\u015bli jeszcze si\u0119 wahasz, to ja Ci m\u00f3wi\u0119 id\u017a na studia do Anglii.<br \/>Ja aplikowa\u0142em sam, i mia\u0142em z tym wiele trudno\u015bci; by\u0142em przede wszystkim bez IELTES (nie jest on konieczny na studia w UK, jednak nie na wszystkie uniwersytety \u0142atwo si\u0119 bez niego dosta\u0107). Dzisiaj jestem przekonany, \u017ce je\u015bli aplikowa\u0142bym z edu4u zdecydowanie oszcz\u0119dzi\u0142bym sobie czas\u00f3w i stresu! Edu4u pomo\u017ce Ci za\u0142atwi\u0107 sprawy od A do Z, pocz\u0105wszy od opcji zakwaterowania i pracy, poprzez po\u017cyczk\u0119 studenck\u0105, a\u017c po wyb\u00f3r odpowiedniego kierunku, je\u015bli jeszcze nie wiesz na jaki chcesz i\u015b\u0107! Dlatego zg\u0142o\u015b si\u0119 do edu4u i napewno du\u017co na tym zyskasz!<\/p>\t\t\t\t\t\t\t\t<\/div>\n\t\t\t\t<\/div>\n\t\t\t\t\t<\/div>\n\t\t<\/div>\n\t\t\t\t\t<\/div>\n\t\t<\/section>\n\t\t\t\t<section class=\"elementor-section elementor-top-section elementor-element elementor-element-5677ffeb elementor-section-boxed elementor-section-height-default elementor-section-height-default\" data-id=\"5677ffeb\" data-element_type=\"section\">\n\t\t\t\t\t\t<div class=\"elementor-container elementor-column-gap-default\">\n\t\t\t\t\t<div class=\"elementor-column elementor-col-100 elementor-top-column elementor-element elementor-element-c26b5f2\" data-id=\"c26b5f2\" data-element_type=\"column\">\n\t\t\t<div class=\"elementor-widget-wrap elementor-element-populated\">\n\t\t\t\t\t\t<div class=\"elementor-element elementor-element-458a65eb elementor-align-center elementor-widget elementor-widget-button\" data-id=\"458a65eb\" data-element_type=\"widget\" data-widget_type=\"button.default\">\n\t\t\t\t<div class=\"elementor-widget-container\">\n\t\t\t\t\t\t\t\t\t<div class=\"elementor-button-wrapper\">\n\t\t\t\t\t<a class=\"elementor-button elementor-button-link elementor-size-xl\" href=\"https:\/\/edu-4u.uk\/opinie-studentow\/\">\n\t\t\t\t\t\t<span class=\"elementor-button-content-wrapper\">\n\t\t\t\t\t\t\t\t\t<span class=\"elementor-button-text\">Powr\u00f3t do <b>Opinii<\/b><\/span>\n\t\t\t\t\t<\/span>\n\t\t\t\t\t<\/a>\n\t\t\t\t<\/div>\n\t\t\t\t\t\t\t\t<\/div>\n\t\t\t\t<\/div>\n\t\t\t\t\t<\/div>\n\t\t<\/div>\n\t\t\t\t\t<\/div>\n\t\t<\/section>\n\t\t\t\t<\/div>\n\t\t","protected":false},"excerpt":{"rendered":"<p>Powr\u00f3t do Opinii Damian Maciuszek Pochodzenie: Polska Wybrany Uniwersytet Kierunek Studi\u00f3w Sport Management Rok Rozpocz\u0119cia 2018 Witajcie, nazywam si\u0119 Damian Maciuszek i mam 22 lata. Od wrze\u015bnia studiuj\u0119 na University of Derby. Aktualnie jestem na Foundation Year na kierunku Sport Management. Od 3 lat zmieniam miejsca zamieszkania w ca\u0142ej Europie. [&hellip;]<\/p>\n","protected":false},"author":1,"featured_media":701,"parent":930,"menu_order":0,"comment_status":"closed","ping_status":"closed","template":"page-templates\/template-pagebuilder-full-width.php","meta":{"_acf_changed":false,"footnotes":""},"class_list":["post-1049","page","type-page","status-publish","has-post-thumbnail","hentry"],"acf":[],"yoast_head":"<!-- This site is optimized with the Yoast SEO plugin v24.0 - https:\/\/yoast.com\/wordpress\/plugins\/seo\/ -->\n<title>Damian Maciuszek | Opinie Student\u00f3w | Edu4u - Studia w Anglii!<\/title>\n<meta name=\"robots\" content=\"index, follow, max-snippet:-1, max-image-preview:large, max-video-preview:-1\" \/>\n<link rel=\"canonical\" href=\"https:\/\/edu-4u.uk\/pl\/opinie-studentow\/damian-maciuszek\/\" \/>\n<meta property=\"og:locale\" content=\"pl_PL\" \/>\n<meta property=\"og:type\" content=\"article\" \/>\n<meta property=\"og:title\" content=\"Damian Maciuszek | Opinie Student\u00f3w | Edu4u - Studia w Anglii!\" \/>\n<meta property=\"og:description\" content=\"Powr\u00f3t do Opinii Damian Maciuszek Pochodzenie: Polska Wybrany Uniwersytet Kierunek Studi\u00f3w Sport Management Rok Rozpocz\u0119cia 2018 Witajcie, nazywam si\u0119 Damian Maciuszek i mam 22 lata. Od wrze\u015bnia studiuj\u0119 na University of Derby. Aktualnie jestem na Foundation Year na kierunku Sport Management. Od 3 lat zmieniam miejsca zamieszkania w ca\u0142ej Europie. [&hellip;]\" \/>\n<meta property=\"og:url\" content=\"https:\/\/edu-4u.uk\/pl\/opinie-studentow\/damian-maciuszek\/\" \/>\n<meta property=\"og:site_name\" content=\"Bezp\u0142atna pomoc | Edu4u\" \/>\n<meta property=\"article:publisher\" content=\"https:\/\/www.facebook.com\/Edu4uStudiaAnglia\/\" \/>\n<meta property=\"article:modified_time\" content=\"2023-08-26T11:32:07+00:00\" \/>\n<meta property=\"og:image\" content=\"https:\/\/edu-4u.uk\/wp-content\/uploads\/2019\/01\/IMG_0200.jpg\" \/>\n\t<meta property=\"og:image:width\" content=\"1836\" \/>\n\t<meta property=\"og:image:height\" content=\"2448\" \/>\n\t<meta property=\"og:image:type\" content=\"image\/jpeg\" \/>\n<meta name=\"twitter:label1\" content=\"Szacowany czas czytania\" \/>\n\t<meta name=\"twitter:data1\" content=\"4 minuty\" \/>\n<script type=\"application\/ld+json\" class=\"yoast-schema-graph\">{\"@context\":\"https:\/\/schema.org\",\"@graph\":[{\"@type\":\"WebPage\",\"@id\":\"https:\/\/edu-4u.uk\/pl\/opinie-studentow\/damian-maciuszek\/\",\"url\":\"https:\/\/edu-4u.uk\/pl\/opinie-studentow\/damian-maciuszek\/\",\"name\":\"Damian Maciuszek | Opinie Student\u00f3w | Edu4u - Studia w Anglii!\",\"isPartOf\":{\"@id\":\"https:\/\/edu-4u.uk\/pl\/#website\"},\"primaryImageOfPage\":{\"@id\":\"https:\/\/edu-4u.uk\/pl\/opinie-studentow\/damian-maciuszek\/#primaryimage\"},\"image\":{\"@id\":\"https:\/\/edu-4u.uk\/pl\/opinie-studentow\/damian-maciuszek\/#primaryimage\"},\"thumbnailUrl\":\"https:\/\/edu-4u.uk\/wp-content\/uploads\/2019\/01\/IMG_0200.jpg\",\"datePublished\":\"2019-05-31T14:43:48+00:00\",\"dateModified\":\"2023-08-26T11:32:07+00:00\",\"breadcrumb\":{\"@id\":\"https:\/\/edu-4u.uk\/pl\/opinie-studentow\/damian-maciuszek\/#breadcrumb\"},\"inLanguage\":\"pl-PL\",\"potentialAction\":[{\"@type\":\"ReadAction\",\"target\":[\"https:\/\/edu-4u.uk\/pl\/opinie-studentow\/damian-maciuszek\/\"]}]},{\"@type\":\"ImageObject\",\"inLanguage\":\"pl-PL\",\"@id\":\"https:\/\/edu-4u.uk\/pl\/opinie-studentow\/damian-maciuszek\/#primaryimage\",\"url\":\"https:\/\/edu-4u.uk\/wp-content\/uploads\/2019\/01\/IMG_0200.jpg\",\"contentUrl\":\"https:\/\/edu-4u.uk\/wp-content\/uploads\/2019\/01\/IMG_0200.jpg\",\"width\":1836,\"height\":2448},{\"@type\":\"BreadcrumbList\",\"@id\":\"https:\/\/edu-4u.uk\/pl\/opinie-studentow\/damian-maciuszek\/#breadcrumb\",\"itemListElement\":[{\"@type\":\"ListItem\",\"position\":1,\"name\":\"Strona g\u0142\u00f3wna\",\"item\":\"https:\/\/edu-4u.uk\/pl\/\"},{\"@type\":\"ListItem\",\"position\":2,\"name\":\"Opinie student\u00f3w\",\"item\":\"https:\/\/edu-4u.uk\/pl\/student-feedback\/\"},{\"@type\":\"ListItem\",\"position\":3,\"name\":\"Damian Maciuszek\"}]},{\"@type\":\"WebSite\",\"@id\":\"https:\/\/edu-4u.uk\/pl\/#website\",\"url\":\"https:\/\/edu-4u.uk\/pl\/\",\"name\":\"Edu4u StudyUK | Free Help\",\"description\":\"Zacznij studia w UK z Edu4u!\",\"publisher\":{\"@id\":\"https:\/\/edu-4u.uk\/pl\/#organization\"},\"potentialAction\":[{\"@type\":\"SearchAction\",\"target\":{\"@type\":\"EntryPoint\",\"urlTemplate\":\"https:\/\/edu-4u.uk\/pl\/?s={search_term_string}\"},\"query-input\":{\"@type\":\"PropertyValueSpecification\",\"valueRequired\":true,\"valueName\":\"search_term_string\"}}],\"inLanguage\":\"pl-PL\"},{\"@type\":\"Organization\",\"@id\":\"https:\/\/edu-4u.uk\/pl\/#organization\",\"name\":\"Edu4u Study in UK\",\"url\":\"https:\/\/edu-4u.uk\/pl\/\",\"logo\":{\"@type\":\"ImageObject\",\"inLanguage\":\"pl-PL\",\"@id\":\"https:\/\/edu-4u.uk\/pl\/#\/schema\/logo\/image\/\",\"url\":\"https:\/\/edu-4u.uk\/wp-content\/uploads\/2023\/06\/Logo-1.svg\",\"contentUrl\":\"https:\/\/edu-4u.uk\/wp-content\/uploads\/2023\/06\/Logo-1.svg\",\"width\":168,\"height\":43,\"caption\":\"Edu4u Study in UK\"},\"image\":{\"@id\":\"https:\/\/edu-4u.uk\/pl\/#\/schema\/logo\/image\/\"},\"sameAs\":[\"https:\/\/www.facebook.com\/Edu4uStudiaAnglia\/\",\"https:\/\/www.tiktok.com\/@edu4u_settled_status_\",\"https:\/\/www.instagram.com\/edu4u_polska\/?hl=en\",\"https:\/\/www.youtube.com\/@Edu4u_Settled_Status\",\"https:\/\/www.facebook.com\/Edu4uSettledStatus\/\",\"https:\/\/www.instagram.com\/edu4u_settled_status\/\",\"https:\/\/www.tiktok.com\/@edu4u_studyuk\"]}]}<\/script>\n<!-- \/ Yoast SEO plugin. -->","yoast_head_json":{"title":"Damian Maciuszek | Opinie Student\u00f3w | Edu4u - Studia w Anglii!","robots":{"index":"index","follow":"follow","max-snippet":"max-snippet:-1","max-image-preview":"max-image-preview:large","max-video-preview":"max-video-preview:-1"},"canonical":"https:\/\/edu-4u.uk\/pl\/opinie-studentow\/damian-maciuszek\/","og_locale":"pl_PL","og_type":"article","og_title":"Damian Maciuszek | Opinie Student\u00f3w | Edu4u - Studia w Anglii!","og_description":"Powr\u00f3t do Opinii Damian Maciuszek Pochodzenie: Polska Wybrany Uniwersytet Kierunek Studi\u00f3w Sport Management Rok Rozpocz\u0119cia 2018 Witajcie, nazywam si\u0119 Damian Maciuszek i mam 22 lata. Od wrze\u015bnia studiuj\u0119 na University of Derby. Aktualnie jestem na Foundation Year na kierunku Sport Management. Od 3 lat zmieniam miejsca zamieszkania w ca\u0142ej Europie. [&hellip;]","og_url":"https:\/\/edu-4u.uk\/pl\/opinie-studentow\/damian-maciuszek\/","og_site_name":"Bezp\u0142atna pomoc | Edu4u","article_publisher":"https:\/\/www.facebook.com\/Edu4uStudiaAnglia\/","article_modified_time":"2023-08-26T11:32:07+00:00","og_image":[{"width":1836,"height":2448,"url":"https:\/\/edu-4u.uk\/wp-content\/uploads\/2019\/01\/IMG_0200.jpg","type":"image\/jpeg"}],"twitter_misc":{"Szacowany czas czytania":"4 minuty"},"schema":{"@context":"https:\/\/schema.org","@graph":[{"@type":"WebPage","@id":"https:\/\/edu-4u.uk\/pl\/opinie-studentow\/damian-maciuszek\/","url":"https:\/\/edu-4u.uk\/pl\/opinie-studentow\/damian-maciuszek\/","name":"Damian Maciuszek | Opinie Student\u00f3w | Edu4u - Studia w Anglii!","isPartOf":{"@id":"https:\/\/edu-4u.uk\/pl\/#website"},"primaryImageOfPage":{"@id":"https:\/\/edu-4u.uk\/pl\/opinie-studentow\/damian-maciuszek\/#primaryimage"},"image":{"@id":"https:\/\/edu-4u.uk\/pl\/opinie-studentow\/damian-maciuszek\/#primaryimage"},"thumbnailUrl":"https:\/\/edu-4u.uk\/wp-content\/uploads\/2019\/01\/IMG_0200.jpg","datePublished":"2019-05-31T14:43:48+00:00","dateModified":"2023-08-26T11:32:07+00:00","breadcrumb":{"@id":"https:\/\/edu-4u.uk\/pl\/opinie-studentow\/damian-maciuszek\/#breadcrumb"},"inLanguage":"pl-PL","potentialAction":[{"@type":"ReadAction","target":["https:\/\/edu-4u.uk\/pl\/opinie-studentow\/damian-maciuszek\/"]}]},{"@type":"ImageObject","inLanguage":"pl-PL","@id":"https:\/\/edu-4u.uk\/pl\/opinie-studentow\/damian-maciuszek\/#primaryimage","url":"https:\/\/edu-4u.uk\/wp-content\/uploads\/2019\/01\/IMG_0200.jpg","contentUrl":"https:\/\/edu-4u.uk\/wp-content\/uploads\/2019\/01\/IMG_0200.jpg","width":1836,"height":2448},{"@type":"BreadcrumbList","@id":"https:\/\/edu-4u.uk\/pl\/opinie-studentow\/damian-maciuszek\/#breadcrumb","itemListElement":[{"@type":"ListItem","position":1,"name":"Strona g\u0142\u00f3wna","item":"https:\/\/edu-4u.uk\/pl\/"},{"@type":"ListItem","position":2,"name":"Opinie student\u00f3w","item":"https:\/\/edu-4u.uk\/pl\/student-feedback\/"},{"@type":"ListItem","position":3,"name":"Damian Maciuszek"}]},{"@type":"WebSite","@id":"https:\/\/edu-4u.uk\/pl\/#website","url":"https:\/\/edu-4u.uk\/pl\/","name":"Edu4u StudyUK | Free Help","description":"Zacznij studia w UK z Edu4u!","publisher":{"@id":"https:\/\/edu-4u.uk\/pl\/#organization"},"potentialAction":[{"@type":"SearchAction","target":{"@type":"EntryPoint","urlTemplate":"https:\/\/edu-4u.uk\/pl\/?s={search_term_string}"},"query-input":{"@type":"PropertyValueSpecification","valueRequired":true,"valueName":"search_term_string"}}],"inLanguage":"pl-PL"},{"@type":"Organization","@id":"https:\/\/edu-4u.uk\/pl\/#organization","name":"Edu4u Study in UK","url":"https:\/\/edu-4u.uk\/pl\/","logo":{"@type":"ImageObject","inLanguage":"pl-PL","@id":"https:\/\/edu-4u.uk\/pl\/#\/schema\/logo\/image\/","url":"https:\/\/edu-4u.uk\/wp-content\/uploads\/2023\/06\/Logo-1.svg","contentUrl":"https:\/\/edu-4u.uk\/wp-content\/uploads\/2023\/06\/Logo-1.svg","width":168,"height":43,"caption":"Edu4u Study in UK"},"image":{"@id":"https:\/\/edu-4u.uk\/pl\/#\/schema\/logo\/image\/"},"sameAs":["https:\/\/www.facebook.com\/Edu4uStudiaAnglia\/","https:\/\/www.tiktok.com\/@edu4u_settled_status_","https:\/\/www.instagram.com\/edu4u_polska\/?hl=en","https:\/\/www.youtube.com\/@Edu4u_Settled_Status","https:\/\/www.facebook.com\/Edu4uSettledStatus\/","https:\/\/www.instagram.com\/edu4u_settled_status\/","https:\/\/www.tiktok.com\/@edu4u_studyuk"]}]}},"_links":{"self":[{"href":"https:\/\/edu-4u.uk\/pl\/wp-json\/wp\/v2\/pages\/1049","targetHints":{"allow":["GET"]}}],"collection":[{"href":"https:\/\/edu-4u.uk\/pl\/wp-json\/wp\/v2\/pages"}],"about":[{"href":"https:\/\/edu-4u.uk\/pl\/wp-json\/wp\/v2\/types\/page"}],"author":[{"embeddable":true,"href":"https:\/\/edu-4u.uk\/pl\/wp-json\/wp\/v2\/users\/1"}],"replies":[{"embeddable":true,"href":"https:\/\/edu-4u.uk\/pl\/wp-json\/wp\/v2\/comments?post=1049"}],"version-history":[{"count":4,"href":"https:\/\/edu-4u.uk\/pl\/wp-json\/wp\/v2\/pages\/1049\/revisions"}],"predecessor-version":[{"id":4918,"href":"https:\/\/edu-4u.uk\/pl\/wp-json\/wp\/v2\/pages\/1049\/revisions\/4918"}],"up":[{"embeddable":true,"href":"https:\/\/edu-4u.uk\/pl\/wp-json\/wp\/v2\/pages\/930"}],"wp:featuredmedia":[{"embeddable":true,"href":"https:\/\/edu-4u.uk\/pl\/wp-json\/wp\/v2\/media\/701"}],"wp:attachment":[{"href":"https:\/\/edu-4u.uk\/pl\/wp-json\/wp\/v2\/media?parent=1049"}],"curies":[{"name":"wp","href":"https:\/\/api.w.org\/{rel}","templated":true}]}}