{"id":18615,"date":"2018-11-26T15:30:29","date_gmt":"2018-11-26T14:30:29","guid":{"rendered":"https:\/\/edu-4u.uk\/vestnieku-shema\/"},"modified":"2018-11-26T15:30:29","modified_gmt":"2018-11-26T14:30:29","slug":"vestnieku-shema","status":"publish","type":"page","link":"https:\/\/edu-4u.uk\/lv\/vestnieku-shema\/","title":{"rendered":"V\u0113stnieku sh\u0113ma"},"content":{"rendered":"<p><img fetchpriority=\"high\" decoding=\"async\" src=\"https:\/\/static.wixstatic.com\/media\/19fdab20a31144fc87f36b7db734297d.jpg\/v1\/fill\/w_914,h_400,al_c,q_90\/19fdab20a31144fc87f36b7db734297d.webp\" data-lazy-type=\"image\" data-src=\"https:\/\/static.wixstatic.com\/media\/19fdab20a31144fc87f36b7db734297d.jpg\/v1\/fill\/w_914,h_400,al_c,q_90\/19fdab20a31144fc87f36b7db734297d.webp\" width=\"914\" height=\"400\"><\/p>\n<p><strong>Edu4u v\u0113stnieku programma<\/strong><\/p>\n<p>Ja paz\u012bstat k\u0101du, kur\u0161 v\u0113las pieteikties studij\u0101m k\u0101d\u0101 no Lielbrit\u0101nijas universit\u0101t\u0113m vai koled\u017e\u0101m, dariet mums to zin\u0101mu! M\u0113s pied\u0101v\u0101jam m\u016bsu v\u0113stniekiem no 200 l\u012bdz 700 \u00a3 par studentu. J\u016bs varat ieteikt draugus un \u0123imeni vai pat s\u0101kt pie\u0146emt darb\u0101 Edu4u un pievienoties m\u016bsu komandai!<br \/>\nM\u016bsu pieteikumu iesniedz\u0113ji bie\u017ei vien iesp\u0113ju stud\u0113t Apvienotaj\u0101 Karalist\u0113 atkl\u0101ja nejau\u0161i, sastopot k\u0101du no m\u016bsu v\u0113stniekiem, m\u016bsu t\u012bmek\u013ca vietn\u0113 vai sarun\u0101s ar nejau\u0161i satiktiem cilv\u0113kiem.<\/p>\n<p><strong>K\u0101 tas darbojas<\/strong><br \/>\n1. Atrodiet k\u0101du, kas v\u0113las stud\u0113t Apvienotaj\u0101 Karalist\u0113.<br \/>\n2. Sazinieties ar mums pa t\u0101lruni <span style=\"text-decoration: underline; color: #ff9900;\"><br \/>\n  <a href=\"https:\/\/wa.me\/447511807765\" style=\"color: #ff9900; text-decoration: underline;\">WhatsApp<\/a><br \/>\n<\/span> vai s\u016btiet e-pastu.<br \/>\n3. Piek\u013c\u016bstiet rekl\u0101mas materi\u0101liem un pretendentu sarakstam.<br \/>\n4. Kad j\u016bsu kandid\u0101ts sekm\u012bgi uzs\u0101ks studijas, j\u016bs sa\u0146emsiet kompens\u0101ciju no Edu4u!<br \/>\n<strong>M\u016bsu komisijas maksu strukt\u016bra<\/strong><br \/>\n1-3 studenti &#8211; \u00a3200 par studentu<br \/>\n4-9 studenti &#8211; \u00a3300 par studentu<br \/>\n10-15 studenti &#8211; \u00a3500 par studentu<br \/>\n16+ studentiem &#8211; \u00a3700 vienam studentam<br \/>\nPiem\u0113rs:<br \/>\nJ\u016bs esat pie\u0146\u0113mis darb\u0101 11 studentus:<br \/>\n11*500\u00a3 = 5500 GBP<br \/>\nJ\u016bs varat saskait\u012bt studentus katr\u0101 m\u0101c\u012bbu gad\u0101, kas s\u0101kas septembr\u012b un beidzas august\u0101.<\/p>\n<p><strong>V\u0113stnieku programma Pro<\/strong><br \/>\nSa\u0146emiet pamatalgu + komisijas maksu par studentu verv\u0113\u0161anu<br \/>\nRakstiet mums uz <span style=\"text-decoration: underline; color: #ff9900;\"><br \/>\n  <a href=\"https:\/\/wa.me\/447511807765\" style=\"color: #ff9900; text-decoration: underline;\">WhatsApp<\/a><br \/>\n<\/span> vai pa e-pastu, lai pievienotos Ambassador Scheme Pro.<br \/>\n<span \n                data-original-string=\"ylI5DDzojbsP\/NhpqKOgjw==9b9nF1QUVPahc2u7Dwwy0oHlAq2MT83eZampF\/\/KV6YO2g=\"\n                class=\"apbct-email-encoder\"\n                title=\"This contact has been encoded by Anti-Spam by CleanTalk. Click to decode. To finish the decoding make sure that JavaScript is enabled in your browser.\">of<span class=\"apbct-blur\">****@ed****.<\/span>eu<\/span><br \/>\n<strong>B\u016bdams m\u016bsu komandas biedrs, j\u016bs sa\u0146emsiet:<\/strong><\/p>\n<ul>\n<li>Lab\u0101kajiem v\u0113stne\u0161iem ir iesp\u0113ja paaugstin\u0101ties organiz\u0101cij\u0101, sniedzot vi\u0146iem agr\u012bnas iesp\u0113jas ieg\u016bt vad\u012bbas l\u012bme\u0146a praktisku pieredzi izgl\u012bt\u012bbas ce\u013c\u0101.<\/li>\n<li>Pilna apm\u0101c\u012bba, s\u0101kot ar pieteik\u0161an\u0101s procesu un beidzot ar m\u0101rketinga jaut\u0101jumiem,<\/li>\n<li>Atbalsts no citiem programmas dal\u012bbniekiem,<\/li>\n<li>Apm\u0101c\u012bbas un rekl\u0101mas materi\u0101li,<\/li>\n<li>lo\u0123istikas izdevumu atl\u012bdzin\u0101\u0161ana.<\/li>\n<\/ul>\n<p><span style=\"text-decoration: underline; color: #ff9900;\"><a href=\"https:\/\/wa.me\/447511807765\" style=\"color: #ff9900;\"><strong>Sazinieties ar mums!<\/strong><\/a><\/span><\/p>\n<p><iframe title=\"Ambassador scheme | Study in the UK | Free help\" width=\"750\" height=\"422\" data-src=\"https:\/\/www.youtube.com\/embed\/OlBkQFgcMSs?feature=oembed\" frameborder=\"0\" allow=\"accelerometer; autoplay; clipboard-write; encrypted-media; gyroscope; picture-in-picture; web-share\" allowfullscreen src=\"data:image\/gif;base64,R0lGODlhAQABAAAAACH5BAEKAAEALAAAAAABAAEAAAICTAEAOw==\" class=\"lazyload\" data-load-mode=\"1\"><\/iframe><\/p>\n","protected":false},"excerpt":{"rendered":"<p>Edu4u v\u0113stnieku programma Ja paz\u012bstat k\u0101du, kur\u0161 v\u0113las pieteikties studij\u0101m k\u0101d\u0101 no Lielbrit\u0101nijas universit\u0101t\u0113m vai koled\u017e\u0101m, dariet mums to zin\u0101mu! M\u0113s pied\u0101v\u0101jam m\u016bsu v\u0113stniekiem no 200 l\u012bdz 700 \u00a3 par studentu. J\u016bs varat ieteikt draugus un \u0123imeni vai pat s\u0101kt pie\u0146emt darb\u0101 Edu4u un pievienoties m\u016bsu komandai! M\u016bsu pieteikumu iesniedz\u0113ji [&hellip;]<\/p>\n","protected":false},"author":1,"featured_media":0,"parent":0,"menu_order":0,"comment_status":"closed","ping_status":"closed","template":"","meta":{"_acf_changed":false,"footnotes":""},"class_list":["post-18615","page","type-page","status-publish","hentry"],"acf":[],"yoast_head":"<!-- This site is optimized with the Yoast SEO plugin v24.0 - https:\/\/yoast.com\/wordpress\/plugins\/seo\/ -->\n<title>V\u0113stnieku sh\u0113ma | Bezp\u0142atna pomoc | Edu4u<\/title>\n<meta name=\"robots\" content=\"index, follow, max-snippet:-1, max-image-preview:large, max-video-preview:-1\" \/>\n<link rel=\"canonical\" href=\"https:\/\/edu-4u.uk\/lv\/vestnieku-shema\/\" \/>\n<meta property=\"og:locale\" content=\"lv_LV\" \/>\n<meta property=\"og:type\" content=\"article\" \/>\n<meta property=\"og:title\" content=\"V\u0113stnieku sh\u0113ma | Bezp\u0142atna pomoc | Edu4u\" \/>\n<meta property=\"og:description\" content=\"Edu4u v\u0113stnieku programma Ja paz\u012bstat k\u0101du, kur\u0161 v\u0113las pieteikties studij\u0101m k\u0101d\u0101 no Lielbrit\u0101nijas universit\u0101t\u0113m vai koled\u017e\u0101m, dariet mums to zin\u0101mu! M\u0113s pied\u0101v\u0101jam m\u016bsu v\u0113stniekiem no 200 l\u012bdz 700 \u00a3 par studentu. J\u016bs varat ieteikt draugus un \u0123imeni vai pat s\u0101kt pie\u0146emt darb\u0101 Edu4u un pievienoties m\u016bsu komandai! M\u016bsu pieteikumu iesniedz\u0113ji [&hellip;]\" \/>\n<meta property=\"og:url\" content=\"https:\/\/edu-4u.uk\/lv\/vestnieku-shema\/\" \/>\n<meta property=\"og:site_name\" content=\"Bezp\u0142atna pomoc | Edu4u\" \/>\n<meta property=\"article:publisher\" content=\"https:\/\/www.facebook.com\/Edu4uStudiaAnglia\/\" \/>\n<meta property=\"og:image\" content=\"https:\/\/static.wixstatic.com\/media\/19fdab20a31144fc87f36b7db734297d.jpg\/v1\/fill\/w_914,h_400,al_c,q_90\/19fdab20a31144fc87f36b7db734297d.webp\" \/>\n<meta name=\"twitter:label1\" content=\"Est. reading time\" \/>\n\t<meta name=\"twitter:data1\" content=\"2 minutes\" \/>\n<script type=\"application\/ld+json\" class=\"yoast-schema-graph\">{\"@context\":\"https:\/\/schema.org\",\"@graph\":[{\"@type\":\"WebPage\",\"@id\":\"https:\/\/edu-4u.uk\/lv\/vestnieku-shema\/\",\"url\":\"https:\/\/edu-4u.uk\/lv\/vestnieku-shema\/\",\"name\":\"V\u0113stnieku sh\u0113ma | Bezp\u0142atna pomoc | Edu4u\",\"isPartOf\":{\"@id\":\"https:\/\/edu-4u.uk\/lv\/#website\"},\"primaryImageOfPage\":{\"@id\":\"https:\/\/edu-4u.uk\/lv\/vestnieku-shema\/#primaryimage\"},\"image\":{\"@id\":\"https:\/\/edu-4u.uk\/lv\/vestnieku-shema\/#primaryimage\"},\"thumbnailUrl\":\"https:\/\/static.wixstatic.com\/media\/19fdab20a31144fc87f36b7db734297d.jpg\/v1\/fill\/w_914,h_400,al_c,q_90\/19fdab20a31144fc87f36b7db734297d.webp\",\"datePublished\":\"2018-11-26T14:30:29+00:00\",\"dateModified\":\"2018-11-26T14:30:29+00:00\",\"breadcrumb\":{\"@id\":\"https:\/\/edu-4u.uk\/lv\/vestnieku-shema\/#breadcrumb\"},\"inLanguage\":\"lv-LV\",\"potentialAction\":[{\"@type\":\"ReadAction\",\"target\":[\"https:\/\/edu-4u.uk\/lv\/vestnieku-shema\/\"]}]},{\"@type\":\"ImageObject\",\"inLanguage\":\"lv-LV\",\"@id\":\"https:\/\/edu-4u.uk\/lv\/vestnieku-shema\/#primaryimage\",\"url\":\"https:\/\/static.wixstatic.com\/media\/19fdab20a31144fc87f36b7db734297d.jpg\/v1\/fill\/w_914,h_400,al_c,q_90\/19fdab20a31144fc87f36b7db734297d.webp\",\"contentUrl\":\"https:\/\/static.wixstatic.com\/media\/19fdab20a31144fc87f36b7db734297d.jpg\/v1\/fill\/w_914,h_400,al_c,q_90\/19fdab20a31144fc87f36b7db734297d.webp\"},{\"@type\":\"BreadcrumbList\",\"@id\":\"https:\/\/edu-4u.uk\/lv\/vestnieku-shema\/#breadcrumb\",\"itemListElement\":[{\"@type\":\"ListItem\",\"position\":1,\"name\":\"Strona g\u0142\u00f3wna\",\"item\":\"https:\/\/edu-4u.uk\/lv\/\"},{\"@type\":\"ListItem\",\"position\":2,\"name\":\"V\u0113stnieku sh\u0113ma\"}]},{\"@type\":\"WebSite\",\"@id\":\"https:\/\/edu-4u.uk\/lv\/#website\",\"url\":\"https:\/\/edu-4u.uk\/lv\/\",\"name\":\"Edu4u StudyUK | Free Help\",\"description\":\"Zacznij studia w UK z Edu4u!\",\"publisher\":{\"@id\":\"https:\/\/edu-4u.uk\/lv\/#organization\"},\"potentialAction\":[{\"@type\":\"SearchAction\",\"target\":{\"@type\":\"EntryPoint\",\"urlTemplate\":\"https:\/\/edu-4u.uk\/lv\/?s={search_term_string}\"},\"query-input\":{\"@type\":\"PropertyValueSpecification\",\"valueRequired\":true,\"valueName\":\"search_term_string\"}}],\"inLanguage\":\"lv-LV\"},{\"@type\":\"Organization\",\"@id\":\"https:\/\/edu-4u.uk\/lv\/#organization\",\"name\":\"Edu4u Study in UK\",\"url\":\"https:\/\/edu-4u.uk\/lv\/\",\"logo\":{\"@type\":\"ImageObject\",\"inLanguage\":\"lv-LV\",\"@id\":\"https:\/\/edu-4u.uk\/lv\/#\/schema\/logo\/image\/\",\"url\":\"https:\/\/edu-4u.uk\/wp-content\/uploads\/2023\/06\/Logo-1.svg\",\"contentUrl\":\"https:\/\/edu-4u.uk\/wp-content\/uploads\/2023\/06\/Logo-1.svg\",\"width\":168,\"height\":43,\"caption\":\"Edu4u Study in UK\"},\"image\":{\"@id\":\"https:\/\/edu-4u.uk\/lv\/#\/schema\/logo\/image\/\"},\"sameAs\":[\"https:\/\/www.facebook.com\/Edu4uStudiaAnglia\/\",\"https:\/\/www.tiktok.com\/@edu4u_settled_status_\",\"https:\/\/www.instagram.com\/edu4u_polska\/?hl=en\",\"https:\/\/www.youtube.com\/@Edu4u_Settled_Status\",\"https:\/\/www.facebook.com\/Edu4uSettledStatus\/\",\"https:\/\/www.instagram.com\/edu4u_settled_status\/\",\"https:\/\/www.tiktok.com\/@edu4u_studyuk\"]}]}<\/script>\n<!-- \/ Yoast SEO plugin. -->","yoast_head_json":{"title":"V\u0113stnieku sh\u0113ma | Bezp\u0142atna pomoc | Edu4u","robots":{"index":"index","follow":"follow","max-snippet":"max-snippet:-1","max-image-preview":"max-image-preview:large","max-video-preview":"max-video-preview:-1"},"canonical":"https:\/\/edu-4u.uk\/lv\/vestnieku-shema\/","og_locale":"lv_LV","og_type":"article","og_title":"V\u0113stnieku sh\u0113ma | Bezp\u0142atna pomoc | Edu4u","og_description":"Edu4u v\u0113stnieku programma Ja paz\u012bstat k\u0101du, kur\u0161 v\u0113las pieteikties studij\u0101m k\u0101d\u0101 no Lielbrit\u0101nijas universit\u0101t\u0113m vai koled\u017e\u0101m, dariet mums to zin\u0101mu! M\u0113s pied\u0101v\u0101jam m\u016bsu v\u0113stniekiem no 200 l\u012bdz 700 \u00a3 par studentu. J\u016bs varat ieteikt draugus un \u0123imeni vai pat s\u0101kt pie\u0146emt darb\u0101 Edu4u un pievienoties m\u016bsu komandai! M\u016bsu pieteikumu iesniedz\u0113ji [&hellip;]","og_url":"https:\/\/edu-4u.uk\/lv\/vestnieku-shema\/","og_site_name":"Bezp\u0142atna pomoc | Edu4u","article_publisher":"https:\/\/www.facebook.com\/Edu4uStudiaAnglia\/","og_image":[{"url":"https:\/\/static.wixstatic.com\/media\/19fdab20a31144fc87f36b7db734297d.jpg\/v1\/fill\/w_914,h_400,al_c,q_90\/19fdab20a31144fc87f36b7db734297d.webp","type":"","width":"","height":""}],"twitter_misc":{"Est. reading time":"2 minutes"},"schema":{"@context":"https:\/\/schema.org","@graph":[{"@type":"WebPage","@id":"https:\/\/edu-4u.uk\/lv\/vestnieku-shema\/","url":"https:\/\/edu-4u.uk\/lv\/vestnieku-shema\/","name":"V\u0113stnieku sh\u0113ma | Bezp\u0142atna pomoc | Edu4u","isPartOf":{"@id":"https:\/\/edu-4u.uk\/lv\/#website"},"primaryImageOfPage":{"@id":"https:\/\/edu-4u.uk\/lv\/vestnieku-shema\/#primaryimage"},"image":{"@id":"https:\/\/edu-4u.uk\/lv\/vestnieku-shema\/#primaryimage"},"thumbnailUrl":"https:\/\/static.wixstatic.com\/media\/19fdab20a31144fc87f36b7db734297d.jpg\/v1\/fill\/w_914,h_400,al_c,q_90\/19fdab20a31144fc87f36b7db734297d.webp","datePublished":"2018-11-26T14:30:29+00:00","dateModified":"2018-11-26T14:30:29+00:00","breadcrumb":{"@id":"https:\/\/edu-4u.uk\/lv\/vestnieku-shema\/#breadcrumb"},"inLanguage":"lv-LV","potentialAction":[{"@type":"ReadAction","target":["https:\/\/edu-4u.uk\/lv\/vestnieku-shema\/"]}]},{"@type":"ImageObject","inLanguage":"lv-LV","@id":"https:\/\/edu-4u.uk\/lv\/vestnieku-shema\/#primaryimage","url":"https:\/\/static.wixstatic.com\/media\/19fdab20a31144fc87f36b7db734297d.jpg\/v1\/fill\/w_914,h_400,al_c,q_90\/19fdab20a31144fc87f36b7db734297d.webp","contentUrl":"https:\/\/static.wixstatic.com\/media\/19fdab20a31144fc87f36b7db734297d.jpg\/v1\/fill\/w_914,h_400,al_c,q_90\/19fdab20a31144fc87f36b7db734297d.webp"},{"@type":"BreadcrumbList","@id":"https:\/\/edu-4u.uk\/lv\/vestnieku-shema\/#breadcrumb","itemListElement":[{"@type":"ListItem","position":1,"name":"Strona g\u0142\u00f3wna","item":"https:\/\/edu-4u.uk\/lv\/"},{"@type":"ListItem","position":2,"name":"V\u0113stnieku sh\u0113ma"}]},{"@type":"WebSite","@id":"https:\/\/edu-4u.uk\/lv\/#website","url":"https:\/\/edu-4u.uk\/lv\/","name":"Edu4u StudyUK | Free Help","description":"Zacznij studia w UK z Edu4u!","publisher":{"@id":"https:\/\/edu-4u.uk\/lv\/#organization"},"potentialAction":[{"@type":"SearchAction","target":{"@type":"EntryPoint","urlTemplate":"https:\/\/edu-4u.uk\/lv\/?s={search_term_string}"},"query-input":{"@type":"PropertyValueSpecification","valueRequired":true,"valueName":"search_term_string"}}],"inLanguage":"lv-LV"},{"@type":"Organization","@id":"https:\/\/edu-4u.uk\/lv\/#organization","name":"Edu4u Study in UK","url":"https:\/\/edu-4u.uk\/lv\/","logo":{"@type":"ImageObject","inLanguage":"lv-LV","@id":"https:\/\/edu-4u.uk\/lv\/#\/schema\/logo\/image\/","url":"https:\/\/edu-4u.uk\/wp-content\/uploads\/2023\/06\/Logo-1.svg","contentUrl":"https:\/\/edu-4u.uk\/wp-content\/uploads\/2023\/06\/Logo-1.svg","width":168,"height":43,"caption":"Edu4u Study in UK"},"image":{"@id":"https:\/\/edu-4u.uk\/lv\/#\/schema\/logo\/image\/"},"sameAs":["https:\/\/www.facebook.com\/Edu4uStudiaAnglia\/","https:\/\/www.tiktok.com\/@edu4u_settled_status_","https:\/\/www.instagram.com\/edu4u_polska\/?hl=en","https:\/\/www.youtube.com\/@Edu4u_Settled_Status","https:\/\/www.facebook.com\/Edu4uSettledStatus\/","https:\/\/www.instagram.com\/edu4u_settled_status\/","https:\/\/www.tiktok.com\/@edu4u_studyuk"]}]}},"_links":{"self":[{"href":"https:\/\/edu-4u.uk\/lv\/wp-json\/wp\/v2\/pages\/18615","targetHints":{"allow":["GET"]}}],"collection":[{"href":"https:\/\/edu-4u.uk\/lv\/wp-json\/wp\/v2\/pages"}],"about":[{"href":"https:\/\/edu-4u.uk\/lv\/wp-json\/wp\/v2\/types\/page"}],"author":[{"embeddable":true,"href":"https:\/\/edu-4u.uk\/lv\/wp-json\/wp\/v2\/users\/1"}],"replies":[{"embeddable":true,"href":"https:\/\/edu-4u.uk\/lv\/wp-json\/wp\/v2\/comments?post=18615"}],"version-history":[{"count":0,"href":"https:\/\/edu-4u.uk\/lv\/wp-json\/wp\/v2\/pages\/18615\/revisions"}],"wp:attachment":[{"href":"https:\/\/edu-4u.uk\/lv\/wp-json\/wp\/v2\/media?parent=18615"}],"curies":[{"name":"wp","href":"https:\/\/api.w.org\/{rel}","templated":true}]}}