{"id":18491,"date":"2018-10-30T23:28:53","date_gmt":"2018-10-30T22:28:53","guid":{"rendered":"https:\/\/edu-4u.uk\/par-mums\/"},"modified":"2024-03-18T15:33:35","modified_gmt":"2024-03-18T14:33:35","slug":"par-mums","status":"publish","type":"page","link":"https:\/\/edu-4u.uk\/lv\/par-mums\/","title":{"rendered":"Par mums"},"content":{"rendered":"\t\t<div data-elementor-type=\"wp-post\" data-elementor-id=\"18491\" class=\"elementor elementor-18491 elementor-76\">\n\t\t\t\t\t\t<section class=\"elementor-section elementor-top-section elementor-element elementor-element-59363ac4 elementor-section-boxed elementor-section-height-default elementor-section-height-default\" data-id=\"59363ac4\" data-element_type=\"section\">\n\t\t\t\t\t\t<div class=\"elementor-container elementor-column-gap-default\">\n\t\t\t\t\t<div class=\"elementor-column elementor-col-100 elementor-top-column elementor-element elementor-element-65b19dfd\" data-id=\"65b19dfd\" data-element_type=\"column\">\n\t\t\t<div class=\"elementor-widget-wrap elementor-element-populated\">\n\t\t\t\t\t\t<div class=\"elementor-element elementor-element-57c906ff elementor-widget elementor-widget-image\" data-id=\"57c906ff\" data-element_type=\"widget\" data-widget_type=\"image.default\">\n\t\t\t\t<div class=\"elementor-widget-container\">\n\t\t\t\t\t\t\t\t\t\t\t\t\t\t\t<img fetchpriority=\"high\" decoding=\"async\" width=\"1100\" height=\"450\" src=\"https:\/\/edu-4u.uk\/wp-content\/uploads\/2024\/03\/Par-mums-edu4u.png\" class=\"attachment-full size-full wp-image-18986\" alt=\"Par mums edu4u\" srcset=\"https:\/\/b3292720.smushcdn.com\/3292720\/wp-content\/uploads\/2024\/03\/Par-mums-edu4u.png?lossy=2&amp;strip=1&amp;webp=1 1100w, https:\/\/b3292720.smushcdn.com\/3292720\/wp-content\/uploads\/2024\/03\/Par-mums-edu4u-300x123.png?lossy=2&amp;strip=1&amp;webp=1 300w, https:\/\/b3292720.smushcdn.com\/3292720\/wp-content\/uploads\/2024\/03\/Par-mums-edu4u-1024x419.png?lossy=2&amp;strip=1&amp;webp=1 1024w, https:\/\/b3292720.smushcdn.com\/3292720\/wp-content\/uploads\/2024\/03\/Par-mums-edu4u-768x314.png?lossy=2&amp;strip=1&amp;webp=1 768w\" sizes=\"(max-width: 1100px) 100vw, 1100px\" \/>\t\t\t\t\t\t\t\t\t\t\t\t\t\t\t<\/div>\n\t\t\t\t<\/div>\n\t\t\t\t\t<\/div>\n\t\t<\/div>\n\t\t\t\t\t<\/div>\n\t\t<\/section>\n\t\t\t\t<section class=\"elementor-section elementor-top-section elementor-element elementor-element-33009439 elementor-reverse-mobile elementor-section-boxed elementor-section-height-default elementor-section-height-default\" data-id=\"33009439\" data-element_type=\"section\">\n\t\t\t\t\t\t<div class=\"elementor-container elementor-column-gap-default\">\n\t\t\t\t\t<div class=\"elementor-column elementor-col-100 elementor-top-column elementor-element elementor-element-68e1625d\" data-id=\"68e1625d\" data-element_type=\"column\">\n\t\t\t<div class=\"elementor-widget-wrap elementor-element-populated\">\n\t\t\t\t\t\t<div class=\"elementor-element elementor-element-45154f6f elementor-widget elementor-widget-heading\" data-id=\"45154f6f\" data-element_type=\"widget\" data-widget_type=\"heading.default\">\n\t\t\t\t<div class=\"elementor-widget-container\">\n\t\t\t\t\t<h1 class=\"elementor-heading-title elementor-size-default\">Par mums<\/h1>\t\t\t\t<\/div>\n\t\t\t\t<\/div>\n\t\t\t\t<div class=\"elementor-element elementor-element-7cead1a2 elementor-widget elementor-widget-text-editor\" data-id=\"7cead1a2\" data-element_type=\"widget\" data-widget_type=\"text-editor.default\">\n\t\t\t\t<div class=\"elementor-widget-container\">\n\t\t\t\t\t\t\t\t\t<p><em><b>EDU4U<\/b><span> <\/span>T\u0101 ir padomdev\u0113ju, konsultantu un izgl\u012bt\u012bbas v\u0113stnieku komanda, kas darbojas Lielbrit\u0101nij\u0101 un Polij\u0101. M\u016bsu m\u0113r\u0137is ir pal\u012bdz\u0113t jauniem, ambicioziem cilv\u0113kiem, kuri v\u0113las g\u016bt pan\u0101kumus un ieg\u016bt augst\u0101ko izgl\u012bt\u012bbu Apvienotaj\u0101 Karalist\u0113.<\/em><\/p>\n<p class=\"font_8\">\n<p class=\"font_8\">\n<ul><\/ul>\n<p class=\"font_8\">\n\t\t\t\t\t\t\t\t<\/div>\n\t\t\t\t<\/div>\n\t\t\t\t<div class=\"elementor-element elementor-element-cfd60df elementor-widget elementor-widget-text-editor\" data-id=\"cfd60df\" data-element_type=\"widget\" data-widget_type=\"text-editor.default\">\n\t\t\t\t<div class=\"elementor-widget-container\">\n\t\t\t\t\t\t\t\t\t<p class=\"font_8\" style=\"font-size: 18px;\"><strong>M\u016bsu misija<\/strong><\/p>\n<p class=\"font_8\" style=\"font-size: 18px;\">M\u0113s v\u0113lamies pozit\u012bvi ietekm\u0113t jaunie\u0161u izgl\u012bt\u012bbu.<\/p>\n<p class=\"font_8\" style=\"font-size: 18px;\">Edu4u m\u0113r\u0137is ir k\u013c\u016bt par organiz\u0101ciju, kas prec\u012bzi lasa un paredz augst\u0101k\u0101s izgl\u012bt\u012bbas vajadz\u012bbas un sp\u0113j uz t\u0101m rea\u0123\u0113t.<\/p>\n\t\t\t\t\t\t\t\t<\/div>\n\t\t\t\t<\/div>\n\t\t\t\t<div class=\"elementor-element elementor-element-aceb381 elementor-widget elementor-widget-text-editor\" data-id=\"aceb381\" data-element_type=\"widget\" data-widget_type=\"text-editor.default\">\n\t\t\t\t<div class=\"elementor-widget-container\">\n\t\t\t\t\t\t\t\t\t<p class=\"font_8\" style=\"font-size: 18px;\"><strong>M\u016bsu v\u0113rt\u012bbas<\/strong><\/p>\n<p class=\"font_8\" style=\"font-size: 18px;\">Edu4u ir galvenok\u0101rt cilv\u0113ki, kurus vieno sadarb\u012bba, kas v\u0113rsta uz jaunie\u0161u izgl\u012bt\u012bbas vajadz\u012bbu izpratni un prec\u012bzu apmierin\u0101\u0161anu, k\u0101 ar\u012b atbild\u012bbu par vi\u0146u apmierin\u0101t\u012bbu. Kop\u012bg\u0101s v\u0113rt\u012bbas ir pamats organiz\u0101cijas att\u012bst\u012bbai un uztic\u012bbas veido\u0161anai attiec\u012bb\u0101s ar t\u0101m.<\/p>\n<ul>\n<li class=\"font_8\">Kvalit\u0101te un inov\u0101cijas<\/li>\n<li class=\"font_8\">Atv\u0113rt\u012bba un cie\u0146a<\/li>\n<li class=\"font_8\">\u0112tika un atbild\u012bba darb\u012bb\u0101<\/li>\n<li class=\"font_8\">Sadarb\u012bba un att\u012bst\u012bba<\/li>\n<\/ul>\n\t\t\t\t\t\t\t\t<\/div>\n\t\t\t\t<\/div>\n\t\t\t\t<div class=\"elementor-element elementor-element-e74d521 elementor-widget elementor-widget-text-editor\" data-id=\"e74d521\" data-element_type=\"widget\" data-widget_type=\"text-editor.default\">\n\t\t\t\t<div class=\"elementor-widget-container\">\n\t\t\t\t\t\t\t\t\t<p style=\"font-size: 18px;\"><strong>M\u016bsu uzdevumi<\/strong><\/p>\n<ul>\n<li>Bezmaksas pal\u012bdz\u012bba, lai iest\u0101tos jebkur\u0101 studiju programm\u0101 Apvienotaj\u0101 Karalist\u0113<\/li>\n<li>Profesion\u0101ls padoms studiju kursa un augstskolas izv\u0113l\u0113<\/li>\n<li>Visaptvero\u0161a, profesion\u0101la pal\u012bdz\u012bba pieteikumu iesnieg\u0161anas proces\u0101.<\/li>\n<li>Atbalsts studiju laik\u0101<\/li>\n<\/ul>\n<p style=\"font-size: 18px;\">M\u0113s pal\u012bdzam, daloties ar savu pieredzi, zin\u0101\u0161an\u0101m un prasm\u0113m.  <i>J\u016bsu m\u0113r\u0137is ir m\u016bsu m\u0113r\u0137is.<\/i>  Edu4u padomdev\u0113ji un konsultanti ikvienam pied\u0101v\u0101 individu\u0101lu pal\u012bdz\u012bbu. M\u016bsu komanda ir ap\u0146\u0113musies maksim\u0101li palielin\u0101t j\u016bsu izredzes iest\u0101ties j\u016bsu sap\u0146u universit\u0101t\u0113s. T\u0101p\u0113c m\u0113s jums sniegsim padomus, k\u0101 uzrakst\u012bt person\u012bgo atsauksmi, p\u0101rbaud\u012bsim skolot\u0101ja atsauksmes un pieteikumu UCAS sist\u0113m\u0101, k\u0101 ar\u012b pal\u012bdz\u0113sim sa\u0146emt studiju maksas aizdevumu. M\u016bsu pal\u012bdz\u012bbas apjoms ir neierobe\u017eots, m\u0113s vienm\u0113r b\u016bsim j\u016bsu r\u012bc\u012bb\u0101, ja jums tas b\u016bs nepiecie\u0161ams.<\/p>\n<p style=\"font-size: 18px;\">Ja jums ir k\u0101di jaut\u0101jumi, vienm\u0113r varat ar mums sazin\u0101ties. M\u0113s sniedzam objekt\u012bvu un uzticamu inform\u0101ciju.<\/p>\n<ul><\/ul>\n\t\t\t\t\t\t\t\t<\/div>\n\t\t\t\t<\/div>\n\t\t\t\t\t<\/div>\n\t\t<\/div>\n\t\t\t\t\t<\/div>\n\t\t<\/section>\n\t\t\t\t<section class=\"elementor-section elementor-top-section elementor-element elementor-element-20adc4c7 elementor-section-boxed elementor-section-height-default elementor-section-height-default\" data-id=\"20adc4c7\" data-element_type=\"section\">\n\t\t\t\t\t\t<div class=\"elementor-container elementor-column-gap-default\">\n\t\t\t\t\t<div class=\"elementor-column elementor-col-100 elementor-top-column elementor-element elementor-element-529d090c\" data-id=\"529d090c\" data-element_type=\"column\">\n\t\t\t<div class=\"elementor-widget-wrap elementor-element-populated\">\n\t\t\t\t\t\t<div class=\"elementor-element elementor-element-67428cf9 elementor-widget-divider--view-line elementor-widget elementor-widget-divider\" data-id=\"67428cf9\" data-element_type=\"widget\" data-widget_type=\"divider.default\">\n\t\t\t\t<div class=\"elementor-widget-container\">\n\t\t\t\t\t\t\t<div class=\"elementor-divider\">\n\t\t\t<span class=\"elementor-divider-separator\">\n\t\t\t\t\t\t<\/span>\n\t\t<\/div>\n\t\t\t\t\t\t<\/div>\n\t\t\t\t<\/div>\n\t\t\t\t<div class=\"elementor-element elementor-element-39a2bf0e elementor-widget elementor-widget-heading\" data-id=\"39a2bf0e\" data-element_type=\"widget\" data-widget_type=\"heading.default\">\n\t\t\t\t<div class=\"elementor-widget-container\">\n\t\t\t\t\t<h4 class=\"elementor-heading-title elementor-size-default\">Skatiet k\u0101das no vair\u0101kiem simtiem Anglijas universit\u0101\u0161u reitingu un statistiku.<\/h4>\t\t\t\t<\/div>\n\t\t\t\t<\/div>\n\t\t\t\t\t<\/div>\n\t\t<\/div>\n\t\t\t\t\t<\/div>\n\t\t<\/section>\n\t\t\t\t<section class=\"elementor-section elementor-top-section elementor-element elementor-element-49935c7 elementor-section-boxed elementor-section-height-default elementor-section-height-default\" data-id=\"49935c7\" data-element_type=\"section\">\n\t\t\t\t\t\t<div class=\"elementor-container elementor-column-gap-default\">\n\t\t\t\t\t<div class=\"elementor-column elementor-col-100 elementor-top-column elementor-element elementor-element-514be86d\" data-id=\"514be86d\" data-element_type=\"column\">\n\t\t\t<div class=\"elementor-widget-wrap elementor-element-populated\">\n\t\t\t\t\t\t<div class=\"elementor-element elementor-element-6e27f8ad elementor-align-center elementor-mobile-align-center elementor-widget elementor-widget-button\" data-id=\"6e27f8ad\" data-element_type=\"widget\" data-widget_type=\"button.default\">\n\t\t\t\t<div class=\"elementor-widget-container\">\n\t\t\t\t\t\t\t\t\t<div class=\"elementor-button-wrapper\">\n\t\t\t\t\t<a class=\"elementor-button elementor-button-link elementor-size-lg\" href=\"https:\/\/edu-4u.uk\/uniwersytety-w-anglii\/\">\n\t\t\t\t\t\t<span class=\"elementor-button-content-wrapper\">\n\t\t\t\t\t\t<span class=\"elementor-button-icon\">\n\t\t\t\t\t\t\t\t\t<i class=\"fa fa-university\" aria-hidden=\"true\"><\/i>\n\t\t\t\t\t\t\t<\/span>\n\t\t\t\t\t\t\t\t\t<span class=\"elementor-button-text\">Universit\u0101te Ranking<\/span>\n\t\t\t\t\t<\/span>\n\t\t\t\t\t<\/a>\n\t\t\t\t<\/div>\n\t\t\t\t\t\t\t\t<\/div>\n\t\t\t\t<\/div>\n\t\t\t\t<div class=\"elementor-element elementor-element-328b3577 elementor-widget-divider--view-line elementor-widget elementor-widget-divider\" data-id=\"328b3577\" data-element_type=\"widget\" data-widget_type=\"divider.default\">\n\t\t\t\t<div class=\"elementor-widget-container\">\n\t\t\t\t\t\t\t<div class=\"elementor-divider\">\n\t\t\t<span class=\"elementor-divider-separator\">\n\t\t\t\t\t\t<\/span>\n\t\t<\/div>\n\t\t\t\t\t\t<\/div>\n\t\t\t\t<\/div>\n\t\t\t\t\t<\/div>\n\t\t<\/div>\n\t\t\t\t\t<\/div>\n\t\t<\/section>\n\t\t\t\t<\/div>\n\t\t","protected":false},"excerpt":{"rendered":"<p>Par mums EDU4U T\u0101 ir padomdev\u0113ju, konsultantu un izgl\u012bt\u012bbas v\u0113stnieku komanda, kas darbojas Lielbrit\u0101nij\u0101 un Polij\u0101. M\u016bsu m\u0113r\u0137is ir pal\u012bdz\u0113t jauniem, ambicioziem cilv\u0113kiem, kuri v\u0113las g\u016bt pan\u0101kumus un ieg\u016bt augst\u0101ko izgl\u012bt\u012bbu Apvienotaj\u0101 Karalist\u0113. M\u016bsu misija M\u0113s v\u0113lamies pozit\u012bvi ietekm\u0113t jaunie\u0161u izgl\u012bt\u012bbu. Edu4u m\u0113r\u0137is ir k\u013c\u016bt par organiz\u0101ciju, kas prec\u012bzi lasa [&hellip;]<\/p>\n","protected":false},"author":1,"featured_media":18492,"parent":0,"menu_order":0,"comment_status":"closed","ping_status":"closed","template":"page-templates\/template-pagebuilder-full-width.php","meta":{"_acf_changed":false,"footnotes":""},"class_list":["post-18491","page","type-page","status-publish","has-post-thumbnail","hentry"],"acf":[],"yoast_head":"<!-- This site is optimized with the Yoast SEO plugin v24.0 - https:\/\/yoast.com\/wordpress\/plugins\/seo\/ -->\n<title>Par mums | Bezp\u0142atna pomoc | Edu4u<\/title>\n<meta name=\"description\" content=\"EDU4U ir padomdev\u0113ju un izgl\u012bt\u012bbas v\u0113stnieku komanda, kas str\u0101d\u0101 Lielbrit\u0101nij\u0101 un Polij\u0101. Sazinieties ar mums, lai sa\u0146emtu uzticamu pal\u012bdz\u012bbu\" \/>\n<meta name=\"robots\" content=\"index, follow, max-snippet:-1, max-image-preview:large, max-video-preview:-1\" \/>\n<link rel=\"canonical\" href=\"https:\/\/edu-4u.uk\/lv\/par-mums\/\" \/>\n<meta property=\"og:locale\" content=\"lv_LV\" \/>\n<meta property=\"og:type\" content=\"article\" \/>\n<meta property=\"og:title\" content=\"Par mums | Bezp\u0142atna pomoc | Edu4u\" \/>\n<meta property=\"og:description\" content=\"EDU4U ir padomdev\u0113ju un izgl\u012bt\u012bbas v\u0113stnieku komanda, kas str\u0101d\u0101 Lielbrit\u0101nij\u0101 un Polij\u0101. Sazinieties ar mums, lai sa\u0146emtu uzticamu pal\u012bdz\u012bbu\" \/>\n<meta property=\"og:url\" content=\"https:\/\/edu-4u.uk\/lv\/par-mums\/\" \/>\n<meta property=\"og:site_name\" content=\"Bezp\u0142atna pomoc | Edu4u\" \/>\n<meta property=\"article:publisher\" content=\"https:\/\/www.facebook.com\/Edu4uStudiaAnglia\/\" \/>\n<meta property=\"article:modified_time\" content=\"2024-03-18T14:33:35+00:00\" \/>\n<meta property=\"og:image\" content=\"https:\/\/edu-4u.uk\/wp-content\/uploads\/2018\/10\/pexels-photo-1092373.jpeg\" \/>\n\t<meta property=\"og:image:width\" content=\"1484\" \/>\n\t<meta property=\"og:image:height\" content=\"1080\" \/>\n\t<meta property=\"og:image:type\" content=\"image\/jpeg\" \/>\n<meta name=\"twitter:label1\" content=\"Est. reading time\" \/>\n\t<meta name=\"twitter:data1\" content=\"2 minutes\" \/>\n<script type=\"application\/ld+json\" class=\"yoast-schema-graph\">{\"@context\":\"https:\/\/schema.org\",\"@graph\":[{\"@type\":\"WebPage\",\"@id\":\"https:\/\/edu-4u.uk\/lv\/par-mums\/\",\"url\":\"https:\/\/edu-4u.uk\/lv\/par-mums\/\",\"name\":\"Par mums | Bezp\u0142atna pomoc | Edu4u\",\"isPartOf\":{\"@id\":\"https:\/\/edu-4u.uk\/lv\/#website\"},\"primaryImageOfPage\":{\"@id\":\"https:\/\/edu-4u.uk\/lv\/par-mums\/#primaryimage\"},\"image\":{\"@id\":\"https:\/\/edu-4u.uk\/lv\/par-mums\/#primaryimage\"},\"thumbnailUrl\":\"https:\/\/edu-4u.uk\/wp-content\/uploads\/2018\/10\/pexels-photo-1092373.jpeg\",\"datePublished\":\"2018-10-30T22:28:53+00:00\",\"dateModified\":\"2024-03-18T14:33:35+00:00\",\"description\":\"EDU4U ir padomdev\u0113ju un izgl\u012bt\u012bbas v\u0113stnieku komanda, kas str\u0101d\u0101 Lielbrit\u0101nij\u0101 un Polij\u0101. Sazinieties ar mums, lai sa\u0146emtu uzticamu pal\u012bdz\u012bbu\",\"breadcrumb\":{\"@id\":\"https:\/\/edu-4u.uk\/lv\/par-mums\/#breadcrumb\"},\"inLanguage\":\"lv-LV\",\"potentialAction\":[{\"@type\":\"ReadAction\",\"target\":[\"https:\/\/edu-4u.uk\/lv\/par-mums\/\"]}]},{\"@type\":\"ImageObject\",\"inLanguage\":\"lv-LV\",\"@id\":\"https:\/\/edu-4u.uk\/lv\/par-mums\/#primaryimage\",\"url\":\"https:\/\/edu-4u.uk\/wp-content\/uploads\/2018\/10\/pexels-photo-1092373.jpeg\",\"contentUrl\":\"https:\/\/edu-4u.uk\/wp-content\/uploads\/2018\/10\/pexels-photo-1092373.jpeg\",\"width\":1484,\"height\":1080},{\"@type\":\"BreadcrumbList\",\"@id\":\"https:\/\/edu-4u.uk\/lv\/par-mums\/#breadcrumb\",\"itemListElement\":[{\"@type\":\"ListItem\",\"position\":1,\"name\":\"Strona g\u0142\u00f3wna\",\"item\":\"https:\/\/edu-4u.uk\/lv\/\"},{\"@type\":\"ListItem\",\"position\":2,\"name\":\"Par mums\"}]},{\"@type\":\"WebSite\",\"@id\":\"https:\/\/edu-4u.uk\/lv\/#website\",\"url\":\"https:\/\/edu-4u.uk\/lv\/\",\"name\":\"Edu4u StudyUK | Free Help\",\"description\":\"Zacznij studia w UK z Edu4u!\",\"publisher\":{\"@id\":\"https:\/\/edu-4u.uk\/lv\/#organization\"},\"potentialAction\":[{\"@type\":\"SearchAction\",\"target\":{\"@type\":\"EntryPoint\",\"urlTemplate\":\"https:\/\/edu-4u.uk\/lv\/?s={search_term_string}\"},\"query-input\":{\"@type\":\"PropertyValueSpecification\",\"valueRequired\":true,\"valueName\":\"search_term_string\"}}],\"inLanguage\":\"lv-LV\"},{\"@type\":\"Organization\",\"@id\":\"https:\/\/edu-4u.uk\/lv\/#organization\",\"name\":\"Edu4u Study in UK\",\"url\":\"https:\/\/edu-4u.uk\/lv\/\",\"logo\":{\"@type\":\"ImageObject\",\"inLanguage\":\"lv-LV\",\"@id\":\"https:\/\/edu-4u.uk\/lv\/#\/schema\/logo\/image\/\",\"url\":\"https:\/\/edu-4u.uk\/wp-content\/uploads\/2023\/06\/Logo-1.svg\",\"contentUrl\":\"https:\/\/edu-4u.uk\/wp-content\/uploads\/2023\/06\/Logo-1.svg\",\"width\":168,\"height\":43,\"caption\":\"Edu4u Study in UK\"},\"image\":{\"@id\":\"https:\/\/edu-4u.uk\/lv\/#\/schema\/logo\/image\/\"},\"sameAs\":[\"https:\/\/www.facebook.com\/Edu4uStudiaAnglia\/\",\"https:\/\/www.tiktok.com\/@edu4u_settled_status_\",\"https:\/\/www.instagram.com\/edu4u_polska\/?hl=en\",\"https:\/\/www.youtube.com\/@Edu4u_Settled_Status\",\"https:\/\/www.facebook.com\/Edu4uSettledStatus\/\",\"https:\/\/www.instagram.com\/edu4u_settled_status\/\",\"https:\/\/www.tiktok.com\/@edu4u_studyuk\"]}]}<\/script>\n<!-- \/ Yoast SEO plugin. -->","yoast_head_json":{"title":"Par mums | Bezp\u0142atna pomoc | Edu4u","description":"EDU4U ir padomdev\u0113ju un izgl\u012bt\u012bbas v\u0113stnieku komanda, kas str\u0101d\u0101 Lielbrit\u0101nij\u0101 un Polij\u0101. Sazinieties ar mums, lai sa\u0146emtu uzticamu pal\u012bdz\u012bbu","robots":{"index":"index","follow":"follow","max-snippet":"max-snippet:-1","max-image-preview":"max-image-preview:large","max-video-preview":"max-video-preview:-1"},"canonical":"https:\/\/edu-4u.uk\/lv\/par-mums\/","og_locale":"lv_LV","og_type":"article","og_title":"Par mums | Bezp\u0142atna pomoc | Edu4u","og_description":"EDU4U ir padomdev\u0113ju un izgl\u012bt\u012bbas v\u0113stnieku komanda, kas str\u0101d\u0101 Lielbrit\u0101nij\u0101 un Polij\u0101. Sazinieties ar mums, lai sa\u0146emtu uzticamu pal\u012bdz\u012bbu","og_url":"https:\/\/edu-4u.uk\/lv\/par-mums\/","og_site_name":"Bezp\u0142atna pomoc | Edu4u","article_publisher":"https:\/\/www.facebook.com\/Edu4uStudiaAnglia\/","article_modified_time":"2024-03-18T14:33:35+00:00","og_image":[{"width":1484,"height":1080,"url":"https:\/\/edu-4u.uk\/wp-content\/uploads\/2018\/10\/pexels-photo-1092373.jpeg","type":"image\/jpeg"}],"twitter_misc":{"Est. reading time":"2 minutes"},"schema":{"@context":"https:\/\/schema.org","@graph":[{"@type":"WebPage","@id":"https:\/\/edu-4u.uk\/lv\/par-mums\/","url":"https:\/\/edu-4u.uk\/lv\/par-mums\/","name":"Par mums | Bezp\u0142atna pomoc | Edu4u","isPartOf":{"@id":"https:\/\/edu-4u.uk\/lv\/#website"},"primaryImageOfPage":{"@id":"https:\/\/edu-4u.uk\/lv\/par-mums\/#primaryimage"},"image":{"@id":"https:\/\/edu-4u.uk\/lv\/par-mums\/#primaryimage"},"thumbnailUrl":"https:\/\/edu-4u.uk\/wp-content\/uploads\/2018\/10\/pexels-photo-1092373.jpeg","datePublished":"2018-10-30T22:28:53+00:00","dateModified":"2024-03-18T14:33:35+00:00","description":"EDU4U ir padomdev\u0113ju un izgl\u012bt\u012bbas v\u0113stnieku komanda, kas str\u0101d\u0101 Lielbrit\u0101nij\u0101 un Polij\u0101. Sazinieties ar mums, lai sa\u0146emtu uzticamu pal\u012bdz\u012bbu","breadcrumb":{"@id":"https:\/\/edu-4u.uk\/lv\/par-mums\/#breadcrumb"},"inLanguage":"lv-LV","potentialAction":[{"@type":"ReadAction","target":["https:\/\/edu-4u.uk\/lv\/par-mums\/"]}]},{"@type":"ImageObject","inLanguage":"lv-LV","@id":"https:\/\/edu-4u.uk\/lv\/par-mums\/#primaryimage","url":"https:\/\/edu-4u.uk\/wp-content\/uploads\/2018\/10\/pexels-photo-1092373.jpeg","contentUrl":"https:\/\/edu-4u.uk\/wp-content\/uploads\/2018\/10\/pexels-photo-1092373.jpeg","width":1484,"height":1080},{"@type":"BreadcrumbList","@id":"https:\/\/edu-4u.uk\/lv\/par-mums\/#breadcrumb","itemListElement":[{"@type":"ListItem","position":1,"name":"Strona g\u0142\u00f3wna","item":"https:\/\/edu-4u.uk\/lv\/"},{"@type":"ListItem","position":2,"name":"Par mums"}]},{"@type":"WebSite","@id":"https:\/\/edu-4u.uk\/lv\/#website","url":"https:\/\/edu-4u.uk\/lv\/","name":"Edu4u StudyUK | Free Help","description":"Zacznij studia w UK z Edu4u!","publisher":{"@id":"https:\/\/edu-4u.uk\/lv\/#organization"},"potentialAction":[{"@type":"SearchAction","target":{"@type":"EntryPoint","urlTemplate":"https:\/\/edu-4u.uk\/lv\/?s={search_term_string}"},"query-input":{"@type":"PropertyValueSpecification","valueRequired":true,"valueName":"search_term_string"}}],"inLanguage":"lv-LV"},{"@type":"Organization","@id":"https:\/\/edu-4u.uk\/lv\/#organization","name":"Edu4u Study in UK","url":"https:\/\/edu-4u.uk\/lv\/","logo":{"@type":"ImageObject","inLanguage":"lv-LV","@id":"https:\/\/edu-4u.uk\/lv\/#\/schema\/logo\/image\/","url":"https:\/\/edu-4u.uk\/wp-content\/uploads\/2023\/06\/Logo-1.svg","contentUrl":"https:\/\/edu-4u.uk\/wp-content\/uploads\/2023\/06\/Logo-1.svg","width":168,"height":43,"caption":"Edu4u Study in UK"},"image":{"@id":"https:\/\/edu-4u.uk\/lv\/#\/schema\/logo\/image\/"},"sameAs":["https:\/\/www.facebook.com\/Edu4uStudiaAnglia\/","https:\/\/www.tiktok.com\/@edu4u_settled_status_","https:\/\/www.instagram.com\/edu4u_polska\/?hl=en","https:\/\/www.youtube.com\/@Edu4u_Settled_Status","https:\/\/www.facebook.com\/Edu4uSettledStatus\/","https:\/\/www.instagram.com\/edu4u_settled_status\/","https:\/\/www.tiktok.com\/@edu4u_studyuk"]}]}},"_links":{"self":[{"href":"https:\/\/edu-4u.uk\/lv\/wp-json\/wp\/v2\/pages\/18491","targetHints":{"allow":["GET"]}}],"collection":[{"href":"https:\/\/edu-4u.uk\/lv\/wp-json\/wp\/v2\/pages"}],"about":[{"href":"https:\/\/edu-4u.uk\/lv\/wp-json\/wp\/v2\/types\/page"}],"author":[{"embeddable":true,"href":"https:\/\/edu-4u.uk\/lv\/wp-json\/wp\/v2\/users\/1"}],"replies":[{"embeddable":true,"href":"https:\/\/edu-4u.uk\/lv\/wp-json\/wp\/v2\/comments?post=18491"}],"version-history":[{"count":4,"href":"https:\/\/edu-4u.uk\/lv\/wp-json\/wp\/v2\/pages\/18491\/revisions"}],"predecessor-version":[{"id":19201,"href":"https:\/\/edu-4u.uk\/lv\/wp-json\/wp\/v2\/pages\/18491\/revisions\/19201"}],"wp:featuredmedia":[{"embeddable":true,"href":"https:\/\/edu-4u.uk\/lv\/wp-json\/wp\/v2\/media\/18492"}],"wp:attachment":[{"href":"https:\/\/edu-4u.uk\/lv\/wp-json\/wp\/v2\/media?parent=18491"}],"curies":[{"name":"wp","href":"https:\/\/api.w.org\/{rel}","templated":true}]}}