{"id":18616,"date":"2018-11-26T15:30:29","date_gmt":"2018-11-26T14:30:29","guid":{"rendered":"https:\/\/edu-4u.uk\/ambasadoriu-sistema\/"},"modified":"2024-03-15T11:53:15","modified_gmt":"2024-03-15T10:53:15","slug":"ambasadoriu-sistema","status":"publish","type":"page","link":"https:\/\/edu-4u.uk\/lt\/ambasadoriu-sistema\/","title":{"rendered":"Ambasadori\u0173 sistema"},"content":{"rendered":"<p><img fetchpriority=\"high\" decoding=\"async\" src=\"https:\/\/static.wixstatic.com\/media\/19fdab20a31144fc87f36b7db734297d.jpg\/v1\/fill\/w_914,h_400,al_c,q_90\/19fdab20a31144fc87f36b7db734297d.webp\" data-lazy-type=\"image\" data-src=\"https:\/\/static.wixstatic.com\/media\/19fdab20a31144fc87f36b7db734297d.jpg\/v1\/fill\/w_914,h_400,al_c,q_90\/19fdab20a31144fc87f36b7db734297d.webp\" width=\"914\" height=\"400\"><\/p>\n<p><strong>&#8222;Edu4u&#8221; ambasadori\u0173 programa<\/strong><\/p>\n<p>Jei \u017einote k\u0105 nors, kas nor\u0117t\u0173 stoti \u012f Did\u017eiosios Britanijos universitet\u0105 ar koled\u017e\u0105, prane\u0161kite mums! Ambasadoriams si\u016blome nuo 200 iki 700 svar\u0173 sterling\u0173 vienam studentui. Galite rekomenduoti draugams ir \u0161eimos nariams arba net prad\u0117ti \u012fdarbinti &#8222;Edu4u&#8221; ir prisijungti prie m\u016bs\u0173 komandos!<br \/>\nM\u016bs\u0173 stojantieji apie galimyb\u0119 studijuoti Jungtin\u0117je Karalyst\u0117je da\u017enai su\u017eino atsitiktinai, susid\u016br\u0119 su vienu i\u0161 m\u016bs\u0173 ambasadori\u0173, m\u016bs\u0173 interneto svetain\u0117je arba bendraudami su atsitiktinai sutiktais asmenimis.<\/p>\n<p><strong>Kaip tai veikia<\/strong><br \/>\n1. Suraskite \u017emog\u0173, kuris nor\u0117t\u0173 studijuoti Jungtin\u0117je Karalyst\u0117je.<br \/>\n2. Para\u0161ykite mums \u017einut\u0119 <span style=\"text-decoration: underline; color: #ff9900;\"><br \/>\n  <a href=\"https:\/\/wa.me\/447511807765\" style=\"color: #ff9900; text-decoration: underline;\">&#8222;WhatsApp&#8221;<\/a><br \/>\n<\/span> arba si\u0173skite el. lai\u0161k\u0105.<br \/>\n3. Prieiga prie reklamin\u0117s med\u017eiagos ir kandidat\u0173 s\u0105ra\u0161o.<br \/>\n4. Kai j\u016bs\u0173 kandidatas s\u0117kmingai prad\u0117s studijas, gausite kompensacij\u0105 i\u0161 &#8222;Edu4u&#8221;!<br \/>\n<strong>M\u016bs\u0173 komisini\u0173 strukt\u016bra<\/strong><br \/>\n1-3 studentai &#8211; \u00a3200 vienam studentui<br \/>\n4-9 mokiniai &#8211; 300 svar\u0173 sterling\u0173 vienam mokiniui<br \/>\n10-15 student\u0173 &#8211; \u00a3500 vienam studentui<br \/>\n16+ studentai &#8211; 700 svar\u0173 sterling\u0173 vienam studentui<br \/>\nPavyzdys:<br \/>\n\u012edarbinote 11 mokini\u0173:<br \/>\n11*500 SVAR\u0172 STERLING\u0172 = 5500 SVAR\u0172 STERLING\u0172<br \/>\nGalite susumuoti studentus kiekvienais mokslo metais, kurie prasideda rugs\u0117j\u012f ir baigiasi rugpj\u016bt\u012f.<\/p>\n<p><strong>Ambasadori\u0173 programa &#8222;Pro<\/strong><br \/>\nGauti bazin\u012f atlyginim\u0105 + komisinius u\u017e student\u0173 \u012fdarbinim\u0105<br \/>\nRa\u0161ykite mums adresu <span style=\"text-decoration: underline; color: #ff9900;\"><br \/>\n  <a href=\"https:\/\/wa.me\/447511807765\" style=\"color: #ff9900; text-decoration: underline;\">WhatsApp<\/a><br \/>\n<\/span> arba el. pa\u0161tu, kad prisijungtum\u0117te prie Ambasadori\u0173 schemos &#8222;Pro&#8221;.<br \/>\n<span \n                data-original-string=\"ISvF2Gsnm9zeoQDVHymD5Q==9b9YSIFqroA65zjmtFSjbnwNIt8uRFwPYoFoZYfQ815whY=\"\n                class=\"apbct-email-encoder\"\n                title=\"This contact has been encoded by Anti-Spam by CleanTalk. Click to decode. To finish the decoding make sure that JavaScript is enabled in your browser.\">of<span class=\"apbct-blur\">****@ed****.<\/span>eu<\/span><br \/>\n<strong>B\u016bdami m\u016bs\u0173 komandos nariu gausite:<\/strong><\/p>\n<ul>\n<li>Geriausiems ambasadoriams suteikiama galimyb\u0117 paauk\u0161tinti savo pareigas organizacijoje, tod\u0117l jie turi galimyb\u0119 ankstyvuoju etapu \u012fgyti vadovavimo lygio praktin\u0117s patirties savo mokymosi kelyje.<\/li>\n<li>I\u0161samus mokymas, pradedant parai\u0161k\u0173 teikimo procesu ir baigiant rinkodaros klausimais,<\/li>\n<li>Kit\u0173 programos nari\u0173 parama,<\/li>\n<li>mokymai ir reklamin\u0117 med\u017eiaga,<\/li>\n<li>Logistikos i\u0161laid\u0173 kompensavimas.<\/li>\n<\/ul>\n<p><span style=\"text-decoration: underline; color: #ff9900;\"><a href=\"https:\/\/wa.me\/447511807765\" style=\"color: #ff9900;\"><strong>Susisiekite su mumis!<\/strong><\/a><\/span><\/p>\n<p><iframe title=\"Ambassador scheme | Study in the UK | Free help\" width=\"750\" height=\"422\" data-src=\"https:\/\/www.youtube.com\/embed\/OlBkQFgcMSs?feature=oembed\" frameborder=\"0\" allow=\"accelerometer; autoplay; clipboard-write; encrypted-media; gyroscope; picture-in-picture; web-share\" allowfullscreen src=\"data:image\/gif;base64,R0lGODlhAQABAAAAACH5BAEKAAEALAAAAAABAAEAAAICTAEAOw==\" class=\"lazyload\" data-load-mode=\"1\"><\/iframe><\/p>\n","protected":false},"excerpt":{"rendered":"<p>&#8222;Edu4u&#8221; ambasadori\u0173 programa Jei \u017einote k\u0105 nors, kas nor\u0117t\u0173 stoti \u012f Did\u017eiosios Britanijos universitet\u0105 ar koled\u017e\u0105, prane\u0161kite mums! Ambasadoriams si\u016blome nuo 200 iki 700 svar\u0173 sterling\u0173 vienam studentui. Galite rekomenduoti draugams ir \u0161eimos nariams arba net prad\u0117ti \u012fdarbinti &#8222;Edu4u&#8221; ir prisijungti prie m\u016bs\u0173 komandos! M\u016bs\u0173 stojantieji apie galimyb\u0119 studijuoti Jungtin\u0117je [&hellip;]<\/p>\n","protected":false},"author":1,"featured_media":0,"parent":0,"menu_order":0,"comment_status":"closed","ping_status":"closed","template":"","meta":{"_acf_changed":false,"footnotes":""},"class_list":["post-18616","page","type-page","status-publish","hentry"],"acf":[],"yoast_head":"<!-- This site is optimized with the Yoast SEO plugin v24.0 - https:\/\/yoast.com\/wordpress\/plugins\/seo\/ -->\n<title>Ambasadori\u0173 sistema | Bezp\u0142atna pomoc | Edu4u<\/title>\n<meta name=\"robots\" content=\"index, follow, max-snippet:-1, max-image-preview:large, max-video-preview:-1\" \/>\n<link rel=\"canonical\" href=\"https:\/\/edu-4u.uk\/lt\/ambasadoriu-sistema\/\" \/>\n<meta property=\"og:locale\" content=\"lt_LT\" \/>\n<meta property=\"og:type\" content=\"article\" \/>\n<meta property=\"og:title\" content=\"Ambasadori\u0173 sistema | Bezp\u0142atna pomoc | Edu4u\" \/>\n<meta property=\"og:description\" content=\"&#8222;Edu4u&#8221; ambasadori\u0173 programa Jei \u017einote k\u0105 nors, kas nor\u0117t\u0173 stoti \u012f Did\u017eiosios Britanijos universitet\u0105 ar koled\u017e\u0105, prane\u0161kite mums! Ambasadoriams si\u016blome nuo 200 iki 700 svar\u0173 sterling\u0173 vienam studentui. Galite rekomenduoti draugams ir \u0161eimos nariams arba net prad\u0117ti \u012fdarbinti &#8222;Edu4u&#8221; ir prisijungti prie m\u016bs\u0173 komandos! M\u016bs\u0173 stojantieji apie galimyb\u0119 studijuoti Jungtin\u0117je [&hellip;]\" \/>\n<meta property=\"og:url\" content=\"https:\/\/edu-4u.uk\/lt\/ambasadoriu-sistema\/\" \/>\n<meta property=\"og:site_name\" content=\"Bezp\u0142atna pomoc | Edu4u\" \/>\n<meta property=\"article:publisher\" content=\"https:\/\/www.facebook.com\/Edu4uStudiaAnglia\/\" \/>\n<meta property=\"article:modified_time\" content=\"2024-03-15T10:53:15+00:00\" \/>\n<meta property=\"og:image\" content=\"https:\/\/static.wixstatic.com\/media\/19fdab20a31144fc87f36b7db734297d.jpg\/v1\/fill\/w_914,h_400,al_c,q_90\/19fdab20a31144fc87f36b7db734297d.webp\" \/>\n<meta name=\"twitter:label1\" content=\"Est. reading time\" \/>\n\t<meta name=\"twitter:data1\" content=\"1 minut\u0117\" \/>\n<script type=\"application\/ld+json\" class=\"yoast-schema-graph\">{\"@context\":\"https:\/\/schema.org\",\"@graph\":[{\"@type\":\"WebPage\",\"@id\":\"https:\/\/edu-4u.uk\/lt\/ambasadoriu-sistema\/\",\"url\":\"https:\/\/edu-4u.uk\/lt\/ambasadoriu-sistema\/\",\"name\":\"Ambasadori\u0173 sistema | Bezp\u0142atna pomoc | Edu4u\",\"isPartOf\":{\"@id\":\"https:\/\/edu-4u.uk\/lt\/#website\"},\"primaryImageOfPage\":{\"@id\":\"https:\/\/edu-4u.uk\/lt\/ambasadoriu-sistema\/#primaryimage\"},\"image\":{\"@id\":\"https:\/\/edu-4u.uk\/lt\/ambasadoriu-sistema\/#primaryimage\"},\"thumbnailUrl\":\"https:\/\/static.wixstatic.com\/media\/19fdab20a31144fc87f36b7db734297d.jpg\/v1\/fill\/w_914,h_400,al_c,q_90\/19fdab20a31144fc87f36b7db734297d.webp\",\"datePublished\":\"2018-11-26T14:30:29+00:00\",\"dateModified\":\"2024-03-15T10:53:15+00:00\",\"breadcrumb\":{\"@id\":\"https:\/\/edu-4u.uk\/lt\/ambasadoriu-sistema\/#breadcrumb\"},\"inLanguage\":\"lt-LT\",\"potentialAction\":[{\"@type\":\"ReadAction\",\"target\":[\"https:\/\/edu-4u.uk\/lt\/ambasadoriu-sistema\/\"]}]},{\"@type\":\"ImageObject\",\"inLanguage\":\"lt-LT\",\"@id\":\"https:\/\/edu-4u.uk\/lt\/ambasadoriu-sistema\/#primaryimage\",\"url\":\"https:\/\/static.wixstatic.com\/media\/19fdab20a31144fc87f36b7db734297d.jpg\/v1\/fill\/w_914,h_400,al_c,q_90\/19fdab20a31144fc87f36b7db734297d.webp\",\"contentUrl\":\"https:\/\/static.wixstatic.com\/media\/19fdab20a31144fc87f36b7db734297d.jpg\/v1\/fill\/w_914,h_400,al_c,q_90\/19fdab20a31144fc87f36b7db734297d.webp\"},{\"@type\":\"BreadcrumbList\",\"@id\":\"https:\/\/edu-4u.uk\/lt\/ambasadoriu-sistema\/#breadcrumb\",\"itemListElement\":[{\"@type\":\"ListItem\",\"position\":1,\"name\":\"Strona g\u0142\u00f3wna\",\"item\":\"https:\/\/edu-4u.uk\/lt\/\"},{\"@type\":\"ListItem\",\"position\":2,\"name\":\"Ambasadori\u0173 sistema\"}]},{\"@type\":\"WebSite\",\"@id\":\"https:\/\/edu-4u.uk\/lt\/#website\",\"url\":\"https:\/\/edu-4u.uk\/lt\/\",\"name\":\"Edu4u StudyUK | Free Help\",\"description\":\"Zacznij studia w UK z Edu4u!\",\"publisher\":{\"@id\":\"https:\/\/edu-4u.uk\/lt\/#organization\"},\"potentialAction\":[{\"@type\":\"SearchAction\",\"target\":{\"@type\":\"EntryPoint\",\"urlTemplate\":\"https:\/\/edu-4u.uk\/lt\/?s={search_term_string}\"},\"query-input\":{\"@type\":\"PropertyValueSpecification\",\"valueRequired\":true,\"valueName\":\"search_term_string\"}}],\"inLanguage\":\"lt-LT\"},{\"@type\":\"Organization\",\"@id\":\"https:\/\/edu-4u.uk\/lt\/#organization\",\"name\":\"Edu4u Study in UK\",\"url\":\"https:\/\/edu-4u.uk\/lt\/\",\"logo\":{\"@type\":\"ImageObject\",\"inLanguage\":\"lt-LT\",\"@id\":\"https:\/\/edu-4u.uk\/lt\/#\/schema\/logo\/image\/\",\"url\":\"https:\/\/edu-4u.uk\/wp-content\/uploads\/2023\/06\/Logo-1.svg\",\"contentUrl\":\"https:\/\/edu-4u.uk\/wp-content\/uploads\/2023\/06\/Logo-1.svg\",\"width\":168,\"height\":43,\"caption\":\"Edu4u Study in UK\"},\"image\":{\"@id\":\"https:\/\/edu-4u.uk\/lt\/#\/schema\/logo\/image\/\"},\"sameAs\":[\"https:\/\/www.facebook.com\/Edu4uStudiaAnglia\/\",\"https:\/\/www.tiktok.com\/@edu4u_settled_status_\",\"https:\/\/www.instagram.com\/edu4u_polska\/?hl=en\",\"https:\/\/www.youtube.com\/@Edu4u_Settled_Status\",\"https:\/\/www.facebook.com\/Edu4uSettledStatus\/\",\"https:\/\/www.instagram.com\/edu4u_settled_status\/\",\"https:\/\/www.tiktok.com\/@edu4u_studyuk\"]}]}<\/script>\n<!-- \/ Yoast SEO plugin. -->","yoast_head_json":{"title":"Ambasadori\u0173 sistema | Bezp\u0142atna pomoc | Edu4u","robots":{"index":"index","follow":"follow","max-snippet":"max-snippet:-1","max-image-preview":"max-image-preview:large","max-video-preview":"max-video-preview:-1"},"canonical":"https:\/\/edu-4u.uk\/lt\/ambasadoriu-sistema\/","og_locale":"lt_LT","og_type":"article","og_title":"Ambasadori\u0173 sistema | Bezp\u0142atna pomoc | Edu4u","og_description":"&#8222;Edu4u&#8221; ambasadori\u0173 programa Jei \u017einote k\u0105 nors, kas nor\u0117t\u0173 stoti \u012f Did\u017eiosios Britanijos universitet\u0105 ar koled\u017e\u0105, prane\u0161kite mums! Ambasadoriams si\u016blome nuo 200 iki 700 svar\u0173 sterling\u0173 vienam studentui. Galite rekomenduoti draugams ir \u0161eimos nariams arba net prad\u0117ti \u012fdarbinti &#8222;Edu4u&#8221; ir prisijungti prie m\u016bs\u0173 komandos! M\u016bs\u0173 stojantieji apie galimyb\u0119 studijuoti Jungtin\u0117je [&hellip;]","og_url":"https:\/\/edu-4u.uk\/lt\/ambasadoriu-sistema\/","og_site_name":"Bezp\u0142atna pomoc | Edu4u","article_publisher":"https:\/\/www.facebook.com\/Edu4uStudiaAnglia\/","article_modified_time":"2024-03-15T10:53:15+00:00","og_image":[{"url":"https:\/\/static.wixstatic.com\/media\/19fdab20a31144fc87f36b7db734297d.jpg\/v1\/fill\/w_914,h_400,al_c,q_90\/19fdab20a31144fc87f36b7db734297d.webp","type":"","width":"","height":""}],"twitter_misc":{"Est. reading time":"1 minut\u0117"},"schema":{"@context":"https:\/\/schema.org","@graph":[{"@type":"WebPage","@id":"https:\/\/edu-4u.uk\/lt\/ambasadoriu-sistema\/","url":"https:\/\/edu-4u.uk\/lt\/ambasadoriu-sistema\/","name":"Ambasadori\u0173 sistema | Bezp\u0142atna pomoc | Edu4u","isPartOf":{"@id":"https:\/\/edu-4u.uk\/lt\/#website"},"primaryImageOfPage":{"@id":"https:\/\/edu-4u.uk\/lt\/ambasadoriu-sistema\/#primaryimage"},"image":{"@id":"https:\/\/edu-4u.uk\/lt\/ambasadoriu-sistema\/#primaryimage"},"thumbnailUrl":"https:\/\/static.wixstatic.com\/media\/19fdab20a31144fc87f36b7db734297d.jpg\/v1\/fill\/w_914,h_400,al_c,q_90\/19fdab20a31144fc87f36b7db734297d.webp","datePublished":"2018-11-26T14:30:29+00:00","dateModified":"2024-03-15T10:53:15+00:00","breadcrumb":{"@id":"https:\/\/edu-4u.uk\/lt\/ambasadoriu-sistema\/#breadcrumb"},"inLanguage":"lt-LT","potentialAction":[{"@type":"ReadAction","target":["https:\/\/edu-4u.uk\/lt\/ambasadoriu-sistema\/"]}]},{"@type":"ImageObject","inLanguage":"lt-LT","@id":"https:\/\/edu-4u.uk\/lt\/ambasadoriu-sistema\/#primaryimage","url":"https:\/\/static.wixstatic.com\/media\/19fdab20a31144fc87f36b7db734297d.jpg\/v1\/fill\/w_914,h_400,al_c,q_90\/19fdab20a31144fc87f36b7db734297d.webp","contentUrl":"https:\/\/static.wixstatic.com\/media\/19fdab20a31144fc87f36b7db734297d.jpg\/v1\/fill\/w_914,h_400,al_c,q_90\/19fdab20a31144fc87f36b7db734297d.webp"},{"@type":"BreadcrumbList","@id":"https:\/\/edu-4u.uk\/lt\/ambasadoriu-sistema\/#breadcrumb","itemListElement":[{"@type":"ListItem","position":1,"name":"Strona g\u0142\u00f3wna","item":"https:\/\/edu-4u.uk\/lt\/"},{"@type":"ListItem","position":2,"name":"Ambasadori\u0173 sistema"}]},{"@type":"WebSite","@id":"https:\/\/edu-4u.uk\/lt\/#website","url":"https:\/\/edu-4u.uk\/lt\/","name":"Edu4u StudyUK | Free Help","description":"Zacznij studia w UK z Edu4u!","publisher":{"@id":"https:\/\/edu-4u.uk\/lt\/#organization"},"potentialAction":[{"@type":"SearchAction","target":{"@type":"EntryPoint","urlTemplate":"https:\/\/edu-4u.uk\/lt\/?s={search_term_string}"},"query-input":{"@type":"PropertyValueSpecification","valueRequired":true,"valueName":"search_term_string"}}],"inLanguage":"lt-LT"},{"@type":"Organization","@id":"https:\/\/edu-4u.uk\/lt\/#organization","name":"Edu4u Study in UK","url":"https:\/\/edu-4u.uk\/lt\/","logo":{"@type":"ImageObject","inLanguage":"lt-LT","@id":"https:\/\/edu-4u.uk\/lt\/#\/schema\/logo\/image\/","url":"https:\/\/edu-4u.uk\/wp-content\/uploads\/2023\/06\/Logo-1.svg","contentUrl":"https:\/\/edu-4u.uk\/wp-content\/uploads\/2023\/06\/Logo-1.svg","width":168,"height":43,"caption":"Edu4u Study in UK"},"image":{"@id":"https:\/\/edu-4u.uk\/lt\/#\/schema\/logo\/image\/"},"sameAs":["https:\/\/www.facebook.com\/Edu4uStudiaAnglia\/","https:\/\/www.tiktok.com\/@edu4u_settled_status_","https:\/\/www.instagram.com\/edu4u_polska\/?hl=en","https:\/\/www.youtube.com\/@Edu4u_Settled_Status","https:\/\/www.facebook.com\/Edu4uSettledStatus\/","https:\/\/www.instagram.com\/edu4u_settled_status\/","https:\/\/www.tiktok.com\/@edu4u_studyuk"]}]}},"_links":{"self":[{"href":"https:\/\/edu-4u.uk\/lt\/wp-json\/wp\/v2\/pages\/18616","targetHints":{"allow":["GET"]}}],"collection":[{"href":"https:\/\/edu-4u.uk\/lt\/wp-json\/wp\/v2\/pages"}],"about":[{"href":"https:\/\/edu-4u.uk\/lt\/wp-json\/wp\/v2\/types\/page"}],"author":[{"embeddable":true,"href":"https:\/\/edu-4u.uk\/lt\/wp-json\/wp\/v2\/users\/1"}],"replies":[{"embeddable":true,"href":"https:\/\/edu-4u.uk\/lt\/wp-json\/wp\/v2\/comments?post=18616"}],"version-history":[{"count":1,"href":"https:\/\/edu-4u.uk\/lt\/wp-json\/wp\/v2\/pages\/18616\/revisions"}],"predecessor-version":[{"id":18617,"href":"https:\/\/edu-4u.uk\/lt\/wp-json\/wp\/v2\/pages\/18616\/revisions\/18617"}],"wp:attachment":[{"href":"https:\/\/edu-4u.uk\/lt\/wp-json\/wp\/v2\/media?parent=18616"}],"curies":[{"name":"wp","href":"https:\/\/api.w.org\/{rel}","templated":true}]}}