{"id":18494,"date":"2018-10-30T23:28:53","date_gmt":"2018-10-30T22:28:53","guid":{"rendered":"https:\/\/edu-4u.uk\/apie-mus\/"},"modified":"2024-03-19T10:14:35","modified_gmt":"2024-03-19T09:14:35","slug":"apie-mus","status":"publish","type":"page","link":"https:\/\/edu-4u.uk\/lt\/apie-mus\/","title":{"rendered":"Apie mus"},"content":{"rendered":"\t\t<div data-elementor-type=\"wp-post\" data-elementor-id=\"18494\" class=\"elementor elementor-18494 elementor-76\">\n\t\t\t\t\t\t<section class=\"elementor-section elementor-top-section elementor-element elementor-element-59363ac4 elementor-section-boxed elementor-section-height-default elementor-section-height-default\" data-id=\"59363ac4\" data-element_type=\"section\">\n\t\t\t\t\t\t<div class=\"elementor-container elementor-column-gap-default\">\n\t\t\t\t\t<div class=\"elementor-column elementor-col-100 elementor-top-column elementor-element elementor-element-65b19dfd\" data-id=\"65b19dfd\" data-element_type=\"column\">\n\t\t\t<div class=\"elementor-widget-wrap elementor-element-populated\">\n\t\t\t\t\t\t<div class=\"elementor-element elementor-element-57c906ff elementor-widget elementor-widget-image\" data-id=\"57c906ff\" data-element_type=\"widget\" data-widget_type=\"image.default\">\n\t\t\t\t<div class=\"elementor-widget-container\">\n\t\t\t\t\t\t\t\t\t\t\t\t\t\t\t<img fetchpriority=\"high\" decoding=\"async\" width=\"1100\" height=\"450\" src=\"https:\/\/edu-4u.uk\/wp-content\/uploads\/2024\/03\/Apie-mus-edu4u.png\" class=\"attachment-full size-full wp-image-19257\" alt=\"Apie mus edu4u\" srcset=\"https:\/\/b3292720.smushcdn.com\/3292720\/wp-content\/uploads\/2024\/03\/Apie-mus-edu4u.png?lossy=2&amp;strip=1&amp;webp=1 1100w, https:\/\/b3292720.smushcdn.com\/3292720\/wp-content\/uploads\/2024\/03\/Apie-mus-edu4u-300x123.png?lossy=2&amp;strip=1&amp;webp=1 300w, https:\/\/b3292720.smushcdn.com\/3292720\/wp-content\/uploads\/2024\/03\/Apie-mus-edu4u-1024x419.png?lossy=2&amp;strip=1&amp;webp=1 1024w, https:\/\/b3292720.smushcdn.com\/3292720\/wp-content\/uploads\/2024\/03\/Apie-mus-edu4u-768x314.png?lossy=2&amp;strip=1&amp;webp=1 768w\" sizes=\"(max-width: 1100px) 100vw, 1100px\" \/>\t\t\t\t\t\t\t\t\t\t\t\t\t\t\t<\/div>\n\t\t\t\t<\/div>\n\t\t\t\t\t<\/div>\n\t\t<\/div>\n\t\t\t\t\t<\/div>\n\t\t<\/section>\n\t\t\t\t<section class=\"elementor-section elementor-top-section elementor-element elementor-element-33009439 elementor-reverse-mobile elementor-section-boxed elementor-section-height-default elementor-section-height-default\" data-id=\"33009439\" data-element_type=\"section\">\n\t\t\t\t\t\t<div class=\"elementor-container elementor-column-gap-default\">\n\t\t\t\t\t<div class=\"elementor-column elementor-col-100 elementor-top-column elementor-element elementor-element-68e1625d\" data-id=\"68e1625d\" data-element_type=\"column\">\n\t\t\t<div class=\"elementor-widget-wrap elementor-element-populated\">\n\t\t\t\t\t\t<div class=\"elementor-element elementor-element-45154f6f elementor-widget elementor-widget-heading\" data-id=\"45154f6f\" data-element_type=\"widget\" data-widget_type=\"heading.default\">\n\t\t\t\t<div class=\"elementor-widget-container\">\n\t\t\t\t\t<h1 class=\"elementor-heading-title elementor-size-default\">Apie mus<\/h1>\t\t\t\t<\/div>\n\t\t\t\t<\/div>\n\t\t\t\t<div class=\"elementor-element elementor-element-7cead1a2 elementor-widget elementor-widget-text-editor\" data-id=\"7cead1a2\" data-element_type=\"widget\" data-widget_type=\"text-editor.default\">\n\t\t\t\t<div class=\"elementor-widget-container\">\n\t\t\t\t\t\t\t\t\t<p><em><b>EDU4U<\/b><span> <\/span>Tai patar\u0117j\u0173, konsultant\u0173 ir \u0161vietimo ambasadori\u0173 komanda, veikianti Did\u017eiojoje Britanijoje ir Lenkijoje. M\u016bs\u0173 tikslas &#8211; pad\u0117ti jauniems, ambicingiems \u017emon\u0117ms, norintiems siekti s\u0117km\u0117s ir \u012fgyti auk\u0161t\u0105j\u012f i\u0161silavinim\u0105 Jungtin\u0117je Karalyst\u0117je.<\/em><\/p>\n<p class=\"font_8\">\n<p class=\"font_8\">\n<ul><\/ul>\n<p class=\"font_8\">\n\t\t\t\t\t\t\t\t<\/div>\n\t\t\t\t<\/div>\n\t\t\t\t<div class=\"elementor-element elementor-element-cfd60df elementor-widget elementor-widget-text-editor\" data-id=\"cfd60df\" data-element_type=\"widget\" data-widget_type=\"text-editor.default\">\n\t\t\t\t<div class=\"elementor-widget-container\">\n\t\t\t\t\t\t\t\t\t<p class=\"font_8\" style=\"font-size: 18px;\"><strong>M\u016bs\u0173 misija<\/strong><\/p>\n<p class=\"font_8\" style=\"font-size: 18px;\">Norime daryti teigiam\u0105 \u012ftak\u0105 jaun\u0173 \u017emoni\u0173 \u0161vietimui.<\/p>\n<p class=\"font_8\" style=\"font-size: 18px;\">&#8222;Edu4u&#8221; siekis &#8211; b\u016bti organizacija, kuri tiksliai \u012fvertina ir numato auk\u0161tojo mokslo poreikius ir sugeba \u012f juos reaguoti.<\/p>\n\t\t\t\t\t\t\t\t<\/div>\n\t\t\t\t<\/div>\n\t\t\t\t<div class=\"elementor-element elementor-element-aceb381 elementor-widget elementor-widget-text-editor\" data-id=\"aceb381\" data-element_type=\"widget\" data-widget_type=\"text-editor.default\">\n\t\t\t\t<div class=\"elementor-widget-container\">\n\t\t\t\t\t\t\t\t\t<p class=\"font_8\" style=\"font-size: 18px;\"><strong>M\u016bs\u0173 vertyb\u0117s<\/strong><\/p>\n<p class=\"font_8\" style=\"font-size: 18px;\">&#8222;Edu4u&#8221; &#8211; tai vis\u0173 pirma \u017emon\u0117s, kurie bendradarbiauja siekdami suprasti ir tiksliai reaguoti \u012f jaunimo ugdymo poreikius ir b\u016bti atsakingi u\u017e j\u0173 patenkinim\u0105. Bendros vertyb\u0117s yra pagrindas organizacijos pl\u0117trai ir pasitik\u0117jimui santykiuose su jais kurti.<\/p>\n<ul>\n<li class=\"font_8\">Kokyb\u0117 ir inovacijos<\/li>\n<li class=\"font_8\">Atvirumas ir pagarba<\/li>\n<li class=\"font_8\">Veiksm\u0173 etika ir atsakomyb\u0117<\/li>\n<li class=\"font_8\">Bendradarbiavimas ir vystymasis<\/li>\n<\/ul>\n\t\t\t\t\t\t\t\t<\/div>\n\t\t\t\t<\/div>\n\t\t\t\t<div class=\"elementor-element elementor-element-e74d521 elementor-widget elementor-widget-text-editor\" data-id=\"e74d521\" data-element_type=\"widget\" data-widget_type=\"text-editor.default\">\n\t\t\t\t<div class=\"elementor-widget-container\">\n\t\t\t\t\t\t\t\t\t<p style=\"font-size: 18px;\"><strong>M\u016bs\u0173 u\u017eduotys<\/strong><\/p>\n<ul>\n<li>Nemokama pagalba stojant \u012f bet kokias studijas Jungtin\u0117je Karalyst\u0117je<\/li>\n<li>Profesional\u016bs patarimai renkantis kurs\u0105 ir universitet\u0105<\/li>\n<li>Visapusi\u0161ka profesionali pagalba teikiant parai\u0161k\u0105<\/li>\n<li>Parama studij\u0173 metu<\/li>\n<\/ul>\n<p style=\"font-size: 18px;\">Padedame dalydamiesi savo patirtimi, \u017einiomis ir \u012fg\u016bd\u017eiais.  <i>J\u016bs\u0173 tikslas yra m\u016bs\u0173 tikslas.<\/i>  &#8222;Edu4u&#8221; patar\u0117jai ir konsultantai kiekvienam si\u016blo individuali\u0105 pagalb\u0105. M\u016bs\u0173 komanda stengiasi padidinti j\u016bs\u0173 galimybes \u012fstoti \u012f svajoni\u0173 universitetus. Tod\u0117l patarsime, kaip para\u0161yti asmenin\u012f parei\u0161kim\u0105, patikrinsime mokytojo rekomendacijas ir parai\u0161k\u0105 UCAS sistemoje bei pad\u0117sime gauti paskol\u0105 u\u017e moksl\u0105. M\u016bs\u0173 pagalbos apimtis neribota, mes visada b\u016bsime j\u016bs\u0173 paslaugoms, jei tik jums j\u0173 prireiks.<\/p>\n<p style=\"font-size: 18px;\">Jei turite klausim\u0173, visada galite susisiekti su mumis. Teikiame objektyvi\u0105 ir patikim\u0105 informacij\u0105.<\/p>\n<ul><\/ul>\n\t\t\t\t\t\t\t\t<\/div>\n\t\t\t\t<\/div>\n\t\t\t\t\t<\/div>\n\t\t<\/div>\n\t\t\t\t\t<\/div>\n\t\t<\/section>\n\t\t\t\t<section class=\"elementor-section elementor-top-section elementor-element elementor-element-20adc4c7 elementor-section-boxed elementor-section-height-default elementor-section-height-default\" data-id=\"20adc4c7\" data-element_type=\"section\">\n\t\t\t\t\t\t<div class=\"elementor-container elementor-column-gap-default\">\n\t\t\t\t\t<div class=\"elementor-column elementor-col-100 elementor-top-column elementor-element elementor-element-529d090c\" data-id=\"529d090c\" data-element_type=\"column\">\n\t\t\t<div class=\"elementor-widget-wrap elementor-element-populated\">\n\t\t\t\t\t\t<div class=\"elementor-element elementor-element-67428cf9 elementor-widget-divider--view-line elementor-widget elementor-widget-divider\" data-id=\"67428cf9\" data-element_type=\"widget\" data-widget_type=\"divider.default\">\n\t\t\t\t<div class=\"elementor-widget-container\">\n\t\t\t\t\t\t\t<div class=\"elementor-divider\">\n\t\t\t<span class=\"elementor-divider-separator\">\n\t\t\t\t\t\t<\/span>\n\t\t<\/div>\n\t\t\t\t\t\t<\/div>\n\t\t\t\t<\/div>\n\t\t\t\t<div class=\"elementor-element elementor-element-39a2bf0e elementor-widget elementor-widget-heading\" data-id=\"39a2bf0e\" data-element_type=\"widget\" data-widget_type=\"heading.default\">\n\t\t\t\t<div class=\"elementor-widget-container\">\n\t\t\t\t\t<h4 class=\"elementor-heading-title elementor-size-default\">Per\u017ei\u016br\u0117kite vieno i\u0161 keli\u0173 \u0161imt\u0173 Anglijos universitet\u0173 reiting\u0105 ir statistik\u0105<\/h4>\t\t\t\t<\/div>\n\t\t\t\t<\/div>\n\t\t\t\t\t<\/div>\n\t\t<\/div>\n\t\t\t\t\t<\/div>\n\t\t<\/section>\n\t\t\t\t<section class=\"elementor-section elementor-top-section elementor-element elementor-element-49935c7 elementor-section-boxed elementor-section-height-default elementor-section-height-default\" data-id=\"49935c7\" data-element_type=\"section\">\n\t\t\t\t\t\t<div class=\"elementor-container elementor-column-gap-default\">\n\t\t\t\t\t<div class=\"elementor-column elementor-col-100 elementor-top-column elementor-element elementor-element-514be86d\" data-id=\"514be86d\" data-element_type=\"column\">\n\t\t\t<div class=\"elementor-widget-wrap elementor-element-populated\">\n\t\t\t\t\t\t<div class=\"elementor-element elementor-element-6e27f8ad elementor-align-center elementor-mobile-align-center elementor-widget elementor-widget-button\" data-id=\"6e27f8ad\" data-element_type=\"widget\" data-widget_type=\"button.default\">\n\t\t\t\t<div class=\"elementor-widget-container\">\n\t\t\t\t\t\t\t\t\t<div class=\"elementor-button-wrapper\">\n\t\t\t\t\t<a class=\"elementor-button elementor-button-link elementor-size-lg\" href=\"https:\/\/edu-4u.uk\/uniwersytety-w-anglii\/\">\n\t\t\t\t\t\t<span class=\"elementor-button-content-wrapper\">\n\t\t\t\t\t\t<span class=\"elementor-button-icon\">\n\t\t\t\t\t\t\t\t\t<i class=\"fa fa-university\" aria-hidden=\"true\"><\/i>\n\t\t\t\t\t\t\t<\/span>\n\t\t\t\t\t\t\t\t\t<span class=\"elementor-button-text\">Universitet\u0173 reitingas<\/span>\n\t\t\t\t\t<\/span>\n\t\t\t\t\t<\/a>\n\t\t\t\t<\/div>\n\t\t\t\t\t\t\t\t<\/div>\n\t\t\t\t<\/div>\n\t\t\t\t<div class=\"elementor-element elementor-element-328b3577 elementor-widget-divider--view-line elementor-widget elementor-widget-divider\" data-id=\"328b3577\" data-element_type=\"widget\" data-widget_type=\"divider.default\">\n\t\t\t\t<div class=\"elementor-widget-container\">\n\t\t\t\t\t\t\t<div class=\"elementor-divider\">\n\t\t\t<span class=\"elementor-divider-separator\">\n\t\t\t\t\t\t<\/span>\n\t\t<\/div>\n\t\t\t\t\t\t<\/div>\n\t\t\t\t<\/div>\n\t\t\t\t\t<\/div>\n\t\t<\/div>\n\t\t\t\t\t<\/div>\n\t\t<\/section>\n\t\t\t\t<\/div>\n\t\t","protected":false},"excerpt":{"rendered":"<p>Apie mus EDU4U Tai patar\u0117j\u0173, konsultant\u0173 ir \u0161vietimo ambasadori\u0173 komanda, veikianti Did\u017eiojoje Britanijoje ir Lenkijoje. M\u016bs\u0173 tikslas &#8211; pad\u0117ti jauniems, ambicingiems \u017emon\u0117ms, norintiems siekti s\u0117km\u0117s ir \u012fgyti auk\u0161t\u0105j\u012f i\u0161silavinim\u0105 Jungtin\u0117je Karalyst\u0117je. M\u016bs\u0173 misija Norime daryti teigiam\u0105 \u012ftak\u0105 jaun\u0173 \u017emoni\u0173 \u0161vietimui. &#8222;Edu4u&#8221; siekis &#8211; b\u016bti organizacija, kuri tiksliai \u012fvertina ir numato [&hellip;]<\/p>\n","protected":false},"author":1,"featured_media":18495,"parent":0,"menu_order":0,"comment_status":"closed","ping_status":"closed","template":"page-templates\/template-pagebuilder-full-width.php","meta":{"_acf_changed":false,"footnotes":""},"class_list":["post-18494","page","type-page","status-publish","has-post-thumbnail","hentry"],"acf":[],"yoast_head":"<!-- This site is optimized with the Yoast SEO plugin v24.0 - https:\/\/yoast.com\/wordpress\/plugins\/seo\/ -->\n<title>Apie mus | Bezp\u0142atna pomoc | Edu4u<\/title>\n<meta name=\"description\" content=\"&quot;EDU4U&quot; - tai patar\u0117j\u0173 ir \u0161vietimo ambasadori\u0173 komanda, dirbanti visoje Did\u017eiojoje Britanijoje ir Lenkijoje. Kreipkit\u0117s \u012f mus d\u0117l patikimos pagalbos\" \/>\n<meta name=\"robots\" content=\"index, follow, max-snippet:-1, max-image-preview:large, max-video-preview:-1\" \/>\n<link rel=\"canonical\" href=\"https:\/\/edu-4u.uk\/lt\/apie-mus\/\" \/>\n<meta property=\"og:locale\" content=\"lt_LT\" \/>\n<meta property=\"og:type\" content=\"article\" \/>\n<meta property=\"og:title\" content=\"Apie mus | Bezp\u0142atna pomoc | Edu4u\" \/>\n<meta property=\"og:description\" content=\"&quot;EDU4U&quot; - tai patar\u0117j\u0173 ir \u0161vietimo ambasadori\u0173 komanda, dirbanti visoje Did\u017eiojoje Britanijoje ir Lenkijoje. Kreipkit\u0117s \u012f mus d\u0117l patikimos pagalbos\" \/>\n<meta property=\"og:url\" content=\"https:\/\/edu-4u.uk\/lt\/apie-mus\/\" \/>\n<meta property=\"og:site_name\" content=\"Bezp\u0142atna pomoc | Edu4u\" \/>\n<meta property=\"article:publisher\" content=\"https:\/\/www.facebook.com\/Edu4uStudiaAnglia\/\" \/>\n<meta property=\"article:modified_time\" content=\"2024-03-19T09:14:35+00:00\" \/>\n<meta property=\"og:image\" content=\"https:\/\/edu-4u.uk\/wp-content\/uploads\/2018\/10\/pexels-photo-1092373.jpeg\" \/>\n\t<meta property=\"og:image:width\" content=\"1484\" \/>\n\t<meta property=\"og:image:height\" content=\"1080\" \/>\n\t<meta property=\"og:image:type\" content=\"image\/jpeg\" \/>\n<meta name=\"twitter:label1\" content=\"Est. reading time\" \/>\n\t<meta name=\"twitter:data1\" content=\"2 minut\u0117s\" \/>\n<script type=\"application\/ld+json\" class=\"yoast-schema-graph\">{\"@context\":\"https:\/\/schema.org\",\"@graph\":[{\"@type\":\"WebPage\",\"@id\":\"https:\/\/edu-4u.uk\/lt\/apie-mus\/\",\"url\":\"https:\/\/edu-4u.uk\/lt\/apie-mus\/\",\"name\":\"Apie mus | Bezp\u0142atna pomoc | Edu4u\",\"isPartOf\":{\"@id\":\"https:\/\/edu-4u.uk\/lt\/#website\"},\"primaryImageOfPage\":{\"@id\":\"https:\/\/edu-4u.uk\/lt\/apie-mus\/#primaryimage\"},\"image\":{\"@id\":\"https:\/\/edu-4u.uk\/lt\/apie-mus\/#primaryimage\"},\"thumbnailUrl\":\"https:\/\/edu-4u.uk\/wp-content\/uploads\/2018\/10\/pexels-photo-1092373.jpeg\",\"datePublished\":\"2018-10-30T22:28:53+00:00\",\"dateModified\":\"2024-03-19T09:14:35+00:00\",\"description\":\"\\\"EDU4U\\\" - tai patar\u0117j\u0173 ir \u0161vietimo ambasadori\u0173 komanda, dirbanti visoje Did\u017eiojoje Britanijoje ir Lenkijoje. Kreipkit\u0117s \u012f mus d\u0117l patikimos pagalbos\",\"breadcrumb\":{\"@id\":\"https:\/\/edu-4u.uk\/lt\/apie-mus\/#breadcrumb\"},\"inLanguage\":\"lt-LT\",\"potentialAction\":[{\"@type\":\"ReadAction\",\"target\":[\"https:\/\/edu-4u.uk\/lt\/apie-mus\/\"]}]},{\"@type\":\"ImageObject\",\"inLanguage\":\"lt-LT\",\"@id\":\"https:\/\/edu-4u.uk\/lt\/apie-mus\/#primaryimage\",\"url\":\"https:\/\/edu-4u.uk\/wp-content\/uploads\/2018\/10\/pexels-photo-1092373.jpeg\",\"contentUrl\":\"https:\/\/edu-4u.uk\/wp-content\/uploads\/2018\/10\/pexels-photo-1092373.jpeg\",\"width\":1484,\"height\":1080},{\"@type\":\"BreadcrumbList\",\"@id\":\"https:\/\/edu-4u.uk\/lt\/apie-mus\/#breadcrumb\",\"itemListElement\":[{\"@type\":\"ListItem\",\"position\":1,\"name\":\"Strona g\u0142\u00f3wna\",\"item\":\"https:\/\/edu-4u.uk\/lt\/\"},{\"@type\":\"ListItem\",\"position\":2,\"name\":\"Apie mus\"}]},{\"@type\":\"WebSite\",\"@id\":\"https:\/\/edu-4u.uk\/lt\/#website\",\"url\":\"https:\/\/edu-4u.uk\/lt\/\",\"name\":\"Edu4u StudyUK | Free Help\",\"description\":\"Zacznij studia w UK z Edu4u!\",\"publisher\":{\"@id\":\"https:\/\/edu-4u.uk\/lt\/#organization\"},\"potentialAction\":[{\"@type\":\"SearchAction\",\"target\":{\"@type\":\"EntryPoint\",\"urlTemplate\":\"https:\/\/edu-4u.uk\/lt\/?s={search_term_string}\"},\"query-input\":{\"@type\":\"PropertyValueSpecification\",\"valueRequired\":true,\"valueName\":\"search_term_string\"}}],\"inLanguage\":\"lt-LT\"},{\"@type\":\"Organization\",\"@id\":\"https:\/\/edu-4u.uk\/lt\/#organization\",\"name\":\"Edu4u Study in UK\",\"url\":\"https:\/\/edu-4u.uk\/lt\/\",\"logo\":{\"@type\":\"ImageObject\",\"inLanguage\":\"lt-LT\",\"@id\":\"https:\/\/edu-4u.uk\/lt\/#\/schema\/logo\/image\/\",\"url\":\"https:\/\/edu-4u.uk\/wp-content\/uploads\/2023\/06\/Logo-1.svg\",\"contentUrl\":\"https:\/\/edu-4u.uk\/wp-content\/uploads\/2023\/06\/Logo-1.svg\",\"width\":168,\"height\":43,\"caption\":\"Edu4u Study in UK\"},\"image\":{\"@id\":\"https:\/\/edu-4u.uk\/lt\/#\/schema\/logo\/image\/\"},\"sameAs\":[\"https:\/\/www.facebook.com\/Edu4uStudiaAnglia\/\",\"https:\/\/www.tiktok.com\/@edu4u_settled_status_\",\"https:\/\/www.instagram.com\/edu4u_polska\/?hl=en\",\"https:\/\/www.youtube.com\/@Edu4u_Settled_Status\",\"https:\/\/www.facebook.com\/Edu4uSettledStatus\/\",\"https:\/\/www.instagram.com\/edu4u_settled_status\/\",\"https:\/\/www.tiktok.com\/@edu4u_studyuk\"]}]}<\/script>\n<!-- \/ Yoast SEO plugin. -->","yoast_head_json":{"title":"Apie mus | Bezp\u0142atna pomoc | Edu4u","description":"\"EDU4U\" - tai patar\u0117j\u0173 ir \u0161vietimo ambasadori\u0173 komanda, dirbanti visoje Did\u017eiojoje Britanijoje ir Lenkijoje. Kreipkit\u0117s \u012f mus d\u0117l patikimos pagalbos","robots":{"index":"index","follow":"follow","max-snippet":"max-snippet:-1","max-image-preview":"max-image-preview:large","max-video-preview":"max-video-preview:-1"},"canonical":"https:\/\/edu-4u.uk\/lt\/apie-mus\/","og_locale":"lt_LT","og_type":"article","og_title":"Apie mus | Bezp\u0142atna pomoc | Edu4u","og_description":"\"EDU4U\" - tai patar\u0117j\u0173 ir \u0161vietimo ambasadori\u0173 komanda, dirbanti visoje Did\u017eiojoje Britanijoje ir Lenkijoje. Kreipkit\u0117s \u012f mus d\u0117l patikimos pagalbos","og_url":"https:\/\/edu-4u.uk\/lt\/apie-mus\/","og_site_name":"Bezp\u0142atna pomoc | Edu4u","article_publisher":"https:\/\/www.facebook.com\/Edu4uStudiaAnglia\/","article_modified_time":"2024-03-19T09:14:35+00:00","og_image":[{"width":1484,"height":1080,"url":"https:\/\/edu-4u.uk\/wp-content\/uploads\/2018\/10\/pexels-photo-1092373.jpeg","type":"image\/jpeg"}],"twitter_misc":{"Est. reading time":"2 minut\u0117s"},"schema":{"@context":"https:\/\/schema.org","@graph":[{"@type":"WebPage","@id":"https:\/\/edu-4u.uk\/lt\/apie-mus\/","url":"https:\/\/edu-4u.uk\/lt\/apie-mus\/","name":"Apie mus | Bezp\u0142atna pomoc | Edu4u","isPartOf":{"@id":"https:\/\/edu-4u.uk\/lt\/#website"},"primaryImageOfPage":{"@id":"https:\/\/edu-4u.uk\/lt\/apie-mus\/#primaryimage"},"image":{"@id":"https:\/\/edu-4u.uk\/lt\/apie-mus\/#primaryimage"},"thumbnailUrl":"https:\/\/edu-4u.uk\/wp-content\/uploads\/2018\/10\/pexels-photo-1092373.jpeg","datePublished":"2018-10-30T22:28:53+00:00","dateModified":"2024-03-19T09:14:35+00:00","description":"\"EDU4U\" - tai patar\u0117j\u0173 ir \u0161vietimo ambasadori\u0173 komanda, dirbanti visoje Did\u017eiojoje Britanijoje ir Lenkijoje. Kreipkit\u0117s \u012f mus d\u0117l patikimos pagalbos","breadcrumb":{"@id":"https:\/\/edu-4u.uk\/lt\/apie-mus\/#breadcrumb"},"inLanguage":"lt-LT","potentialAction":[{"@type":"ReadAction","target":["https:\/\/edu-4u.uk\/lt\/apie-mus\/"]}]},{"@type":"ImageObject","inLanguage":"lt-LT","@id":"https:\/\/edu-4u.uk\/lt\/apie-mus\/#primaryimage","url":"https:\/\/edu-4u.uk\/wp-content\/uploads\/2018\/10\/pexels-photo-1092373.jpeg","contentUrl":"https:\/\/edu-4u.uk\/wp-content\/uploads\/2018\/10\/pexels-photo-1092373.jpeg","width":1484,"height":1080},{"@type":"BreadcrumbList","@id":"https:\/\/edu-4u.uk\/lt\/apie-mus\/#breadcrumb","itemListElement":[{"@type":"ListItem","position":1,"name":"Strona g\u0142\u00f3wna","item":"https:\/\/edu-4u.uk\/lt\/"},{"@type":"ListItem","position":2,"name":"Apie mus"}]},{"@type":"WebSite","@id":"https:\/\/edu-4u.uk\/lt\/#website","url":"https:\/\/edu-4u.uk\/lt\/","name":"Edu4u StudyUK | Free Help","description":"Zacznij studia w UK z Edu4u!","publisher":{"@id":"https:\/\/edu-4u.uk\/lt\/#organization"},"potentialAction":[{"@type":"SearchAction","target":{"@type":"EntryPoint","urlTemplate":"https:\/\/edu-4u.uk\/lt\/?s={search_term_string}"},"query-input":{"@type":"PropertyValueSpecification","valueRequired":true,"valueName":"search_term_string"}}],"inLanguage":"lt-LT"},{"@type":"Organization","@id":"https:\/\/edu-4u.uk\/lt\/#organization","name":"Edu4u Study in UK","url":"https:\/\/edu-4u.uk\/lt\/","logo":{"@type":"ImageObject","inLanguage":"lt-LT","@id":"https:\/\/edu-4u.uk\/lt\/#\/schema\/logo\/image\/","url":"https:\/\/edu-4u.uk\/wp-content\/uploads\/2023\/06\/Logo-1.svg","contentUrl":"https:\/\/edu-4u.uk\/wp-content\/uploads\/2023\/06\/Logo-1.svg","width":168,"height":43,"caption":"Edu4u Study in UK"},"image":{"@id":"https:\/\/edu-4u.uk\/lt\/#\/schema\/logo\/image\/"},"sameAs":["https:\/\/www.facebook.com\/Edu4uStudiaAnglia\/","https:\/\/www.tiktok.com\/@edu4u_settled_status_","https:\/\/www.instagram.com\/edu4u_polska\/?hl=en","https:\/\/www.youtube.com\/@Edu4u_Settled_Status","https:\/\/www.facebook.com\/Edu4uSettledStatus\/","https:\/\/www.instagram.com\/edu4u_settled_status\/","https:\/\/www.tiktok.com\/@edu4u_studyuk"]}]}},"_links":{"self":[{"href":"https:\/\/edu-4u.uk\/lt\/wp-json\/wp\/v2\/pages\/18494","targetHints":{"allow":["GET"]}}],"collection":[{"href":"https:\/\/edu-4u.uk\/lt\/wp-json\/wp\/v2\/pages"}],"about":[{"href":"https:\/\/edu-4u.uk\/lt\/wp-json\/wp\/v2\/types\/page"}],"author":[{"embeddable":true,"href":"https:\/\/edu-4u.uk\/lt\/wp-json\/wp\/v2\/users\/1"}],"replies":[{"embeddable":true,"href":"https:\/\/edu-4u.uk\/lt\/wp-json\/wp\/v2\/comments?post=18494"}],"version-history":[{"count":4,"href":"https:\/\/edu-4u.uk\/lt\/wp-json\/wp\/v2\/pages\/18494\/revisions"}],"predecessor-version":[{"id":19486,"href":"https:\/\/edu-4u.uk\/lt\/wp-json\/wp\/v2\/pages\/18494\/revisions\/19486"}],"wp:featuredmedia":[{"embeddable":true,"href":"https:\/\/edu-4u.uk\/lt\/wp-json\/wp\/v2\/media\/18495"}],"wp:attachment":[{"href":"https:\/\/edu-4u.uk\/lt\/wp-json\/wp\/v2\/media?parent=18494"}],"curies":[{"name":"wp","href":"https:\/\/api.w.org\/{rel}","templated":true}]}}