{"id":12938,"date":"2018-12-05T03:43:39","date_gmt":"2018-12-05T02:43:39","guid":{"rendered":"https:\/\/edu-4u.uk\/universita-in-inghilterra\/"},"modified":"2024-01-26T10:12:37","modified_gmt":"2024-01-26T09:12:37","slug":"universita-in-inghilterra","status":"publish","type":"page","link":"https:\/\/edu-4u.uk\/it\/universita-in-inghilterra\/","title":{"rendered":"Universit\u00e0 in Inghilterra"},"content":{"rendered":"\t\t<div data-elementor-type=\"wp-post\" data-elementor-id=\"12938\" class=\"elementor elementor-12938 elementor-309\">\n\t\t\t\t\t\t<section class=\"elementor-section elementor-top-section elementor-element elementor-element-073a282 elementor-section-height-min-height elementor-section-boxed elementor-section-height-default elementor-section-items-middle\" data-id=\"073a282\" data-element_type=\"section\" data-settings=\"{&quot;background_background&quot;:&quot;classic&quot;}\">\n\t\t\t\t\t\t<div class=\"elementor-container elementor-column-gap-default\">\n\t\t\t\t\t<div class=\"elementor-column elementor-col-100 elementor-top-column elementor-element elementor-element-16a234a\" data-id=\"16a234a\" data-element_type=\"column\">\n\t\t\t<div class=\"elementor-widget-wrap elementor-element-populated\">\n\t\t\t\t\t\t<div class=\"elementor-element elementor-element-6fce1f4 elementor-widget elementor-widget-heading\" data-id=\"6fce1f4\" data-element_type=\"widget\" data-widget_type=\"heading.default\">\n\t\t\t\t<div class=\"elementor-widget-container\">\n\t\t\t\t\t<h1 class=\"elementor-heading-title elementor-size-default\">Universit\u00e0 in Inghilterra<\/h1>\t\t\t\t<\/div>\n\t\t\t\t<\/div>\n\t\t\t\t\t<\/div>\n\t\t<\/div>\n\t\t\t\t\t<\/div>\n\t\t<\/section>\n\t\t\t\t<section class=\"elementor-section elementor-top-section elementor-element elementor-element-bf6380d elementor-section-boxed elementor-section-height-default elementor-section-height-default\" data-id=\"bf6380d\" data-element_type=\"section\">\n\t\t\t\t\t\t<div class=\"elementor-container elementor-column-gap-default\">\n\t\t\t\t\t<div class=\"elementor-column elementor-col-100 elementor-top-column elementor-element elementor-element-11a4e5b\" data-id=\"11a4e5b\" data-element_type=\"column\">\n\t\t\t<div class=\"elementor-widget-wrap elementor-element-populated\">\n\t\t\t\t\t\t<div class=\"elementor-element elementor-element-63ff2e5 elementor-widget elementor-widget-shortcode\" data-id=\"63ff2e5\" data-element_type=\"widget\" data-widget_type=\"shortcode.default\">\n\t\t\t\t<div class=\"elementor-widget-container\">\n\t\t\t\t\t\t\t<div class=\"elementor-shortcode\"><div class=\"pt-cv-wrapper\"><div class=\"pt-cv-view pt-cv-grid pt-cv-colsys\" id=\"pt-cv-view-d84cc6alr4\"><div data-id=\"pt-cv-page-1\" class=\"pt-cv-page cv-npf\" data-cvc=\"3\"><div class=\"col-md-4 col-sm-6 col-xs-12 pt-cv-content-item pt-cv-1-col\" ><div class='pt-cv-ifield'><div class=\"pt-cv-no-post\">Nessun articolo trovato.<\/div><\/div><\/div><\/div><\/div><\/div><\/div>\n\t\t\t\t\t\t<\/div>\n\t\t\t\t<\/div>\n\t\t\t\t<div class=\"elementor-element elementor-element-c92293f elementor-widget elementor-widget-text-editor\" data-id=\"c92293f\" data-element_type=\"widget\" data-widget_type=\"text-editor.default\">\n\t\t\t\t<div class=\"elementor-widget-container\">\n\t\t\t\t\t\t\t\t\t<h2 class=\"western\"><span style=\"color: #000000;\"><b>Motore di ricerca per le universit\u00e0 in Inghilterra<\/b><\/span><\/h2>\n<p>State pensando di frequentare un&#8217;universit\u00e0 all&#8217;estero? Siete alla ricerca di un&#8217;esperienza formativa che combini conoscenze teoriche e applicazioni pratiche? Apprezzate un elevato standard di insegnamento e aspirate a una carriera di successo dopo la laurea? Se \u00e8 cos\u00ec, studiare in Inghilterra dovrebbe essere in cima alla vostra lista.<\/p>\n<p>Le universit\u00e0 inglesi sono costantemente riconosciute come tra le migliori al mondo e attirano studenti da ogni angolo del pianeta. Offrono un ambiente accademico vivace, docenti rinomati e un&#8217;ampia gamma di corsi tra cui scegliere.<\/p>\n<p><span>Se vi state chiedendo quale struttura scegliere, fatevi aiutare da noi. Funzionale, facile da usare  <\/span><strong>motore di ricerca per le universit\u00e0 in Inghilterra<\/strong><span>  vi aiuter\u00e0 a trovare i punti vendita pi\u00f9 affidabili, raccomandati e rinomati del Regno Unito che non potete assolutamente lasciarvi sfuggire. I dati attuali mostrano che qui si trova oltre il 25% delle migliori universit\u00e0 di tutta Europa! Visibile su  <\/span><strong>motore di ricerca per le universit\u00e0 in Inghilterra<\/strong><span> <\/span><span>vi aiuter\u00e0 a scegliere quello che soddisfa le vostre esigenze. Troverete un&#8217;ampia base dei pi\u00f9 affidabili  <\/span><strong>universit\u00e0<\/strong><span>  nel Regno Unito, che viene regolarmente aggiornato. Solo qui sono disponibili tante informazioni preziose sul processo di insegnamento o di reclutamento.<\/span><\/p>\n<div id=\"gtx-trans\" style=\"position: absolute; left: -22px; top: 22.6172px;\">\n<div class=\"gtx-trans-icon\"><\/div>\n<\/div>\n\t\t\t\t\t\t\t\t<\/div>\n\t\t\t\t<\/div>\n\t\t\t\t<section class=\"elementor-section elementor-inner-section elementor-element elementor-element-bf6b1ff elementor-section-boxed elementor-section-height-default elementor-section-height-default\" data-id=\"bf6b1ff\" data-element_type=\"section\">\n\t\t\t\t\t\t<div class=\"elementor-container elementor-column-gap-default\">\n\t\t\t\t\t<div class=\"elementor-column elementor-col-50 elementor-inner-column elementor-element elementor-element-12bdbff\" data-id=\"12bdbff\" data-element_type=\"column\">\n\t\t\t<div class=\"elementor-widget-wrap elementor-element-populated\">\n\t\t\t\t\t\t<div class=\"elementor-element elementor-element-ac5f7f0 elementor-widget elementor-widget-text-editor\" data-id=\"ac5f7f0\" data-element_type=\"widget\" data-widget_type=\"text-editor.default\">\n\t\t\t\t<div class=\"elementor-widget-container\">\n\t\t\t\t\t\t\t\t\t<h2 class=\"western\"><span style=\"color: #000000;\"><b>Classifica delle universit\u00e0 in Inghilterra<\/b><\/span><\/h2>\n<p><span style=\"color: #000000;\"><span>La qualit\u00e0 dell&#8217;istruzione universitaria \u00e8 in costante aumento. Il Regno Unito \u00e8 all&#8217;avanguardia in questo settore.  <\/span><strong>Classifica<\/strong><span>  creato dal quotidiano Times Higher Education, con un totale di 200 diversi istituti di tutta Europa, individua ben 46 universit\u00e0 britanniche, con l&#8217;Universit\u00e0 di Oxford al primo posto e l&#8217;Universit\u00e0 di Cambrige al secondo. I posti pi\u00f9 alti sono stati occupati anche da:<\/span><\/span><\/p>\n<ul>\n<li><span style=\"color: #000000;\">Imperial College di Londra<\/span><\/li>\n<li><span style=\"color: #000000;\">University College di Londra<\/span><\/li>\n<li><span style=\"color: #000000;\">Scuola di Economia e Scienze Politiche di Londra<\/span><\/li>\n<li><span style=\"color: #000000;\">Universit\u00e0 di Edimburgo<\/span><\/li>\n<li><span style=\"color: #000000;\">King&#8217;s College di Londra<\/span><\/li>\n<\/ul>\n<p><span style=\"color: #000000;\"><span>Giornale <a href=\"https:\/\/www.timeshighereducation.com\/\"><span style=\"text-decoration: underline;\">Il Times Higher Education<\/span><\/a> \u00e8 considerato una delle migliori fonti per quanto riguarda la qualit\u00e0 delle universit\u00e0 britanniche. <\/span><strong>universit\u00e0 britanniche<\/strong><span>. Anche  <\/span><strong>classifica<\/strong><span>  del 2019 condotta da <a href=\"https:\/\/www.theguardian.com\/education\/universityguide\"><br \/>\n  <span style=\"text-decoration: underline;\">The Guardian University Guide<\/span><br \/>\n<\/a> classifica le istituzioni del Regno Unito come le migliori e le pi\u00f9 moderne del mondo. Tra le 25 rinomate universit\u00e0 britanniche c&#8217;era l&#8217;Universit\u00e0 di Portsmouth, nel sud dell&#8217;Inghilterra, che vanta uno dei pi\u00f9 alti tassi di occupazione per gli studenti a soli sei mesi dalla laurea. L&#8217;organizzazione ha ricevuto anche un encomio in  <\/span><strong>classifica<\/strong><span> Teaching Exellence Framework.<\/span><\/span><\/p>\n\t\t\t\t\t\t\t\t<\/div>\n\t\t\t\t<\/div>\n\t\t\t\t\t<\/div>\n\t\t<\/div>\n\t\t\t\t<div class=\"elementor-column elementor-col-50 elementor-inner-column elementor-element elementor-element-adb7222\" data-id=\"adb7222\" data-element_type=\"column\">\n\t\t\t<div class=\"elementor-widget-wrap elementor-element-populated\">\n\t\t\t\t\t\t<div class=\"elementor-element elementor-element-cce1be0 elementor-widget elementor-widget-spacer\" data-id=\"cce1be0\" data-element_type=\"widget\" data-widget_type=\"spacer.default\">\n\t\t\t\t<div class=\"elementor-widget-container\">\n\t\t\t\t\t\t\t<div class=\"elementor-spacer\">\n\t\t\t<div class=\"elementor-spacer-inner\"><\/div>\n\t\t<\/div>\n\t\t\t\t\t\t<\/div>\n\t\t\t\t<\/div>\n\t\t\t\t<div class=\"elementor-element elementor-element-b7f3548 elementor-widget elementor-widget-image\" data-id=\"b7f3548\" data-element_type=\"widget\" data-widget_type=\"image.default\">\n\t\t\t\t<div class=\"elementor-widget-container\">\n\t\t\t\t\t\t\t\t\t\t\t\t\t\t\t<img fetchpriority=\"high\" decoding=\"async\" width=\"500\" height=\"511\" src=\"https:\/\/edu-4u.uk\/wp-content\/uploads\/2023\/11\/universities-in-england.jpeg\" class=\"attachment-large size-large wp-image-12194\" alt=\"universities in england\" srcset=\"https:\/\/b3292720.smushcdn.com\/3292720\/wp-content\/uploads\/2023\/11\/universities-in-england.jpeg?lossy=2&amp;strip=1&amp;webp=1 500w, https:\/\/b3292720.smushcdn.com\/3292720\/wp-content\/uploads\/2023\/11\/universities-in-england-294x300.jpeg?lossy=2&amp;strip=1&amp;webp=1 294w\" sizes=\"(max-width: 500px) 100vw, 500px\" \/>\t\t\t\t\t\t\t\t\t\t\t\t\t\t\t<\/div>\n\t\t\t\t<\/div>\n\t\t\t\t\t<\/div>\n\t\t<\/div>\n\t\t\t\t\t<\/div>\n\t\t<\/section>\n\t\t\t\t<div class=\"elementor-element elementor-element-c8ac53d elementor-widget elementor-widget-text-editor\" data-id=\"c8ac53d\" data-element_type=\"widget\" data-widget_type=\"text-editor.default\">\n\t\t\t\t<div class=\"elementor-widget-container\">\n\t\t\t\t\t\t\t\t\t<h1 class=\"western\"><\/h1>\n<p class=\"western\"><span style=\"color: #000000;\"><span>Attuale <\/span><strong>classifiche<\/strong> <span>delle universit\u00e0 del Regno Unito, vi permetteranno di trovare quella che offre il pi\u00f9 alto livello di istruzione. <strong>I criteri che la maggior parte delle <\/strong><\/span><strong>universit\u00e0, <\/strong><span><strong>sono vari, ma tra i pi\u00f9 comuni ci sono:<\/strong> <\/span> <\/span><\/p>\n<ul>\n<li><span style=\"color: #000000;\"><strong>soddisfazione degli studenti<\/strong> &#8211; un indicatore per determinare la soddisfazione degli studenti e la loro percezione della vita quotidiana all&#8217;universit\u00e0;<\/span><\/li>\n<li><span style=\"color: #000000;\">le <strong>opportunit\u00e0 offerte dalla laurea<\/strong> &#8211; dati per vedere quali sono le prospettive di carriera a 6 mesi dalla laurea;<\/span><\/li>\n<li><span style=\"color: #000000;\"><strong>Personale universitario<\/strong> &#8211; per presentare l&#8217;atteggiamento degli studenti nei confronti degli accademici e per stimare quanto l&#8217;universit\u00e0 investe nel personale docente;<\/span><\/li>\n<li><span style=\"color: #000000;\"><strong>Voti di ingresso<\/strong> &#8211; questo indicatore fornisce un&#8217;indicazione dei voti con cui gli studenti si sono presentati all&#8217;universit\u00e0. Nonostante il fatto che di solito si collochi molto in alto nelle classifiche, questo criterio non dovrebbe essere seguito completamente. Molto spesso si scopre che i requisiti d&#8217;ingresso delle singole universit\u00e0 sono inferiori ai voti d&#8217;ingresso ottenuti dagli studenti.<\/span><\/li>\n<\/ul>\n<p><span style=\"color: #000000;\"><strong>Classifica delle universit\u00e0 in Inghilterra<\/strong><span> <\/span><span>vi dar\u00e0 una migliore comprensione delle universit\u00e0 del Regno Unito e vi aiuter\u00e0 a scegliere la migliore. Vi invitiamo pertanto a prendere visione delle informazioni disponibili sul nostro sito web. La qualit\u00e0 \u00e8 al primo posto, quindi i dati che presentiamo si basano su fonti affidabili e aggiornate. Inoltre, non ci concentriamo solo sulle informazioni di base sull&#8217;universit\u00e0 &#8211; il processo di reclutamento o la qualit\u00e0 dell&#8217;insegnamento &#8211; ma forniamo anche altri contenuti preziosi e di valore per i futuri studenti su argomenti quali:<\/span><\/span><\/p>\n<ul>\n<li><span style=\"color: #000000;\"><span>riconoscimenti e risultati ottenuti dall&#8217;universit\u00e0 <\/span><strong>universit\u00e0<\/strong><b>;<\/b><\/span><\/li>\n<li><span style=\"color: #000000;\">il costo dell&#8217;alloggio e della vita in una determinata citt\u00e0;<\/span><\/li>\n<li><span style=\"color: #000000;\">corsi, facolt\u00e0 e corsi offerti dall&#8217;universit\u00e0;<\/span><\/li>\n<li><span style=\"color: #000000;\">eventi locali;<\/span><\/li>\n<li><span style=\"color: #000000;\">numero di studenti;<\/span><\/li>\n<li><span style=\"color: #000000;\">opportunit\u00e0 professionali.<\/span><\/li>\n<\/ul>\n<p><span style=\"color: #000000;\"><span>Questo tipo di informazioni dettagliate vi aiuter\u00e0 a farvi un&#8217;idea ancora pi\u00f9 precisa delle universit\u00e0 che state considerando. <\/span><strong>Le classifiche<\/strong><span> <\/span><span>sul sito web vengono costantemente aggiornate, quindi utilizzando il nostro aiuto, potete essere certi di trovare sempre contenuti veritieri e aggiornati.<\/span><\/span><\/p>\n<p>Studiare in Inghilterra pu\u00f2 essere un&#8217;esperienza trasformativa, che offre un&#8217;istruzione di livello mondiale, l&#8217;esposizione a culture diverse e il potenziale per avviare una carriera di successo. Il nostro motore di ricerca e le nostre risorse complete sono state concepite per consentirvi di prendere una decisione informata e trovare l&#8217;universit\u00e0 che corrisponde perfettamente alle vostre aspirazioni accademiche e ai vostri obiettivi personali.<\/p>\n<div id=\"gtx-trans\" style=\"position: absolute; left: 61px; top: 556.234px;\">\n<div class=\"gtx-trans-icon\"><\/div>\n<\/div>\n\t\t\t\t\t\t\t\t<\/div>\n\t\t\t\t<\/div>\n\t\t\t\t<div class=\"elementor-element elementor-element-96c65cd elementor-widget elementor-widget-text-editor\" data-id=\"96c65cd\" data-element_type=\"widget\" data-widget_type=\"text-editor.default\">\n\t\t\t\t<div class=\"elementor-widget-container\">\n\t\t\t\t\t\t\t\t\t<p><strong>Non riuscite a trovare un&#8217;universit\u00e0?<\/strong><br \/>Tornate tra qualche tempo, il database viene costantemente aggiornato. \ud83d\ude42<\/p>\n\t\t\t\t\t\t\t\t<\/div>\n\t\t\t\t<\/div>\n\t\t\t\t\t<\/div>\n\t\t<\/div>\n\t\t\t\t\t<\/div>\n\t\t<\/section>\n\t\t\t\t<section class=\"elementor-section elementor-top-section elementor-element elementor-element-b00b920 elementor-section-boxed elementor-section-height-default elementor-section-height-default\" data-id=\"b00b920\" data-element_type=\"section\">\n\t\t\t\t\t\t<div class=\"elementor-container elementor-column-gap-default\">\n\t\t\t\t\t<div class=\"elementor-column elementor-col-100 elementor-top-column elementor-element elementor-element-3b30344\" data-id=\"3b30344\" data-element_type=\"column\">\n\t\t\t<div class=\"elementor-widget-wrap\">\n\t\t\t\t\t\t\t<\/div>\n\t\t<\/div>\n\t\t\t\t\t<\/div>\n\t\t<\/section>\n\t\t\t\t<\/div>\n\t\t","protected":false},"excerpt":{"rendered":"<p>Universit\u00e0 in Inghilterra Motore di ricerca per le universit\u00e0 in Inghilterra State pensando di frequentare un&#8217;universit\u00e0 all&#8217;estero? Siete alla ricerca di un&#8217;esperienza formativa che combini conoscenze teoriche e applicazioni pratiche? Apprezzate un elevato standard di insegnamento e aspirate a una carriera di successo dopo la laurea? Se \u00e8 cos\u00ec, studiare [&hellip;]<\/p>\n","protected":false},"author":1,"featured_media":12939,"parent":0,"menu_order":0,"comment_status":"closed","ping_status":"closed","template":"page-templates\/template-pagebuilder-full-width.php","meta":{"_acf_changed":false,"footnotes":""},"class_list":["post-12938","page","type-page","status-publish","has-post-thumbnail","hentry"],"acf":[],"yoast_head":"<!-- This site is optimized with the Yoast SEO plugin v24.0 - https:\/\/yoast.com\/wordpress\/plugins\/seo\/ -->\n<title>Motore di ricerca per le universit\u00e0 in Inghilterra - classifica e elenco dei corsi di studio<\/title>\n<meta name=\"description\" content=\"Un motore di ricerca funzionale per le universit\u00e0 inglesi. Controllare la classifica attuale delle universit\u00e0 nel Regno Unito. Iniziate gli studi dei vostri sogni. Cliccate ora.\" \/>\n<meta name=\"robots\" content=\"index, follow, max-snippet:-1, max-image-preview:large, max-video-preview:-1\" \/>\n<link rel=\"canonical\" href=\"https:\/\/edu-4u.uk\/it\/universita-in-inghilterra\/\" \/>\n<meta property=\"og:locale\" content=\"it_IT\" \/>\n<meta property=\"og:type\" content=\"article\" \/>\n<meta property=\"og:title\" content=\"Motore di ricerca per le universit\u00e0 in Inghilterra - classifica e elenco dei corsi di studio\" \/>\n<meta property=\"og:description\" content=\"Un motore di ricerca funzionale per le universit\u00e0 inglesi. Controllare la classifica attuale delle universit\u00e0 nel Regno Unito. Iniziate gli studi dei vostri sogni. Cliccate ora.\" \/>\n<meta property=\"og:url\" content=\"https:\/\/edu-4u.uk\/it\/universita-in-inghilterra\/\" \/>\n<meta property=\"og:site_name\" content=\"Bezp\u0142atna pomoc | Edu4u\" \/>\n<meta property=\"article:publisher\" content=\"https:\/\/www.facebook.com\/Edu4uStudiaAnglia\/\" \/>\n<meta property=\"article:modified_time\" content=\"2024-01-26T09:12:37+00:00\" \/>\n<meta property=\"og:image\" content=\"https:\/\/edu-4u.uk\/wp-content\/uploads\/2018\/12\/edu4u-studia-w-anglii-uniwersytety.jpeg\" \/>\n\t<meta property=\"og:image:width\" content=\"1516\" \/>\n\t<meta property=\"og:image:height\" content=\"1080\" \/>\n\t<meta property=\"og:image:type\" content=\"image\/jpeg\" \/>\n<meta name=\"twitter:label1\" content=\"Tempo di lettura stimato\" \/>\n\t<meta name=\"twitter:data1\" content=\"4 minuti\" \/>\n<script type=\"application\/ld+json\" class=\"yoast-schema-graph\">{\"@context\":\"https:\/\/schema.org\",\"@graph\":[{\"@type\":\"WebPage\",\"@id\":\"https:\/\/edu-4u.uk\/it\/universita-in-inghilterra\/\",\"url\":\"https:\/\/edu-4u.uk\/it\/universita-in-inghilterra\/\",\"name\":\"Motore di ricerca per le universit\u00e0 in Inghilterra - classifica e elenco dei corsi di studio\",\"isPartOf\":{\"@id\":\"https:\/\/edu-4u.uk\/it\/#website\"},\"primaryImageOfPage\":{\"@id\":\"https:\/\/edu-4u.uk\/it\/universita-in-inghilterra\/#primaryimage\"},\"image\":{\"@id\":\"https:\/\/edu-4u.uk\/it\/universita-in-inghilterra\/#primaryimage\"},\"thumbnailUrl\":\"https:\/\/edu-4u.uk\/wp-content\/uploads\/2018\/12\/edu4u-studia-w-anglii-uniwersytety.jpeg\",\"datePublished\":\"2018-12-05T02:43:39+00:00\",\"dateModified\":\"2024-01-26T09:12:37+00:00\",\"description\":\"Un motore di ricerca funzionale per le universit\u00e0 inglesi. Controllare la classifica attuale delle universit\u00e0 nel Regno Unito. Iniziate gli studi dei vostri sogni. Cliccate ora.\",\"breadcrumb\":{\"@id\":\"https:\/\/edu-4u.uk\/it\/universita-in-inghilterra\/#breadcrumb\"},\"inLanguage\":\"it-IT\",\"potentialAction\":[{\"@type\":\"ReadAction\",\"target\":[\"https:\/\/edu-4u.uk\/it\/universita-in-inghilterra\/\"]}]},{\"@type\":\"ImageObject\",\"inLanguage\":\"it-IT\",\"@id\":\"https:\/\/edu-4u.uk\/it\/universita-in-inghilterra\/#primaryimage\",\"url\":\"https:\/\/edu-4u.uk\/wp-content\/uploads\/2018\/12\/edu4u-studia-w-anglii-uniwersytety.jpeg\",\"contentUrl\":\"https:\/\/edu-4u.uk\/wp-content\/uploads\/2018\/12\/edu4u-studia-w-anglii-uniwersytety.jpeg\",\"width\":1516,\"height\":1080},{\"@type\":\"BreadcrumbList\",\"@id\":\"https:\/\/edu-4u.uk\/it\/universita-in-inghilterra\/#breadcrumb\",\"itemListElement\":[{\"@type\":\"ListItem\",\"position\":1,\"name\":\"Strona g\u0142\u00f3wna\",\"item\":\"https:\/\/edu-4u.uk\/it\/\"},{\"@type\":\"ListItem\",\"position\":2,\"name\":\"Universit\u00e0 in Inghilterra\"}]},{\"@type\":\"WebSite\",\"@id\":\"https:\/\/edu-4u.uk\/it\/#website\",\"url\":\"https:\/\/edu-4u.uk\/it\/\",\"name\":\"Edu4u StudyUK | Free Help\",\"description\":\"Zacznij studia w UK z Edu4u!\",\"publisher\":{\"@id\":\"https:\/\/edu-4u.uk\/it\/#organization\"},\"potentialAction\":[{\"@type\":\"SearchAction\",\"target\":{\"@type\":\"EntryPoint\",\"urlTemplate\":\"https:\/\/edu-4u.uk\/it\/?s={search_term_string}\"},\"query-input\":{\"@type\":\"PropertyValueSpecification\",\"valueRequired\":true,\"valueName\":\"search_term_string\"}}],\"inLanguage\":\"it-IT\"},{\"@type\":\"Organization\",\"@id\":\"https:\/\/edu-4u.uk\/it\/#organization\",\"name\":\"Edu4u Study in UK\",\"url\":\"https:\/\/edu-4u.uk\/it\/\",\"logo\":{\"@type\":\"ImageObject\",\"inLanguage\":\"it-IT\",\"@id\":\"https:\/\/edu-4u.uk\/it\/#\/schema\/logo\/image\/\",\"url\":\"https:\/\/edu-4u.uk\/wp-content\/uploads\/2023\/06\/Logo-1.svg\",\"contentUrl\":\"https:\/\/edu-4u.uk\/wp-content\/uploads\/2023\/06\/Logo-1.svg\",\"width\":168,\"height\":43,\"caption\":\"Edu4u Study in UK\"},\"image\":{\"@id\":\"https:\/\/edu-4u.uk\/it\/#\/schema\/logo\/image\/\"},\"sameAs\":[\"https:\/\/www.facebook.com\/Edu4uStudiaAnglia\/\",\"https:\/\/www.tiktok.com\/@edu4u_settled_status_\",\"https:\/\/www.instagram.com\/edu4u_polska\/?hl=en\",\"https:\/\/www.youtube.com\/@Edu4u_Settled_Status\",\"https:\/\/www.facebook.com\/Edu4uSettledStatus\/\",\"https:\/\/www.instagram.com\/edu4u_settled_status\/\",\"https:\/\/www.tiktok.com\/@edu4u_studyuk\"]}]}<\/script>\n<!-- \/ Yoast SEO plugin. -->","yoast_head_json":{"title":"Motore di ricerca per le universit\u00e0 in Inghilterra - classifica e elenco dei corsi di studio","description":"Un motore di ricerca funzionale per le universit\u00e0 inglesi. Controllare la classifica attuale delle universit\u00e0 nel Regno Unito. Iniziate gli studi dei vostri sogni. Cliccate ora.","robots":{"index":"index","follow":"follow","max-snippet":"max-snippet:-1","max-image-preview":"max-image-preview:large","max-video-preview":"max-video-preview:-1"},"canonical":"https:\/\/edu-4u.uk\/it\/universita-in-inghilterra\/","og_locale":"it_IT","og_type":"article","og_title":"Motore di ricerca per le universit\u00e0 in Inghilterra - classifica e elenco dei corsi di studio","og_description":"Un motore di ricerca funzionale per le universit\u00e0 inglesi. Controllare la classifica attuale delle universit\u00e0 nel Regno Unito. Iniziate gli studi dei vostri sogni. Cliccate ora.","og_url":"https:\/\/edu-4u.uk\/it\/universita-in-inghilterra\/","og_site_name":"Bezp\u0142atna pomoc | Edu4u","article_publisher":"https:\/\/www.facebook.com\/Edu4uStudiaAnglia\/","article_modified_time":"2024-01-26T09:12:37+00:00","og_image":[{"width":1516,"height":1080,"url":"https:\/\/edu-4u.uk\/wp-content\/uploads\/2018\/12\/edu4u-studia-w-anglii-uniwersytety.jpeg","type":"image\/jpeg"}],"twitter_misc":{"Tempo di lettura stimato":"4 minuti"},"schema":{"@context":"https:\/\/schema.org","@graph":[{"@type":"WebPage","@id":"https:\/\/edu-4u.uk\/it\/universita-in-inghilterra\/","url":"https:\/\/edu-4u.uk\/it\/universita-in-inghilterra\/","name":"Motore di ricerca per le universit\u00e0 in Inghilterra - classifica e elenco dei corsi di studio","isPartOf":{"@id":"https:\/\/edu-4u.uk\/it\/#website"},"primaryImageOfPage":{"@id":"https:\/\/edu-4u.uk\/it\/universita-in-inghilterra\/#primaryimage"},"image":{"@id":"https:\/\/edu-4u.uk\/it\/universita-in-inghilterra\/#primaryimage"},"thumbnailUrl":"https:\/\/edu-4u.uk\/wp-content\/uploads\/2018\/12\/edu4u-studia-w-anglii-uniwersytety.jpeg","datePublished":"2018-12-05T02:43:39+00:00","dateModified":"2024-01-26T09:12:37+00:00","description":"Un motore di ricerca funzionale per le universit\u00e0 inglesi. Controllare la classifica attuale delle universit\u00e0 nel Regno Unito. Iniziate gli studi dei vostri sogni. Cliccate ora.","breadcrumb":{"@id":"https:\/\/edu-4u.uk\/it\/universita-in-inghilterra\/#breadcrumb"},"inLanguage":"it-IT","potentialAction":[{"@type":"ReadAction","target":["https:\/\/edu-4u.uk\/it\/universita-in-inghilterra\/"]}]},{"@type":"ImageObject","inLanguage":"it-IT","@id":"https:\/\/edu-4u.uk\/it\/universita-in-inghilterra\/#primaryimage","url":"https:\/\/edu-4u.uk\/wp-content\/uploads\/2018\/12\/edu4u-studia-w-anglii-uniwersytety.jpeg","contentUrl":"https:\/\/edu-4u.uk\/wp-content\/uploads\/2018\/12\/edu4u-studia-w-anglii-uniwersytety.jpeg","width":1516,"height":1080},{"@type":"BreadcrumbList","@id":"https:\/\/edu-4u.uk\/it\/universita-in-inghilterra\/#breadcrumb","itemListElement":[{"@type":"ListItem","position":1,"name":"Strona g\u0142\u00f3wna","item":"https:\/\/edu-4u.uk\/it\/"},{"@type":"ListItem","position":2,"name":"Universit\u00e0 in Inghilterra"}]},{"@type":"WebSite","@id":"https:\/\/edu-4u.uk\/it\/#website","url":"https:\/\/edu-4u.uk\/it\/","name":"Edu4u StudyUK | Free Help","description":"Zacznij studia w UK z Edu4u!","publisher":{"@id":"https:\/\/edu-4u.uk\/it\/#organization"},"potentialAction":[{"@type":"SearchAction","target":{"@type":"EntryPoint","urlTemplate":"https:\/\/edu-4u.uk\/it\/?s={search_term_string}"},"query-input":{"@type":"PropertyValueSpecification","valueRequired":true,"valueName":"search_term_string"}}],"inLanguage":"it-IT"},{"@type":"Organization","@id":"https:\/\/edu-4u.uk\/it\/#organization","name":"Edu4u Study in UK","url":"https:\/\/edu-4u.uk\/it\/","logo":{"@type":"ImageObject","inLanguage":"it-IT","@id":"https:\/\/edu-4u.uk\/it\/#\/schema\/logo\/image\/","url":"https:\/\/edu-4u.uk\/wp-content\/uploads\/2023\/06\/Logo-1.svg","contentUrl":"https:\/\/edu-4u.uk\/wp-content\/uploads\/2023\/06\/Logo-1.svg","width":168,"height":43,"caption":"Edu4u Study in UK"},"image":{"@id":"https:\/\/edu-4u.uk\/it\/#\/schema\/logo\/image\/"},"sameAs":["https:\/\/www.facebook.com\/Edu4uStudiaAnglia\/","https:\/\/www.tiktok.com\/@edu4u_settled_status_","https:\/\/www.instagram.com\/edu4u_polska\/?hl=en","https:\/\/www.youtube.com\/@Edu4u_Settled_Status","https:\/\/www.facebook.com\/Edu4uSettledStatus\/","https:\/\/www.instagram.com\/edu4u_settled_status\/","https:\/\/www.tiktok.com\/@edu4u_studyuk"]}]}},"_links":{"self":[{"href":"https:\/\/edu-4u.uk\/it\/wp-json\/wp\/v2\/pages\/12938","targetHints":{"allow":["GET"]}}],"collection":[{"href":"https:\/\/edu-4u.uk\/it\/wp-json\/wp\/v2\/pages"}],"about":[{"href":"https:\/\/edu-4u.uk\/it\/wp-json\/wp\/v2\/types\/page"}],"author":[{"embeddable":true,"href":"https:\/\/edu-4u.uk\/it\/wp-json\/wp\/v2\/users\/1"}],"replies":[{"embeddable":true,"href":"https:\/\/edu-4u.uk\/it\/wp-json\/wp\/v2\/comments?post=12938"}],"version-history":[{"count":2,"href":"https:\/\/edu-4u.uk\/it\/wp-json\/wp\/v2\/pages\/12938\/revisions"}],"predecessor-version":[{"id":12952,"href":"https:\/\/edu-4u.uk\/it\/wp-json\/wp\/v2\/pages\/12938\/revisions\/12952"}],"wp:featuredmedia":[{"embeddable":true,"href":"https:\/\/edu-4u.uk\/it\/wp-json\/wp\/v2\/media\/12939"}],"wp:attachment":[{"href":"https:\/\/edu-4u.uk\/it\/wp-json\/wp\/v2\/media?parent=12938"}],"curies":[{"name":"wp","href":"https:\/\/api.w.org\/{rel}","templated":true}]}}