{"id":13416,"date":"2018-11-26T15:30:29","date_gmt":"2018-11-26T14:30:29","guid":{"rendered":"https:\/\/edu-4u.uk\/nagykoveti-program\/"},"modified":"2018-11-26T15:30:29","modified_gmt":"2018-11-26T14:30:29","slug":"nagykoveti-program","status":"publish","type":"page","link":"https:\/\/edu-4u.uk\/hu\/nagykoveti-program\/","title":{"rendered":"Nagyk\u00f6veti program"},"content":{"rendered":"<p><img fetchpriority=\"high\" decoding=\"async\" src=\"https:\/\/static.wixstatic.com\/media\/19fdab20a31144fc87f36b7db734297d.jpg\/v1\/fill\/w_914,h_400,al_c,q_90\/19fdab20a31144fc87f36b7db734297d.webp\" data-lazy-type=\"image\" data-src=\"https:\/\/static.wixstatic.com\/media\/19fdab20a31144fc87f36b7db734297d.jpg\/v1\/fill\/w_914,h_400,al_c,q_90\/19fdab20a31144fc87f36b7db734297d.webp\" width=\"914\" height=\"400\"><\/p>\n<p><strong>Edu4u nagyk\u00f6veti program<\/strong><\/p>\n<p>Ha ismersz valakit, aki szeretne jelentkezni egy brit egyetemre vagy f\u0151iskol\u00e1ra, sz\u00f3lj nek\u00fcnk! Nagyk\u00f6veteinknek di\u00e1konk\u00e9nt 200 \u00e9s 700 font k\u00f6z\u00f6tti \u00f6sszeget aj\u00e1nlunk. Aj\u00e1nlhatja bar\u00e1tainak \u00e9s csal\u00e1dtagjainak, vagy ak\u00e1r el is kezdhet toborozni az Edu4u sz\u00e1m\u00e1ra, \u00e9s csatlakozhat csapatunkhoz!<br \/>\nJelentkez\u0151ink gyakran v\u00e9letlen\u00fcl fedezik fel az Egyes\u00fclt Kir\u00e1lys\u00e1gban val\u00f3 tanul\u00e1s lehet\u0151s\u00e9g\u00e9t, amikor tal\u00e1lkoznak valamelyik nagyk\u00f6vet\u00fcnkkel, a honlapunkon vagy v\u00e9letlenszer\u0171en megismert szem\u00e9lyekkel folytatott besz\u00e9lget\u00e9sek sor\u00e1n.<\/p>\n<p><strong>Hogyan m\u0171k\u00f6dik<\/strong><br \/>\n1. Keressen valakit, aki az Egyes\u00fclt Kir\u00e1lys\u00e1gban szeretne tanulni.<br \/>\n2. \u00dczenet nek\u00fcnk <span style=\"text-decoration: underline; color: #ff9900;\"><br \/>\n  <a href=\"https:\/\/wa.me\/447511807765\" style=\"color: #ff9900; text-decoration: underline;\">WhatsApp<\/a><br \/>\n<\/span> vagy k\u00fcldj\u00f6n e-mailt.<br \/>\n3. Hozz\u00e1f\u00e9r\u00e9s a prom\u00f3ci\u00f3s anyagokhoz \u00e9s a jelentkez\u0151k list\u00e1j\u00e1hoz.<br \/>\n4. Ha az \u00d6n jel\u00f6ltje sikeresen megkezdi tanulm\u00e1nyait, \u00d6n kompenz\u00e1ci\u00f3t kap az Edu4u-t\u00f3l!<br \/>\n<strong>Jutal\u00e9kstrukt\u00far\u00e1nk<\/strong><br \/>\n1-3 di\u00e1k &#8211; 200 font di\u00e1konk\u00e9nt<br \/>\n4-9 di\u00e1k &#8211; 300 font di\u00e1konk\u00e9nt<br \/>\n10-15 di\u00e1k &#8211; \u00a3500 di\u00e1konk\u00e9nt<br \/>\n16+ di\u00e1kok &#8211; \u00a3700 di\u00e1konk\u00e9nt<br \/>\nP\u00e9lda:<br \/>\n\u00d6n 11 di\u00e1kot vett fel:<br \/>\n11*\u00a3500 = 5500 GBP<br \/>\nAz egyes tan\u00e9vekben, amelyek szeptemberben kezd\u0151dnek \u00e9s augusztusban \u00e9rnek v\u00e9get, \u00f6sszeadhatja a tanul\u00f3kat.<\/p>\n<p><strong>Nagyk\u00f6veti program Pro<\/strong><br \/>\nAlapfizet\u00e9s + jutal\u00e9k a di\u00e1kok toborz\u00e1s\u00e1\u00e9rt<br \/>\n\u00cdrjon nek\u00fcnk a <span style=\"text-decoration: underline; color: #ff9900;\"><br \/>\n  <a href=\"https:\/\/wa.me\/447511807765\" style=\"color: #ff9900; text-decoration: underline;\">WhatsApp<\/a><br \/>\n<\/span> vagy e-mailben, hogy csatlakozzon a Ambassador Scheme Pro-hoz.<br \/>\n<span \n                data-original-string=\"panJ0AML1u6lRdV4ycH+DA==9b9g37VzaQKez\/7MHisCWjq4GvzRrLvTOFQvCuDvYjQe5U=\"\n                class=\"apbct-email-encoder\"\n                title=\"This contact has been encoded by Anti-Spam by CleanTalk. Click to decode. To finish the decoding make sure that JavaScript is enabled in your browser.\">of<span class=\"apbct-blur\">****@ed****.<\/span>eu<\/span><br \/>\n<strong>Csapatunk tagjak\u00e9nt a k\u00f6vetkez\u0151ket kapja:<\/strong><\/p>\n<ul>\n<li>A legjobb nagyk\u00f6veteknek lehet\u0151s\u00e9g\u00fck van a szervezeten bel\u00fcli el\u0151menetelre, \u00edgy m\u00e1r a korai szakaszban lehet\u0151s\u00e9get kapnak arra, hogy vezet\u0151i szint\u0171 gyakorlati tapasztalatot szerezzenek az oktat\u00e1si \u00fatjuk sor\u00e1n.<\/li>\n<li>Teljes k\u00f6r\u0171 k\u00e9pz\u00e9s, a jelentkez\u00e9si folyamattal kezdve a tiszta marketingk\u00e9rd\u00e9sekig,<\/li>\n<li>A program t\u00f6bbi tagj\u00e1nak t\u00e1mogat\u00e1sa,<\/li>\n<li>K\u00e9pz\u00e9si \u00e9s prom\u00f3ci\u00f3s anyagok,<\/li>\n<li>Logisztikai visszat\u00e9r\u00edt\u00e9s.<\/li>\n<\/ul>\n<p><span style=\"text-decoration: underline; color: #ff9900;\"><a href=\"https:\/\/wa.me\/447511807765\" style=\"color: #ff9900;\"><strong>Vegye fel vel\u00fcnk a kapcsolatot!<\/strong><\/a><\/span><\/p>\n<p><iframe title=\"Ambassador scheme | Study in the UK | Free help\" width=\"750\" height=\"422\" data-src=\"https:\/\/www.youtube.com\/embed\/OlBkQFgcMSs?feature=oembed\" frameborder=\"0\" allow=\"accelerometer; autoplay; clipboard-write; encrypted-media; gyroscope; picture-in-picture; web-share\" allowfullscreen src=\"data:image\/gif;base64,R0lGODlhAQABAAAAACH5BAEKAAEALAAAAAABAAEAAAICTAEAOw==\" class=\"lazyload\" data-load-mode=\"1\"><\/iframe><\/p>\n","protected":false},"excerpt":{"rendered":"<p>Edu4u nagyk\u00f6veti program Ha ismersz valakit, aki szeretne jelentkezni egy brit egyetemre vagy f\u0151iskol\u00e1ra, sz\u00f3lj nek\u00fcnk! Nagyk\u00f6veteinknek di\u00e1konk\u00e9nt 200 \u00e9s 700 font k\u00f6z\u00f6tti \u00f6sszeget aj\u00e1nlunk. Aj\u00e1nlhatja bar\u00e1tainak \u00e9s csal\u00e1dtagjainak, vagy ak\u00e1r el is kezdhet toborozni az Edu4u sz\u00e1m\u00e1ra, \u00e9s csatlakozhat csapatunkhoz! Jelentkez\u0151ink gyakran v\u00e9letlen\u00fcl fedezik fel az Egyes\u00fclt Kir\u00e1lys\u00e1gban val\u00f3 [&hellip;]<\/p>\n","protected":false},"author":1,"featured_media":0,"parent":0,"menu_order":0,"comment_status":"closed","ping_status":"closed","template":"","meta":{"_acf_changed":false,"footnotes":""},"class_list":["post-13416","page","type-page","status-publish","hentry"],"acf":[],"yoast_head":"<!-- This site is optimized with the Yoast SEO plugin v24.0 - https:\/\/yoast.com\/wordpress\/plugins\/seo\/ -->\n<title>Nagyk\u00f6veti program | Bezp\u0142atna pomoc | Edu4u<\/title>\n<meta name=\"robots\" content=\"index, follow, max-snippet:-1, max-image-preview:large, max-video-preview:-1\" \/>\n<link rel=\"canonical\" href=\"https:\/\/edu-4u.uk\/hu\/nagykoveti-program\/\" \/>\n<meta property=\"og:locale\" content=\"hu_HU\" \/>\n<meta property=\"og:type\" content=\"article\" \/>\n<meta property=\"og:title\" content=\"Nagyk\u00f6veti program | Bezp\u0142atna pomoc | Edu4u\" \/>\n<meta property=\"og:description\" content=\"Edu4u nagyk\u00f6veti program Ha ismersz valakit, aki szeretne jelentkezni egy brit egyetemre vagy f\u0151iskol\u00e1ra, sz\u00f3lj nek\u00fcnk! Nagyk\u00f6veteinknek di\u00e1konk\u00e9nt 200 \u00e9s 700 font k\u00f6z\u00f6tti \u00f6sszeget aj\u00e1nlunk. Aj\u00e1nlhatja bar\u00e1tainak \u00e9s csal\u00e1dtagjainak, vagy ak\u00e1r el is kezdhet toborozni az Edu4u sz\u00e1m\u00e1ra, \u00e9s csatlakozhat csapatunkhoz! Jelentkez\u0151ink gyakran v\u00e9letlen\u00fcl fedezik fel az Egyes\u00fclt Kir\u00e1lys\u00e1gban val\u00f3 [&hellip;]\" \/>\n<meta property=\"og:url\" content=\"https:\/\/edu-4u.uk\/hu\/nagykoveti-program\/\" \/>\n<meta property=\"og:site_name\" content=\"Bezp\u0142atna pomoc | Edu4u\" \/>\n<meta property=\"article:publisher\" content=\"https:\/\/www.facebook.com\/Edu4uStudiaAnglia\/\" \/>\n<meta property=\"og:image\" content=\"https:\/\/static.wixstatic.com\/media\/19fdab20a31144fc87f36b7db734297d.jpg\/v1\/fill\/w_914,h_400,al_c,q_90\/19fdab20a31144fc87f36b7db734297d.webp\" \/>\n<meta name=\"twitter:label1\" content=\"Becs\u00fclt olvas\u00e1si id\u0151\" \/>\n\t<meta name=\"twitter:data1\" content=\"2 perc\" \/>\n<script type=\"application\/ld+json\" class=\"yoast-schema-graph\">{\"@context\":\"https:\/\/schema.org\",\"@graph\":[{\"@type\":\"WebPage\",\"@id\":\"https:\/\/edu-4u.uk\/hu\/nagykoveti-program\/\",\"url\":\"https:\/\/edu-4u.uk\/hu\/nagykoveti-program\/\",\"name\":\"Nagyk\u00f6veti program | Bezp\u0142atna pomoc | Edu4u\",\"isPartOf\":{\"@id\":\"https:\/\/edu-4u.uk\/hu\/#website\"},\"primaryImageOfPage\":{\"@id\":\"https:\/\/edu-4u.uk\/hu\/nagykoveti-program\/#primaryimage\"},\"image\":{\"@id\":\"https:\/\/edu-4u.uk\/hu\/nagykoveti-program\/#primaryimage\"},\"thumbnailUrl\":\"https:\/\/static.wixstatic.com\/media\/19fdab20a31144fc87f36b7db734297d.jpg\/v1\/fill\/w_914,h_400,al_c,q_90\/19fdab20a31144fc87f36b7db734297d.webp\",\"datePublished\":\"2018-11-26T14:30:29+00:00\",\"dateModified\":\"2018-11-26T14:30:29+00:00\",\"breadcrumb\":{\"@id\":\"https:\/\/edu-4u.uk\/hu\/nagykoveti-program\/#breadcrumb\"},\"inLanguage\":\"hu\",\"potentialAction\":[{\"@type\":\"ReadAction\",\"target\":[\"https:\/\/edu-4u.uk\/hu\/nagykoveti-program\/\"]}]},{\"@type\":\"ImageObject\",\"inLanguage\":\"hu\",\"@id\":\"https:\/\/edu-4u.uk\/hu\/nagykoveti-program\/#primaryimage\",\"url\":\"https:\/\/static.wixstatic.com\/media\/19fdab20a31144fc87f36b7db734297d.jpg\/v1\/fill\/w_914,h_400,al_c,q_90\/19fdab20a31144fc87f36b7db734297d.webp\",\"contentUrl\":\"https:\/\/static.wixstatic.com\/media\/19fdab20a31144fc87f36b7db734297d.jpg\/v1\/fill\/w_914,h_400,al_c,q_90\/19fdab20a31144fc87f36b7db734297d.webp\"},{\"@type\":\"BreadcrumbList\",\"@id\":\"https:\/\/edu-4u.uk\/hu\/nagykoveti-program\/#breadcrumb\",\"itemListElement\":[{\"@type\":\"ListItem\",\"position\":1,\"name\":\"Strona g\u0142\u00f3wna\",\"item\":\"https:\/\/edu-4u.uk\/hu\/\"},{\"@type\":\"ListItem\",\"position\":2,\"name\":\"Nagyk\u00f6veti program\"}]},{\"@type\":\"WebSite\",\"@id\":\"https:\/\/edu-4u.uk\/hu\/#website\",\"url\":\"https:\/\/edu-4u.uk\/hu\/\",\"name\":\"Edu4u StudyUK | Free Help\",\"description\":\"Zacznij studia w UK z Edu4u!\",\"publisher\":{\"@id\":\"https:\/\/edu-4u.uk\/hu\/#organization\"},\"potentialAction\":[{\"@type\":\"SearchAction\",\"target\":{\"@type\":\"EntryPoint\",\"urlTemplate\":\"https:\/\/edu-4u.uk\/hu\/?s={search_term_string}\"},\"query-input\":{\"@type\":\"PropertyValueSpecification\",\"valueRequired\":true,\"valueName\":\"search_term_string\"}}],\"inLanguage\":\"hu\"},{\"@type\":\"Organization\",\"@id\":\"https:\/\/edu-4u.uk\/hu\/#organization\",\"name\":\"Edu4u Study in UK\",\"url\":\"https:\/\/edu-4u.uk\/hu\/\",\"logo\":{\"@type\":\"ImageObject\",\"inLanguage\":\"hu\",\"@id\":\"https:\/\/edu-4u.uk\/hu\/#\/schema\/logo\/image\/\",\"url\":\"https:\/\/edu-4u.uk\/wp-content\/uploads\/2023\/06\/Logo-1.svg\",\"contentUrl\":\"https:\/\/edu-4u.uk\/wp-content\/uploads\/2023\/06\/Logo-1.svg\",\"width\":168,\"height\":43,\"caption\":\"Edu4u Study in UK\"},\"image\":{\"@id\":\"https:\/\/edu-4u.uk\/hu\/#\/schema\/logo\/image\/\"},\"sameAs\":[\"https:\/\/www.facebook.com\/Edu4uStudiaAnglia\/\",\"https:\/\/www.tiktok.com\/@edu4u_settled_status_\",\"https:\/\/www.instagram.com\/edu4u_polska\/?hl=en\",\"https:\/\/www.youtube.com\/@Edu4u_Settled_Status\",\"https:\/\/www.facebook.com\/Edu4uSettledStatus\/\",\"https:\/\/www.instagram.com\/edu4u_settled_status\/\",\"https:\/\/www.tiktok.com\/@edu4u_studyuk\"]}]}<\/script>\n<!-- \/ Yoast SEO plugin. -->","yoast_head_json":{"title":"Nagyk\u00f6veti program | Bezp\u0142atna pomoc | Edu4u","robots":{"index":"index","follow":"follow","max-snippet":"max-snippet:-1","max-image-preview":"max-image-preview:large","max-video-preview":"max-video-preview:-1"},"canonical":"https:\/\/edu-4u.uk\/hu\/nagykoveti-program\/","og_locale":"hu_HU","og_type":"article","og_title":"Nagyk\u00f6veti program | Bezp\u0142atna pomoc | Edu4u","og_description":"Edu4u nagyk\u00f6veti program Ha ismersz valakit, aki szeretne jelentkezni egy brit egyetemre vagy f\u0151iskol\u00e1ra, sz\u00f3lj nek\u00fcnk! Nagyk\u00f6veteinknek di\u00e1konk\u00e9nt 200 \u00e9s 700 font k\u00f6z\u00f6tti \u00f6sszeget aj\u00e1nlunk. Aj\u00e1nlhatja bar\u00e1tainak \u00e9s csal\u00e1dtagjainak, vagy ak\u00e1r el is kezdhet toborozni az Edu4u sz\u00e1m\u00e1ra, \u00e9s csatlakozhat csapatunkhoz! Jelentkez\u0151ink gyakran v\u00e9letlen\u00fcl fedezik fel az Egyes\u00fclt Kir\u00e1lys\u00e1gban val\u00f3 [&hellip;]","og_url":"https:\/\/edu-4u.uk\/hu\/nagykoveti-program\/","og_site_name":"Bezp\u0142atna pomoc | Edu4u","article_publisher":"https:\/\/www.facebook.com\/Edu4uStudiaAnglia\/","og_image":[{"url":"https:\/\/static.wixstatic.com\/media\/19fdab20a31144fc87f36b7db734297d.jpg\/v1\/fill\/w_914,h_400,al_c,q_90\/19fdab20a31144fc87f36b7db734297d.webp","type":"","width":"","height":""}],"twitter_misc":{"Becs\u00fclt olvas\u00e1si id\u0151":"2 perc"},"schema":{"@context":"https:\/\/schema.org","@graph":[{"@type":"WebPage","@id":"https:\/\/edu-4u.uk\/hu\/nagykoveti-program\/","url":"https:\/\/edu-4u.uk\/hu\/nagykoveti-program\/","name":"Nagyk\u00f6veti program | Bezp\u0142atna pomoc | Edu4u","isPartOf":{"@id":"https:\/\/edu-4u.uk\/hu\/#website"},"primaryImageOfPage":{"@id":"https:\/\/edu-4u.uk\/hu\/nagykoveti-program\/#primaryimage"},"image":{"@id":"https:\/\/edu-4u.uk\/hu\/nagykoveti-program\/#primaryimage"},"thumbnailUrl":"https:\/\/static.wixstatic.com\/media\/19fdab20a31144fc87f36b7db734297d.jpg\/v1\/fill\/w_914,h_400,al_c,q_90\/19fdab20a31144fc87f36b7db734297d.webp","datePublished":"2018-11-26T14:30:29+00:00","dateModified":"2018-11-26T14:30:29+00:00","breadcrumb":{"@id":"https:\/\/edu-4u.uk\/hu\/nagykoveti-program\/#breadcrumb"},"inLanguage":"hu","potentialAction":[{"@type":"ReadAction","target":["https:\/\/edu-4u.uk\/hu\/nagykoveti-program\/"]}]},{"@type":"ImageObject","inLanguage":"hu","@id":"https:\/\/edu-4u.uk\/hu\/nagykoveti-program\/#primaryimage","url":"https:\/\/static.wixstatic.com\/media\/19fdab20a31144fc87f36b7db734297d.jpg\/v1\/fill\/w_914,h_400,al_c,q_90\/19fdab20a31144fc87f36b7db734297d.webp","contentUrl":"https:\/\/static.wixstatic.com\/media\/19fdab20a31144fc87f36b7db734297d.jpg\/v1\/fill\/w_914,h_400,al_c,q_90\/19fdab20a31144fc87f36b7db734297d.webp"},{"@type":"BreadcrumbList","@id":"https:\/\/edu-4u.uk\/hu\/nagykoveti-program\/#breadcrumb","itemListElement":[{"@type":"ListItem","position":1,"name":"Strona g\u0142\u00f3wna","item":"https:\/\/edu-4u.uk\/hu\/"},{"@type":"ListItem","position":2,"name":"Nagyk\u00f6veti program"}]},{"@type":"WebSite","@id":"https:\/\/edu-4u.uk\/hu\/#website","url":"https:\/\/edu-4u.uk\/hu\/","name":"Edu4u StudyUK | Free Help","description":"Zacznij studia w UK z Edu4u!","publisher":{"@id":"https:\/\/edu-4u.uk\/hu\/#organization"},"potentialAction":[{"@type":"SearchAction","target":{"@type":"EntryPoint","urlTemplate":"https:\/\/edu-4u.uk\/hu\/?s={search_term_string}"},"query-input":{"@type":"PropertyValueSpecification","valueRequired":true,"valueName":"search_term_string"}}],"inLanguage":"hu"},{"@type":"Organization","@id":"https:\/\/edu-4u.uk\/hu\/#organization","name":"Edu4u Study in UK","url":"https:\/\/edu-4u.uk\/hu\/","logo":{"@type":"ImageObject","inLanguage":"hu","@id":"https:\/\/edu-4u.uk\/hu\/#\/schema\/logo\/image\/","url":"https:\/\/edu-4u.uk\/wp-content\/uploads\/2023\/06\/Logo-1.svg","contentUrl":"https:\/\/edu-4u.uk\/wp-content\/uploads\/2023\/06\/Logo-1.svg","width":168,"height":43,"caption":"Edu4u Study in UK"},"image":{"@id":"https:\/\/edu-4u.uk\/hu\/#\/schema\/logo\/image\/"},"sameAs":["https:\/\/www.facebook.com\/Edu4uStudiaAnglia\/","https:\/\/www.tiktok.com\/@edu4u_settled_status_","https:\/\/www.instagram.com\/edu4u_polska\/?hl=en","https:\/\/www.youtube.com\/@Edu4u_Settled_Status","https:\/\/www.facebook.com\/Edu4uSettledStatus\/","https:\/\/www.instagram.com\/edu4u_settled_status\/","https:\/\/www.tiktok.com\/@edu4u_studyuk"]}]}},"_links":{"self":[{"href":"https:\/\/edu-4u.uk\/hu\/wp-json\/wp\/v2\/pages\/13416","targetHints":{"allow":["GET"]}}],"collection":[{"href":"https:\/\/edu-4u.uk\/hu\/wp-json\/wp\/v2\/pages"}],"about":[{"href":"https:\/\/edu-4u.uk\/hu\/wp-json\/wp\/v2\/types\/page"}],"author":[{"embeddable":true,"href":"https:\/\/edu-4u.uk\/hu\/wp-json\/wp\/v2\/users\/1"}],"replies":[{"embeddable":true,"href":"https:\/\/edu-4u.uk\/hu\/wp-json\/wp\/v2\/comments?post=13416"}],"version-history":[{"count":0,"href":"https:\/\/edu-4u.uk\/hu\/wp-json\/wp\/v2\/pages\/13416\/revisions"}],"wp:attachment":[{"href":"https:\/\/edu-4u.uk\/hu\/wp-json\/wp\/v2\/media?parent=13416"}],"curies":[{"name":"wp","href":"https:\/\/api.w.org\/{rel}","templated":true}]}}