{"id":13057,"date":"2018-10-30T23:28:53","date_gmt":"2018-10-30T22:28:53","guid":{"rendered":"https:\/\/edu-4u.uk\/rolunk\/"},"modified":"2024-02-02T09:29:32","modified_gmt":"2024-02-02T08:29:32","slug":"rolunk","status":"publish","type":"page","link":"https:\/\/edu-4u.uk\/hu\/rolunk\/","title":{"rendered":"R\u00f3lunk"},"content":{"rendered":"\t\t<div data-elementor-type=\"wp-post\" data-elementor-id=\"13057\" class=\"elementor elementor-13057 elementor-76\">\n\t\t\t\t\t\t<section class=\"elementor-section elementor-top-section elementor-element elementor-element-59363ac4 elementor-section-boxed elementor-section-height-default elementor-section-height-default\" data-id=\"59363ac4\" data-element_type=\"section\">\n\t\t\t\t\t\t<div class=\"elementor-container elementor-column-gap-default\">\n\t\t\t\t\t<div class=\"elementor-column elementor-col-100 elementor-top-column elementor-element elementor-element-65b19dfd\" data-id=\"65b19dfd\" data-element_type=\"column\">\n\t\t\t<div class=\"elementor-widget-wrap elementor-element-populated\">\n\t\t\t\t\t\t<div class=\"elementor-element elementor-element-57c906ff elementor-widget elementor-widget-image\" data-id=\"57c906ff\" data-element_type=\"widget\" data-widget_type=\"image.default\">\n\t\t\t\t<div class=\"elementor-widget-container\">\n\t\t\t\t\t\t\t\t\t\t\t\t\t\t\t<img fetchpriority=\"high\" decoding=\"async\" width=\"1100\" height=\"450\" src=\"https:\/\/edu-4u.uk\/wp-content\/uploads\/2024\/02\/Rolunk-edu4u.png\" class=\"attachment-full size-full wp-image-14659\" alt=\"R\u00f3lunk edu4u\" srcset=\"https:\/\/b3292720.smushcdn.com\/3292720\/wp-content\/uploads\/2024\/02\/Rolunk-edu4u.png?lossy=2&amp;strip=1&amp;webp=1 1100w, https:\/\/b3292720.smushcdn.com\/3292720\/wp-content\/uploads\/2024\/02\/Rolunk-edu4u-300x123.png?lossy=2&amp;strip=1&amp;webp=1 300w, https:\/\/b3292720.smushcdn.com\/3292720\/wp-content\/uploads\/2024\/02\/Rolunk-edu4u-1024x419.png?lossy=2&amp;strip=1&amp;webp=1 1024w, https:\/\/b3292720.smushcdn.com\/3292720\/wp-content\/uploads\/2024\/02\/Rolunk-edu4u-768x314.png?lossy=2&amp;strip=1&amp;webp=1 768w\" sizes=\"(max-width: 1100px) 100vw, 1100px\" \/>\t\t\t\t\t\t\t\t\t\t\t\t\t\t\t<\/div>\n\t\t\t\t<\/div>\n\t\t\t\t\t<\/div>\n\t\t<\/div>\n\t\t\t\t\t<\/div>\n\t\t<\/section>\n\t\t\t\t<section class=\"elementor-section elementor-top-section elementor-element elementor-element-33009439 elementor-reverse-mobile elementor-section-boxed elementor-section-height-default elementor-section-height-default\" data-id=\"33009439\" data-element_type=\"section\">\n\t\t\t\t\t\t<div class=\"elementor-container elementor-column-gap-default\">\n\t\t\t\t\t<div class=\"elementor-column elementor-col-100 elementor-top-column elementor-element elementor-element-68e1625d\" data-id=\"68e1625d\" data-element_type=\"column\">\n\t\t\t<div class=\"elementor-widget-wrap elementor-element-populated\">\n\t\t\t\t\t\t<div class=\"elementor-element elementor-element-45154f6f elementor-widget elementor-widget-heading\" data-id=\"45154f6f\" data-element_type=\"widget\" data-widget_type=\"heading.default\">\n\t\t\t\t<div class=\"elementor-widget-container\">\n\t\t\t\t\t<h1 class=\"elementor-heading-title elementor-size-default\">R\u00f3lunk<\/h1>\t\t\t\t<\/div>\n\t\t\t\t<\/div>\n\t\t\t\t<div class=\"elementor-element elementor-element-7cead1a2 elementor-widget elementor-widget-text-editor\" data-id=\"7cead1a2\" data-element_type=\"widget\" data-widget_type=\"text-editor.default\">\n\t\t\t\t<div class=\"elementor-widget-container\">\n\t\t\t\t\t\t\t\t\t<p><em><b>EDU4U<\/b><span> <\/span>Ez egy Nagy-Britanni\u00e1ban \u00e9s Lengyelorsz\u00e1gban m\u0171k\u00f6d\u0151, tan\u00e1csad\u00f3kb\u00f3l, konzult\u00e1nsokb\u00f3l \u00e9s oktat\u00e1si nagyk\u00f6vetekb\u0151l \u00e1ll\u00f3 csapat. Az\u00e9rt szervez\u0151dt\u00fcnk, hogy seg\u00edts\u00fck azokat a fiatal, ambici\u00f3zus embereket, akik sikereket akarnak el\u00e9rni \u00e9s fels\u0151oktat\u00e1si tanulm\u00e1nyokat folytatni az Egyes\u00fclt Kir\u00e1lys\u00e1gban.<\/em><\/p>\n<p class=\"font_8\">\n<p class=\"font_8\">\n<ul><\/ul>\n<p class=\"font_8\">\n\t\t\t\t\t\t\t\t<\/div>\n\t\t\t\t<\/div>\n\t\t\t\t<div class=\"elementor-element elementor-element-cfd60df elementor-widget elementor-widget-text-editor\" data-id=\"cfd60df\" data-element_type=\"widget\" data-widget_type=\"text-editor.default\">\n\t\t\t\t<div class=\"elementor-widget-container\">\n\t\t\t\t\t\t\t\t\t<p class=\"font_8\" style=\"font-size: 18px;\"><strong>K\u00fcldet\u00e9s\u00fcnk<\/strong><\/p>\n<p class=\"font_8\" style=\"font-size: 18px;\">Szeretn\u00e9nk pozit\u00edv hat\u00e1st gyakorolni a fiatalok oktat\u00e1s\u00e1ra.<\/p>\n<p class=\"font_8\" style=\"font-size: 18px;\">Az Edu4u c\u00e9lja, hogy olyan szervezet legyen, amely pontosan olvassa \u00e9s el\u0151re l\u00e1tja a fels\u0151oktat\u00e1s ig\u00e9nyeit, \u00e9s k\u00e9pes megfelelni ezeknek.<\/p>\n\t\t\t\t\t\t\t\t<\/div>\n\t\t\t\t<\/div>\n\t\t\t\t<div class=\"elementor-element elementor-element-aceb381 elementor-widget elementor-widget-text-editor\" data-id=\"aceb381\" data-element_type=\"widget\" data-widget_type=\"text-editor.default\">\n\t\t\t\t<div class=\"elementor-widget-container\">\n\t\t\t\t\t\t\t\t\t<p class=\"font_8\" style=\"font-size: 18px;\"><strong>\u00c9rt\u00e9keink<\/strong><\/p>\n<p class=\"font_8\" style=\"font-size: 18px;\">Az Edu4u els\u0151sorban olyan emberekb\u0151l \u00e1ll, akiknek k\u00f6z\u00f6s egy\u00fcttm\u0171k\u00f6d\u00e9s\u00fck k\u00f6z\u00e9ppontj\u00e1ban a fiatalok oktat\u00e1si ig\u00e9nyeinek meg\u00e9rt\u00e9se \u00e9s pontos megv\u00e1laszol\u00e1sa, valamint a fiatalok el\u00e9gedetts\u00e9g\u00e9\u00e9rt val\u00f3 felel\u0151ss\u00e9gv\u00e1llal\u00e1s \u00e1ll. A k\u00f6z\u00f6s \u00e9rt\u00e9kek k\u00e9pezik a szervezet fejl\u0151d\u00e9s\u00e9nek \u00e9s a vel\u00fck val\u00f3 kapcsolatokban val\u00f3 bizalom\u00e9p\u00edt\u00e9snek az alapj\u00e1t.<\/p>\n<ul>\n<li class=\"font_8\">Min\u0151s\u00e9g \u00e9s innov\u00e1ci\u00f3<\/li>\n<li class=\"font_8\">Nyitotts\u00e1g \u00e9s tisztelet<\/li>\n<li class=\"font_8\">Etika \u00e9s felel\u0151ss\u00e9gv\u00e1llal\u00e1s a gyakorlatban<\/li>\n<li class=\"font_8\">Egy\u00fcttm\u0171k\u00f6d\u00e9s \u00e9s fejleszt\u00e9s<\/li>\n<\/ul>\n\t\t\t\t\t\t\t\t<\/div>\n\t\t\t\t<\/div>\n\t\t\t\t<section class=\"elementor-section elementor-inner-section elementor-element elementor-element-60fc8e7 elementor-section-boxed elementor-section-height-default elementor-section-height-default\" data-id=\"60fc8e7\" data-element_type=\"section\">\n\t\t\t\t\t\t<div class=\"elementor-container elementor-column-gap-default\">\n\t\t\t\t\t<div class=\"elementor-column elementor-col-50 elementor-inner-column elementor-element elementor-element-0631202\" data-id=\"0631202\" data-element_type=\"column\">\n\t\t\t<div class=\"elementor-widget-wrap elementor-element-populated\">\n\t\t\t\t\t\t<div class=\"elementor-element elementor-element-e74d521 elementor-widget elementor-widget-text-editor\" data-id=\"e74d521\" data-element_type=\"widget\" data-widget_type=\"text-editor.default\">\n\t\t\t\t<div class=\"elementor-widget-container\">\n\t\t\t\t\t\t\t\t\t<p style=\"font-size: 18px;\"><strong>Feladataink<\/strong><\/p>\n<ul>\n<li>Ingyenes seg\u00edts\u00e9g az Egyes\u00fclt Kir\u00e1lys\u00e1gban folytatott tanulm\u00e1nyok megkezd\u00e9s\u00e9hez<\/li>\n<li>Szakmai tan\u00e1csad\u00e1s a tanfolyam \u00e9s az egyetem kiv\u00e1laszt\u00e1s\u00e1ban<\/li>\n<li>\u00c1tfog\u00f3, professzion\u00e1lis seg\u00edts\u00e9g a p\u00e1ly\u00e1zati folyamatban<\/li>\n<li>T\u00e1mogat\u00e1s a tanulm\u00e1nyok sor\u00e1n<\/li>\n<\/ul>\n<p style=\"font-size: 18px;\"><br><\/p><p style=\"font-size: 18px;\">Tapasztalataink, tud\u00e1sunk \u00e9s k\u00e9pess\u00e9geink megoszt\u00e1s\u00e1val seg\u00edt\u00fcnk.  <i>Az \u00d6n c\u00e9lja a mi c\u00e9lunk.<\/i>  Az Edu4u tan\u00e1csad\u00f3i \u00e9s tan\u00e1csad\u00f3i egy\u00e9ni seg\u00edts\u00e9get ny\u00fajtanak mindenkinek. Csapatunk elk\u00f6telezett amellett, hogy maximaliz\u00e1lja az es\u00e9lyeit arra, hogy bejusson \u00e1lmai egyetem\u00e9re. Ez\u00e9rt tan\u00e1csot adunk a szem\u00e9lyes nyilatkozat meg\u00edr\u00e1s\u00e1hoz, ellen\u0151rizz\u00fck a tan\u00e1ri referenci\u00e1kat \u00e9s az UCAS-ban a jelentkez\u00e9st, \u00e9s seg\u00edt\u00fcnk a tand\u00edjhitel megszerz\u00e9s\u00e9ben. Seg\u00edts\u00e9g\u00fcnk hat\u00e1rtalan, mindig az \u00d6n rendelkez\u00e9s\u00e9re \u00e1llunk, ha sz\u00fcks\u00e9ge van r\u00e1.<\/p>\n<p style=\"font-size: 18px;\"><br><\/p><p style=\"font-size: 18px;\">Ha b\u00e1rmilyen k\u00e9rd\u00e9se van, b\u00e1rmikor <a href=\"https:\/\/edu-4u.uk\/apply\/\">\n  <span style=\"text-decoration: underline;\">kapcsolatba l\u00e9phet vel\u00fcnk<\/span>\n<\/a>. Objekt\u00edv \u00e9s megb\u00edzhat\u00f3 inform\u00e1ci\u00f3kat ny\u00fajtunk.<\/p>\n<ul><\/ul>\t\t\t\t\t\t\t\t<\/div>\n\t\t\t\t<\/div>\n\t\t\t\t\t<\/div>\n\t\t<\/div>\n\t\t\t\t<div class=\"elementor-column elementor-col-50 elementor-inner-column elementor-element elementor-element-1ce382c\" data-id=\"1ce382c\" data-element_type=\"column\">\n\t\t\t<div class=\"elementor-widget-wrap elementor-element-populated\">\n\t\t\t\t\t\t<div class=\"elementor-element elementor-element-53cbe80 elementor-widget elementor-widget-image\" data-id=\"53cbe80\" data-element_type=\"widget\" data-widget_type=\"image.default\">\n\t\t\t\t<div class=\"elementor-widget-container\">\n\t\t\t\t\t\t\t\t\t\t\t\t\t\t\t<img decoding=\"async\" width=\"735\" height=\"956\" data-src=\"https:\/\/edu-4u.uk\/wp-content\/uploads\/2023\/11\/living-costs-in-uk-for-students.jpeg\" class=\"attachment-full size-full wp-image-10828 lazyload\" alt=\"living costs in uk for students\" data-srcset=\"https:\/\/b3292720.smushcdn.com\/3292720\/wp-content\/uploads\/2023\/11\/living-costs-in-uk-for-students.jpeg?lossy=2&amp;strip=1&amp;webp=1 735w, https:\/\/b3292720.smushcdn.com\/3292720\/wp-content\/uploads\/2023\/11\/living-costs-in-uk-for-students-231x300.jpeg?lossy=2&amp;strip=1&amp;webp=1 231w\" data-sizes=\"(max-width: 735px) 100vw, 735px\" src=\"data:image\/gif;base64,R0lGODlhAQABAAAAACH5BAEKAAEALAAAAAABAAEAAAICTAEAOw==\" style=\"--smush-placeholder-width: 735px; --smush-placeholder-aspect-ratio: 735\/956;\" \/>\t\t\t\t\t\t\t\t\t\t\t\t\t\t\t<\/div>\n\t\t\t\t<\/div>\n\t\t\t\t\t<\/div>\n\t\t<\/div>\n\t\t\t\t\t<\/div>\n\t\t<\/section>\n\t\t\t\t<div class=\"elementor-element elementor-element-64f5a3a elementor-widget elementor-widget-video\" data-id=\"64f5a3a\" data-element_type=\"widget\" data-settings=\"{&quot;youtube_url&quot;:&quot;https:\\\/\\\/youtu.be\\\/cjjt5KqAIL0?si=xccf3oWs7aZeiHNA&quot;,&quot;video_type&quot;:&quot;youtube&quot;,&quot;controls&quot;:&quot;yes&quot;}\" data-widget_type=\"video.default\">\n\t\t\t\t<div class=\"elementor-widget-container\">\n\t\t\t\t\t\t\t<div class=\"elementor-wrapper elementor-open-inline\">\n\t\t\t<div class=\"elementor-video\"><\/div>\t\t<\/div>\n\t\t\t\t\t\t<\/div>\n\t\t\t\t<\/div>\n\t\t\t\t\t<\/div>\n\t\t<\/div>\n\t\t\t\t\t<\/div>\n\t\t<\/section>\n\t\t\t\t<section class=\"elementor-section elementor-top-section elementor-element elementor-element-20adc4c7 elementor-section-boxed elementor-section-height-default elementor-section-height-default\" data-id=\"20adc4c7\" data-element_type=\"section\">\n\t\t\t\t\t\t<div class=\"elementor-container elementor-column-gap-default\">\n\t\t\t\t\t<div class=\"elementor-column elementor-col-100 elementor-top-column elementor-element elementor-element-529d090c\" data-id=\"529d090c\" data-element_type=\"column\">\n\t\t\t<div class=\"elementor-widget-wrap elementor-element-populated\">\n\t\t\t\t\t\t<div class=\"elementor-element elementor-element-67428cf9 elementor-widget-divider--view-line elementor-widget elementor-widget-divider\" data-id=\"67428cf9\" data-element_type=\"widget\" data-widget_type=\"divider.default\">\n\t\t\t\t<div class=\"elementor-widget-container\">\n\t\t\t\t\t\t\t<div class=\"elementor-divider\">\n\t\t\t<span class=\"elementor-divider-separator\">\n\t\t\t\t\t\t<\/span>\n\t\t<\/div>\n\t\t\t\t\t\t<\/div>\n\t\t\t\t<\/div>\n\t\t\t\t<div class=\"elementor-element elementor-element-39a2bf0e elementor-widget elementor-widget-heading\" data-id=\"39a2bf0e\" data-element_type=\"widget\" data-widget_type=\"heading.default\">\n\t\t\t\t<div class=\"elementor-widget-container\">\n\t\t\t\t\t<h4 class=\"elementor-heading-title elementor-size-default\">N\u00e9zze meg Anglia t\u00f6bb sz\u00e1z egyetem\u00e9nek rangsor\u00e1t \u00e9s statisztik\u00e1it<\/h4>\t\t\t\t<\/div>\n\t\t\t\t<\/div>\n\t\t\t\t\t<\/div>\n\t\t<\/div>\n\t\t\t\t\t<\/div>\n\t\t<\/section>\n\t\t\t\t<section class=\"elementor-section elementor-top-section elementor-element elementor-element-49935c7 elementor-section-boxed elementor-section-height-default elementor-section-height-default\" data-id=\"49935c7\" data-element_type=\"section\">\n\t\t\t\t\t\t<div class=\"elementor-container elementor-column-gap-default\">\n\t\t\t\t\t<div class=\"elementor-column elementor-col-100 elementor-top-column elementor-element elementor-element-514be86d\" data-id=\"514be86d\" data-element_type=\"column\">\n\t\t\t<div class=\"elementor-widget-wrap elementor-element-populated\">\n\t\t\t\t\t\t<div class=\"elementor-element elementor-element-6e27f8ad elementor-align-center elementor-mobile-align-center elementor-widget elementor-widget-button\" data-id=\"6e27f8ad\" data-element_type=\"widget\" data-widget_type=\"button.default\">\n\t\t\t\t<div class=\"elementor-widget-container\">\n\t\t\t\t\t\t\t\t\t<div class=\"elementor-button-wrapper\">\n\t\t\t\t\t<a class=\"elementor-button elementor-button-link elementor-size-lg\" href=\"https:\/\/edu-4u.uk\/uniwersytety-w-anglii\/\">\n\t\t\t\t\t\t<span class=\"elementor-button-content-wrapper\">\n\t\t\t\t\t\t<span class=\"elementor-button-icon\">\n\t\t\t\t\t\t\t\t\t<i class=\"fa fa-university\" aria-hidden=\"true\"><\/i>\n\t\t\t\t\t\t\t<\/span>\n\t\t\t\t\t\t\t\t\t<span class=\"elementor-button-text\">Egyetemi rangsor<\/span>\n\t\t\t\t\t<\/span>\n\t\t\t\t\t<\/a>\n\t\t\t\t<\/div>\n\t\t\t\t\t\t\t\t<\/div>\n\t\t\t\t<\/div>\n\t\t\t\t<div class=\"elementor-element elementor-element-328b3577 elementor-widget-divider--view-line elementor-widget elementor-widget-divider\" data-id=\"328b3577\" data-element_type=\"widget\" data-widget_type=\"divider.default\">\n\t\t\t\t<div class=\"elementor-widget-container\">\n\t\t\t\t\t\t\t<div class=\"elementor-divider\">\n\t\t\t<span class=\"elementor-divider-separator\">\n\t\t\t\t\t\t<\/span>\n\t\t<\/div>\n\t\t\t\t\t\t<\/div>\n\t\t\t\t<\/div>\n\t\t\t\t\t<\/div>\n\t\t<\/div>\n\t\t\t\t\t<\/div>\n\t\t<\/section>\n\t\t\t\t<\/div>\n\t\t","protected":false},"excerpt":{"rendered":"<p>R\u00f3lunk EDU4U Ez egy Nagy-Britanni\u00e1ban \u00e9s Lengyelorsz\u00e1gban m\u0171k\u00f6d\u0151, tan\u00e1csad\u00f3kb\u00f3l, konzult\u00e1nsokb\u00f3l \u00e9s oktat\u00e1si nagyk\u00f6vetekb\u0151l \u00e1ll\u00f3 csapat. Az\u00e9rt szervez\u0151dt\u00fcnk, hogy seg\u00edts\u00fck azokat a fiatal, ambici\u00f3zus embereket, akik sikereket akarnak el\u00e9rni \u00e9s fels\u0151oktat\u00e1si tanulm\u00e1nyokat folytatni az Egyes\u00fclt Kir\u00e1lys\u00e1gban. K\u00fcldet\u00e9s\u00fcnk Szeretn\u00e9nk pozit\u00edv hat\u00e1st gyakorolni a fiatalok oktat\u00e1s\u00e1ra. Az Edu4u c\u00e9lja, hogy olyan szervezet legyen, [&hellip;]<\/p>\n","protected":false},"author":1,"featured_media":13058,"parent":0,"menu_order":0,"comment_status":"closed","ping_status":"closed","template":"page-templates\/template-pagebuilder-full-width.php","meta":{"_acf_changed":false,"footnotes":""},"class_list":["post-13057","page","type-page","status-publish","has-post-thumbnail","hentry"],"acf":[],"yoast_head":"<!-- This site is optimized with the Yoast SEO plugin v24.0 - https:\/\/yoast.com\/wordpress\/plugins\/seo\/ -->\n<title>R\u00f3lunk | Bezp\u0142atna pomoc | Edu4u<\/title>\n<meta name=\"description\" content=\"Az EDU4U egy elk\u00f6telezett tan\u00e1csad\u00f3i \u00e9s oktat\u00e1si nagyk\u00f6veti csapat, amely Nagy-Britanni\u00e1ban \u00e9s Lengyelorsz\u00e1gban dolgozik. Forduljon hozz\u00e1nk megb\u00edzhat\u00f3 seg\u00edts\u00e9g\u00e9rt\" \/>\n<meta name=\"robots\" content=\"index, follow, max-snippet:-1, max-image-preview:large, max-video-preview:-1\" \/>\n<link rel=\"canonical\" href=\"https:\/\/edu-4u.uk\/hu\/rolunk\/\" \/>\n<meta property=\"og:locale\" content=\"hu_HU\" \/>\n<meta property=\"og:type\" content=\"article\" \/>\n<meta property=\"og:title\" content=\"R\u00f3lunk | Bezp\u0142atna pomoc | Edu4u\" \/>\n<meta property=\"og:description\" content=\"Az EDU4U egy elk\u00f6telezett tan\u00e1csad\u00f3i \u00e9s oktat\u00e1si nagyk\u00f6veti csapat, amely Nagy-Britanni\u00e1ban \u00e9s Lengyelorsz\u00e1gban dolgozik. Forduljon hozz\u00e1nk megb\u00edzhat\u00f3 seg\u00edts\u00e9g\u00e9rt\" \/>\n<meta property=\"og:url\" content=\"https:\/\/edu-4u.uk\/hu\/rolunk\/\" \/>\n<meta property=\"og:site_name\" content=\"Bezp\u0142atna pomoc | Edu4u\" \/>\n<meta property=\"article:publisher\" content=\"https:\/\/www.facebook.com\/Edu4uStudiaAnglia\/\" \/>\n<meta property=\"article:modified_time\" content=\"2024-02-02T08:29:32+00:00\" \/>\n<meta property=\"og:image\" content=\"https:\/\/edu-4u.uk\/wp-content\/uploads\/2018\/10\/pexels-photo-1092373.jpeg\" \/>\n\t<meta property=\"og:image:width\" content=\"1484\" \/>\n\t<meta property=\"og:image:height\" content=\"1080\" \/>\n\t<meta property=\"og:image:type\" content=\"image\/jpeg\" \/>\n<meta name=\"twitter:label1\" content=\"Becs\u00fclt olvas\u00e1si id\u0151\" \/>\n\t<meta name=\"twitter:data1\" content=\"2 perc\" \/>\n<script type=\"application\/ld+json\" class=\"yoast-schema-graph\">{\"@context\":\"https:\/\/schema.org\",\"@graph\":[{\"@type\":\"WebPage\",\"@id\":\"https:\/\/edu-4u.uk\/hu\/rolunk\/\",\"url\":\"https:\/\/edu-4u.uk\/hu\/rolunk\/\",\"name\":\"R\u00f3lunk | Bezp\u0142atna pomoc | Edu4u\",\"isPartOf\":{\"@id\":\"https:\/\/edu-4u.uk\/hu\/#website\"},\"primaryImageOfPage\":{\"@id\":\"https:\/\/edu-4u.uk\/hu\/rolunk\/#primaryimage\"},\"image\":{\"@id\":\"https:\/\/edu-4u.uk\/hu\/rolunk\/#primaryimage\"},\"thumbnailUrl\":\"https:\/\/edu-4u.uk\/wp-content\/uploads\/2018\/10\/pexels-photo-1092373.jpeg\",\"datePublished\":\"2018-10-30T22:28:53+00:00\",\"dateModified\":\"2024-02-02T08:29:32+00:00\",\"description\":\"Az EDU4U egy elk\u00f6telezett tan\u00e1csad\u00f3i \u00e9s oktat\u00e1si nagyk\u00f6veti csapat, amely Nagy-Britanni\u00e1ban \u00e9s Lengyelorsz\u00e1gban dolgozik. Forduljon hozz\u00e1nk megb\u00edzhat\u00f3 seg\u00edts\u00e9g\u00e9rt\",\"breadcrumb\":{\"@id\":\"https:\/\/edu-4u.uk\/hu\/rolunk\/#breadcrumb\"},\"inLanguage\":\"hu\",\"potentialAction\":[{\"@type\":\"ReadAction\",\"target\":[\"https:\/\/edu-4u.uk\/hu\/rolunk\/\"]}]},{\"@type\":\"ImageObject\",\"inLanguage\":\"hu\",\"@id\":\"https:\/\/edu-4u.uk\/hu\/rolunk\/#primaryimage\",\"url\":\"https:\/\/edu-4u.uk\/wp-content\/uploads\/2018\/10\/pexels-photo-1092373.jpeg\",\"contentUrl\":\"https:\/\/edu-4u.uk\/wp-content\/uploads\/2018\/10\/pexels-photo-1092373.jpeg\",\"width\":1484,\"height\":1080},{\"@type\":\"BreadcrumbList\",\"@id\":\"https:\/\/edu-4u.uk\/hu\/rolunk\/#breadcrumb\",\"itemListElement\":[{\"@type\":\"ListItem\",\"position\":1,\"name\":\"Strona g\u0142\u00f3wna\",\"item\":\"https:\/\/edu-4u.uk\/hu\/\"},{\"@type\":\"ListItem\",\"position\":2,\"name\":\"R\u00f3lunk\"}]},{\"@type\":\"WebSite\",\"@id\":\"https:\/\/edu-4u.uk\/hu\/#website\",\"url\":\"https:\/\/edu-4u.uk\/hu\/\",\"name\":\"Edu4u StudyUK | Free Help\",\"description\":\"Zacznij studia w UK z Edu4u!\",\"publisher\":{\"@id\":\"https:\/\/edu-4u.uk\/hu\/#organization\"},\"potentialAction\":[{\"@type\":\"SearchAction\",\"target\":{\"@type\":\"EntryPoint\",\"urlTemplate\":\"https:\/\/edu-4u.uk\/hu\/?s={search_term_string}\"},\"query-input\":{\"@type\":\"PropertyValueSpecification\",\"valueRequired\":true,\"valueName\":\"search_term_string\"}}],\"inLanguage\":\"hu\"},{\"@type\":\"Organization\",\"@id\":\"https:\/\/edu-4u.uk\/hu\/#organization\",\"name\":\"Edu4u Study in UK\",\"url\":\"https:\/\/edu-4u.uk\/hu\/\",\"logo\":{\"@type\":\"ImageObject\",\"inLanguage\":\"hu\",\"@id\":\"https:\/\/edu-4u.uk\/hu\/#\/schema\/logo\/image\/\",\"url\":\"https:\/\/edu-4u.uk\/wp-content\/uploads\/2023\/06\/Logo-1.svg\",\"contentUrl\":\"https:\/\/edu-4u.uk\/wp-content\/uploads\/2023\/06\/Logo-1.svg\",\"width\":168,\"height\":43,\"caption\":\"Edu4u Study in UK\"},\"image\":{\"@id\":\"https:\/\/edu-4u.uk\/hu\/#\/schema\/logo\/image\/\"},\"sameAs\":[\"https:\/\/www.facebook.com\/Edu4uStudiaAnglia\/\",\"https:\/\/www.tiktok.com\/@edu4u_settled_status_\",\"https:\/\/www.instagram.com\/edu4u_polska\/?hl=en\",\"https:\/\/www.youtube.com\/@Edu4u_Settled_Status\",\"https:\/\/www.facebook.com\/Edu4uSettledStatus\/\",\"https:\/\/www.instagram.com\/edu4u_settled_status\/\",\"https:\/\/www.tiktok.com\/@edu4u_studyuk\"]}]}<\/script>\n<!-- \/ Yoast SEO plugin. -->","yoast_head_json":{"title":"R\u00f3lunk | Bezp\u0142atna pomoc | Edu4u","description":"Az EDU4U egy elk\u00f6telezett tan\u00e1csad\u00f3i \u00e9s oktat\u00e1si nagyk\u00f6veti csapat, amely Nagy-Britanni\u00e1ban \u00e9s Lengyelorsz\u00e1gban dolgozik. Forduljon hozz\u00e1nk megb\u00edzhat\u00f3 seg\u00edts\u00e9g\u00e9rt","robots":{"index":"index","follow":"follow","max-snippet":"max-snippet:-1","max-image-preview":"max-image-preview:large","max-video-preview":"max-video-preview:-1"},"canonical":"https:\/\/edu-4u.uk\/hu\/rolunk\/","og_locale":"hu_HU","og_type":"article","og_title":"R\u00f3lunk | Bezp\u0142atna pomoc | Edu4u","og_description":"Az EDU4U egy elk\u00f6telezett tan\u00e1csad\u00f3i \u00e9s oktat\u00e1si nagyk\u00f6veti csapat, amely Nagy-Britanni\u00e1ban \u00e9s Lengyelorsz\u00e1gban dolgozik. Forduljon hozz\u00e1nk megb\u00edzhat\u00f3 seg\u00edts\u00e9g\u00e9rt","og_url":"https:\/\/edu-4u.uk\/hu\/rolunk\/","og_site_name":"Bezp\u0142atna pomoc | Edu4u","article_publisher":"https:\/\/www.facebook.com\/Edu4uStudiaAnglia\/","article_modified_time":"2024-02-02T08:29:32+00:00","og_image":[{"width":1484,"height":1080,"url":"https:\/\/edu-4u.uk\/wp-content\/uploads\/2018\/10\/pexels-photo-1092373.jpeg","type":"image\/jpeg"}],"twitter_misc":{"Becs\u00fclt olvas\u00e1si id\u0151":"2 perc"},"schema":{"@context":"https:\/\/schema.org","@graph":[{"@type":"WebPage","@id":"https:\/\/edu-4u.uk\/hu\/rolunk\/","url":"https:\/\/edu-4u.uk\/hu\/rolunk\/","name":"R\u00f3lunk | Bezp\u0142atna pomoc | Edu4u","isPartOf":{"@id":"https:\/\/edu-4u.uk\/hu\/#website"},"primaryImageOfPage":{"@id":"https:\/\/edu-4u.uk\/hu\/rolunk\/#primaryimage"},"image":{"@id":"https:\/\/edu-4u.uk\/hu\/rolunk\/#primaryimage"},"thumbnailUrl":"https:\/\/edu-4u.uk\/wp-content\/uploads\/2018\/10\/pexels-photo-1092373.jpeg","datePublished":"2018-10-30T22:28:53+00:00","dateModified":"2024-02-02T08:29:32+00:00","description":"Az EDU4U egy elk\u00f6telezett tan\u00e1csad\u00f3i \u00e9s oktat\u00e1si nagyk\u00f6veti csapat, amely Nagy-Britanni\u00e1ban \u00e9s Lengyelorsz\u00e1gban dolgozik. Forduljon hozz\u00e1nk megb\u00edzhat\u00f3 seg\u00edts\u00e9g\u00e9rt","breadcrumb":{"@id":"https:\/\/edu-4u.uk\/hu\/rolunk\/#breadcrumb"},"inLanguage":"hu","potentialAction":[{"@type":"ReadAction","target":["https:\/\/edu-4u.uk\/hu\/rolunk\/"]}]},{"@type":"ImageObject","inLanguage":"hu","@id":"https:\/\/edu-4u.uk\/hu\/rolunk\/#primaryimage","url":"https:\/\/edu-4u.uk\/wp-content\/uploads\/2018\/10\/pexels-photo-1092373.jpeg","contentUrl":"https:\/\/edu-4u.uk\/wp-content\/uploads\/2018\/10\/pexels-photo-1092373.jpeg","width":1484,"height":1080},{"@type":"BreadcrumbList","@id":"https:\/\/edu-4u.uk\/hu\/rolunk\/#breadcrumb","itemListElement":[{"@type":"ListItem","position":1,"name":"Strona g\u0142\u00f3wna","item":"https:\/\/edu-4u.uk\/hu\/"},{"@type":"ListItem","position":2,"name":"R\u00f3lunk"}]},{"@type":"WebSite","@id":"https:\/\/edu-4u.uk\/hu\/#website","url":"https:\/\/edu-4u.uk\/hu\/","name":"Edu4u StudyUK | Free Help","description":"Zacznij studia w UK z Edu4u!","publisher":{"@id":"https:\/\/edu-4u.uk\/hu\/#organization"},"potentialAction":[{"@type":"SearchAction","target":{"@type":"EntryPoint","urlTemplate":"https:\/\/edu-4u.uk\/hu\/?s={search_term_string}"},"query-input":{"@type":"PropertyValueSpecification","valueRequired":true,"valueName":"search_term_string"}}],"inLanguage":"hu"},{"@type":"Organization","@id":"https:\/\/edu-4u.uk\/hu\/#organization","name":"Edu4u Study in UK","url":"https:\/\/edu-4u.uk\/hu\/","logo":{"@type":"ImageObject","inLanguage":"hu","@id":"https:\/\/edu-4u.uk\/hu\/#\/schema\/logo\/image\/","url":"https:\/\/edu-4u.uk\/wp-content\/uploads\/2023\/06\/Logo-1.svg","contentUrl":"https:\/\/edu-4u.uk\/wp-content\/uploads\/2023\/06\/Logo-1.svg","width":168,"height":43,"caption":"Edu4u Study in UK"},"image":{"@id":"https:\/\/edu-4u.uk\/hu\/#\/schema\/logo\/image\/"},"sameAs":["https:\/\/www.facebook.com\/Edu4uStudiaAnglia\/","https:\/\/www.tiktok.com\/@edu4u_settled_status_","https:\/\/www.instagram.com\/edu4u_polska\/?hl=en","https:\/\/www.youtube.com\/@Edu4u_Settled_Status","https:\/\/www.facebook.com\/Edu4uSettledStatus\/","https:\/\/www.instagram.com\/edu4u_settled_status\/","https:\/\/www.tiktok.com\/@edu4u_studyuk"]}]}},"_links":{"self":[{"href":"https:\/\/edu-4u.uk\/hu\/wp-json\/wp\/v2\/pages\/13057","targetHints":{"allow":["GET"]}}],"collection":[{"href":"https:\/\/edu-4u.uk\/hu\/wp-json\/wp\/v2\/pages"}],"about":[{"href":"https:\/\/edu-4u.uk\/hu\/wp-json\/wp\/v2\/types\/page"}],"author":[{"embeddable":true,"href":"https:\/\/edu-4u.uk\/hu\/wp-json\/wp\/v2\/users\/1"}],"replies":[{"embeddable":true,"href":"https:\/\/edu-4u.uk\/hu\/wp-json\/wp\/v2\/comments?post=13057"}],"version-history":[{"count":4,"href":"https:\/\/edu-4u.uk\/hu\/wp-json\/wp\/v2\/pages\/13057\/revisions"}],"predecessor-version":[{"id":14719,"href":"https:\/\/edu-4u.uk\/hu\/wp-json\/wp\/v2\/pages\/13057\/revisions\/14719"}],"wp:featuredmedia":[{"embeddable":true,"href":"https:\/\/edu-4u.uk\/hu\/wp-json\/wp\/v2\/media\/13058"}],"wp:attachment":[{"href":"https:\/\/edu-4u.uk\/hu\/wp-json\/wp\/v2\/media?parent=13057"}],"curies":[{"name":"wp","href":"https:\/\/api.w.org\/{rel}","templated":true}]}}