{"id":13437,"date":"2018-12-04T20:31:34","date_gmt":"2018-12-04T19:31:34","guid":{"rendered":"https:\/\/edu-4u.uk\/solicitar\/"},"modified":"2025-06-16T07:27:07","modified_gmt":"2025-06-16T05:27:07","slug":"solicitar","status":"publish","type":"page","link":"https:\/\/edu-4u.uk\/es\/solicitar\/","title":{"rendered":"Solicitar"},"content":{"rendered":"\t\t<div data-elementor-type=\"wp-page\" data-elementor-id=\"13437\" class=\"elementor elementor-13437 elementor-303\">\n\t\t\t\t\t\t<section class=\"elementor-section elementor-top-section elementor-element elementor-element-97fefd7 elementor-section-boxed elementor-section-height-default elementor-section-height-default\" data-id=\"97fefd7\" data-element_type=\"section\">\n\t\t\t\t\t\t<div class=\"elementor-container elementor-column-gap-default\">\n\t\t\t\t\t<div class=\"elementor-column elementor-col-100 elementor-top-column elementor-element elementor-element-e535ebc\" data-id=\"e535ebc\" data-element_type=\"column\">\n\t\t\t<div class=\"elementor-widget-wrap elementor-element-populated\">\n\t\t\t\t\t\t<div class=\"elementor-element elementor-element-bddc20c elementor-widget elementor-widget-heading\" data-id=\"bddc20c\" data-element_type=\"widget\" data-widget_type=\"heading.default\">\n\t\t\t\t<div class=\"elementor-widget-container\">\n\t\t\t\t\t<h2 class=\"elementor-heading-title elementor-size-default\">Conecta con Edu4u<\/h2>\t\t\t\t<\/div>\n\t\t\t\t<\/div>\n\t\t\t\t<div class=\"elementor-element elementor-element-f6bf6d4 elementor-widget elementor-widget-text-editor\" data-id=\"f6bf6d4\" data-element_type=\"widget\" data-widget_type=\"text-editor.default\">\n\t\t\t\t<div class=\"elementor-widget-container\">\n\t\t\t\t\t\t\t\t\t<div class=\"top\" style=\"font-size: 14px;\">\n<p style=\"margin-bottom: 50px; text-align: center; font-weight: bold;\">Prometemos no enviarle spam. Comparta su informaci\u00f3n de contacto para que podamos ponernos en contacto con usted en relaci\u00f3n con su solicitud.<\/p>\n<\/div>\n<div class=\"form\" style=\"font-size: 14px;\">\n<p style=\"margin-bottom: 10px; text-align: center; font-weight: bold;\">D\u00e9 el primer paso hacia su futuro<\/p>\n<\/div>\n\t\t\t\t\t\t\t\t<\/div>\n\t\t\t\t<\/div>\n\t\t\t\t<div class=\"elementor-element elementor-element-da002b5 elementor-widget elementor-widget-shortcode\" data-id=\"da002b5\" data-element_type=\"widget\" id=\"formularz_edu4u\" data-widget_type=\"shortcode.default\">\n\t\t\t\t<div class=\"elementor-widget-container\">\n\t\t\t\t\t\t\t<div class=\"elementor-shortcode\">\n<div class=\"wpcf7 no-js\" id=\"wpcf7-f25140-o1\" lang=\"pl-PL\" dir=\"ltr\" data-wpcf7-id=\"25140\">\n<div class=\"screen-reader-response\"><p role=\"status\" aria-live=\"polite\" aria-atomic=\"true\"><\/p> <ul><\/ul><\/div>\n<form action=\"\/es\/wp-json\/wp\/v2\/pages\/13437#wpcf7-f25140-o1\" method=\"post\" class=\"wpcf7-form init\" aria-label=\"Formularz kontaktowy\" novalidate=\"novalidate\" data-status=\"init\">\n<div style=\"display: none;\">\n<input type=\"hidden\" name=\"_wpcf7\" value=\"25140\" \/>\n<input type=\"hidden\" name=\"_wpcf7_version\" value=\"6.0.1\" \/>\n<input type=\"hidden\" name=\"_wpcf7_locale\" value=\"pl_PL\" \/>\n<input type=\"hidden\" name=\"_wpcf7_unit_tag\" value=\"wpcf7-f25140-o1\" \/>\n<input type=\"hidden\" name=\"_wpcf7_container_post\" value=\"0\" \/>\n<input type=\"hidden\" name=\"_wpcf7_posted_data_hash\" value=\"\" \/>\n<\/div>\n<div class=\"aplikuj-form\">\n\t<p><span class=\"wpcf7-form-control-wrap\" data-name=\"your-name\"><input size=\"40\" maxlength=\"400\" class=\"wpcf7-form-control wpcf7-text wpcf7-validates-as-required\" autocomplete=\"name\" aria-required=\"true\" aria-invalid=\"false\" placeholder=\"Name\" value=\"\" type=\"text\" name=\"your-name\" \/><\/span>\n\t<\/p>\n\t<p><span class=\"wpcf7-form-control-wrap\" data-name=\"your-tel\"><input size=\"40\" maxlength=\"400\" class=\"wpcf7-form-control wpcf7-tel wpcf7-validates-as-required wpcf7-text wpcf7-validates-as-tel\" autocomplete=\"email\" aria-required=\"true\" aria-invalid=\"false\" placeholder=\"Number\" value=\"\" type=\"tel\" name=\"your-tel\" \/><\/span>\n\t<\/p>\n\t<p><span class=\"wpcf7-form-control-wrap\" data-name=\"your-email\"><input size=\"40\" maxlength=\"400\" class=\"wpcf7-form-control wpcf7-email wpcf7-validates-as-required wpcf7-text wpcf7-validates-as-email\" autocomplete=\"email\" aria-required=\"true\" aria-invalid=\"false\" placeholder=\"Email Address\" value=\"\" type=\"email\" name=\"your-email\" \/><\/span>\n\t<\/p>\n\t<p><span class=\"wpcf7-form-control-wrap\" data-name=\"checkbox-259\"><span class=\"wpcf7-form-control wpcf7-checkbox wpcf7-validates-as-required\"><span class=\"wpcf7-list-item first last\"><label><input type=\"checkbox\" name=\"checkbox-259[]\" value=\"Consiento el tratamiento de mis datos personales por parte de Edu4u Ltd con fines informativos y de marketing.\" \/><span class=\"wpcf7-list-item-label\">Consiento el tratamiento de mis datos personales por parte de Edu4u Ltd con fines informativos y de marketing.<\/span><\/label><\/span><\/span><\/span>\n\t<\/p>\n\t<p><span class=\"wpcf7-list-item-label\" style=\"font-weight: bold;\"><br \/>\nAl enviar este formulario, confirmas que tienes m\u00e1s de 16 a\u00f1os y reconoces el tratamiento de tus datos personales con fines de contacto, seg\u00fan lo detallado en nuestra Pol\u00edtica de Privacidad.<br \/>\n<\/span><br \/>\n<input class=\"wpcf7-form-control wpcf7-submit has-spinner\" type=\"submit\" value=\"Send\" \/>\n\t<\/p>\n<\/div><input type=\"hidden\" id=\"ct_checkjs_cf7_6364d3f0f495b6ab9dcf8d3b5c6e0b01\" name=\"ct_checkjs_cf7\" value=\"0\" \/><script >setTimeout(function(){var ct_input_name = \"ct_checkjs_cf7_6364d3f0f495b6ab9dcf8d3b5c6e0b01\";if (document.getElementById(ct_input_name) !== null) {var ct_input_value = document.getElementById(ct_input_name).value;document.getElementById(ct_input_name).value = document.getElementById(ct_input_name).value.replace(ct_input_value, '1691387897');}}, 1000);<\/script><label class=\"apbct_special_field\" id=\"apbct_label_id59440\" for=\"apbct__email_id__wp_contact_form_7_59440\">59440<\/label><input\n            id=\"apbct__email_id__wp_contact_form_7_59440\"\n            class=\"apbct_special_field apbct__email_id__wp_contact_form_7\"\n            name=\"apbct__email_id__wp_contact_form_7_59440\"\n            type=\"text\" size=\"30\" maxlength=\"200\" autocomplete=\"off\"\n            value=\"59440\" apbct_event_id=\"59440\"\n            \/><input id=\"apbct_event_id_wp_contact_form_7_59440\"\n                class=\"apbct_special_field\" name=\"apbct_event_id\" type=\"hidden\" value=\"59440\" \/><p style=\"display: none !important;\" class=\"akismet-fields-container\" data-prefix=\"_wpcf7_ak_\"><label>&#916;<textarea name=\"_wpcf7_ak_hp_textarea\" cols=\"45\" rows=\"8\" maxlength=\"100\"><\/textarea><\/label><input type=\"hidden\" id=\"ak_js_1\" name=\"_wpcf7_ak_js\" value=\"180\"\/><script>document.getElementById( \"ak_js_1\" ).setAttribute( \"value\", ( new Date() ).getTime() );<\/script><\/p><div class=\"wpcf7-response-output\" aria-hidden=\"true\"><\/div>\n<label class=\"apbct_special_field\" id=\"apbct_label_id70190\" for=\"apbct__email_id__elementor_form_70190\">70190<\/label><input\n            id=\"apbct__email_id__elementor_form_70190\"\n            class=\"apbct_special_field apbct__email_id__elementor_form\"\n            name=\"apbct__email_id__elementor_form_70190\"\n            type=\"text\" size=\"30\" maxlength=\"200\" autocomplete=\"off\"\n            value=\"70190\" apbct_event_id=\"70190\"\n            \/><input id=\"apbct_event_id_elementor_form_70190\"\n                class=\"apbct_special_field\" name=\"apbct_event_id\" type=\"hidden\" value=\"70190\" \/><\/form>\n<\/div>\n<\/div>\n\t\t\t\t\t\t<\/div>\n\t\t\t\t<\/div>\n\t\t\t\t<div class=\"elementor-element elementor-element-b4c3a26 elementor-widget elementor-widget-text-editor\" data-id=\"b4c3a26\" data-element_type=\"widget\" data-widget_type=\"text-editor.default\">\n\t\t\t\t<div class=\"elementor-widget-container\">\n\t\t\t\t\t\t\t\t\t<p><span>Consejos de expertos. Resultados satisfactorios.<\/span><\/p>\n\t\t\t\t\t\t\t\t<\/div>\n\t\t\t\t<\/div>\n\t\t\t\t\t<\/div>\n\t\t<\/div>\n\t\t\t\t\t<\/div>\n\t\t<\/section>\n\t\t\t\t<\/div>\n\t\t","protected":false},"excerpt":{"rendered":"<p>Conecta con Edu4u Prometemos no enviarle spam. Comparta su informaci\u00f3n de contacto para que podamos ponernos en contacto con usted en relaci\u00f3n con su solicitud. D\u00e9 el primer paso hacia su futuro Consejos de expertos. Resultados satisfactorios.<\/p>\n","protected":false},"author":1,"featured_media":13438,"parent":0,"menu_order":0,"comment_status":"closed","ping_status":"closed","template":"page-templates\/template-pagebuilder-full-width.php","meta":{"_acf_changed":false,"footnotes":""},"class_list":["post-13437","page","type-page","status-publish","has-post-thumbnail","hentry"],"acf":[],"yoast_head":"<!-- This site is optimized with the Yoast SEO plugin v24.0 - https:\/\/yoast.com\/wordpress\/plugins\/seo\/ -->\n<title>Solicitar | Bezp\u0142atna pomoc | Edu4u<\/title>\n<meta name=\"robots\" content=\"index, follow, max-snippet:-1, max-image-preview:large, max-video-preview:-1\" \/>\n<link rel=\"canonical\" href=\"https:\/\/edu-4u.uk\/es\/solicitar\/\" \/>\n<meta property=\"og:locale\" content=\"es_ES\" \/>\n<meta property=\"og:type\" content=\"article\" \/>\n<meta property=\"og:title\" content=\"Solicitar | Bezp\u0142atna pomoc | Edu4u\" \/>\n<meta property=\"og:description\" content=\"Conecta con Edu4u Prometemos no enviarle spam. Comparta su informaci\u00f3n de contacto para que podamos ponernos en contacto con usted en relaci\u00f3n con su solicitud. D\u00e9 el primer paso hacia su futuro Consejos de expertos. Resultados satisfactorios.\" \/>\n<meta property=\"og:url\" content=\"https:\/\/edu-4u.uk\/es\/solicitar\/\" \/>\n<meta property=\"og:site_name\" content=\"Bezp\u0142atna pomoc | Edu4u\" \/>\n<meta property=\"article:publisher\" content=\"https:\/\/www.facebook.com\/Edu4uStudiaAnglia\/\" \/>\n<meta property=\"article:modified_time\" content=\"2025-06-16T05:27:07+00:00\" \/>\n<meta name=\"twitter:label1\" content=\"Tiempo de lectura\" \/>\n\t<meta name=\"twitter:data1\" content=\"1 minuto\" \/>\n<script type=\"application\/ld+json\" class=\"yoast-schema-graph\">{\"@context\":\"https:\/\/schema.org\",\"@graph\":[{\"@type\":\"WebPage\",\"@id\":\"https:\/\/edu-4u.uk\/es\/solicitar\/\",\"url\":\"https:\/\/edu-4u.uk\/es\/solicitar\/\",\"name\":\"Solicitar | Bezp\u0142atna pomoc | Edu4u\",\"isPartOf\":{\"@id\":\"https:\/\/edu-4u.uk\/es\/#website\"},\"primaryImageOfPage\":{\"@id\":\"https:\/\/edu-4u.uk\/es\/solicitar\/#primaryimage\"},\"image\":{\"@id\":\"https:\/\/edu-4u.uk\/es\/solicitar\/#primaryimage\"},\"thumbnailUrl\":\"https:\/\/edu-4u.uk\/wp-content\/uploads\/2023\/06\/Logo-1.svg\",\"datePublished\":\"2018-12-04T19:31:34+00:00\",\"dateModified\":\"2025-06-16T05:27:07+00:00\",\"breadcrumb\":{\"@id\":\"https:\/\/edu-4u.uk\/es\/solicitar\/#breadcrumb\"},\"inLanguage\":\"es\",\"potentialAction\":[{\"@type\":\"ReadAction\",\"target\":[\"https:\/\/edu-4u.uk\/es\/solicitar\/\"]}]},{\"@type\":\"ImageObject\",\"inLanguage\":\"es\",\"@id\":\"https:\/\/edu-4u.uk\/es\/solicitar\/#primaryimage\",\"url\":\"https:\/\/edu-4u.uk\/wp-content\/uploads\/2023\/06\/Logo-1.svg\",\"contentUrl\":\"https:\/\/edu-4u.uk\/wp-content\/uploads\/2023\/06\/Logo-1.svg\",\"width\":168,\"height\":43},{\"@type\":\"BreadcrumbList\",\"@id\":\"https:\/\/edu-4u.uk\/es\/solicitar\/#breadcrumb\",\"itemListElement\":[{\"@type\":\"ListItem\",\"position\":1,\"name\":\"Strona g\u0142\u00f3wna\",\"item\":\"https:\/\/edu-4u.uk\/es\/\"},{\"@type\":\"ListItem\",\"position\":2,\"name\":\"Solicitar\"}]},{\"@type\":\"WebSite\",\"@id\":\"https:\/\/edu-4u.uk\/es\/#website\",\"url\":\"https:\/\/edu-4u.uk\/es\/\",\"name\":\"Edu4u StudyUK | Free Help\",\"description\":\"Zacznij studia w UK z Edu4u!\",\"publisher\":{\"@id\":\"https:\/\/edu-4u.uk\/es\/#organization\"},\"potentialAction\":[{\"@type\":\"SearchAction\",\"target\":{\"@type\":\"EntryPoint\",\"urlTemplate\":\"https:\/\/edu-4u.uk\/es\/?s={search_term_string}\"},\"query-input\":{\"@type\":\"PropertyValueSpecification\",\"valueRequired\":true,\"valueName\":\"search_term_string\"}}],\"inLanguage\":\"es\"},{\"@type\":\"Organization\",\"@id\":\"https:\/\/edu-4u.uk\/es\/#organization\",\"name\":\"Edu4u Study in UK\",\"url\":\"https:\/\/edu-4u.uk\/es\/\",\"logo\":{\"@type\":\"ImageObject\",\"inLanguage\":\"es\",\"@id\":\"https:\/\/edu-4u.uk\/es\/#\/schema\/logo\/image\/\",\"url\":\"https:\/\/edu-4u.uk\/wp-content\/uploads\/2023\/06\/Logo-1.svg\",\"contentUrl\":\"https:\/\/edu-4u.uk\/wp-content\/uploads\/2023\/06\/Logo-1.svg\",\"width\":168,\"height\":43,\"caption\":\"Edu4u Study in UK\"},\"image\":{\"@id\":\"https:\/\/edu-4u.uk\/es\/#\/schema\/logo\/image\/\"},\"sameAs\":[\"https:\/\/www.facebook.com\/Edu4uStudiaAnglia\/\",\"https:\/\/www.tiktok.com\/@edu4u_settled_status_\",\"https:\/\/www.instagram.com\/edu4u_polska\/?hl=en\",\"https:\/\/www.youtube.com\/@Edu4u_Settled_Status\",\"https:\/\/www.facebook.com\/Edu4uSettledStatus\/\",\"https:\/\/www.instagram.com\/edu4u_settled_status\/\",\"https:\/\/www.tiktok.com\/@edu4u_studyuk\"]}]}<\/script>\n<!-- \/ Yoast SEO plugin. -->","yoast_head_json":{"title":"Solicitar | Bezp\u0142atna pomoc | Edu4u","robots":{"index":"index","follow":"follow","max-snippet":"max-snippet:-1","max-image-preview":"max-image-preview:large","max-video-preview":"max-video-preview:-1"},"canonical":"https:\/\/edu-4u.uk\/es\/solicitar\/","og_locale":"es_ES","og_type":"article","og_title":"Solicitar | Bezp\u0142atna pomoc | Edu4u","og_description":"Conecta con Edu4u Prometemos no enviarle spam. Comparta su informaci\u00f3n de contacto para que podamos ponernos en contacto con usted en relaci\u00f3n con su solicitud. D\u00e9 el primer paso hacia su futuro Consejos de expertos. Resultados satisfactorios.","og_url":"https:\/\/edu-4u.uk\/es\/solicitar\/","og_site_name":"Bezp\u0142atna pomoc | Edu4u","article_publisher":"https:\/\/www.facebook.com\/Edu4uStudiaAnglia\/","article_modified_time":"2025-06-16T05:27:07+00:00","twitter_misc":{"Tiempo de lectura":"1 minuto"},"schema":{"@context":"https:\/\/schema.org","@graph":[{"@type":"WebPage","@id":"https:\/\/edu-4u.uk\/es\/solicitar\/","url":"https:\/\/edu-4u.uk\/es\/solicitar\/","name":"Solicitar | Bezp\u0142atna pomoc | Edu4u","isPartOf":{"@id":"https:\/\/edu-4u.uk\/es\/#website"},"primaryImageOfPage":{"@id":"https:\/\/edu-4u.uk\/es\/solicitar\/#primaryimage"},"image":{"@id":"https:\/\/edu-4u.uk\/es\/solicitar\/#primaryimage"},"thumbnailUrl":"https:\/\/edu-4u.uk\/wp-content\/uploads\/2023\/06\/Logo-1.svg","datePublished":"2018-12-04T19:31:34+00:00","dateModified":"2025-06-16T05:27:07+00:00","breadcrumb":{"@id":"https:\/\/edu-4u.uk\/es\/solicitar\/#breadcrumb"},"inLanguage":"es","potentialAction":[{"@type":"ReadAction","target":["https:\/\/edu-4u.uk\/es\/solicitar\/"]}]},{"@type":"ImageObject","inLanguage":"es","@id":"https:\/\/edu-4u.uk\/es\/solicitar\/#primaryimage","url":"https:\/\/edu-4u.uk\/wp-content\/uploads\/2023\/06\/Logo-1.svg","contentUrl":"https:\/\/edu-4u.uk\/wp-content\/uploads\/2023\/06\/Logo-1.svg","width":168,"height":43},{"@type":"BreadcrumbList","@id":"https:\/\/edu-4u.uk\/es\/solicitar\/#breadcrumb","itemListElement":[{"@type":"ListItem","position":1,"name":"Strona g\u0142\u00f3wna","item":"https:\/\/edu-4u.uk\/es\/"},{"@type":"ListItem","position":2,"name":"Solicitar"}]},{"@type":"WebSite","@id":"https:\/\/edu-4u.uk\/es\/#website","url":"https:\/\/edu-4u.uk\/es\/","name":"Edu4u StudyUK | Free Help","description":"Zacznij studia w UK z Edu4u!","publisher":{"@id":"https:\/\/edu-4u.uk\/es\/#organization"},"potentialAction":[{"@type":"SearchAction","target":{"@type":"EntryPoint","urlTemplate":"https:\/\/edu-4u.uk\/es\/?s={search_term_string}"},"query-input":{"@type":"PropertyValueSpecification","valueRequired":true,"valueName":"search_term_string"}}],"inLanguage":"es"},{"@type":"Organization","@id":"https:\/\/edu-4u.uk\/es\/#organization","name":"Edu4u Study in UK","url":"https:\/\/edu-4u.uk\/es\/","logo":{"@type":"ImageObject","inLanguage":"es","@id":"https:\/\/edu-4u.uk\/es\/#\/schema\/logo\/image\/","url":"https:\/\/edu-4u.uk\/wp-content\/uploads\/2023\/06\/Logo-1.svg","contentUrl":"https:\/\/edu-4u.uk\/wp-content\/uploads\/2023\/06\/Logo-1.svg","width":168,"height":43,"caption":"Edu4u Study in UK"},"image":{"@id":"https:\/\/edu-4u.uk\/es\/#\/schema\/logo\/image\/"},"sameAs":["https:\/\/www.facebook.com\/Edu4uStudiaAnglia\/","https:\/\/www.tiktok.com\/@edu4u_settled_status_","https:\/\/www.instagram.com\/edu4u_polska\/?hl=en","https:\/\/www.youtube.com\/@Edu4u_Settled_Status","https:\/\/www.facebook.com\/Edu4uSettledStatus\/","https:\/\/www.instagram.com\/edu4u_settled_status\/","https:\/\/www.tiktok.com\/@edu4u_studyuk"]}]}},"_links":{"self":[{"href":"https:\/\/edu-4u.uk\/es\/wp-json\/wp\/v2\/pages\/13437","targetHints":{"allow":["GET"]}}],"collection":[{"href":"https:\/\/edu-4u.uk\/es\/wp-json\/wp\/v2\/pages"}],"about":[{"href":"https:\/\/edu-4u.uk\/es\/wp-json\/wp\/v2\/types\/page"}],"author":[{"embeddable":true,"href":"https:\/\/edu-4u.uk\/es\/wp-json\/wp\/v2\/users\/1"}],"replies":[{"embeddable":true,"href":"https:\/\/edu-4u.uk\/es\/wp-json\/wp\/v2\/comments?post=13437"}],"version-history":[{"count":10,"href":"https:\/\/edu-4u.uk\/es\/wp-json\/wp\/v2\/pages\/13437\/revisions"}],"predecessor-version":[{"id":25150,"href":"https:\/\/edu-4u.uk\/es\/wp-json\/wp\/v2\/pages\/13437\/revisions\/25150"}],"wp:featuredmedia":[{"embeddable":true,"href":"https:\/\/edu-4u.uk\/es\/wp-json\/wp\/v2\/media\/13438"}],"wp:attachment":[{"href":"https:\/\/edu-4u.uk\/es\/wp-json\/wp\/v2\/media?parent=13437"}],"curies":[{"name":"wp","href":"https:\/\/api.w.org\/{rel}","templated":true}]}}