{"id":13046,"date":"2018-10-30T23:28:53","date_gmt":"2018-10-30T22:28:53","guid":{"rendered":"https:\/\/edu-4u.uk\/quienes-somos\/"},"modified":"2024-02-02T09:30:50","modified_gmt":"2024-02-02T08:30:50","slug":"quienes-somos","status":"publish","type":"page","link":"https:\/\/edu-4u.uk\/es\/quienes-somos\/","title":{"rendered":"Qui\u00e9nes somos"},"content":{"rendered":"\t\t<div data-elementor-type=\"wp-post\" data-elementor-id=\"13046\" class=\"elementor elementor-13046 elementor-76\">\n\t\t\t\t\t\t<section class=\"elementor-section elementor-top-section elementor-element elementor-element-59363ac4 elementor-section-boxed elementor-section-height-default elementor-section-height-default\" data-id=\"59363ac4\" data-element_type=\"section\">\n\t\t\t\t\t\t<div class=\"elementor-container elementor-column-gap-default\">\n\t\t\t\t\t<div class=\"elementor-column elementor-col-100 elementor-top-column elementor-element elementor-element-65b19dfd\" data-id=\"65b19dfd\" data-element_type=\"column\">\n\t\t\t<div class=\"elementor-widget-wrap elementor-element-populated\">\n\t\t\t\t\t\t<div class=\"elementor-element elementor-element-57c906ff elementor-widget elementor-widget-image\" data-id=\"57c906ff\" data-element_type=\"widget\" data-widget_type=\"image.default\">\n\t\t\t\t<div class=\"elementor-widget-container\">\n\t\t\t\t\t\t\t\t\t\t\t\t\t\t\t<img fetchpriority=\"high\" decoding=\"async\" width=\"1100\" height=\"450\" src=\"https:\/\/edu-4u.uk\/wp-content\/uploads\/2024\/02\/Quienes-somos-edu4u.png\" class=\"attachment-full size-full wp-image-14653\" alt=\"Qui\u00e9nes somos edu4u\" srcset=\"https:\/\/b3292720.smushcdn.com\/3292720\/wp-content\/uploads\/2024\/02\/Quienes-somos-edu4u.png?lossy=2&amp;strip=1&amp;webp=1 1100w, https:\/\/b3292720.smushcdn.com\/3292720\/wp-content\/uploads\/2024\/02\/Quienes-somos-edu4u-300x123.png?lossy=2&amp;strip=1&amp;webp=1 300w, https:\/\/b3292720.smushcdn.com\/3292720\/wp-content\/uploads\/2024\/02\/Quienes-somos-edu4u-1024x419.png?lossy=2&amp;strip=1&amp;webp=1 1024w, https:\/\/b3292720.smushcdn.com\/3292720\/wp-content\/uploads\/2024\/02\/Quienes-somos-edu4u-768x314.png?lossy=2&amp;strip=1&amp;webp=1 768w\" sizes=\"(max-width: 1100px) 100vw, 1100px\" \/>\t\t\t\t\t\t\t\t\t\t\t\t\t\t\t<\/div>\n\t\t\t\t<\/div>\n\t\t\t\t\t<\/div>\n\t\t<\/div>\n\t\t\t\t\t<\/div>\n\t\t<\/section>\n\t\t\t\t<section class=\"elementor-section elementor-top-section elementor-element elementor-element-33009439 elementor-reverse-mobile elementor-section-boxed elementor-section-height-default elementor-section-height-default\" data-id=\"33009439\" data-element_type=\"section\">\n\t\t\t\t\t\t<div class=\"elementor-container elementor-column-gap-default\">\n\t\t\t\t\t<div class=\"elementor-column elementor-col-100 elementor-top-column elementor-element elementor-element-68e1625d\" data-id=\"68e1625d\" data-element_type=\"column\">\n\t\t\t<div class=\"elementor-widget-wrap elementor-element-populated\">\n\t\t\t\t\t\t<div class=\"elementor-element elementor-element-45154f6f elementor-widget elementor-widget-heading\" data-id=\"45154f6f\" data-element_type=\"widget\" data-widget_type=\"heading.default\">\n\t\t\t\t<div class=\"elementor-widget-container\">\n\t\t\t\t\t<h1 class=\"elementor-heading-title elementor-size-default\">Qui\u00e9nes somos<\/h1>\t\t\t\t<\/div>\n\t\t\t\t<\/div>\n\t\t\t\t<div class=\"elementor-element elementor-element-7cead1a2 elementor-widget elementor-widget-text-editor\" data-id=\"7cead1a2\" data-element_type=\"widget\" data-widget_type=\"text-editor.default\">\n\t\t\t\t<div class=\"elementor-widget-container\">\n\t\t\t\t\t\t\t\t\t<p><em><b>EDU4U<\/b><span> <\/span>Se trata de un equipo de asesores, consultores y embajadores educativos que operan en Gran Breta\u00f1a y Polonia. Estamos organizados para ayudar a los j\u00f3venes ambiciosos que quieren alcanzar el \u00e9xito y cursar estudios superiores en el Reino Unido.<\/em><\/p>\n<p class=\"font_8\">\n<p class=\"font_8\">\n<ul><\/ul>\n<p class=\"font_8\">\n\t\t\t\t\t\t\t\t<\/div>\n\t\t\t\t<\/div>\n\t\t\t\t<div class=\"elementor-element elementor-element-cfd60df elementor-widget elementor-widget-text-editor\" data-id=\"cfd60df\" data-element_type=\"widget\" data-widget_type=\"text-editor.default\">\n\t\t\t\t<div class=\"elementor-widget-container\">\n\t\t\t\t\t\t\t\t\t<p class=\"font_8\" style=\"font-size: 18px;\"><strong>Nuestra misi\u00f3n<\/strong><\/p>\n<p class=\"font_8\" style=\"font-size: 18px;\">Queremos influir positivamente en la educaci\u00f3n de los j\u00f3venes.<\/p>\n<p class=\"font_8\" style=\"font-size: 18px;\">La ambici\u00f3n de Edu4u es ser una organizaci\u00f3n que lea con precisi\u00f3n y se anticipe a las necesidades de la ense\u00f1anza superior y sea capaz de responder a ellas.<\/p>\n\t\t\t\t\t\t\t\t<\/div>\n\t\t\t\t<\/div>\n\t\t\t\t<div class=\"elementor-element elementor-element-aceb381 elementor-widget elementor-widget-text-editor\" data-id=\"aceb381\" data-element_type=\"widget\" data-widget_type=\"text-editor.default\">\n\t\t\t\t<div class=\"elementor-widget-container\">\n\t\t\t\t\t\t\t\t\t<p class=\"font_8\" style=\"font-size: 18px;\"><strong>Nuestros valores<\/strong><\/p>\n<p class=\"font_8\" style=\"font-size: 18px;\">Edu4u est\u00e1 formado principalmente por personas que comparten una cooperaci\u00f3n centrada en la comprensi\u00f3n y las respuestas precisas a las necesidades educativas de los j\u00f3venes y la responsabilidad de su satisfacci\u00f3n. Los valores comunes son la base para el desarrollo de la organizaci\u00f3n y para generar confianza en las relaciones con ellos.<\/p>\n<ul>\n<li class=\"font_8\">Calidad e innovaci\u00f3n<\/li>\n<li class=\"font_8\">Apertura y respeto<\/li>\n<li class=\"font_8\">\u00c9tica y responsabilidad en acci\u00f3n<\/li>\n<li class=\"font_8\">Cooperaci\u00f3n y desarrollo<\/li>\n<\/ul>\n\t\t\t\t\t\t\t\t<\/div>\n\t\t\t\t<\/div>\n\t\t\t\t<section class=\"elementor-section elementor-inner-section elementor-element elementor-element-60fc8e7 elementor-section-boxed elementor-section-height-default elementor-section-height-default\" data-id=\"60fc8e7\" data-element_type=\"section\">\n\t\t\t\t\t\t<div class=\"elementor-container elementor-column-gap-default\">\n\t\t\t\t\t<div class=\"elementor-column elementor-col-50 elementor-inner-column elementor-element elementor-element-0631202\" data-id=\"0631202\" data-element_type=\"column\">\n\t\t\t<div class=\"elementor-widget-wrap elementor-element-populated\">\n\t\t\t\t\t\t<div class=\"elementor-element elementor-element-e74d521 elementor-widget elementor-widget-text-editor\" data-id=\"e74d521\" data-element_type=\"widget\" data-widget_type=\"text-editor.default\">\n\t\t\t\t<div class=\"elementor-widget-container\">\n\t\t\t\t\t\t\t\t\t<p style=\"font-size: 18px;\"><strong>Nuestras tareas<\/strong><\/p>\n<ul>\n<li>Ayuda gratuita para acceder a cualquier estudio en el Reino Unido<\/li>\n<li>Asesoramiento profesional para elegir curso y universidad<\/li>\n<li>Asistencia completa y profesional en el proceso de solicitud<\/li>\n<li>Apoyo durante los estudios<\/li>\n<\/ul>\n<p style=\"font-size: 18px;\"><br><\/p><p style=\"font-size: 18px;\">Ayudamos compartiendo nuestra experiencia, conocimientos y habilidades.  <i>Su objetivo es nuestro objetivo.<\/i>  Los asesores y consultores de Edu4u ofrecen ayuda individual a todo el mundo. Nuestro equipo se compromete a maximizar sus posibilidades de acceder a las universidades de sus sue\u00f1os. Por eso te asesoraremos sobre c\u00f3mo redactar una Declaraci\u00f3n Personal, comprobaremos las referencias del profesor y la solicitud en UCAS, y te ayudaremos a obtener un pr\u00e9stamo para gastos de matr\u00edcula. El alcance de nuestra ayuda es ilimitado, siempre estaremos a su disposici\u00f3n si lo necesita.<\/p>\n<p style=\"font-size: 18px;\"><br><\/p><p style=\"font-size: 18px;\">Si tiene alguna pregunta, siempre puede <a href=\"https:\/\/edu-4u.uk\/apply\/\">\n  <span style=\"text-decoration: underline;\">contactar con nosotros<\/span>\n<\/a>. Proporcionamos informaci\u00f3n objetiva y fiable.<\/p>\n<ul><\/ul>\t\t\t\t\t\t\t\t<\/div>\n\t\t\t\t<\/div>\n\t\t\t\t\t<\/div>\n\t\t<\/div>\n\t\t\t\t<div class=\"elementor-column elementor-col-50 elementor-inner-column elementor-element elementor-element-1ce382c\" data-id=\"1ce382c\" data-element_type=\"column\">\n\t\t\t<div class=\"elementor-widget-wrap elementor-element-populated\">\n\t\t\t\t\t\t<div class=\"elementor-element elementor-element-53cbe80 elementor-widget elementor-widget-image\" data-id=\"53cbe80\" data-element_type=\"widget\" data-widget_type=\"image.default\">\n\t\t\t\t<div class=\"elementor-widget-container\">\n\t\t\t\t\t\t\t\t\t\t\t\t\t\t\t<img decoding=\"async\" width=\"735\" height=\"956\" data-src=\"https:\/\/edu-4u.uk\/wp-content\/uploads\/2023\/11\/living-costs-in-uk-for-students.jpeg\" class=\"attachment-full size-full wp-image-10828 lazyload\" alt=\"living costs in uk for students\" data-srcset=\"https:\/\/b3292720.smushcdn.com\/3292720\/wp-content\/uploads\/2023\/11\/living-costs-in-uk-for-students.jpeg?lossy=2&amp;strip=1&amp;webp=1 735w, https:\/\/b3292720.smushcdn.com\/3292720\/wp-content\/uploads\/2023\/11\/living-costs-in-uk-for-students-231x300.jpeg?lossy=2&amp;strip=1&amp;webp=1 231w\" data-sizes=\"(max-width: 735px) 100vw, 735px\" src=\"data:image\/gif;base64,R0lGODlhAQABAAAAACH5BAEKAAEALAAAAAABAAEAAAICTAEAOw==\" style=\"--smush-placeholder-width: 735px; --smush-placeholder-aspect-ratio: 735\/956;\" \/>\t\t\t\t\t\t\t\t\t\t\t\t\t\t\t<\/div>\n\t\t\t\t<\/div>\n\t\t\t\t\t<\/div>\n\t\t<\/div>\n\t\t\t\t\t<\/div>\n\t\t<\/section>\n\t\t\t\t<div class=\"elementor-element elementor-element-64f5a3a elementor-widget elementor-widget-video\" data-id=\"64f5a3a\" data-element_type=\"widget\" data-settings=\"{&quot;youtube_url&quot;:&quot;https:\\\/\\\/youtu.be\\\/cjjt5KqAIL0?si=xccf3oWs7aZeiHNA&quot;,&quot;video_type&quot;:&quot;youtube&quot;,&quot;controls&quot;:&quot;yes&quot;}\" data-widget_type=\"video.default\">\n\t\t\t\t<div class=\"elementor-widget-container\">\n\t\t\t\t\t\t\t<div class=\"elementor-wrapper elementor-open-inline\">\n\t\t\t<div class=\"elementor-video\"><\/div>\t\t<\/div>\n\t\t\t\t\t\t<\/div>\n\t\t\t\t<\/div>\n\t\t\t\t\t<\/div>\n\t\t<\/div>\n\t\t\t\t\t<\/div>\n\t\t<\/section>\n\t\t\t\t<section class=\"elementor-section elementor-top-section elementor-element elementor-element-20adc4c7 elementor-section-boxed elementor-section-height-default elementor-section-height-default\" data-id=\"20adc4c7\" data-element_type=\"section\">\n\t\t\t\t\t\t<div class=\"elementor-container elementor-column-gap-default\">\n\t\t\t\t\t<div class=\"elementor-column elementor-col-100 elementor-top-column elementor-element elementor-element-529d090c\" data-id=\"529d090c\" data-element_type=\"column\">\n\t\t\t<div class=\"elementor-widget-wrap elementor-element-populated\">\n\t\t\t\t\t\t<div class=\"elementor-element elementor-element-67428cf9 elementor-widget-divider--view-line elementor-widget elementor-widget-divider\" data-id=\"67428cf9\" data-element_type=\"widget\" data-widget_type=\"divider.default\">\n\t\t\t\t<div class=\"elementor-widget-container\">\n\t\t\t\t\t\t\t<div class=\"elementor-divider\">\n\t\t\t<span class=\"elementor-divider-separator\">\n\t\t\t\t\t\t<\/span>\n\t\t<\/div>\n\t\t\t\t\t\t<\/div>\n\t\t\t\t<\/div>\n\t\t\t\t<div class=\"elementor-element elementor-element-39a2bf0e elementor-widget elementor-widget-heading\" data-id=\"39a2bf0e\" data-element_type=\"widget\" data-widget_type=\"heading.default\">\n\t\t\t\t<div class=\"elementor-widget-container\">\n\t\t\t\t\t<h4 class=\"elementor-heading-title elementor-size-default\">Consulte la clasificaci\u00f3n y las estad\u00edsticas de uno de los varios centenares de universidades inglesas<\/h4>\t\t\t\t<\/div>\n\t\t\t\t<\/div>\n\t\t\t\t\t<\/div>\n\t\t<\/div>\n\t\t\t\t\t<\/div>\n\t\t<\/section>\n\t\t\t\t<section class=\"elementor-section elementor-top-section elementor-element elementor-element-49935c7 elementor-section-boxed elementor-section-height-default elementor-section-height-default\" data-id=\"49935c7\" data-element_type=\"section\">\n\t\t\t\t\t\t<div class=\"elementor-container elementor-column-gap-default\">\n\t\t\t\t\t<div class=\"elementor-column elementor-col-100 elementor-top-column elementor-element elementor-element-514be86d\" data-id=\"514be86d\" data-element_type=\"column\">\n\t\t\t<div class=\"elementor-widget-wrap elementor-element-populated\">\n\t\t\t\t\t\t<div class=\"elementor-element elementor-element-6e27f8ad elementor-align-center elementor-mobile-align-center elementor-widget elementor-widget-button\" data-id=\"6e27f8ad\" data-element_type=\"widget\" data-widget_type=\"button.default\">\n\t\t\t\t<div class=\"elementor-widget-container\">\n\t\t\t\t\t\t\t\t\t<div class=\"elementor-button-wrapper\">\n\t\t\t\t\t<a class=\"elementor-button elementor-button-link elementor-size-lg\" href=\"https:\/\/edu-4u.uk\/uniwersytety-w-anglii\/\">\n\t\t\t\t\t\t<span class=\"elementor-button-content-wrapper\">\n\t\t\t\t\t\t<span class=\"elementor-button-icon\">\n\t\t\t\t\t\t\t\t\t<i class=\"fa fa-university\" aria-hidden=\"true\"><\/i>\n\t\t\t\t\t\t\t<\/span>\n\t\t\t\t\t\t\t\t\t<span class=\"elementor-button-text\">Clasificaci\u00f3n universitaria<\/span>\n\t\t\t\t\t<\/span>\n\t\t\t\t\t<\/a>\n\t\t\t\t<\/div>\n\t\t\t\t\t\t\t\t<\/div>\n\t\t\t\t<\/div>\n\t\t\t\t<div class=\"elementor-element elementor-element-328b3577 elementor-widget-divider--view-line elementor-widget elementor-widget-divider\" data-id=\"328b3577\" data-element_type=\"widget\" data-widget_type=\"divider.default\">\n\t\t\t\t<div class=\"elementor-widget-container\">\n\t\t\t\t\t\t\t<div class=\"elementor-divider\">\n\t\t\t<span class=\"elementor-divider-separator\">\n\t\t\t\t\t\t<\/span>\n\t\t<\/div>\n\t\t\t\t\t\t<\/div>\n\t\t\t\t<\/div>\n\t\t\t\t\t<\/div>\n\t\t<\/div>\n\t\t\t\t\t<\/div>\n\t\t<\/section>\n\t\t\t\t<\/div>\n\t\t","protected":false},"excerpt":{"rendered":"<p>Qui\u00e9nes somos EDU4U Se trata de un equipo de asesores, consultores y embajadores educativos que operan en Gran Breta\u00f1a y Polonia. Estamos organizados para ayudar a los j\u00f3venes ambiciosos que quieren alcanzar el \u00e9xito y cursar estudios superiores en el Reino Unido. Nuestra misi\u00f3n Queremos influir positivamente en la educaci\u00f3n [&hellip;]<\/p>\n","protected":false},"author":1,"featured_media":13047,"parent":0,"menu_order":0,"comment_status":"closed","ping_status":"closed","template":"page-templates\/template-pagebuilder-full-width.php","meta":{"_acf_changed":false,"footnotes":""},"class_list":["post-13046","page","type-page","status-publish","has-post-thumbnail","hentry"],"acf":[],"yoast_head":"<!-- This site is optimized with the Yoast SEO plugin v24.0 - https:\/\/yoast.com\/wordpress\/plugins\/seo\/ -->\n<title>Qui\u00e9nes somos | Bezp\u0142atna pomoc | Edu4u<\/title>\n<meta name=\"description\" content=\"EDU4U es un equipo especializado de asesores y embajadores educativos que trabajan en Gran Breta\u00f1a y Polonia. P\u00f3ngase en contacto con nosotros\" \/>\n<meta name=\"robots\" content=\"index, follow, max-snippet:-1, max-image-preview:large, max-video-preview:-1\" \/>\n<link rel=\"canonical\" href=\"https:\/\/edu-4u.uk\/es\/quienes-somos\/\" \/>\n<meta property=\"og:locale\" content=\"es_ES\" \/>\n<meta property=\"og:type\" content=\"article\" \/>\n<meta property=\"og:title\" content=\"Qui\u00e9nes somos | Bezp\u0142atna pomoc | Edu4u\" \/>\n<meta property=\"og:description\" content=\"EDU4U es un equipo especializado de asesores y embajadores educativos que trabajan en Gran Breta\u00f1a y Polonia. P\u00f3ngase en contacto con nosotros\" \/>\n<meta property=\"og:url\" content=\"https:\/\/edu-4u.uk\/es\/quienes-somos\/\" \/>\n<meta property=\"og:site_name\" content=\"Bezp\u0142atna pomoc | Edu4u\" \/>\n<meta property=\"article:publisher\" content=\"https:\/\/www.facebook.com\/Edu4uStudiaAnglia\/\" \/>\n<meta property=\"article:modified_time\" content=\"2024-02-02T08:30:50+00:00\" \/>\n<meta property=\"og:image\" content=\"https:\/\/edu-4u.uk\/wp-content\/uploads\/2018\/10\/pexels-photo-1092373.jpeg\" \/>\n\t<meta property=\"og:image:width\" content=\"1484\" \/>\n\t<meta property=\"og:image:height\" content=\"1080\" \/>\n\t<meta property=\"og:image:type\" content=\"image\/jpeg\" \/>\n<meta name=\"twitter:label1\" content=\"Tiempo de lectura\" \/>\n\t<meta name=\"twitter:data1\" content=\"2 minutos\" \/>\n<script type=\"application\/ld+json\" class=\"yoast-schema-graph\">{\"@context\":\"https:\/\/schema.org\",\"@graph\":[{\"@type\":\"WebPage\",\"@id\":\"https:\/\/edu-4u.uk\/es\/quienes-somos\/\",\"url\":\"https:\/\/edu-4u.uk\/es\/quienes-somos\/\",\"name\":\"Qui\u00e9nes somos | Bezp\u0142atna pomoc | Edu4u\",\"isPartOf\":{\"@id\":\"https:\/\/edu-4u.uk\/es\/#website\"},\"primaryImageOfPage\":{\"@id\":\"https:\/\/edu-4u.uk\/es\/quienes-somos\/#primaryimage\"},\"image\":{\"@id\":\"https:\/\/edu-4u.uk\/es\/quienes-somos\/#primaryimage\"},\"thumbnailUrl\":\"https:\/\/edu-4u.uk\/wp-content\/uploads\/2018\/10\/pexels-photo-1092373.jpeg\",\"datePublished\":\"2018-10-30T22:28:53+00:00\",\"dateModified\":\"2024-02-02T08:30:50+00:00\",\"description\":\"EDU4U es un equipo especializado de asesores y embajadores educativos que trabajan en Gran Breta\u00f1a y Polonia. P\u00f3ngase en contacto con nosotros\",\"breadcrumb\":{\"@id\":\"https:\/\/edu-4u.uk\/es\/quienes-somos\/#breadcrumb\"},\"inLanguage\":\"es\",\"potentialAction\":[{\"@type\":\"ReadAction\",\"target\":[\"https:\/\/edu-4u.uk\/es\/quienes-somos\/\"]}]},{\"@type\":\"ImageObject\",\"inLanguage\":\"es\",\"@id\":\"https:\/\/edu-4u.uk\/es\/quienes-somos\/#primaryimage\",\"url\":\"https:\/\/edu-4u.uk\/wp-content\/uploads\/2018\/10\/pexels-photo-1092373.jpeg\",\"contentUrl\":\"https:\/\/edu-4u.uk\/wp-content\/uploads\/2018\/10\/pexels-photo-1092373.jpeg\",\"width\":1484,\"height\":1080},{\"@type\":\"BreadcrumbList\",\"@id\":\"https:\/\/edu-4u.uk\/es\/quienes-somos\/#breadcrumb\",\"itemListElement\":[{\"@type\":\"ListItem\",\"position\":1,\"name\":\"Strona g\u0142\u00f3wna\",\"item\":\"https:\/\/edu-4u.uk\/es\/\"},{\"@type\":\"ListItem\",\"position\":2,\"name\":\"Qui\u00e9nes somos\"}]},{\"@type\":\"WebSite\",\"@id\":\"https:\/\/edu-4u.uk\/es\/#website\",\"url\":\"https:\/\/edu-4u.uk\/es\/\",\"name\":\"Edu4u StudyUK | Free Help\",\"description\":\"Zacznij studia w UK z Edu4u!\",\"publisher\":{\"@id\":\"https:\/\/edu-4u.uk\/es\/#organization\"},\"potentialAction\":[{\"@type\":\"SearchAction\",\"target\":{\"@type\":\"EntryPoint\",\"urlTemplate\":\"https:\/\/edu-4u.uk\/es\/?s={search_term_string}\"},\"query-input\":{\"@type\":\"PropertyValueSpecification\",\"valueRequired\":true,\"valueName\":\"search_term_string\"}}],\"inLanguage\":\"es\"},{\"@type\":\"Organization\",\"@id\":\"https:\/\/edu-4u.uk\/es\/#organization\",\"name\":\"Edu4u Study in UK\",\"url\":\"https:\/\/edu-4u.uk\/es\/\",\"logo\":{\"@type\":\"ImageObject\",\"inLanguage\":\"es\",\"@id\":\"https:\/\/edu-4u.uk\/es\/#\/schema\/logo\/image\/\",\"url\":\"https:\/\/edu-4u.uk\/wp-content\/uploads\/2023\/06\/Logo-1.svg\",\"contentUrl\":\"https:\/\/edu-4u.uk\/wp-content\/uploads\/2023\/06\/Logo-1.svg\",\"width\":168,\"height\":43,\"caption\":\"Edu4u Study in UK\"},\"image\":{\"@id\":\"https:\/\/edu-4u.uk\/es\/#\/schema\/logo\/image\/\"},\"sameAs\":[\"https:\/\/www.facebook.com\/Edu4uStudiaAnglia\/\",\"https:\/\/www.tiktok.com\/@edu4u_settled_status_\",\"https:\/\/www.instagram.com\/edu4u_polska\/?hl=en\",\"https:\/\/www.youtube.com\/@Edu4u_Settled_Status\",\"https:\/\/www.facebook.com\/Edu4uSettledStatus\/\",\"https:\/\/www.instagram.com\/edu4u_settled_status\/\",\"https:\/\/www.tiktok.com\/@edu4u_studyuk\"]}]}<\/script>\n<!-- \/ Yoast SEO plugin. -->","yoast_head_json":{"title":"Qui\u00e9nes somos | Bezp\u0142atna pomoc | Edu4u","description":"EDU4U es un equipo especializado de asesores y embajadores educativos que trabajan en Gran Breta\u00f1a y Polonia. P\u00f3ngase en contacto con nosotros","robots":{"index":"index","follow":"follow","max-snippet":"max-snippet:-1","max-image-preview":"max-image-preview:large","max-video-preview":"max-video-preview:-1"},"canonical":"https:\/\/edu-4u.uk\/es\/quienes-somos\/","og_locale":"es_ES","og_type":"article","og_title":"Qui\u00e9nes somos | Bezp\u0142atna pomoc | Edu4u","og_description":"EDU4U es un equipo especializado de asesores y embajadores educativos que trabajan en Gran Breta\u00f1a y Polonia. P\u00f3ngase en contacto con nosotros","og_url":"https:\/\/edu-4u.uk\/es\/quienes-somos\/","og_site_name":"Bezp\u0142atna pomoc | Edu4u","article_publisher":"https:\/\/www.facebook.com\/Edu4uStudiaAnglia\/","article_modified_time":"2024-02-02T08:30:50+00:00","og_image":[{"width":1484,"height":1080,"url":"https:\/\/edu-4u.uk\/wp-content\/uploads\/2018\/10\/pexels-photo-1092373.jpeg","type":"image\/jpeg"}],"twitter_misc":{"Tiempo de lectura":"2 minutos"},"schema":{"@context":"https:\/\/schema.org","@graph":[{"@type":"WebPage","@id":"https:\/\/edu-4u.uk\/es\/quienes-somos\/","url":"https:\/\/edu-4u.uk\/es\/quienes-somos\/","name":"Qui\u00e9nes somos | Bezp\u0142atna pomoc | Edu4u","isPartOf":{"@id":"https:\/\/edu-4u.uk\/es\/#website"},"primaryImageOfPage":{"@id":"https:\/\/edu-4u.uk\/es\/quienes-somos\/#primaryimage"},"image":{"@id":"https:\/\/edu-4u.uk\/es\/quienes-somos\/#primaryimage"},"thumbnailUrl":"https:\/\/edu-4u.uk\/wp-content\/uploads\/2018\/10\/pexels-photo-1092373.jpeg","datePublished":"2018-10-30T22:28:53+00:00","dateModified":"2024-02-02T08:30:50+00:00","description":"EDU4U es un equipo especializado de asesores y embajadores educativos que trabajan en Gran Breta\u00f1a y Polonia. P\u00f3ngase en contacto con nosotros","breadcrumb":{"@id":"https:\/\/edu-4u.uk\/es\/quienes-somos\/#breadcrumb"},"inLanguage":"es","potentialAction":[{"@type":"ReadAction","target":["https:\/\/edu-4u.uk\/es\/quienes-somos\/"]}]},{"@type":"ImageObject","inLanguage":"es","@id":"https:\/\/edu-4u.uk\/es\/quienes-somos\/#primaryimage","url":"https:\/\/edu-4u.uk\/wp-content\/uploads\/2018\/10\/pexels-photo-1092373.jpeg","contentUrl":"https:\/\/edu-4u.uk\/wp-content\/uploads\/2018\/10\/pexels-photo-1092373.jpeg","width":1484,"height":1080},{"@type":"BreadcrumbList","@id":"https:\/\/edu-4u.uk\/es\/quienes-somos\/#breadcrumb","itemListElement":[{"@type":"ListItem","position":1,"name":"Strona g\u0142\u00f3wna","item":"https:\/\/edu-4u.uk\/es\/"},{"@type":"ListItem","position":2,"name":"Qui\u00e9nes somos"}]},{"@type":"WebSite","@id":"https:\/\/edu-4u.uk\/es\/#website","url":"https:\/\/edu-4u.uk\/es\/","name":"Edu4u StudyUK | Free Help","description":"Zacznij studia w UK z Edu4u!","publisher":{"@id":"https:\/\/edu-4u.uk\/es\/#organization"},"potentialAction":[{"@type":"SearchAction","target":{"@type":"EntryPoint","urlTemplate":"https:\/\/edu-4u.uk\/es\/?s={search_term_string}"},"query-input":{"@type":"PropertyValueSpecification","valueRequired":true,"valueName":"search_term_string"}}],"inLanguage":"es"},{"@type":"Organization","@id":"https:\/\/edu-4u.uk\/es\/#organization","name":"Edu4u Study in UK","url":"https:\/\/edu-4u.uk\/es\/","logo":{"@type":"ImageObject","inLanguage":"es","@id":"https:\/\/edu-4u.uk\/es\/#\/schema\/logo\/image\/","url":"https:\/\/edu-4u.uk\/wp-content\/uploads\/2023\/06\/Logo-1.svg","contentUrl":"https:\/\/edu-4u.uk\/wp-content\/uploads\/2023\/06\/Logo-1.svg","width":168,"height":43,"caption":"Edu4u Study in UK"},"image":{"@id":"https:\/\/edu-4u.uk\/es\/#\/schema\/logo\/image\/"},"sameAs":["https:\/\/www.facebook.com\/Edu4uStudiaAnglia\/","https:\/\/www.tiktok.com\/@edu4u_settled_status_","https:\/\/www.instagram.com\/edu4u_polska\/?hl=en","https:\/\/www.youtube.com\/@Edu4u_Settled_Status","https:\/\/www.facebook.com\/Edu4uSettledStatus\/","https:\/\/www.instagram.com\/edu4u_settled_status\/","https:\/\/www.tiktok.com\/@edu4u_studyuk"]}]}},"_links":{"self":[{"href":"https:\/\/edu-4u.uk\/es\/wp-json\/wp\/v2\/pages\/13046","targetHints":{"allow":["GET"]}}],"collection":[{"href":"https:\/\/edu-4u.uk\/es\/wp-json\/wp\/v2\/pages"}],"about":[{"href":"https:\/\/edu-4u.uk\/es\/wp-json\/wp\/v2\/types\/page"}],"author":[{"embeddable":true,"href":"https:\/\/edu-4u.uk\/es\/wp-json\/wp\/v2\/users\/1"}],"replies":[{"embeddable":true,"href":"https:\/\/edu-4u.uk\/es\/wp-json\/wp\/v2\/comments?post=13046"}],"version-history":[{"count":6,"href":"https:\/\/edu-4u.uk\/es\/wp-json\/wp\/v2\/pages\/13046\/revisions"}],"predecessor-version":[{"id":14725,"href":"https:\/\/edu-4u.uk\/es\/wp-json\/wp\/v2\/pages\/13046\/revisions\/14725"}],"wp:featuredmedia":[{"embeddable":true,"href":"https:\/\/edu-4u.uk\/es\/wp-json\/wp\/v2\/media\/13047"}],"wp:attachment":[{"href":"https:\/\/edu-4u.uk\/es\/wp-json\/wp\/v2\/media?parent=13046"}],"curies":[{"name":"wp","href":"https:\/\/api.w.org\/{rel}","templated":true}]}}