{"id":12932,"date":"2018-12-05T03:43:39","date_gmt":"2018-12-05T02:43:39","guid":{"rendered":"https:\/\/edu-4u.uk\/universidades-en-inglaterra\/"},"modified":"2024-01-26T10:12:35","modified_gmt":"2024-01-26T09:12:35","slug":"universidades-en-inglaterra","status":"publish","type":"page","link":"https:\/\/edu-4u.uk\/es\/universidades-en-inglaterra\/","title":{"rendered":"Universidades en Inglaterra"},"content":{"rendered":"\t\t<div data-elementor-type=\"wp-post\" data-elementor-id=\"12932\" class=\"elementor elementor-12932 elementor-309\">\n\t\t\t\t\t\t<section class=\"elementor-section elementor-top-section elementor-element elementor-element-073a282 elementor-section-height-min-height elementor-section-boxed elementor-section-height-default elementor-section-items-middle\" data-id=\"073a282\" data-element_type=\"section\" data-settings=\"{&quot;background_background&quot;:&quot;classic&quot;}\">\n\t\t\t\t\t\t<div class=\"elementor-container elementor-column-gap-default\">\n\t\t\t\t\t<div class=\"elementor-column elementor-col-100 elementor-top-column elementor-element elementor-element-16a234a\" data-id=\"16a234a\" data-element_type=\"column\">\n\t\t\t<div class=\"elementor-widget-wrap elementor-element-populated\">\n\t\t\t\t\t\t<div class=\"elementor-element elementor-element-6fce1f4 elementor-widget elementor-widget-heading\" data-id=\"6fce1f4\" data-element_type=\"widget\" data-widget_type=\"heading.default\">\n\t\t\t\t<div class=\"elementor-widget-container\">\n\t\t\t\t\t<h1 class=\"elementor-heading-title elementor-size-default\">Universidades en Inglaterra<\/h1>\t\t\t\t<\/div>\n\t\t\t\t<\/div>\n\t\t\t\t\t<\/div>\n\t\t<\/div>\n\t\t\t\t\t<\/div>\n\t\t<\/section>\n\t\t\t\t<section class=\"elementor-section elementor-top-section elementor-element elementor-element-bf6380d elementor-section-boxed elementor-section-height-default elementor-section-height-default\" data-id=\"bf6380d\" data-element_type=\"section\">\n\t\t\t\t\t\t<div class=\"elementor-container elementor-column-gap-default\">\n\t\t\t\t\t<div class=\"elementor-column elementor-col-100 elementor-top-column elementor-element elementor-element-11a4e5b\" data-id=\"11a4e5b\" data-element_type=\"column\">\n\t\t\t<div class=\"elementor-widget-wrap elementor-element-populated\">\n\t\t\t\t\t\t<div class=\"elementor-element elementor-element-63ff2e5 elementor-widget elementor-widget-shortcode\" data-id=\"63ff2e5\" data-element_type=\"widget\" data-widget_type=\"shortcode.default\">\n\t\t\t\t<div class=\"elementor-widget-container\">\n\t\t\t\t\t\t\t<div class=\"elementor-shortcode\"><div class=\"pt-cv-wrapper\"><div class=\"pt-cv-view pt-cv-grid pt-cv-colsys\" id=\"pt-cv-view-d84cc6alr4\"><div data-id=\"pt-cv-page-1\" class=\"pt-cv-page cv-npf\" data-cvc=\"3\"><div class=\"col-md-4 col-sm-6 col-xs-12 pt-cv-content-item pt-cv-1-col\" ><div class='pt-cv-ifield'><div class=\"pt-cv-no-post\">No se han encontrado entradas.<\/div><\/div><\/div><\/div><\/div><\/div><\/div>\n\t\t\t\t\t\t<\/div>\n\t\t\t\t<\/div>\n\t\t\t\t<div class=\"elementor-element elementor-element-c92293f elementor-widget elementor-widget-text-editor\" data-id=\"c92293f\" data-element_type=\"widget\" data-widget_type=\"text-editor.default\">\n\t\t\t\t<div class=\"elementor-widget-container\">\n\t\t\t\t\t\t\t\t\t<h2 class=\"western\"><span style=\"color: #000000;\"><b>Buscador de universidades en Inglaterra<\/b><\/span><\/h2>\n<p>\u00bfEst\u00e1 pensando en cursar estudios superiores en el extranjero? \u00bfBusca una experiencia educativa que combine los conocimientos te\u00f3ricos con la aplicaci\u00f3n pr\u00e1ctica? \u00bfValoras un alto nivel de ense\u00f1anza y aspiras a una carrera de \u00e9xito despu\u00e9s de graduarte? Si es as\u00ed, estudiar en Inglaterra deber\u00eda encabezar su lista.<\/p>\n<p>Las universidades inglesas est\u00e1n constantemente reconocidas entre las mejores del mundo y atraen a estudiantes de todos los rincones del planeta. Ofrecen un entorno acad\u00e9mico vibrante, profesores de renombre y una amplia gama de cursos entre los que elegir.<\/p>\n<p><span>Si se pregunta qu\u00e9 centro elegir, pida nuestra ayuda. Funcional, f\u00e1cil de usar  <\/span><strong>buscador de universidades en Inglaterra<\/strong><span>  le ayudar\u00e1 a encontrar los puntos de venta m\u00e1s recomendados y conocidos del Reino Unido, que sin duda no puede dejar pasar. Las cifras actuales indican que aqu\u00ed se encuentran m\u00e1s del 25% de las mejores universidades de toda Europa. Visible en  <\/span><strong>buscador de universidades en Inglaterra<\/strong><span> <\/span><span>le ayudar\u00e1 a elegir uno que se ajuste a sus necesidades. Encontrar\u00e1 una amplia base de los m\u00e1s reputados  <\/span><strong>universidades<\/strong><span>  en el Reino Unido, que se actualiza peri\u00f3dicamente. S\u00f3lo aqu\u00ed se dispone de tanta informaci\u00f3n valiosa sobre el proceso de ense\u00f1anza o contrataci\u00f3n.<\/span><\/p>\n<div id=\"gtx-trans\" style=\"position: absolute; left: -22px; top: 22.6172px;\">\n<div class=\"gtx-trans-icon\"><\/div>\n<\/div>\n\t\t\t\t\t\t\t\t<\/div>\n\t\t\t\t<\/div>\n\t\t\t\t<section class=\"elementor-section elementor-inner-section elementor-element elementor-element-bf6b1ff elementor-section-boxed elementor-section-height-default elementor-section-height-default\" data-id=\"bf6b1ff\" data-element_type=\"section\">\n\t\t\t\t\t\t<div class=\"elementor-container elementor-column-gap-default\">\n\t\t\t\t\t<div class=\"elementor-column elementor-col-50 elementor-inner-column elementor-element elementor-element-12bdbff\" data-id=\"12bdbff\" data-element_type=\"column\">\n\t\t\t<div class=\"elementor-widget-wrap elementor-element-populated\">\n\t\t\t\t\t\t<div class=\"elementor-element elementor-element-ac5f7f0 elementor-widget elementor-widget-text-editor\" data-id=\"ac5f7f0\" data-element_type=\"widget\" data-widget_type=\"text-editor.default\">\n\t\t\t\t<div class=\"elementor-widget-container\">\n\t\t\t\t\t\t\t\t\t<h2 class=\"western\"><span style=\"color: #000000;\"><b>Clasificaci\u00f3n de las universidades de Inglaterra<\/b><\/span><\/h2>\n<p><span style=\"color: #000000;\"><span>La calidad de la ense\u00f1anza universitaria no deja de aumentar. Es el Reino Unido el que est\u00e1 a la cabeza en este \u00e1mbito.  <\/span><strong>Clasificaci\u00f3n<\/strong><span>  creado por el peri\u00f3dico Times Higher Education, con un total de 200 centros diferentes de toda Europa, destaca hasta 46 universidades del Reino Unido, con la Universidad de Oxford en primer lugar y la de Cambrige en segundo. Los puestos altos tambi\u00e9n fueron ocupados por:<\/span><\/span><\/p>\n<ul>\n<li><span style=\"color: #000000;\">Imperial College de Londres<\/span><\/li>\n<li><span style=\"color: #000000;\">University College de Londres<\/span><\/li>\n<li><span style=\"color: #000000;\">Escuela de Econom\u00eda y Ciencias Pol\u00edticas de Londres<\/span><\/li>\n<li><span style=\"color: #000000;\">Universidad de Edimburgo<\/span><\/li>\n<li><span style=\"color: #000000;\">King&#8217;s College de Londres<\/span><\/li>\n<\/ul>\n<p><span style=\"color: #000000;\"><span>Revista <a href=\"https:\/\/www.timeshighereducation.com\/\"><span style=\"text-decoration: underline;\">El Times Higher Education<\/span><\/a> est\u00e1 considerado como una de las mejores fuentes en lo que respecta a la calidad de las universidades brit\u00e1nicas <\/span><strong>universidades brit\u00e1nicas<\/strong><span>. Tambi\u00e9n  <\/span><strong>clasificaci\u00f3n<\/strong><span>  de 2019 realizado por <a href=\"https:\/\/www.theguardian.com\/education\/universityguide\"><br \/>\n  <span style=\"text-decoration: underline;\">Gu\u00eda Universitaria de The Guardian<\/span><br \/>\n<\/a> sit\u00faa a las instituciones brit\u00e1nicas en un lugar destacado, citando que ahora son reconocidas como algunas de las mejores y m\u00e1s modernas de todo el mundo. Entre las 25 universidades brit\u00e1nicas de renombre se encontraba la Universidad de Portsmouth, en el sur de Inglaterra, que presume de tener una de las tasas de empleo m\u00e1s altas entre los estudiantes tan s\u00f3lo seis meses despu\u00e9s de graduarse. La organizaci\u00f3n tambi\u00e9n recibi\u00f3 una menci\u00f3n de honor en  <\/span><strong>clasificaci\u00f3n<\/strong><span> Marco de Excelencia Docente.<\/span><\/span><\/p>\n\t\t\t\t\t\t\t\t<\/div>\n\t\t\t\t<\/div>\n\t\t\t\t\t<\/div>\n\t\t<\/div>\n\t\t\t\t<div class=\"elementor-column elementor-col-50 elementor-inner-column elementor-element elementor-element-adb7222\" data-id=\"adb7222\" data-element_type=\"column\">\n\t\t\t<div class=\"elementor-widget-wrap elementor-element-populated\">\n\t\t\t\t\t\t<div class=\"elementor-element elementor-element-cce1be0 elementor-widget elementor-widget-spacer\" data-id=\"cce1be0\" data-element_type=\"widget\" data-widget_type=\"spacer.default\">\n\t\t\t\t<div class=\"elementor-widget-container\">\n\t\t\t\t\t\t\t<div class=\"elementor-spacer\">\n\t\t\t<div class=\"elementor-spacer-inner\"><\/div>\n\t\t<\/div>\n\t\t\t\t\t\t<\/div>\n\t\t\t\t<\/div>\n\t\t\t\t<div class=\"elementor-element elementor-element-b7f3548 elementor-widget elementor-widget-image\" data-id=\"b7f3548\" data-element_type=\"widget\" data-widget_type=\"image.default\">\n\t\t\t\t<div class=\"elementor-widget-container\">\n\t\t\t\t\t\t\t\t\t\t\t\t\t\t\t<img fetchpriority=\"high\" decoding=\"async\" width=\"500\" height=\"511\" src=\"https:\/\/edu-4u.uk\/wp-content\/uploads\/2023\/11\/universities-in-england.jpeg\" class=\"attachment-large size-large wp-image-12194\" alt=\"universities in england\" srcset=\"https:\/\/b3292720.smushcdn.com\/3292720\/wp-content\/uploads\/2023\/11\/universities-in-england.jpeg?lossy=2&amp;strip=1&amp;webp=1 500w, https:\/\/b3292720.smushcdn.com\/3292720\/wp-content\/uploads\/2023\/11\/universities-in-england-294x300.jpeg?lossy=2&amp;strip=1&amp;webp=1 294w\" sizes=\"(max-width: 500px) 100vw, 500px\" \/>\t\t\t\t\t\t\t\t\t\t\t\t\t\t\t<\/div>\n\t\t\t\t<\/div>\n\t\t\t\t\t<\/div>\n\t\t<\/div>\n\t\t\t\t\t<\/div>\n\t\t<\/section>\n\t\t\t\t<div class=\"elementor-element elementor-element-c8ac53d elementor-widget elementor-widget-text-editor\" data-id=\"c8ac53d\" data-element_type=\"widget\" data-widget_type=\"text-editor.default\">\n\t\t\t\t<div class=\"elementor-widget-container\">\n\t\t\t\t\t\t\t\t\t<h1 class=\"western\"><\/h1>\n<p class=\"western\"><span style=\"color: #000000;\"><span>Actual <\/span><strong>clasificaciones<\/strong> <span>de universidades en el Reino Unido, le permitir\u00e1n encontrar una que ofrezca el m\u00e1s alto nivel de educaci\u00f3n. <strong>Los criterios que la mayor\u00eda de <\/strong><\/span><strong>universidades, <\/strong><span><strong>son variados, pero entre los m\u00e1s comunes est\u00e1n:<\/strong> <\/span> <\/span><\/p>\n<ul>\n<li><span style=\"color: #000000;\"><strong>Satisfacci\u00f3n de los estudiantes<\/strong>: un indicador para determinar la satisfacci\u00f3n de los estudiantes y su percepci\u00f3n de la vida cotidiana en la universidad;<\/span><\/li>\n<li><span style=\"color: #000000;\">las <strong>oportunidades que ofrece la gradu<\/strong> aci\u00f3n: datos para ver c\u00f3mo son las perspectivas profesionales 6 meses despu\u00e9s de la graduaci\u00f3n;<\/span><\/li>\n<li><span style=\"color: #000000;\"><strong>Personal<\/strong> universitario: para presentar las actitudes de los estudiantes hacia los profesores y estimar cu\u00e1nto invierte la universidad en el personal docente;<\/span><\/li>\n<li><span style=\"color: #000000;\"><strong>Notas de acceso<\/strong>: este indicador da una idea de las notas con las que los estudiantes llegaron a la universidad. A pesar de que suele ocupar puestos muy altos en las clasificaciones, este criterio no debe seguirse por completo. Es muy frecuente que los requisitos de acceso de las distintas universidades sean inferiores a las notas de acceso obtenidas por los estudiantes.<\/span><\/li>\n<\/ul>\n<p><span style=\"color: #000000;\"><strong>Clasificaci\u00f3n de las universidades de Inglaterra<\/strong><span> <\/span><span>te dar\u00e1 un mejor conocimiento de las universidades del Reino Unido y te ayudar\u00e1 a elegir la mejor. Por ello, le animamos a que consulte la informaci\u00f3n disponible en nuestro sitio web. Anteponemos la calidad a todo lo dem\u00e1s, por lo que los datos que presentamos se basan en fuentes fiables y actualizadas. Adem\u00e1s, no nos centramos \u00fanicamente en la informaci\u00f3n b\u00e1sica sobre la universidad -el proceso de contrataci\u00f3n o la calidad de la ense\u00f1anza-, sino que tambi\u00e9n ofrecemos otros contenidos valiosos y \u00fatiles para los futuros estudiantes sobre temas como:<\/span><\/span><\/p>\n<ul>\n<li><span style=\"color: #000000;\"><span>distinciones y logros obtenidos por la <\/span><strong>universidad<\/strong><b>;<\/b><\/span><\/li>\n<li><span style=\"color: #000000;\">el coste del alojamiento y de la vida en una ciudad determinada;<\/span><\/li>\n<li><span style=\"color: #000000;\">cursos, facultades y cursos que ofrece la universidad;<\/span><\/li>\n<li><span style=\"color: #000000;\">eventos locales;<\/span><\/li>\n<li><span style=\"color: #000000;\">n\u00famero de estudiantes;<\/span><\/li>\n<li><span style=\"color: #000000;\">oportunidades profesionales.<\/span><\/li>\n<\/ul>\n<p><span style=\"color: #000000;\"><span>Este tipo de informaci\u00f3n detallada te ayudar\u00e1 a hacerte una idea a\u00fan mejor de las universidades que est\u00e1s considerando. <\/span><strong>Las clasificaciones<\/strong><span> <\/span><span>del sitio web se actualizan constantemente, por lo que, al utilizar nuestra ayuda, puede estar seguro de que siempre encontrar\u00e1 contenido veraz y actualizado.<\/span><\/span><\/p>\n<p>Estudiar en Inglaterra puede ser una experiencia transformadora, ya que ofrece una educaci\u00f3n de categor\u00eda mundial, contacto con diversas culturas y la posibilidad de iniciar una carrera profesional de \u00e9xito. Nuestro motor de b\u00fasqueda y nuestros completos recursos est\u00e1n dise\u00f1ados para que pueda tomar una decisi\u00f3n informada y encontrar una universidad que se ajuste perfectamente a sus aspiraciones acad\u00e9micas y a sus objetivos personales.<\/p>\n<div id=\"gtx-trans\" style=\"position: absolute; left: 61px; top: 556.234px;\">\n<div class=\"gtx-trans-icon\"><\/div>\n<\/div>\n\t\t\t\t\t\t\t\t<\/div>\n\t\t\t\t<\/div>\n\t\t\t\t<div class=\"elementor-element elementor-element-96c65cd elementor-widget elementor-widget-text-editor\" data-id=\"96c65cd\" data-element_type=\"widget\" data-widget_type=\"text-editor.default\">\n\t\t\t\t<div class=\"elementor-widget-container\">\n\t\t\t\t\t\t\t\t\t<p><strong>\u00bfNo encuentra universidad?<\/strong><br \/>Vuelva dentro de un rato, la base de datos se actualiza constantemente. \ud83d\ude42<\/p>\n\t\t\t\t\t\t\t\t<\/div>\n\t\t\t\t<\/div>\n\t\t\t\t\t<\/div>\n\t\t<\/div>\n\t\t\t\t\t<\/div>\n\t\t<\/section>\n\t\t\t\t<section class=\"elementor-section elementor-top-section elementor-element elementor-element-b00b920 elementor-section-boxed elementor-section-height-default elementor-section-height-default\" data-id=\"b00b920\" data-element_type=\"section\">\n\t\t\t\t\t\t<div class=\"elementor-container elementor-column-gap-default\">\n\t\t\t\t\t<div class=\"elementor-column elementor-col-100 elementor-top-column elementor-element elementor-element-3b30344\" data-id=\"3b30344\" data-element_type=\"column\">\n\t\t\t<div class=\"elementor-widget-wrap\">\n\t\t\t\t\t\t\t<\/div>\n\t\t<\/div>\n\t\t\t\t\t<\/div>\n\t\t<\/section>\n\t\t\t\t<\/div>\n\t\t","protected":false},"excerpt":{"rendered":"<p>Universidades en Inglaterra Buscador de universidades en Inglaterra \u00bfEst\u00e1 pensando en cursar estudios superiores en el extranjero? \u00bfBusca una experiencia educativa que combine los conocimientos te\u00f3ricos con la aplicaci\u00f3n pr\u00e1ctica? \u00bfValoras un alto nivel de ense\u00f1anza y aspiras a una carrera de \u00e9xito despu\u00e9s de graduarte? Si es as\u00ed, estudiar [&hellip;]<\/p>\n","protected":false},"author":1,"featured_media":12933,"parent":0,"menu_order":0,"comment_status":"closed","ping_status":"closed","template":"page-templates\/template-pagebuilder-full-width.php","meta":{"_acf_changed":false,"footnotes":""},"class_list":["post-12932","page","type-page","status-publish","has-post-thumbnail","hentry"],"acf":[],"yoast_head":"<!-- This site is optimized with the Yoast SEO plugin v24.0 - https:\/\/yoast.com\/wordpress\/plugins\/seo\/ -->\n<title>Buscador de universidades de Inglaterra - clasificaci\u00f3n y lista de cursos<\/title>\n<meta name=\"description\" content=\"Un buscador funcional de universidades en Inglaterra. Consulte la clasificaci\u00f3n actual de las universidades del Reino Unido. Comienza los estudios de tus sue\u00f1os. Haz clic ahora.\" \/>\n<meta name=\"robots\" content=\"index, follow, max-snippet:-1, max-image-preview:large, max-video-preview:-1\" \/>\n<link rel=\"canonical\" href=\"https:\/\/edu-4u.uk\/es\/universidades-en-inglaterra\/\" \/>\n<meta property=\"og:locale\" content=\"es_ES\" \/>\n<meta property=\"og:type\" content=\"article\" \/>\n<meta property=\"og:title\" content=\"Buscador de universidades de Inglaterra - clasificaci\u00f3n y lista de cursos\" \/>\n<meta property=\"og:description\" content=\"Un buscador funcional de universidades en Inglaterra. Consulte la clasificaci\u00f3n actual de las universidades del Reino Unido. Comienza los estudios de tus sue\u00f1os. Haz clic ahora.\" \/>\n<meta property=\"og:url\" content=\"https:\/\/edu-4u.uk\/es\/universidades-en-inglaterra\/\" \/>\n<meta property=\"og:site_name\" content=\"Bezp\u0142atna pomoc | Edu4u\" \/>\n<meta property=\"article:publisher\" content=\"https:\/\/www.facebook.com\/Edu4uStudiaAnglia\/\" \/>\n<meta property=\"article:modified_time\" content=\"2024-01-26T09:12:35+00:00\" \/>\n<meta property=\"og:image\" content=\"https:\/\/edu-4u.uk\/wp-content\/uploads\/2018\/12\/edu4u-studia-w-anglii-uniwersytety.jpeg\" \/>\n\t<meta property=\"og:image:width\" content=\"1516\" \/>\n\t<meta property=\"og:image:height\" content=\"1080\" \/>\n\t<meta property=\"og:image:type\" content=\"image\/jpeg\" \/>\n<meta name=\"twitter:label1\" content=\"Tiempo de lectura\" \/>\n\t<meta name=\"twitter:data1\" content=\"5 minutos\" \/>\n<script type=\"application\/ld+json\" class=\"yoast-schema-graph\">{\"@context\":\"https:\/\/schema.org\",\"@graph\":[{\"@type\":\"WebPage\",\"@id\":\"https:\/\/edu-4u.uk\/es\/universidades-en-inglaterra\/\",\"url\":\"https:\/\/edu-4u.uk\/es\/universidades-en-inglaterra\/\",\"name\":\"Buscador de universidades de Inglaterra - clasificaci\u00f3n y lista de cursos\",\"isPartOf\":{\"@id\":\"https:\/\/edu-4u.uk\/es\/#website\"},\"primaryImageOfPage\":{\"@id\":\"https:\/\/edu-4u.uk\/es\/universidades-en-inglaterra\/#primaryimage\"},\"image\":{\"@id\":\"https:\/\/edu-4u.uk\/es\/universidades-en-inglaterra\/#primaryimage\"},\"thumbnailUrl\":\"https:\/\/edu-4u.uk\/wp-content\/uploads\/2018\/12\/edu4u-studia-w-anglii-uniwersytety.jpeg\",\"datePublished\":\"2018-12-05T02:43:39+00:00\",\"dateModified\":\"2024-01-26T09:12:35+00:00\",\"description\":\"Un buscador funcional de universidades en Inglaterra. Consulte la clasificaci\u00f3n actual de las universidades del Reino Unido. Comienza los estudios de tus sue\u00f1os. Haz clic ahora.\",\"breadcrumb\":{\"@id\":\"https:\/\/edu-4u.uk\/es\/universidades-en-inglaterra\/#breadcrumb\"},\"inLanguage\":\"es\",\"potentialAction\":[{\"@type\":\"ReadAction\",\"target\":[\"https:\/\/edu-4u.uk\/es\/universidades-en-inglaterra\/\"]}]},{\"@type\":\"ImageObject\",\"inLanguage\":\"es\",\"@id\":\"https:\/\/edu-4u.uk\/es\/universidades-en-inglaterra\/#primaryimage\",\"url\":\"https:\/\/edu-4u.uk\/wp-content\/uploads\/2018\/12\/edu4u-studia-w-anglii-uniwersytety.jpeg\",\"contentUrl\":\"https:\/\/edu-4u.uk\/wp-content\/uploads\/2018\/12\/edu4u-studia-w-anglii-uniwersytety.jpeg\",\"width\":1516,\"height\":1080},{\"@type\":\"BreadcrumbList\",\"@id\":\"https:\/\/edu-4u.uk\/es\/universidades-en-inglaterra\/#breadcrumb\",\"itemListElement\":[{\"@type\":\"ListItem\",\"position\":1,\"name\":\"Strona g\u0142\u00f3wna\",\"item\":\"https:\/\/edu-4u.uk\/es\/\"},{\"@type\":\"ListItem\",\"position\":2,\"name\":\"Universidades en Inglaterra\"}]},{\"@type\":\"WebSite\",\"@id\":\"https:\/\/edu-4u.uk\/es\/#website\",\"url\":\"https:\/\/edu-4u.uk\/es\/\",\"name\":\"Edu4u StudyUK | Free Help\",\"description\":\"Zacznij studia w UK z Edu4u!\",\"publisher\":{\"@id\":\"https:\/\/edu-4u.uk\/es\/#organization\"},\"potentialAction\":[{\"@type\":\"SearchAction\",\"target\":{\"@type\":\"EntryPoint\",\"urlTemplate\":\"https:\/\/edu-4u.uk\/es\/?s={search_term_string}\"},\"query-input\":{\"@type\":\"PropertyValueSpecification\",\"valueRequired\":true,\"valueName\":\"search_term_string\"}}],\"inLanguage\":\"es\"},{\"@type\":\"Organization\",\"@id\":\"https:\/\/edu-4u.uk\/es\/#organization\",\"name\":\"Edu4u Study in UK\",\"url\":\"https:\/\/edu-4u.uk\/es\/\",\"logo\":{\"@type\":\"ImageObject\",\"inLanguage\":\"es\",\"@id\":\"https:\/\/edu-4u.uk\/es\/#\/schema\/logo\/image\/\",\"url\":\"https:\/\/edu-4u.uk\/wp-content\/uploads\/2023\/06\/Logo-1.svg\",\"contentUrl\":\"https:\/\/edu-4u.uk\/wp-content\/uploads\/2023\/06\/Logo-1.svg\",\"width\":168,\"height\":43,\"caption\":\"Edu4u Study in UK\"},\"image\":{\"@id\":\"https:\/\/edu-4u.uk\/es\/#\/schema\/logo\/image\/\"},\"sameAs\":[\"https:\/\/www.facebook.com\/Edu4uStudiaAnglia\/\",\"https:\/\/www.tiktok.com\/@edu4u_settled_status_\",\"https:\/\/www.instagram.com\/edu4u_polska\/?hl=en\",\"https:\/\/www.youtube.com\/@Edu4u_Settled_Status\",\"https:\/\/www.facebook.com\/Edu4uSettledStatus\/\",\"https:\/\/www.instagram.com\/edu4u_settled_status\/\",\"https:\/\/www.tiktok.com\/@edu4u_studyuk\"]}]}<\/script>\n<!-- \/ Yoast SEO plugin. -->","yoast_head_json":{"title":"Buscador de universidades de Inglaterra - clasificaci\u00f3n y lista de cursos","description":"Un buscador funcional de universidades en Inglaterra. Consulte la clasificaci\u00f3n actual de las universidades del Reino Unido. Comienza los estudios de tus sue\u00f1os. Haz clic ahora.","robots":{"index":"index","follow":"follow","max-snippet":"max-snippet:-1","max-image-preview":"max-image-preview:large","max-video-preview":"max-video-preview:-1"},"canonical":"https:\/\/edu-4u.uk\/es\/universidades-en-inglaterra\/","og_locale":"es_ES","og_type":"article","og_title":"Buscador de universidades de Inglaterra - clasificaci\u00f3n y lista de cursos","og_description":"Un buscador funcional de universidades en Inglaterra. Consulte la clasificaci\u00f3n actual de las universidades del Reino Unido. Comienza los estudios de tus sue\u00f1os. Haz clic ahora.","og_url":"https:\/\/edu-4u.uk\/es\/universidades-en-inglaterra\/","og_site_name":"Bezp\u0142atna pomoc | Edu4u","article_publisher":"https:\/\/www.facebook.com\/Edu4uStudiaAnglia\/","article_modified_time":"2024-01-26T09:12:35+00:00","og_image":[{"width":1516,"height":1080,"url":"https:\/\/edu-4u.uk\/wp-content\/uploads\/2018\/12\/edu4u-studia-w-anglii-uniwersytety.jpeg","type":"image\/jpeg"}],"twitter_misc":{"Tiempo de lectura":"5 minutos"},"schema":{"@context":"https:\/\/schema.org","@graph":[{"@type":"WebPage","@id":"https:\/\/edu-4u.uk\/es\/universidades-en-inglaterra\/","url":"https:\/\/edu-4u.uk\/es\/universidades-en-inglaterra\/","name":"Buscador de universidades de Inglaterra - clasificaci\u00f3n y lista de cursos","isPartOf":{"@id":"https:\/\/edu-4u.uk\/es\/#website"},"primaryImageOfPage":{"@id":"https:\/\/edu-4u.uk\/es\/universidades-en-inglaterra\/#primaryimage"},"image":{"@id":"https:\/\/edu-4u.uk\/es\/universidades-en-inglaterra\/#primaryimage"},"thumbnailUrl":"https:\/\/edu-4u.uk\/wp-content\/uploads\/2018\/12\/edu4u-studia-w-anglii-uniwersytety.jpeg","datePublished":"2018-12-05T02:43:39+00:00","dateModified":"2024-01-26T09:12:35+00:00","description":"Un buscador funcional de universidades en Inglaterra. Consulte la clasificaci\u00f3n actual de las universidades del Reino Unido. Comienza los estudios de tus sue\u00f1os. Haz clic ahora.","breadcrumb":{"@id":"https:\/\/edu-4u.uk\/es\/universidades-en-inglaterra\/#breadcrumb"},"inLanguage":"es","potentialAction":[{"@type":"ReadAction","target":["https:\/\/edu-4u.uk\/es\/universidades-en-inglaterra\/"]}]},{"@type":"ImageObject","inLanguage":"es","@id":"https:\/\/edu-4u.uk\/es\/universidades-en-inglaterra\/#primaryimage","url":"https:\/\/edu-4u.uk\/wp-content\/uploads\/2018\/12\/edu4u-studia-w-anglii-uniwersytety.jpeg","contentUrl":"https:\/\/edu-4u.uk\/wp-content\/uploads\/2018\/12\/edu4u-studia-w-anglii-uniwersytety.jpeg","width":1516,"height":1080},{"@type":"BreadcrumbList","@id":"https:\/\/edu-4u.uk\/es\/universidades-en-inglaterra\/#breadcrumb","itemListElement":[{"@type":"ListItem","position":1,"name":"Strona g\u0142\u00f3wna","item":"https:\/\/edu-4u.uk\/es\/"},{"@type":"ListItem","position":2,"name":"Universidades en Inglaterra"}]},{"@type":"WebSite","@id":"https:\/\/edu-4u.uk\/es\/#website","url":"https:\/\/edu-4u.uk\/es\/","name":"Edu4u StudyUK | Free Help","description":"Zacznij studia w UK z Edu4u!","publisher":{"@id":"https:\/\/edu-4u.uk\/es\/#organization"},"potentialAction":[{"@type":"SearchAction","target":{"@type":"EntryPoint","urlTemplate":"https:\/\/edu-4u.uk\/es\/?s={search_term_string}"},"query-input":{"@type":"PropertyValueSpecification","valueRequired":true,"valueName":"search_term_string"}}],"inLanguage":"es"},{"@type":"Organization","@id":"https:\/\/edu-4u.uk\/es\/#organization","name":"Edu4u Study in UK","url":"https:\/\/edu-4u.uk\/es\/","logo":{"@type":"ImageObject","inLanguage":"es","@id":"https:\/\/edu-4u.uk\/es\/#\/schema\/logo\/image\/","url":"https:\/\/edu-4u.uk\/wp-content\/uploads\/2023\/06\/Logo-1.svg","contentUrl":"https:\/\/edu-4u.uk\/wp-content\/uploads\/2023\/06\/Logo-1.svg","width":168,"height":43,"caption":"Edu4u Study in UK"},"image":{"@id":"https:\/\/edu-4u.uk\/es\/#\/schema\/logo\/image\/"},"sameAs":["https:\/\/www.facebook.com\/Edu4uStudiaAnglia\/","https:\/\/www.tiktok.com\/@edu4u_settled_status_","https:\/\/www.instagram.com\/edu4u_polska\/?hl=en","https:\/\/www.youtube.com\/@Edu4u_Settled_Status","https:\/\/www.facebook.com\/Edu4uSettledStatus\/","https:\/\/www.instagram.com\/edu4u_settled_status\/","https:\/\/www.tiktok.com\/@edu4u_studyuk"]}]}},"_links":{"self":[{"href":"https:\/\/edu-4u.uk\/es\/wp-json\/wp\/v2\/pages\/12932","targetHints":{"allow":["GET"]}}],"collection":[{"href":"https:\/\/edu-4u.uk\/es\/wp-json\/wp\/v2\/pages"}],"about":[{"href":"https:\/\/edu-4u.uk\/es\/wp-json\/wp\/v2\/types\/page"}],"author":[{"embeddable":true,"href":"https:\/\/edu-4u.uk\/es\/wp-json\/wp\/v2\/users\/1"}],"replies":[{"embeddable":true,"href":"https:\/\/edu-4u.uk\/es\/wp-json\/wp\/v2\/comments?post=12932"}],"version-history":[{"count":2,"href":"https:\/\/edu-4u.uk\/es\/wp-json\/wp\/v2\/pages\/12932\/revisions"}],"predecessor-version":[{"id":12950,"href":"https:\/\/edu-4u.uk\/es\/wp-json\/wp\/v2\/pages\/12932\/revisions\/12950"}],"wp:featuredmedia":[{"embeddable":true,"href":"https:\/\/edu-4u.uk\/es\/wp-json\/wp\/v2\/media\/12933"}],"wp:attachment":[{"href":"https:\/\/edu-4u.uk\/es\/wp-json\/wp\/v2\/media?parent=12932"}],"curies":[{"name":"wp","href":"https:\/\/api.w.org\/{rel}","templated":true}]}}