{"id":18618,"date":"2018-12-04T20:31:34","date_gmt":"2018-12-04T19:31:34","guid":{"rendered":"https:\/\/edu-4u.uk\/pouzit\/"},"modified":"2025-06-17T16:41:52","modified_gmt":"2025-06-17T14:41:52","slug":"pouzit","status":"publish","type":"page","link":"https:\/\/edu-4u.uk\/cs\/pouzit\/","title":{"rendered":"Pou\u017e\u00edt"},"content":{"rendered":"\t\t<div data-elementor-type=\"wp-page\" data-elementor-id=\"18618\" class=\"elementor elementor-18618 elementor-303\">\n\t\t\t\t\t\t<section class=\"elementor-section elementor-top-section elementor-element elementor-element-97fefd7 elementor-section-boxed elementor-section-height-default elementor-section-height-default\" data-id=\"97fefd7\" data-element_type=\"section\">\n\t\t\t\t\t\t<div class=\"elementor-container elementor-column-gap-default\">\n\t\t\t\t\t<div class=\"elementor-column elementor-col-100 elementor-top-column elementor-element elementor-element-e535ebc\" data-id=\"e535ebc\" data-element_type=\"column\">\n\t\t\t<div class=\"elementor-widget-wrap elementor-element-populated\">\n\t\t\t\t\t\t<div class=\"elementor-element elementor-element-bddc20c elementor-widget elementor-widget-heading\" data-id=\"bddc20c\" data-element_type=\"widget\" data-widget_type=\"heading.default\">\n\t\t\t\t<div class=\"elementor-widget-container\">\n\t\t\t\t\t<h2 class=\"elementor-heading-title elementor-size-default\">Spojte se s Edu4u<\/h2>\t\t\t\t<\/div>\n\t\t\t\t<\/div>\n\t\t\t\t<div class=\"elementor-element elementor-element-f6bf6d4 elementor-widget elementor-widget-text-editor\" data-id=\"f6bf6d4\" data-element_type=\"widget\" data-widget_type=\"text-editor.default\">\n\t\t\t\t<div class=\"elementor-widget-container\">\n\t\t\t\t\t\t\t\t\t<div class=\"top\" style=\"font-size: 14px;\">\n<p style=\"margin-bottom: 50px; text-align: center; font-weight: bold;\">Slibujeme, \u017ee v\u00e1s nebudeme spamovat. Sd\u011blte n\u00e1m sv\u00e9 kontaktn\u00ed \u00fadaje, abychom v\u00e1s mohli kontaktovat ohledn\u011b va\u0161\u00ed \u017e\u00e1dosti.<\/p>\n<\/div>\n<div class=\"form\" style=\"font-size: 14px;\">\n<p style=\"margin-bottom: 10px; text-align: center; font-weight: bold;\">Ud\u011blejte prvn\u00ed krok ke sv\u00e9 budoucnosti<\/p>\n<\/div>\n\t\t\t\t\t\t\t\t<\/div>\n\t\t\t\t<\/div>\n\t\t\t\t<div class=\"elementor-element elementor-element-da002b5 elementor-widget elementor-widget-shortcode\" data-id=\"da002b5\" data-element_type=\"widget\" id=\"formularz_edu4u\" data-widget_type=\"shortcode.default\">\n\t\t\t\t<div class=\"elementor-widget-container\">\n\t\t\t\t\t\t\t<div class=\"elementor-shortcode\">\n<div class=\"wpcf7 no-js\" id=\"wpcf7-f25185-o1\" lang=\"pl-PL\" dir=\"ltr\" data-wpcf7-id=\"25185\">\n<div class=\"screen-reader-response\"><p role=\"status\" aria-live=\"polite\" aria-atomic=\"true\"><\/p> <ul><\/ul><\/div>\n<form action=\"\/cs\/wp-json\/wp\/v2\/pages\/18618#wpcf7-f25185-o1\" method=\"post\" class=\"wpcf7-form init\" aria-label=\"Formularz kontaktowy\" novalidate=\"novalidate\" data-status=\"init\">\n<div style=\"display: none;\">\n<input type=\"hidden\" name=\"_wpcf7\" value=\"25185\" \/>\n<input type=\"hidden\" name=\"_wpcf7_version\" value=\"6.0.1\" \/>\n<input type=\"hidden\" name=\"_wpcf7_locale\" value=\"pl_PL\" \/>\n<input type=\"hidden\" name=\"_wpcf7_unit_tag\" value=\"wpcf7-f25185-o1\" \/>\n<input type=\"hidden\" name=\"_wpcf7_container_post\" value=\"0\" \/>\n<input type=\"hidden\" name=\"_wpcf7_posted_data_hash\" value=\"\" \/>\n<\/div>\n<div class=\"aplikuj-form\">\n\t<p><span class=\"wpcf7-form-control-wrap\" data-name=\"your-name\"><input size=\"40\" maxlength=\"400\" class=\"wpcf7-form-control wpcf7-text wpcf7-validates-as-required\" autocomplete=\"name\" aria-required=\"true\" aria-invalid=\"false\" placeholder=\"Name\" value=\"\" type=\"text\" name=\"your-name\" \/><\/span>\n\t<\/p>\n\t<p><span class=\"wpcf7-form-control-wrap\" data-name=\"your-tel\"><input size=\"40\" maxlength=\"400\" class=\"wpcf7-form-control wpcf7-tel wpcf7-validates-as-required wpcf7-text wpcf7-validates-as-tel\" autocomplete=\"email\" aria-required=\"true\" aria-invalid=\"false\" placeholder=\"Number\" value=\"\" type=\"tel\" name=\"your-tel\" \/><\/span>\n\t<\/p>\n\t<p><span class=\"wpcf7-form-control-wrap\" data-name=\"your-email\"><input size=\"40\" maxlength=\"400\" class=\"wpcf7-form-control wpcf7-email wpcf7-validates-as-required wpcf7-text wpcf7-validates-as-email\" autocomplete=\"email\" aria-required=\"true\" aria-invalid=\"false\" placeholder=\"Email Address\" value=\"\" type=\"email\" name=\"your-email\" \/><\/span>\n\t<\/p>\n\t<p><span class=\"wpcf7-form-control-wrap\" data-name=\"checkbox-259\"><span class=\"wpcf7-form-control wpcf7-checkbox wpcf7-validates-as-required\"><span class=\"wpcf7-list-item first last\"><label><input type=\"checkbox\" name=\"checkbox-259[]\" value=\"Souhlas\u00edm se zpracov\u00e1n\u00edm sv\u00fdch osobn\u00edch \u00fadaj\u016f spole\u010dnost\u00ed Edu4u Ltd pro informa\u010dn\u00ed a marketingov\u00e9 \u00fa\u010dely.\" \/><span class=\"wpcf7-list-item-label\">Souhlas\u00edm se zpracov\u00e1n\u00edm sv\u00fdch osobn\u00edch \u00fadaj\u016f spole\u010dnost\u00ed Edu4u Ltd pro informa\u010dn\u00ed a marketingov\u00e9 \u00fa\u010dely.<\/span><\/label><\/span><\/span><\/span>\n\t<\/p>\n\t<p><span class=\"wpcf7-list-item-label\" style=\"font-weight: bold;\"><br \/>\nOdesl\u00e1n\u00edm tohoto formul\u00e1\u0159e potvrzujete, \u017ee je v\u00e1m v\u00edce ne\u017e 16 let, a berete na v\u011bdom\u00ed zpracov\u00e1n\u00ed va\u0161ich osobn\u00edch \u00fadaj\u016f pro \u00fa\u010dely kontaktov\u00e1n\u00ed, jak je podrobn\u011b uvedeno v na\u0161ich Z\u00e1sad\u00e1ch ochrany osobn\u00edch \u00fadaj\u016f.<br \/>\n<\/span><br \/>\n<input class=\"wpcf7-form-control wpcf7-submit has-spinner\" type=\"submit\" value=\"Send\" \/>\n\t<\/p>\n<\/div><input type=\"hidden\" id=\"ct_checkjs_cf7_d56b9fc4b0f1be8871f5e1c40c0067e7\" name=\"ct_checkjs_cf7\" value=\"0\" \/><script >setTimeout(function(){var ct_input_name = \"ct_checkjs_cf7_d56b9fc4b0f1be8871f5e1c40c0067e7\";if (document.getElementById(ct_input_name) !== null) {var ct_input_value = document.getElementById(ct_input_name).value;document.getElementById(ct_input_name).value = document.getElementById(ct_input_name).value.replace(ct_input_value, '1691387897');}}, 1000);<\/script><label class=\"apbct_special_field\" id=\"apbct_label_id97964\" for=\"apbct__email_id__wp_contact_form_7_97964\">97964<\/label><input\n            id=\"apbct__email_id__wp_contact_form_7_97964\"\n            class=\"apbct_special_field apbct__email_id__wp_contact_form_7\"\n            name=\"apbct__email_id__wp_contact_form_7_97964\"\n            type=\"text\" size=\"30\" maxlength=\"200\" autocomplete=\"off\"\n            value=\"97964\" apbct_event_id=\"97964\"\n            \/><input id=\"apbct_event_id_wp_contact_form_7_97964\"\n                class=\"apbct_special_field\" name=\"apbct_event_id\" type=\"hidden\" value=\"97964\" \/><p style=\"display: none !important;\" class=\"akismet-fields-container\" data-prefix=\"_wpcf7_ak_\"><label>&#916;<textarea name=\"_wpcf7_ak_hp_textarea\" cols=\"45\" rows=\"8\" maxlength=\"100\"><\/textarea><\/label><input type=\"hidden\" id=\"ak_js_1\" name=\"_wpcf7_ak_js\" value=\"35\"\/><script>document.getElementById( \"ak_js_1\" ).setAttribute( \"value\", ( new Date() ).getTime() );<\/script><\/p><div class=\"wpcf7-response-output\" aria-hidden=\"true\"><\/div>\n<label class=\"apbct_special_field\" id=\"apbct_label_id32797\" for=\"apbct__email_id__elementor_form_32797\">32797<\/label><input\n            id=\"apbct__email_id__elementor_form_32797\"\n            class=\"apbct_special_field apbct__email_id__elementor_form\"\n            name=\"apbct__email_id__elementor_form_32797\"\n            type=\"text\" size=\"30\" maxlength=\"200\" autocomplete=\"off\"\n            value=\"32797\" apbct_event_id=\"32797\"\n            \/><input id=\"apbct_event_id_elementor_form_32797\"\n                class=\"apbct_special_field\" name=\"apbct_event_id\" type=\"hidden\" value=\"32797\" \/><\/form>\n<\/div>\n<\/div>\n\t\t\t\t\t\t<\/div>\n\t\t\t\t<\/div>\n\t\t\t\t<div class=\"elementor-element elementor-element-b4c3a26 elementor-widget elementor-widget-text-editor\" data-id=\"b4c3a26\" data-element_type=\"widget\" data-widget_type=\"text-editor.default\">\n\t\t\t\t<div class=\"elementor-widget-container\">\n\t\t\t\t\t\t\t\t\t<p><span>Rady odborn\u00edk\u016f. \u00dasp\u011b\u0161n\u00e9 v\u00fdsledky.<\/span><\/p>\n\t\t\t\t\t\t\t\t<\/div>\n\t\t\t\t<\/div>\n\t\t\t\t\t<\/div>\n\t\t<\/div>\n\t\t\t\t\t<\/div>\n\t\t<\/section>\n\t\t\t\t<\/div>\n\t\t","protected":false},"excerpt":{"rendered":"<p>Spojte se s Edu4u Slibujeme, \u017ee v\u00e1s nebudeme spamovat. Sd\u011blte n\u00e1m sv\u00e9 kontaktn\u00ed \u00fadaje, abychom v\u00e1s mohli kontaktovat ohledn\u011b va\u0161\u00ed \u017e\u00e1dosti. Ud\u011blejte prvn\u00ed krok ke sv\u00e9 budoucnosti Rady odborn\u00edk\u016f. \u00dasp\u011b\u0161n\u00e9 v\u00fdsledky.<\/p>\n","protected":false},"author":1,"featured_media":18619,"parent":0,"menu_order":0,"comment_status":"closed","ping_status":"closed","template":"page-templates\/template-pagebuilder-full-width.php","meta":{"_acf_changed":false,"footnotes":""},"class_list":["post-18618","page","type-page","status-publish","has-post-thumbnail","hentry"],"acf":[],"yoast_head":"<!-- This site is optimized with the Yoast SEO plugin v24.0 - https:\/\/yoast.com\/wordpress\/plugins\/seo\/ -->\n<title>Pou\u017e\u00edt | Bezp\u0142atna pomoc | Edu4u<\/title>\n<meta name=\"robots\" content=\"index, follow, max-snippet:-1, max-image-preview:large, max-video-preview:-1\" \/>\n<link rel=\"canonical\" href=\"https:\/\/edu-4u.uk\/cs\/pouzit\/\" \/>\n<meta property=\"og:locale\" content=\"cs_CZ\" \/>\n<meta property=\"og:type\" content=\"article\" \/>\n<meta property=\"og:title\" content=\"Pou\u017e\u00edt | Bezp\u0142atna pomoc | Edu4u\" \/>\n<meta property=\"og:description\" content=\"Spojte se s Edu4u Slibujeme, \u017ee v\u00e1s nebudeme spamovat. Sd\u011blte n\u00e1m sv\u00e9 kontaktn\u00ed \u00fadaje, abychom v\u00e1s mohli kontaktovat ohledn\u011b va\u0161\u00ed \u017e\u00e1dosti. Ud\u011blejte prvn\u00ed krok ke sv\u00e9 budoucnosti Rady odborn\u00edk\u016f. \u00dasp\u011b\u0161n\u00e9 v\u00fdsledky.\" \/>\n<meta property=\"og:url\" content=\"https:\/\/edu-4u.uk\/cs\/pouzit\/\" \/>\n<meta property=\"og:site_name\" content=\"Bezp\u0142atna pomoc | Edu4u\" \/>\n<meta property=\"article:publisher\" content=\"https:\/\/www.facebook.com\/Edu4uStudiaAnglia\/\" \/>\n<meta property=\"article:modified_time\" content=\"2025-06-17T14:41:52+00:00\" \/>\n<meta name=\"twitter:label1\" content=\"Odhadovan\u00e1 doba \u010dten\u00ed\" \/>\n\t<meta name=\"twitter:data1\" content=\"1 minuta\" \/>\n<script type=\"application\/ld+json\" class=\"yoast-schema-graph\">{\"@context\":\"https:\/\/schema.org\",\"@graph\":[{\"@type\":\"WebPage\",\"@id\":\"https:\/\/edu-4u.uk\/cs\/pouzit\/\",\"url\":\"https:\/\/edu-4u.uk\/cs\/pouzit\/\",\"name\":\"Pou\u017e\u00edt | Bezp\u0142atna pomoc | Edu4u\",\"isPartOf\":{\"@id\":\"https:\/\/edu-4u.uk\/cs\/#website\"},\"primaryImageOfPage\":{\"@id\":\"https:\/\/edu-4u.uk\/cs\/pouzit\/#primaryimage\"},\"image\":{\"@id\":\"https:\/\/edu-4u.uk\/cs\/pouzit\/#primaryimage\"},\"thumbnailUrl\":\"https:\/\/edu-4u.uk\/wp-content\/uploads\/2023\/06\/Logo-1.svg\",\"datePublished\":\"2018-12-04T19:31:34+00:00\",\"dateModified\":\"2025-06-17T14:41:52+00:00\",\"breadcrumb\":{\"@id\":\"https:\/\/edu-4u.uk\/cs\/pouzit\/#breadcrumb\"},\"inLanguage\":\"cs\",\"potentialAction\":[{\"@type\":\"ReadAction\",\"target\":[\"https:\/\/edu-4u.uk\/cs\/pouzit\/\"]}]},{\"@type\":\"ImageObject\",\"inLanguage\":\"cs\",\"@id\":\"https:\/\/edu-4u.uk\/cs\/pouzit\/#primaryimage\",\"url\":\"https:\/\/edu-4u.uk\/wp-content\/uploads\/2023\/06\/Logo-1.svg\",\"contentUrl\":\"https:\/\/edu-4u.uk\/wp-content\/uploads\/2023\/06\/Logo-1.svg\",\"width\":168,\"height\":43},{\"@type\":\"BreadcrumbList\",\"@id\":\"https:\/\/edu-4u.uk\/cs\/pouzit\/#breadcrumb\",\"itemListElement\":[{\"@type\":\"ListItem\",\"position\":1,\"name\":\"Strona g\u0142\u00f3wna\",\"item\":\"https:\/\/edu-4u.uk\/cs\/\"},{\"@type\":\"ListItem\",\"position\":2,\"name\":\"Pou\u017e\u00edt\"}]},{\"@type\":\"WebSite\",\"@id\":\"https:\/\/edu-4u.uk\/cs\/#website\",\"url\":\"https:\/\/edu-4u.uk\/cs\/\",\"name\":\"Edu4u StudyUK | Free Help\",\"description\":\"Zacznij studia w UK z Edu4u!\",\"publisher\":{\"@id\":\"https:\/\/edu-4u.uk\/cs\/#organization\"},\"potentialAction\":[{\"@type\":\"SearchAction\",\"target\":{\"@type\":\"EntryPoint\",\"urlTemplate\":\"https:\/\/edu-4u.uk\/cs\/?s={search_term_string}\"},\"query-input\":{\"@type\":\"PropertyValueSpecification\",\"valueRequired\":true,\"valueName\":\"search_term_string\"}}],\"inLanguage\":\"cs\"},{\"@type\":\"Organization\",\"@id\":\"https:\/\/edu-4u.uk\/cs\/#organization\",\"name\":\"Edu4u Study in UK\",\"url\":\"https:\/\/edu-4u.uk\/cs\/\",\"logo\":{\"@type\":\"ImageObject\",\"inLanguage\":\"cs\",\"@id\":\"https:\/\/edu-4u.uk\/cs\/#\/schema\/logo\/image\/\",\"url\":\"https:\/\/edu-4u.uk\/wp-content\/uploads\/2023\/06\/Logo-1.svg\",\"contentUrl\":\"https:\/\/edu-4u.uk\/wp-content\/uploads\/2023\/06\/Logo-1.svg\",\"width\":168,\"height\":43,\"caption\":\"Edu4u Study in UK\"},\"image\":{\"@id\":\"https:\/\/edu-4u.uk\/cs\/#\/schema\/logo\/image\/\"},\"sameAs\":[\"https:\/\/www.facebook.com\/Edu4uStudiaAnglia\/\",\"https:\/\/www.tiktok.com\/@edu4u_settled_status_\",\"https:\/\/www.instagram.com\/edu4u_polska\/?hl=en\",\"https:\/\/www.youtube.com\/@Edu4u_Settled_Status\",\"https:\/\/www.facebook.com\/Edu4uSettledStatus\/\",\"https:\/\/www.instagram.com\/edu4u_settled_status\/\",\"https:\/\/www.tiktok.com\/@edu4u_studyuk\"]}]}<\/script>\n<!-- \/ Yoast SEO plugin. -->","yoast_head_json":{"title":"Pou\u017e\u00edt | Bezp\u0142atna pomoc | Edu4u","robots":{"index":"index","follow":"follow","max-snippet":"max-snippet:-1","max-image-preview":"max-image-preview:large","max-video-preview":"max-video-preview:-1"},"canonical":"https:\/\/edu-4u.uk\/cs\/pouzit\/","og_locale":"cs_CZ","og_type":"article","og_title":"Pou\u017e\u00edt | Bezp\u0142atna pomoc | Edu4u","og_description":"Spojte se s Edu4u Slibujeme, \u017ee v\u00e1s nebudeme spamovat. Sd\u011blte n\u00e1m sv\u00e9 kontaktn\u00ed \u00fadaje, abychom v\u00e1s mohli kontaktovat ohledn\u011b va\u0161\u00ed \u017e\u00e1dosti. Ud\u011blejte prvn\u00ed krok ke sv\u00e9 budoucnosti Rady odborn\u00edk\u016f. \u00dasp\u011b\u0161n\u00e9 v\u00fdsledky.","og_url":"https:\/\/edu-4u.uk\/cs\/pouzit\/","og_site_name":"Bezp\u0142atna pomoc | Edu4u","article_publisher":"https:\/\/www.facebook.com\/Edu4uStudiaAnglia\/","article_modified_time":"2025-06-17T14:41:52+00:00","twitter_misc":{"Odhadovan\u00e1 doba \u010dten\u00ed":"1 minuta"},"schema":{"@context":"https:\/\/schema.org","@graph":[{"@type":"WebPage","@id":"https:\/\/edu-4u.uk\/cs\/pouzit\/","url":"https:\/\/edu-4u.uk\/cs\/pouzit\/","name":"Pou\u017e\u00edt | Bezp\u0142atna pomoc | Edu4u","isPartOf":{"@id":"https:\/\/edu-4u.uk\/cs\/#website"},"primaryImageOfPage":{"@id":"https:\/\/edu-4u.uk\/cs\/pouzit\/#primaryimage"},"image":{"@id":"https:\/\/edu-4u.uk\/cs\/pouzit\/#primaryimage"},"thumbnailUrl":"https:\/\/edu-4u.uk\/wp-content\/uploads\/2023\/06\/Logo-1.svg","datePublished":"2018-12-04T19:31:34+00:00","dateModified":"2025-06-17T14:41:52+00:00","breadcrumb":{"@id":"https:\/\/edu-4u.uk\/cs\/pouzit\/#breadcrumb"},"inLanguage":"cs","potentialAction":[{"@type":"ReadAction","target":["https:\/\/edu-4u.uk\/cs\/pouzit\/"]}]},{"@type":"ImageObject","inLanguage":"cs","@id":"https:\/\/edu-4u.uk\/cs\/pouzit\/#primaryimage","url":"https:\/\/edu-4u.uk\/wp-content\/uploads\/2023\/06\/Logo-1.svg","contentUrl":"https:\/\/edu-4u.uk\/wp-content\/uploads\/2023\/06\/Logo-1.svg","width":168,"height":43},{"@type":"BreadcrumbList","@id":"https:\/\/edu-4u.uk\/cs\/pouzit\/#breadcrumb","itemListElement":[{"@type":"ListItem","position":1,"name":"Strona g\u0142\u00f3wna","item":"https:\/\/edu-4u.uk\/cs\/"},{"@type":"ListItem","position":2,"name":"Pou\u017e\u00edt"}]},{"@type":"WebSite","@id":"https:\/\/edu-4u.uk\/cs\/#website","url":"https:\/\/edu-4u.uk\/cs\/","name":"Edu4u StudyUK | Free Help","description":"Zacznij studia w UK z Edu4u!","publisher":{"@id":"https:\/\/edu-4u.uk\/cs\/#organization"},"potentialAction":[{"@type":"SearchAction","target":{"@type":"EntryPoint","urlTemplate":"https:\/\/edu-4u.uk\/cs\/?s={search_term_string}"},"query-input":{"@type":"PropertyValueSpecification","valueRequired":true,"valueName":"search_term_string"}}],"inLanguage":"cs"},{"@type":"Organization","@id":"https:\/\/edu-4u.uk\/cs\/#organization","name":"Edu4u Study in UK","url":"https:\/\/edu-4u.uk\/cs\/","logo":{"@type":"ImageObject","inLanguage":"cs","@id":"https:\/\/edu-4u.uk\/cs\/#\/schema\/logo\/image\/","url":"https:\/\/edu-4u.uk\/wp-content\/uploads\/2023\/06\/Logo-1.svg","contentUrl":"https:\/\/edu-4u.uk\/wp-content\/uploads\/2023\/06\/Logo-1.svg","width":168,"height":43,"caption":"Edu4u Study in UK"},"image":{"@id":"https:\/\/edu-4u.uk\/cs\/#\/schema\/logo\/image\/"},"sameAs":["https:\/\/www.facebook.com\/Edu4uStudiaAnglia\/","https:\/\/www.tiktok.com\/@edu4u_settled_status_","https:\/\/www.instagram.com\/edu4u_polska\/?hl=en","https:\/\/www.youtube.com\/@Edu4u_Settled_Status","https:\/\/www.facebook.com\/Edu4uSettledStatus\/","https:\/\/www.instagram.com\/edu4u_settled_status\/","https:\/\/www.tiktok.com\/@edu4u_studyuk"]}]}},"_links":{"self":[{"href":"https:\/\/edu-4u.uk\/cs\/wp-json\/wp\/v2\/pages\/18618","targetHints":{"allow":["GET"]}}],"collection":[{"href":"https:\/\/edu-4u.uk\/cs\/wp-json\/wp\/v2\/pages"}],"about":[{"href":"https:\/\/edu-4u.uk\/cs\/wp-json\/wp\/v2\/types\/page"}],"author":[{"embeddable":true,"href":"https:\/\/edu-4u.uk\/cs\/wp-json\/wp\/v2\/users\/1"}],"replies":[{"embeddable":true,"href":"https:\/\/edu-4u.uk\/cs\/wp-json\/wp\/v2\/comments?post=18618"}],"version-history":[{"count":10,"href":"https:\/\/edu-4u.uk\/cs\/wp-json\/wp\/v2\/pages\/18618\/revisions"}],"predecessor-version":[{"id":25189,"href":"https:\/\/edu-4u.uk\/cs\/wp-json\/wp\/v2\/pages\/18618\/revisions\/25189"}],"wp:featuredmedia":[{"embeddable":true,"href":"https:\/\/edu-4u.uk\/cs\/wp-json\/wp\/v2\/media\/18619"}],"wp:attachment":[{"href":"https:\/\/edu-4u.uk\/cs\/wp-json\/wp\/v2\/media?parent=18618"}],"curies":[{"name":"wp","href":"https:\/\/api.w.org\/{rel}","templated":true}]}}