{"id":18614,"date":"2018-11-26T15:30:29","date_gmt":"2018-11-26T14:30:29","guid":{"rendered":"https:\/\/edu-4u.uk\/system-velvyslancu\/"},"modified":"2018-11-26T15:30:29","modified_gmt":"2018-11-26T14:30:29","slug":"system-velvyslancu","status":"publish","type":"page","link":"https:\/\/edu-4u.uk\/cs\/system-velvyslancu\/","title":{"rendered":"Syst\u00e9m velvyslanc\u016f"},"content":{"rendered":"<p><img fetchpriority=\"high\" decoding=\"async\" src=\"https:\/\/static.wixstatic.com\/media\/19fdab20a31144fc87f36b7db734297d.jpg\/v1\/fill\/w_914,h_400,al_c,q_90\/19fdab20a31144fc87f36b7db734297d.webp\" data-lazy-type=\"image\" data-src=\"https:\/\/static.wixstatic.com\/media\/19fdab20a31144fc87f36b7db734297d.jpg\/v1\/fill\/w_914,h_400,al_c,q_90\/19fdab20a31144fc87f36b7db734297d.webp\" width=\"914\" height=\"400\"><\/p>\n<p><strong>Program velvyslanc\u016f Edu4u<\/strong><\/p>\n<p>Pokud v\u00edte o n\u011bkom, kdo by se cht\u011bl p\u0159ihl\u00e1sit na britskou univerzitu nebo vysokou \u0161kolu, dejte n\u00e1m v\u011bd\u011bt! Na\u0161im ambasador\u016fm nab\u00edz\u00edme 200 a\u017e 700 liber na studenta. M\u016f\u017eete doporu\u010dit sv\u00e9 p\u0159\u00e1tele a rodinu, nebo dokonce za\u010d\u00edt nab\u00edrat lidi pro Edu4u a p\u0159idat se k na\u0161emu t\u00fdmu!<br \/>\nNa\u0161i uchaze\u010di se o mo\u017enosti studovat ve Velk\u00e9 Brit\u00e1nii \u010dasto dozv\u011bd\u011bli n\u00e1hodou, kdy\u017e narazili na n\u011bkter\u00e9ho z na\u0161ich ambasador\u016f, na na\u0161ich webov\u00fdch str\u00e1nk\u00e1ch nebo p\u0159i rozhovorech s n\u00e1hodn\u011b potkan\u00fdmi lidmi.<\/p>\n<p><strong>Jak to funguje<\/strong><br \/>\n1. Najd\u011bte z\u00e1jemce o studium ve Velk\u00e9 Brit\u00e1nii.<br \/>\n2. Napi\u0161te n\u00e1m na <span style=\"text-decoration: underline; color: #ff9900;\"><br \/>\n  <a href=\"https:\/\/wa.me\/447511807765\" style=\"color: #ff9900; text-decoration: underline;\">WhatsApp<\/a><br \/>\n<\/span> nebo po\u0161lete e-mail.<br \/>\n3. P\u0159\u00edstup k propaga\u010dn\u00edm materi\u00e1l\u016fm a seznamu uchaze\u010d\u016f.<br \/>\n4. Kdy\u017e v\u00e1\u0161 kandid\u00e1t \u00fasp\u011b\u0161n\u011b zah\u00e1j\u00ed studium, obdr\u017e\u00edte od Edu4u odm\u011bnu!<br \/>\n<strong>Na\u0161e provizn\u00ed struktura<\/strong><br \/>\n1-3 studenti &#8211; 200 liber na studenta<br \/>\n4-9 student\u016f &#8211; 300 liber na studenta<br \/>\n10-15 student\u016f &#8211; 500 liber na studenta<br \/>\nStudenti 16+ &#8211; 700 liber na studenta<br \/>\nP\u0159\u00edklad:<br \/>\nP\u0159ijali jste 11 student\u016f:<br \/>\n11*500 GBP = 5500 GBP<br \/>\nM\u016f\u017eete se\u010d\u00edst studenty v ka\u017ed\u00e9m akademick\u00e9m roce, kter\u00fd za\u010d\u00edn\u00e1 v z\u00e1\u0159\u00ed a kon\u010d\u00ed v srpnu.<\/p>\n<p><strong>Ambasadorsk\u00fd program Pro<\/strong><br \/>\nZ\u00edskejte z\u00e1kladn\u00ed plat + provizi za n\u00e1bor student\u016f<br \/>\nNapi\u0161te n\u00e1m na <span style=\"text-decoration: underline; color: #ff9900;\"><br \/>\n  <a href=\"https:\/\/wa.me\/447511807765\" style=\"color: #ff9900; text-decoration: underline;\">WhatsApp<\/a><br \/>\n<\/span> nebo e-mailem a p\u0159ipojte se k programu Ambassador Scheme Pro.<br \/>\n<span \n                data-original-string=\"aRacYJxBUNvch9zWd7zJ0g==9b9ZTM\/VNSvFZ1\/wEQarm2nc3CIqbcn06AGNW8EkXBJXJc=\"\n                class=\"apbct-email-encoder\"\n                title=\"This contact has been encoded by Anti-Spam by CleanTalk. Click to decode. To finish the decoding make sure that JavaScript is enabled in your browser.\">of<span class=\"apbct-blur\">****@ed****.<\/span>eu<\/span><br \/>\n<strong>Jako \u010dlen na\u0161eho t\u00fdmu z\u00edsk\u00e1te:<\/strong><\/p>\n<ul>\n<li>Nejlep\u0161\u00ed ambasado\u0159i maj\u00ed \u0161anci na postup v r\u00e1mci organizace, co\u017e jim umo\u017e\u0148uje z\u00edskat praktick\u00e9 zku\u0161enosti na mana\u017eersk\u00e9 \u00farovni ji\u017e v ran\u00e9 f\u00e1zi jejich vzd\u011bl\u00e1vac\u00ed cesty.<\/li>\n<li>Kompletn\u00ed \u0161kolen\u00ed, po\u010d\u00ednaje procesem pod\u00e1v\u00e1n\u00ed \u017e\u00e1dost\u00ed a kon\u010de \u010dist\u011b marketingov\u00fdmi ot\u00e1zkami,<\/li>\n<li>Podpora ostatn\u00edch \u010dlen\u016f programu,<\/li>\n<li>\u0160kolen\u00ed a propaga\u010dn\u00ed materi\u00e1ly,<\/li>\n<li>\u00dahrada n\u00e1klad\u016f na logistiku.<\/li>\n<\/ul>\n<p><span style=\"text-decoration: underline; color: #ff9900;\"><a href=\"https:\/\/wa.me\/447511807765\" style=\"color: #ff9900;\"><strong>Spojte se s n\u00e1mi!<\/strong><\/a><\/span><\/p>\n<p><iframe title=\"Ambassador scheme | Study in the UK | Free help\" width=\"750\" height=\"422\" data-src=\"https:\/\/www.youtube.com\/embed\/OlBkQFgcMSs?feature=oembed\" frameborder=\"0\" allow=\"accelerometer; autoplay; clipboard-write; encrypted-media; gyroscope; picture-in-picture; web-share\" allowfullscreen src=\"data:image\/gif;base64,R0lGODlhAQABAAAAACH5BAEKAAEALAAAAAABAAEAAAICTAEAOw==\" class=\"lazyload\" data-load-mode=\"1\"><\/iframe><\/p>\n","protected":false},"excerpt":{"rendered":"<p>Program velvyslanc\u016f Edu4u Pokud v\u00edte o n\u011bkom, kdo by se cht\u011bl p\u0159ihl\u00e1sit na britskou univerzitu nebo vysokou \u0161kolu, dejte n\u00e1m v\u011bd\u011bt! Na\u0161im ambasador\u016fm nab\u00edz\u00edme 200 a\u017e 700 liber na studenta. M\u016f\u017eete doporu\u010dit sv\u00e9 p\u0159\u00e1tele a rodinu, nebo dokonce za\u010d\u00edt nab\u00edrat lidi pro Edu4u a p\u0159idat se k na\u0161emu t\u00fdmu! Na\u0161i [&hellip;]<\/p>\n","protected":false},"author":1,"featured_media":0,"parent":0,"menu_order":0,"comment_status":"closed","ping_status":"closed","template":"","meta":{"_acf_changed":false,"footnotes":""},"class_list":["post-18614","page","type-page","status-publish","hentry"],"acf":[],"yoast_head":"<!-- This site is optimized with the Yoast SEO plugin v24.0 - https:\/\/yoast.com\/wordpress\/plugins\/seo\/ -->\n<title>Syst\u00e9m velvyslanc\u016f | Bezp\u0142atna pomoc | Edu4u<\/title>\n<meta name=\"robots\" content=\"index, follow, max-snippet:-1, max-image-preview:large, max-video-preview:-1\" \/>\n<link rel=\"canonical\" href=\"https:\/\/edu-4u.uk\/cs\/system-velvyslancu\/\" \/>\n<meta property=\"og:locale\" content=\"cs_CZ\" \/>\n<meta property=\"og:type\" content=\"article\" \/>\n<meta property=\"og:title\" content=\"Syst\u00e9m velvyslanc\u016f | Bezp\u0142atna pomoc | Edu4u\" \/>\n<meta property=\"og:description\" content=\"Program velvyslanc\u016f Edu4u Pokud v\u00edte o n\u011bkom, kdo by se cht\u011bl p\u0159ihl\u00e1sit na britskou univerzitu nebo vysokou \u0161kolu, dejte n\u00e1m v\u011bd\u011bt! Na\u0161im ambasador\u016fm nab\u00edz\u00edme 200 a\u017e 700 liber na studenta. M\u016f\u017eete doporu\u010dit sv\u00e9 p\u0159\u00e1tele a rodinu, nebo dokonce za\u010d\u00edt nab\u00edrat lidi pro Edu4u a p\u0159idat se k na\u0161emu t\u00fdmu! Na\u0161i [&hellip;]\" \/>\n<meta property=\"og:url\" content=\"https:\/\/edu-4u.uk\/cs\/system-velvyslancu\/\" \/>\n<meta property=\"og:site_name\" content=\"Bezp\u0142atna pomoc | Edu4u\" \/>\n<meta property=\"article:publisher\" content=\"https:\/\/www.facebook.com\/Edu4uStudiaAnglia\/\" \/>\n<meta property=\"og:image\" content=\"https:\/\/static.wixstatic.com\/media\/19fdab20a31144fc87f36b7db734297d.jpg\/v1\/fill\/w_914,h_400,al_c,q_90\/19fdab20a31144fc87f36b7db734297d.webp\" \/>\n<meta name=\"twitter:label1\" content=\"Odhadovan\u00e1 doba \u010dten\u00ed\" \/>\n\t<meta name=\"twitter:data1\" content=\"2 minuty\" \/>\n<script type=\"application\/ld+json\" class=\"yoast-schema-graph\">{\"@context\":\"https:\/\/schema.org\",\"@graph\":[{\"@type\":\"WebPage\",\"@id\":\"https:\/\/edu-4u.uk\/cs\/system-velvyslancu\/\",\"url\":\"https:\/\/edu-4u.uk\/cs\/system-velvyslancu\/\",\"name\":\"Syst\u00e9m velvyslanc\u016f | Bezp\u0142atna pomoc | Edu4u\",\"isPartOf\":{\"@id\":\"https:\/\/edu-4u.uk\/cs\/#website\"},\"primaryImageOfPage\":{\"@id\":\"https:\/\/edu-4u.uk\/cs\/system-velvyslancu\/#primaryimage\"},\"image\":{\"@id\":\"https:\/\/edu-4u.uk\/cs\/system-velvyslancu\/#primaryimage\"},\"thumbnailUrl\":\"https:\/\/static.wixstatic.com\/media\/19fdab20a31144fc87f36b7db734297d.jpg\/v1\/fill\/w_914,h_400,al_c,q_90\/19fdab20a31144fc87f36b7db734297d.webp\",\"datePublished\":\"2018-11-26T14:30:29+00:00\",\"dateModified\":\"2018-11-26T14:30:29+00:00\",\"breadcrumb\":{\"@id\":\"https:\/\/edu-4u.uk\/cs\/system-velvyslancu\/#breadcrumb\"},\"inLanguage\":\"cs\",\"potentialAction\":[{\"@type\":\"ReadAction\",\"target\":[\"https:\/\/edu-4u.uk\/cs\/system-velvyslancu\/\"]}]},{\"@type\":\"ImageObject\",\"inLanguage\":\"cs\",\"@id\":\"https:\/\/edu-4u.uk\/cs\/system-velvyslancu\/#primaryimage\",\"url\":\"https:\/\/static.wixstatic.com\/media\/19fdab20a31144fc87f36b7db734297d.jpg\/v1\/fill\/w_914,h_400,al_c,q_90\/19fdab20a31144fc87f36b7db734297d.webp\",\"contentUrl\":\"https:\/\/static.wixstatic.com\/media\/19fdab20a31144fc87f36b7db734297d.jpg\/v1\/fill\/w_914,h_400,al_c,q_90\/19fdab20a31144fc87f36b7db734297d.webp\"},{\"@type\":\"BreadcrumbList\",\"@id\":\"https:\/\/edu-4u.uk\/cs\/system-velvyslancu\/#breadcrumb\",\"itemListElement\":[{\"@type\":\"ListItem\",\"position\":1,\"name\":\"Strona g\u0142\u00f3wna\",\"item\":\"https:\/\/edu-4u.uk\/cs\/\"},{\"@type\":\"ListItem\",\"position\":2,\"name\":\"Syst\u00e9m velvyslanc\u016f\"}]},{\"@type\":\"WebSite\",\"@id\":\"https:\/\/edu-4u.uk\/cs\/#website\",\"url\":\"https:\/\/edu-4u.uk\/cs\/\",\"name\":\"Edu4u StudyUK | Free Help\",\"description\":\"Zacznij studia w UK z Edu4u!\",\"publisher\":{\"@id\":\"https:\/\/edu-4u.uk\/cs\/#organization\"},\"potentialAction\":[{\"@type\":\"SearchAction\",\"target\":{\"@type\":\"EntryPoint\",\"urlTemplate\":\"https:\/\/edu-4u.uk\/cs\/?s={search_term_string}\"},\"query-input\":{\"@type\":\"PropertyValueSpecification\",\"valueRequired\":true,\"valueName\":\"search_term_string\"}}],\"inLanguage\":\"cs\"},{\"@type\":\"Organization\",\"@id\":\"https:\/\/edu-4u.uk\/cs\/#organization\",\"name\":\"Edu4u Study in UK\",\"url\":\"https:\/\/edu-4u.uk\/cs\/\",\"logo\":{\"@type\":\"ImageObject\",\"inLanguage\":\"cs\",\"@id\":\"https:\/\/edu-4u.uk\/cs\/#\/schema\/logo\/image\/\",\"url\":\"https:\/\/edu-4u.uk\/wp-content\/uploads\/2023\/06\/Logo-1.svg\",\"contentUrl\":\"https:\/\/edu-4u.uk\/wp-content\/uploads\/2023\/06\/Logo-1.svg\",\"width\":168,\"height\":43,\"caption\":\"Edu4u Study in UK\"},\"image\":{\"@id\":\"https:\/\/edu-4u.uk\/cs\/#\/schema\/logo\/image\/\"},\"sameAs\":[\"https:\/\/www.facebook.com\/Edu4uStudiaAnglia\/\",\"https:\/\/www.tiktok.com\/@edu4u_settled_status_\",\"https:\/\/www.instagram.com\/edu4u_polska\/?hl=en\",\"https:\/\/www.youtube.com\/@Edu4u_Settled_Status\",\"https:\/\/www.facebook.com\/Edu4uSettledStatus\/\",\"https:\/\/www.instagram.com\/edu4u_settled_status\/\",\"https:\/\/www.tiktok.com\/@edu4u_studyuk\"]}]}<\/script>\n<!-- \/ Yoast SEO plugin. -->","yoast_head_json":{"title":"Syst\u00e9m velvyslanc\u016f | Bezp\u0142atna pomoc | Edu4u","robots":{"index":"index","follow":"follow","max-snippet":"max-snippet:-1","max-image-preview":"max-image-preview:large","max-video-preview":"max-video-preview:-1"},"canonical":"https:\/\/edu-4u.uk\/cs\/system-velvyslancu\/","og_locale":"cs_CZ","og_type":"article","og_title":"Syst\u00e9m velvyslanc\u016f | Bezp\u0142atna pomoc | Edu4u","og_description":"Program velvyslanc\u016f Edu4u Pokud v\u00edte o n\u011bkom, kdo by se cht\u011bl p\u0159ihl\u00e1sit na britskou univerzitu nebo vysokou \u0161kolu, dejte n\u00e1m v\u011bd\u011bt! Na\u0161im ambasador\u016fm nab\u00edz\u00edme 200 a\u017e 700 liber na studenta. M\u016f\u017eete doporu\u010dit sv\u00e9 p\u0159\u00e1tele a rodinu, nebo dokonce za\u010d\u00edt nab\u00edrat lidi pro Edu4u a p\u0159idat se k na\u0161emu t\u00fdmu! Na\u0161i [&hellip;]","og_url":"https:\/\/edu-4u.uk\/cs\/system-velvyslancu\/","og_site_name":"Bezp\u0142atna pomoc | Edu4u","article_publisher":"https:\/\/www.facebook.com\/Edu4uStudiaAnglia\/","og_image":[{"url":"https:\/\/static.wixstatic.com\/media\/19fdab20a31144fc87f36b7db734297d.jpg\/v1\/fill\/w_914,h_400,al_c,q_90\/19fdab20a31144fc87f36b7db734297d.webp","type":"","width":"","height":""}],"twitter_misc":{"Odhadovan\u00e1 doba \u010dten\u00ed":"2 minuty"},"schema":{"@context":"https:\/\/schema.org","@graph":[{"@type":"WebPage","@id":"https:\/\/edu-4u.uk\/cs\/system-velvyslancu\/","url":"https:\/\/edu-4u.uk\/cs\/system-velvyslancu\/","name":"Syst\u00e9m velvyslanc\u016f | Bezp\u0142atna pomoc | Edu4u","isPartOf":{"@id":"https:\/\/edu-4u.uk\/cs\/#website"},"primaryImageOfPage":{"@id":"https:\/\/edu-4u.uk\/cs\/system-velvyslancu\/#primaryimage"},"image":{"@id":"https:\/\/edu-4u.uk\/cs\/system-velvyslancu\/#primaryimage"},"thumbnailUrl":"https:\/\/static.wixstatic.com\/media\/19fdab20a31144fc87f36b7db734297d.jpg\/v1\/fill\/w_914,h_400,al_c,q_90\/19fdab20a31144fc87f36b7db734297d.webp","datePublished":"2018-11-26T14:30:29+00:00","dateModified":"2018-11-26T14:30:29+00:00","breadcrumb":{"@id":"https:\/\/edu-4u.uk\/cs\/system-velvyslancu\/#breadcrumb"},"inLanguage":"cs","potentialAction":[{"@type":"ReadAction","target":["https:\/\/edu-4u.uk\/cs\/system-velvyslancu\/"]}]},{"@type":"ImageObject","inLanguage":"cs","@id":"https:\/\/edu-4u.uk\/cs\/system-velvyslancu\/#primaryimage","url":"https:\/\/static.wixstatic.com\/media\/19fdab20a31144fc87f36b7db734297d.jpg\/v1\/fill\/w_914,h_400,al_c,q_90\/19fdab20a31144fc87f36b7db734297d.webp","contentUrl":"https:\/\/static.wixstatic.com\/media\/19fdab20a31144fc87f36b7db734297d.jpg\/v1\/fill\/w_914,h_400,al_c,q_90\/19fdab20a31144fc87f36b7db734297d.webp"},{"@type":"BreadcrumbList","@id":"https:\/\/edu-4u.uk\/cs\/system-velvyslancu\/#breadcrumb","itemListElement":[{"@type":"ListItem","position":1,"name":"Strona g\u0142\u00f3wna","item":"https:\/\/edu-4u.uk\/cs\/"},{"@type":"ListItem","position":2,"name":"Syst\u00e9m velvyslanc\u016f"}]},{"@type":"WebSite","@id":"https:\/\/edu-4u.uk\/cs\/#website","url":"https:\/\/edu-4u.uk\/cs\/","name":"Edu4u StudyUK | Free Help","description":"Zacznij studia w UK z Edu4u!","publisher":{"@id":"https:\/\/edu-4u.uk\/cs\/#organization"},"potentialAction":[{"@type":"SearchAction","target":{"@type":"EntryPoint","urlTemplate":"https:\/\/edu-4u.uk\/cs\/?s={search_term_string}"},"query-input":{"@type":"PropertyValueSpecification","valueRequired":true,"valueName":"search_term_string"}}],"inLanguage":"cs"},{"@type":"Organization","@id":"https:\/\/edu-4u.uk\/cs\/#organization","name":"Edu4u Study in UK","url":"https:\/\/edu-4u.uk\/cs\/","logo":{"@type":"ImageObject","inLanguage":"cs","@id":"https:\/\/edu-4u.uk\/cs\/#\/schema\/logo\/image\/","url":"https:\/\/edu-4u.uk\/wp-content\/uploads\/2023\/06\/Logo-1.svg","contentUrl":"https:\/\/edu-4u.uk\/wp-content\/uploads\/2023\/06\/Logo-1.svg","width":168,"height":43,"caption":"Edu4u Study in UK"},"image":{"@id":"https:\/\/edu-4u.uk\/cs\/#\/schema\/logo\/image\/"},"sameAs":["https:\/\/www.facebook.com\/Edu4uStudiaAnglia\/","https:\/\/www.tiktok.com\/@edu4u_settled_status_","https:\/\/www.instagram.com\/edu4u_polska\/?hl=en","https:\/\/www.youtube.com\/@Edu4u_Settled_Status","https:\/\/www.facebook.com\/Edu4uSettledStatus\/","https:\/\/www.instagram.com\/edu4u_settled_status\/","https:\/\/www.tiktok.com\/@edu4u_studyuk"]}]}},"_links":{"self":[{"href":"https:\/\/edu-4u.uk\/cs\/wp-json\/wp\/v2\/pages\/18614","targetHints":{"allow":["GET"]}}],"collection":[{"href":"https:\/\/edu-4u.uk\/cs\/wp-json\/wp\/v2\/pages"}],"about":[{"href":"https:\/\/edu-4u.uk\/cs\/wp-json\/wp\/v2\/types\/page"}],"author":[{"embeddable":true,"href":"https:\/\/edu-4u.uk\/cs\/wp-json\/wp\/v2\/users\/1"}],"replies":[{"embeddable":true,"href":"https:\/\/edu-4u.uk\/cs\/wp-json\/wp\/v2\/comments?post=18614"}],"version-history":[{"count":0,"href":"https:\/\/edu-4u.uk\/cs\/wp-json\/wp\/v2\/pages\/18614\/revisions"}],"wp:attachment":[{"href":"https:\/\/edu-4u.uk\/cs\/wp-json\/wp\/v2\/media?parent=18614"}],"curies":[{"name":"wp","href":"https:\/\/api.w.org\/{rel}","templated":true}]}}