{"id":18488,"date":"2018-10-30T23:28:53","date_gmt":"2018-10-30T22:28:53","guid":{"rendered":"https:\/\/edu-4u.uk\/o-nas\/"},"modified":"2024-03-16T14:45:18","modified_gmt":"2024-03-16T13:45:18","slug":"o-nas","status":"publish","type":"page","link":"https:\/\/edu-4u.uk\/cs\/o-nas\/","title":{"rendered":"O n\u00e1s"},"content":{"rendered":"\t\t<div data-elementor-type=\"wp-post\" data-elementor-id=\"18488\" class=\"elementor elementor-18488 elementor-76\">\n\t\t\t\t\t\t<section class=\"elementor-section elementor-top-section elementor-element elementor-element-59363ac4 elementor-section-boxed elementor-section-height-default elementor-section-height-default\" data-id=\"59363ac4\" data-element_type=\"section\">\n\t\t\t\t\t\t<div class=\"elementor-container elementor-column-gap-default\">\n\t\t\t\t\t<div class=\"elementor-column elementor-col-100 elementor-top-column elementor-element elementor-element-65b19dfd\" data-id=\"65b19dfd\" data-element_type=\"column\">\n\t\t\t<div class=\"elementor-widget-wrap elementor-element-populated\">\n\t\t\t\t\t\t<div class=\"elementor-element elementor-element-57c906ff elementor-widget elementor-widget-image\" data-id=\"57c906ff\" data-element_type=\"widget\" data-widget_type=\"image.default\">\n\t\t\t\t<div class=\"elementor-widget-container\">\n\t\t\t\t\t\t\t\t\t\t\t\t\t\t\t<img fetchpriority=\"high\" decoding=\"async\" width=\"1100\" height=\"450\" src=\"https:\/\/edu-4u.uk\/wp-content\/uploads\/2024\/03\/O-nas-edu4u.png\" class=\"attachment-full size-full wp-image-18691\" alt=\"O n\u00e1s edu4u\" srcset=\"https:\/\/b3292720.smushcdn.com\/3292720\/wp-content\/uploads\/2024\/03\/O-nas-edu4u.png?lossy=2&amp;strip=1&amp;webp=1 1100w, https:\/\/b3292720.smushcdn.com\/3292720\/wp-content\/uploads\/2024\/03\/O-nas-edu4u-300x123.png?lossy=2&amp;strip=1&amp;webp=1 300w, https:\/\/b3292720.smushcdn.com\/3292720\/wp-content\/uploads\/2024\/03\/O-nas-edu4u-1024x419.png?lossy=2&amp;strip=1&amp;webp=1 1024w, https:\/\/b3292720.smushcdn.com\/3292720\/wp-content\/uploads\/2024\/03\/O-nas-edu4u-768x314.png?lossy=2&amp;strip=1&amp;webp=1 768w\" sizes=\"(max-width: 1100px) 100vw, 1100px\" \/>\t\t\t\t\t\t\t\t\t\t\t\t\t\t\t<\/div>\n\t\t\t\t<\/div>\n\t\t\t\t\t<\/div>\n\t\t<\/div>\n\t\t\t\t\t<\/div>\n\t\t<\/section>\n\t\t\t\t<section class=\"elementor-section elementor-top-section elementor-element elementor-element-33009439 elementor-reverse-mobile elementor-section-boxed elementor-section-height-default elementor-section-height-default\" data-id=\"33009439\" data-element_type=\"section\">\n\t\t\t\t\t\t<div class=\"elementor-container elementor-column-gap-default\">\n\t\t\t\t\t<div class=\"elementor-column elementor-col-100 elementor-top-column elementor-element elementor-element-68e1625d\" data-id=\"68e1625d\" data-element_type=\"column\">\n\t\t\t<div class=\"elementor-widget-wrap elementor-element-populated\">\n\t\t\t\t\t\t<div class=\"elementor-element elementor-element-45154f6f elementor-widget elementor-widget-heading\" data-id=\"45154f6f\" data-element_type=\"widget\" data-widget_type=\"heading.default\">\n\t\t\t\t<div class=\"elementor-widget-container\">\n\t\t\t\t\t<h1 class=\"elementor-heading-title elementor-size-default\">O n\u00e1s<\/h1>\t\t\t\t<\/div>\n\t\t\t\t<\/div>\n\t\t\t\t<div class=\"elementor-element elementor-element-7cead1a2 elementor-widget elementor-widget-text-editor\" data-id=\"7cead1a2\" data-element_type=\"widget\" data-widget_type=\"text-editor.default\">\n\t\t\t\t<div class=\"elementor-widget-container\">\n\t\t\t\t\t\t\t\t\t<p><em><b>EDU4U<\/b><span> <\/span>Jedn\u00e1 se o t\u00fdm poradc\u016f, konzultant\u016f a vzd\u011bl\u00e1vac\u00edch ambasador\u016f p\u016fsob\u00edc\u00edch ve Velk\u00e9 Brit\u00e1nii a Polsku. Jsme organizov\u00e1ni na pomoc mlad\u00fdm ambici\u00f3zn\u00edm lidem, kte\u0159\u00ed cht\u011bj\u00ed dos\u00e1hnout \u00fasp\u011bchu a pokra\u010dovat ve vysoko\u0161kolsk\u00e9m studiu ve Velk\u00e9 Brit\u00e1nii.<\/em><\/p>\n<p class=\"font_8\">\n<p class=\"font_8\">\n<ul><\/ul>\n<p class=\"font_8\">\n\t\t\t\t\t\t\t\t<\/div>\n\t\t\t\t<\/div>\n\t\t\t\t<div class=\"elementor-element elementor-element-cfd60df elementor-widget elementor-widget-text-editor\" data-id=\"cfd60df\" data-element_type=\"widget\" data-widget_type=\"text-editor.default\">\n\t\t\t\t<div class=\"elementor-widget-container\">\n\t\t\t\t\t\t\t\t\t<p class=\"font_8\" style=\"font-size: 18px;\"><strong>Na\u0161e posl\u00e1n\u00ed<\/strong><\/p>\n<p class=\"font_8\" style=\"font-size: 18px;\">Chceme m\u00edt pozitivn\u00ed vliv na vzd\u011bl\u00e1v\u00e1n\u00ed mlad\u00fdch lid\u00ed.<\/p>\n<p class=\"font_8\" style=\"font-size: 18px;\">Ambic\u00ed Edu4u je b\u00fdt organizac\u00ed, kter\u00e1 p\u0159esn\u011b \u010dte a p\u0159edv\u00edd\u00e1 pot\u0159eby vysok\u00e9ho \u0161kolstv\u00ed a dok\u00e1\u017ee na n\u011b reagovat.<\/p>\n\t\t\t\t\t\t\t\t<\/div>\n\t\t\t\t<\/div>\n\t\t\t\t<div class=\"elementor-element elementor-element-aceb381 elementor-widget elementor-widget-text-editor\" data-id=\"aceb381\" data-element_type=\"widget\" data-widget_type=\"text-editor.default\">\n\t\t\t\t<div class=\"elementor-widget-container\">\n\t\t\t\t\t\t\t\t\t<p class=\"font_8\" style=\"font-size: 18px;\"><strong>Na\u0161e hodnoty<\/strong><\/p>\n<p class=\"font_8\" style=\"font-size: 18px;\">Edu4u jsou p\u0159edev\u0161\u00edm lid\u00e9, kte\u0159\u00ed sd\u00edlej\u00ed spolupr\u00e1ci zam\u011b\u0159enou na pochopen\u00ed a p\u0159esnou reakci na vzd\u011bl\u00e1vac\u00ed pot\u0159eby mlad\u00fdch lid\u00ed a odpov\u011bdnost za jejich spokojenost. Spole\u010dn\u00e9 hodnoty jsou z\u00e1kladem pro rozvoj organizace a pro budov\u00e1n\u00ed d\u016fv\u011bry ve vztaz\u00edch s nimi.<\/p>\n<ul>\n<li class=\"font_8\">Kvalita a inovace<\/li>\n<li class=\"font_8\">Otev\u0159enost a respekt<\/li>\n<li class=\"font_8\">Etika a odpov\u011bdnost v akci<\/li>\n<li class=\"font_8\">Spolupr\u00e1ce a rozvoj<\/li>\n<\/ul>\n\t\t\t\t\t\t\t\t<\/div>\n\t\t\t\t<\/div>\n\t\t\t\t<div class=\"elementor-element elementor-element-e74d521 elementor-widget elementor-widget-text-editor\" data-id=\"e74d521\" data-element_type=\"widget\" data-widget_type=\"text-editor.default\">\n\t\t\t\t<div class=\"elementor-widget-container\">\n\t\t\t\t\t\t\t\t\t<p style=\"font-size: 18px;\"><strong>Na\u0161e \u00fakoly<\/strong><\/p>\n<ul>\n<li>Bezplatn\u00e1 pomoc p\u0159i studiu ve Velk\u00e9 Brit\u00e1nii<\/li>\n<li>Odborn\u00e9 poradenstv\u00ed p\u0159i v\u00fdb\u011bru kurzu a univerzity<\/li>\n<li>Komplexn\u00ed a profesion\u00e1ln\u00ed pomoc v procesu pod\u00e1v\u00e1n\u00ed \u017e\u00e1dost\u00ed.<\/li>\n<li>Podpora b\u011bhem studia<\/li>\n<\/ul>\n<p style=\"font-size: 18px;\">Pom\u00e1h\u00e1me t\u00edm, \u017ee se d\u011bl\u00edme o sv\u00e9 zku\u0161enosti, znalosti a dovednosti.  <i>V\u00e1\u0161 c\u00edl je i na\u0161\u00edm c\u00edlem.<\/i>  Poradci a konzultanti Edu4u nab\u00edzej\u00ed individu\u00e1ln\u00ed pomoc ka\u017ed\u00e9mu. N\u00e1\u0161 t\u00fdm se sna\u017e\u00ed maximalizovat va\u0161e \u0161ance na p\u0159ijet\u00ed na vysn\u011bnou univerzitu. Proto v\u00e1m porad\u00edme, jak napsat osobn\u00ed prohl\u00e1\u0161en\u00ed, zkontrolujeme reference od u\u010ditele a \u017e\u00e1dost v syst\u00e9mu UCAS a pom\u016f\u017eeme v\u00e1m z\u00edskat p\u016fj\u010dku na \u0161koln\u00e9. Rozsah na\u0161\u00ed pomoci je neomezen\u00fd, v p\u0159\u00edpad\u011b pot\u0159eby jsme v\u00e1m v\u017edy k dispozici.<\/p>\n<p style=\"font-size: 18px;\">V p\u0159\u00edpad\u011b jak\u00fdchkoli dotaz\u016f n\u00e1s m\u016f\u017eete kdykoli kontaktovat. Poskytujeme objektivn\u00ed a spolehliv\u00e9 informace.<\/p>\n<ul><\/ul>\n\t\t\t\t\t\t\t\t<\/div>\n\t\t\t\t<\/div>\n\t\t\t\t\t<\/div>\n\t\t<\/div>\n\t\t\t\t\t<\/div>\n\t\t<\/section>\n\t\t\t\t<section class=\"elementor-section elementor-top-section elementor-element elementor-element-20adc4c7 elementor-section-boxed elementor-section-height-default elementor-section-height-default\" data-id=\"20adc4c7\" data-element_type=\"section\">\n\t\t\t\t\t\t<div class=\"elementor-container elementor-column-gap-default\">\n\t\t\t\t\t<div class=\"elementor-column elementor-col-100 elementor-top-column elementor-element elementor-element-529d090c\" data-id=\"529d090c\" data-element_type=\"column\">\n\t\t\t<div class=\"elementor-widget-wrap elementor-element-populated\">\n\t\t\t\t\t\t<div class=\"elementor-element elementor-element-67428cf9 elementor-widget-divider--view-line elementor-widget elementor-widget-divider\" data-id=\"67428cf9\" data-element_type=\"widget\" data-widget_type=\"divider.default\">\n\t\t\t\t<div class=\"elementor-widget-container\">\n\t\t\t\t\t\t\t<div class=\"elementor-divider\">\n\t\t\t<span class=\"elementor-divider-separator\">\n\t\t\t\t\t\t<\/span>\n\t\t<\/div>\n\t\t\t\t\t\t<\/div>\n\t\t\t\t<\/div>\n\t\t\t\t<div class=\"elementor-element elementor-element-39a2bf0e elementor-widget elementor-widget-heading\" data-id=\"39a2bf0e\" data-element_type=\"widget\" data-widget_type=\"heading.default\">\n\t\t\t\t<div class=\"elementor-widget-container\">\n\t\t\t\t\t<h4 class=\"elementor-heading-title elementor-size-default\">Pod\u00edvejte se na \u017eeb\u0159\u00ed\u010dek a statistiky jedn\u00e9 z n\u011bkolika stovek anglick\u00fdch univerzit.<\/h4>\t\t\t\t<\/div>\n\t\t\t\t<\/div>\n\t\t\t\t\t<\/div>\n\t\t<\/div>\n\t\t\t\t\t<\/div>\n\t\t<\/section>\n\t\t\t\t<section class=\"elementor-section elementor-top-section elementor-element elementor-element-49935c7 elementor-section-boxed elementor-section-height-default elementor-section-height-default\" data-id=\"49935c7\" data-element_type=\"section\">\n\t\t\t\t\t\t<div class=\"elementor-container elementor-column-gap-default\">\n\t\t\t\t\t<div class=\"elementor-column elementor-col-100 elementor-top-column elementor-element elementor-element-514be86d\" data-id=\"514be86d\" data-element_type=\"column\">\n\t\t\t<div class=\"elementor-widget-wrap elementor-element-populated\">\n\t\t\t\t\t\t<div class=\"elementor-element elementor-element-6e27f8ad elementor-align-center elementor-mobile-align-center elementor-widget elementor-widget-button\" data-id=\"6e27f8ad\" data-element_type=\"widget\" data-widget_type=\"button.default\">\n\t\t\t\t<div class=\"elementor-widget-container\">\n\t\t\t\t\t\t\t\t\t<div class=\"elementor-button-wrapper\">\n\t\t\t\t\t<a class=\"elementor-button elementor-button-link elementor-size-lg\" href=\"https:\/\/edu-4u.uk\/uniwersytety-w-anglii\/\">\n\t\t\t\t\t\t<span class=\"elementor-button-content-wrapper\">\n\t\t\t\t\t\t<span class=\"elementor-button-icon\">\n\t\t\t\t\t\t\t\t\t<i class=\"fa fa-university\" aria-hidden=\"true\"><\/i>\n\t\t\t\t\t\t\t<\/span>\n\t\t\t\t\t\t\t\t\t<span class=\"elementor-button-text\">University Ranking<\/span>\n\t\t\t\t\t<\/span>\n\t\t\t\t\t<\/a>\n\t\t\t\t<\/div>\n\t\t\t\t\t\t\t\t<\/div>\n\t\t\t\t<\/div>\n\t\t\t\t<div class=\"elementor-element elementor-element-328b3577 elementor-widget-divider--view-line elementor-widget elementor-widget-divider\" data-id=\"328b3577\" data-element_type=\"widget\" data-widget_type=\"divider.default\">\n\t\t\t\t<div class=\"elementor-widget-container\">\n\t\t\t\t\t\t\t<div class=\"elementor-divider\">\n\t\t\t<span class=\"elementor-divider-separator\">\n\t\t\t\t\t\t<\/span>\n\t\t<\/div>\n\t\t\t\t\t\t<\/div>\n\t\t\t\t<\/div>\n\t\t\t\t\t<\/div>\n\t\t<\/div>\n\t\t\t\t\t<\/div>\n\t\t<\/section>\n\t\t\t\t<\/div>\n\t\t","protected":false},"excerpt":{"rendered":"<p>O n\u00e1s EDU4U Jedn\u00e1 se o t\u00fdm poradc\u016f, konzultant\u016f a vzd\u011bl\u00e1vac\u00edch ambasador\u016f p\u016fsob\u00edc\u00edch ve Velk\u00e9 Brit\u00e1nii a Polsku. Jsme organizov\u00e1ni na pomoc mlad\u00fdm ambici\u00f3zn\u00edm lidem, kte\u0159\u00ed cht\u011bj\u00ed dos\u00e1hnout \u00fasp\u011bchu a pokra\u010dovat ve vysoko\u0161kolsk\u00e9m studiu ve Velk\u00e9 Brit\u00e1nii. Na\u0161e posl\u00e1n\u00ed Chceme m\u00edt pozitivn\u00ed vliv na vzd\u011bl\u00e1v\u00e1n\u00ed mlad\u00fdch lid\u00ed. Ambic\u00ed Edu4u je [&hellip;]<\/p>\n","protected":false},"author":1,"featured_media":18489,"parent":0,"menu_order":0,"comment_status":"closed","ping_status":"closed","template":"page-templates\/template-pagebuilder-full-width.php","meta":{"_acf_changed":false,"footnotes":""},"class_list":["post-18488","page","type-page","status-publish","has-post-thumbnail","hentry"],"acf":[],"yoast_head":"<!-- This site is optimized with the Yoast SEO plugin v24.0 - https:\/\/yoast.com\/wordpress\/plugins\/seo\/ -->\n<title>O n\u00e1s | Bezp\u0142atna pomoc | Edu4u<\/title>\n<meta name=\"description\" content=\"EDU4U je specializovan\u00fd t\u00fdm poradc\u016f a ambasador\u016f vzd\u011bl\u00e1v\u00e1n\u00ed, kter\u00fd p\u016fsob\u00ed ve Velk\u00e9 Brit\u00e1nii a Polsku. Obra\u0165te se na n\u00e1s pro spolehlivou pomoc\" \/>\n<meta name=\"robots\" content=\"index, follow, max-snippet:-1, max-image-preview:large, max-video-preview:-1\" \/>\n<link rel=\"canonical\" href=\"https:\/\/edu-4u.uk\/cs\/o-nas\/\" \/>\n<meta property=\"og:locale\" content=\"cs_CZ\" \/>\n<meta property=\"og:type\" content=\"article\" \/>\n<meta property=\"og:title\" content=\"O n\u00e1s | Bezp\u0142atna pomoc | Edu4u\" \/>\n<meta property=\"og:description\" content=\"EDU4U je specializovan\u00fd t\u00fdm poradc\u016f a ambasador\u016f vzd\u011bl\u00e1v\u00e1n\u00ed, kter\u00fd p\u016fsob\u00ed ve Velk\u00e9 Brit\u00e1nii a Polsku. Obra\u0165te se na n\u00e1s pro spolehlivou pomoc\" \/>\n<meta property=\"og:url\" content=\"https:\/\/edu-4u.uk\/cs\/o-nas\/\" \/>\n<meta property=\"og:site_name\" content=\"Bezp\u0142atna pomoc | Edu4u\" \/>\n<meta property=\"article:publisher\" content=\"https:\/\/www.facebook.com\/Edu4uStudiaAnglia\/\" \/>\n<meta property=\"article:modified_time\" content=\"2024-03-16T13:45:18+00:00\" \/>\n<meta property=\"og:image\" content=\"https:\/\/edu-4u.uk\/wp-content\/uploads\/2018\/10\/pexels-photo-1092373.jpeg\" \/>\n\t<meta property=\"og:image:width\" content=\"1484\" \/>\n\t<meta property=\"og:image:height\" content=\"1080\" \/>\n\t<meta property=\"og:image:type\" content=\"image\/jpeg\" \/>\n<meta name=\"twitter:label1\" content=\"Odhadovan\u00e1 doba \u010dten\u00ed\" \/>\n\t<meta name=\"twitter:data1\" content=\"2 minuty\" \/>\n<script type=\"application\/ld+json\" class=\"yoast-schema-graph\">{\"@context\":\"https:\/\/schema.org\",\"@graph\":[{\"@type\":\"WebPage\",\"@id\":\"https:\/\/edu-4u.uk\/cs\/o-nas\/\",\"url\":\"https:\/\/edu-4u.uk\/cs\/o-nas\/\",\"name\":\"O n\u00e1s | Bezp\u0142atna pomoc | Edu4u\",\"isPartOf\":{\"@id\":\"https:\/\/edu-4u.uk\/cs\/#website\"},\"primaryImageOfPage\":{\"@id\":\"https:\/\/edu-4u.uk\/cs\/o-nas\/#primaryimage\"},\"image\":{\"@id\":\"https:\/\/edu-4u.uk\/cs\/o-nas\/#primaryimage\"},\"thumbnailUrl\":\"https:\/\/edu-4u.uk\/wp-content\/uploads\/2018\/10\/pexels-photo-1092373.jpeg\",\"datePublished\":\"2018-10-30T22:28:53+00:00\",\"dateModified\":\"2024-03-16T13:45:18+00:00\",\"description\":\"EDU4U je specializovan\u00fd t\u00fdm poradc\u016f a ambasador\u016f vzd\u011bl\u00e1v\u00e1n\u00ed, kter\u00fd p\u016fsob\u00ed ve Velk\u00e9 Brit\u00e1nii a Polsku. Obra\u0165te se na n\u00e1s pro spolehlivou pomoc\",\"breadcrumb\":{\"@id\":\"https:\/\/edu-4u.uk\/cs\/o-nas\/#breadcrumb\"},\"inLanguage\":\"cs\",\"potentialAction\":[{\"@type\":\"ReadAction\",\"target\":[\"https:\/\/edu-4u.uk\/cs\/o-nas\/\"]}]},{\"@type\":\"ImageObject\",\"inLanguage\":\"cs\",\"@id\":\"https:\/\/edu-4u.uk\/cs\/o-nas\/#primaryimage\",\"url\":\"https:\/\/edu-4u.uk\/wp-content\/uploads\/2018\/10\/pexels-photo-1092373.jpeg\",\"contentUrl\":\"https:\/\/edu-4u.uk\/wp-content\/uploads\/2018\/10\/pexels-photo-1092373.jpeg\",\"width\":1484,\"height\":1080},{\"@type\":\"BreadcrumbList\",\"@id\":\"https:\/\/edu-4u.uk\/cs\/o-nas\/#breadcrumb\",\"itemListElement\":[{\"@type\":\"ListItem\",\"position\":1,\"name\":\"Strona g\u0142\u00f3wna\",\"item\":\"https:\/\/edu-4u.uk\/cs\/\"},{\"@type\":\"ListItem\",\"position\":2,\"name\":\"O n\u00e1s\"}]},{\"@type\":\"WebSite\",\"@id\":\"https:\/\/edu-4u.uk\/cs\/#website\",\"url\":\"https:\/\/edu-4u.uk\/cs\/\",\"name\":\"Edu4u StudyUK | Free Help\",\"description\":\"Zacznij studia w UK z Edu4u!\",\"publisher\":{\"@id\":\"https:\/\/edu-4u.uk\/cs\/#organization\"},\"potentialAction\":[{\"@type\":\"SearchAction\",\"target\":{\"@type\":\"EntryPoint\",\"urlTemplate\":\"https:\/\/edu-4u.uk\/cs\/?s={search_term_string}\"},\"query-input\":{\"@type\":\"PropertyValueSpecification\",\"valueRequired\":true,\"valueName\":\"search_term_string\"}}],\"inLanguage\":\"cs\"},{\"@type\":\"Organization\",\"@id\":\"https:\/\/edu-4u.uk\/cs\/#organization\",\"name\":\"Edu4u Study in UK\",\"url\":\"https:\/\/edu-4u.uk\/cs\/\",\"logo\":{\"@type\":\"ImageObject\",\"inLanguage\":\"cs\",\"@id\":\"https:\/\/edu-4u.uk\/cs\/#\/schema\/logo\/image\/\",\"url\":\"https:\/\/edu-4u.uk\/wp-content\/uploads\/2023\/06\/Logo-1.svg\",\"contentUrl\":\"https:\/\/edu-4u.uk\/wp-content\/uploads\/2023\/06\/Logo-1.svg\",\"width\":168,\"height\":43,\"caption\":\"Edu4u Study in UK\"},\"image\":{\"@id\":\"https:\/\/edu-4u.uk\/cs\/#\/schema\/logo\/image\/\"},\"sameAs\":[\"https:\/\/www.facebook.com\/Edu4uStudiaAnglia\/\",\"https:\/\/www.tiktok.com\/@edu4u_settled_status_\",\"https:\/\/www.instagram.com\/edu4u_polska\/?hl=en\",\"https:\/\/www.youtube.com\/@Edu4u_Settled_Status\",\"https:\/\/www.facebook.com\/Edu4uSettledStatus\/\",\"https:\/\/www.instagram.com\/edu4u_settled_status\/\",\"https:\/\/www.tiktok.com\/@edu4u_studyuk\"]}]}<\/script>\n<!-- \/ Yoast SEO plugin. -->","yoast_head_json":{"title":"O n\u00e1s | Bezp\u0142atna pomoc | Edu4u","description":"EDU4U je specializovan\u00fd t\u00fdm poradc\u016f a ambasador\u016f vzd\u011bl\u00e1v\u00e1n\u00ed, kter\u00fd p\u016fsob\u00ed ve Velk\u00e9 Brit\u00e1nii a Polsku. Obra\u0165te se na n\u00e1s pro spolehlivou pomoc","robots":{"index":"index","follow":"follow","max-snippet":"max-snippet:-1","max-image-preview":"max-image-preview:large","max-video-preview":"max-video-preview:-1"},"canonical":"https:\/\/edu-4u.uk\/cs\/o-nas\/","og_locale":"cs_CZ","og_type":"article","og_title":"O n\u00e1s | Bezp\u0142atna pomoc | Edu4u","og_description":"EDU4U je specializovan\u00fd t\u00fdm poradc\u016f a ambasador\u016f vzd\u011bl\u00e1v\u00e1n\u00ed, kter\u00fd p\u016fsob\u00ed ve Velk\u00e9 Brit\u00e1nii a Polsku. Obra\u0165te se na n\u00e1s pro spolehlivou pomoc","og_url":"https:\/\/edu-4u.uk\/cs\/o-nas\/","og_site_name":"Bezp\u0142atna pomoc | Edu4u","article_publisher":"https:\/\/www.facebook.com\/Edu4uStudiaAnglia\/","article_modified_time":"2024-03-16T13:45:18+00:00","og_image":[{"width":1484,"height":1080,"url":"https:\/\/edu-4u.uk\/wp-content\/uploads\/2018\/10\/pexels-photo-1092373.jpeg","type":"image\/jpeg"}],"twitter_misc":{"Odhadovan\u00e1 doba \u010dten\u00ed":"2 minuty"},"schema":{"@context":"https:\/\/schema.org","@graph":[{"@type":"WebPage","@id":"https:\/\/edu-4u.uk\/cs\/o-nas\/","url":"https:\/\/edu-4u.uk\/cs\/o-nas\/","name":"O n\u00e1s | Bezp\u0142atna pomoc | Edu4u","isPartOf":{"@id":"https:\/\/edu-4u.uk\/cs\/#website"},"primaryImageOfPage":{"@id":"https:\/\/edu-4u.uk\/cs\/o-nas\/#primaryimage"},"image":{"@id":"https:\/\/edu-4u.uk\/cs\/o-nas\/#primaryimage"},"thumbnailUrl":"https:\/\/edu-4u.uk\/wp-content\/uploads\/2018\/10\/pexels-photo-1092373.jpeg","datePublished":"2018-10-30T22:28:53+00:00","dateModified":"2024-03-16T13:45:18+00:00","description":"EDU4U je specializovan\u00fd t\u00fdm poradc\u016f a ambasador\u016f vzd\u011bl\u00e1v\u00e1n\u00ed, kter\u00fd p\u016fsob\u00ed ve Velk\u00e9 Brit\u00e1nii a Polsku. Obra\u0165te se na n\u00e1s pro spolehlivou pomoc","breadcrumb":{"@id":"https:\/\/edu-4u.uk\/cs\/o-nas\/#breadcrumb"},"inLanguage":"cs","potentialAction":[{"@type":"ReadAction","target":["https:\/\/edu-4u.uk\/cs\/o-nas\/"]}]},{"@type":"ImageObject","inLanguage":"cs","@id":"https:\/\/edu-4u.uk\/cs\/o-nas\/#primaryimage","url":"https:\/\/edu-4u.uk\/wp-content\/uploads\/2018\/10\/pexels-photo-1092373.jpeg","contentUrl":"https:\/\/edu-4u.uk\/wp-content\/uploads\/2018\/10\/pexels-photo-1092373.jpeg","width":1484,"height":1080},{"@type":"BreadcrumbList","@id":"https:\/\/edu-4u.uk\/cs\/o-nas\/#breadcrumb","itemListElement":[{"@type":"ListItem","position":1,"name":"Strona g\u0142\u00f3wna","item":"https:\/\/edu-4u.uk\/cs\/"},{"@type":"ListItem","position":2,"name":"O n\u00e1s"}]},{"@type":"WebSite","@id":"https:\/\/edu-4u.uk\/cs\/#website","url":"https:\/\/edu-4u.uk\/cs\/","name":"Edu4u StudyUK | Free Help","description":"Zacznij studia w UK z Edu4u!","publisher":{"@id":"https:\/\/edu-4u.uk\/cs\/#organization"},"potentialAction":[{"@type":"SearchAction","target":{"@type":"EntryPoint","urlTemplate":"https:\/\/edu-4u.uk\/cs\/?s={search_term_string}"},"query-input":{"@type":"PropertyValueSpecification","valueRequired":true,"valueName":"search_term_string"}}],"inLanguage":"cs"},{"@type":"Organization","@id":"https:\/\/edu-4u.uk\/cs\/#organization","name":"Edu4u Study in UK","url":"https:\/\/edu-4u.uk\/cs\/","logo":{"@type":"ImageObject","inLanguage":"cs","@id":"https:\/\/edu-4u.uk\/cs\/#\/schema\/logo\/image\/","url":"https:\/\/edu-4u.uk\/wp-content\/uploads\/2023\/06\/Logo-1.svg","contentUrl":"https:\/\/edu-4u.uk\/wp-content\/uploads\/2023\/06\/Logo-1.svg","width":168,"height":43,"caption":"Edu4u Study in UK"},"image":{"@id":"https:\/\/edu-4u.uk\/cs\/#\/schema\/logo\/image\/"},"sameAs":["https:\/\/www.facebook.com\/Edu4uStudiaAnglia\/","https:\/\/www.tiktok.com\/@edu4u_settled_status_","https:\/\/www.instagram.com\/edu4u_polska\/?hl=en","https:\/\/www.youtube.com\/@Edu4u_Settled_Status","https:\/\/www.facebook.com\/Edu4uSettledStatus\/","https:\/\/www.instagram.com\/edu4u_settled_status\/","https:\/\/www.tiktok.com\/@edu4u_studyuk"]}]}},"_links":{"self":[{"href":"https:\/\/edu-4u.uk\/cs\/wp-json\/wp\/v2\/pages\/18488","targetHints":{"allow":["GET"]}}],"collection":[{"href":"https:\/\/edu-4u.uk\/cs\/wp-json\/wp\/v2\/pages"}],"about":[{"href":"https:\/\/edu-4u.uk\/cs\/wp-json\/wp\/v2\/types\/page"}],"author":[{"embeddable":true,"href":"https:\/\/edu-4u.uk\/cs\/wp-json\/wp\/v2\/users\/1"}],"replies":[{"embeddable":true,"href":"https:\/\/edu-4u.uk\/cs\/wp-json\/wp\/v2\/comments?post=18488"}],"version-history":[{"count":4,"href":"https:\/\/edu-4u.uk\/cs\/wp-json\/wp\/v2\/pages\/18488\/revisions"}],"predecessor-version":[{"id":18906,"href":"https:\/\/edu-4u.uk\/cs\/wp-json\/wp\/v2\/pages\/18488\/revisions\/18906"}],"wp:featuredmedia":[{"embeddable":true,"href":"https:\/\/edu-4u.uk\/cs\/wp-json\/wp\/v2\/media\/18489"}],"wp:attachment":[{"href":"https:\/\/edu-4u.uk\/cs\/wp-json\/wp\/v2\/media?parent=18488"}],"curies":[{"name":"wp","href":"https:\/\/api.w.org\/{rel}","templated":true}]}}